{"id":1025,"date":"2023-02-22T16:24:31","date_gmt":"2023-02-22T16:24:31","guid":{"rendered":"https:\/\/www.idiomas-eugeniasgenius.com\/?page_id=1025"},"modified":"2024-02-16T17:46:15","modified_gmt":"2024-02-16T17:46:15","slug":"inscripcion","status":"publish","type":"page","link":"https:\/\/www.idiomas-eugeniasgenius.com\/en\/inscripcion\/","title":{"rendered":"SIGN UP"},"content":{"rendered":"<p><\/p>\n<!--themify_builder_content-->\n<div id=\"themify_builder_content-1025\" data-postid=\"1025\" class=\"themify_builder_content themify_builder_content-1025 themify_builder tf_clear\">\n                    <div  data-lazy=\"1\" class=\"module_row themify_builder_row tb_jtuz815 tb_first tf_w\">\n                        <div class=\"row_inner col_align_top tb_col_count_1 tf_box tf_rel\">\n                        <div  data-lazy=\"1\" class=\"module_column tb-column col-full tb_fyuv830 first\">\n                    <!-- module text -->\n<div  class=\"module module-text tb_dhdm832  repeat\" data-lazy=\"1\">\n        <div  class=\"tb_text_wrap\">\n        <h1>SIGN UP<\/h1>    <\/div>\n<\/div>\n<!-- \/module text -->        <\/div>\n                        <\/div>\n        <\/div>\n                        <div  data-css_id=\"j9br816\" data-lazy=\"1\" class=\"module_row themify_builder_row fullwidth tb_j9br816 tf_w\">\n                        <div class=\"row_inner col_align_top gutter-none tb_col_count_3 tf_box tf_rel\">\n                        <div  data-lazy=\"1\" class=\"module_column tb-column col4-1 tb_z1zo836 first\">\n                            <\/div>\n                    <div  data-lazy=\"1\" class=\"module_column tb-column col4-2 tb_3e55850\">\n                    <!-- module text -->\n<div  class=\"module module-text tb_407k851  repeat\" data-lazy=\"1\">\n        <div  class=\"tb_text_wrap\">\n        <h3>Registration form<\/h3>\n<p>Select the course of your interest and complete all the information.<br>We will contact you as soon as possible.<\/p>    <\/div>\n<\/div>\n<!-- \/module text --><!-- module contact -->\n<div  id=\"tb_9411851\" class=\"module module-contact tb_9411851 contact-style2\" data-lazy=\"1\">\n    \n\t<form class=\"builder-contact\"\n\t\tid=\"tb_9411851-form\"\n\t\tmethod=\"post\"\n\t\tdata-post-id=\"1025\"\n\t\tdata-element-id=\"9411851\"\n\t\tdata-orig-id=\"1025\" action=\"\"\n\t>\n    <div class=\"contact-message\"><\/div>\n\t<input type=\"hidden\" id=\"bc_nonce\" name=\"bc_nonce\" value=\"cb5f28df33\" \/><input type=\"hidden\" name=\"_wp_http_referer\" value=\"\/en\/wp-json\/wp\/v2\/pages\/1025\" \/>\t<div class=\"builder-contact-fields tf_rel\">\n\t\t    \t\t    <div class=\"builder-contact-field builder-contact-field-name builder-contact-text-field\">\n\t\t\t    <label class=\"control-label\" for=\"tb_9411851-contact-name\">\n\t\t\t\t\t\t\t\t\t\t<span class=\"tb-label-span\">Student's name <\/span><span class=\"required\">*<\/span>\t\t\t\t<\/label>\n\t\t\t    <div class=\"control-input tf_rel\">\n\t\t\t\t    \t\t\t\t\t    <input type=\"text\" name=\"contact-name\" placeholder=\"\" id=\"tb_9411851-contact-name\" value=\"\" class=\"form-control\" required>\n\t\t\t\t    \t\t\t\t    \t\t\t    <\/div>\n\t\t<\/div>\n\t    \n\t\t    \t\t    \t\t    <div class=\"builder-contact-field builder-contact-field-extra builder-contact-text-field\">\n\t\t\t\t\n\t\t\t\t<label class=\"control-label\" for=\"field_extra_tb_9411851_0\">\n\t\t\t\t\t\n\t\t\t\t\tSurnames\t\t\t\t\t\t\t\t\t\t\t<input type=\"hidden\" name=\"field_extra_name_0\" value=\"Apellidos\">\n\t\t\t\t\t\t\t\t\t\t\t<span class=\"required\">*<\/span>\n\t\t\t\t\t\t\t\t\t<\/label>\n\t\t\t\t<div class=\"control-input tf_rel\">\n\t\t\t\t\t\t\t\t\t\t\t<input type=\"text\" name=\"field_extra_0\" id=\"field_extra_tb_9411851_0\" placeholder=\"\" class=\"form-control\" required>\n\t\t\t\t\t\n\t\t\t\t\t\t\t\t\t<\/div>\n\t\t    <\/div>\n\t    \n\t\t    \t\t    \t\t    <div class=\"builder-contact-field builder-contact-field-extra builder-contact-number-field\">\n\t\t\t\t\n\t\t\t\t<label class=\"control-label\" for=\"field_extra_tb_9411851_1\">\n\t\t\t\t\t\n\t\t\t\t\tAge\t\t\t\t\t\t\t\t\t\t\t<input type=\"hidden\" name=\"field_extra_name_1\" value=\"Edad\">\n\t\t\t\t\t\t\t\t\t\t\t<span class=\"required\">*<\/span>\n\t\t\t\t\t\t\t\t\t<\/label>\n\t\t\t\t<div class=\"control-input tf_rel\">\n\t\t\t\t\t\t\t\t\t\t\t<input type=\"number\" name=\"field_extra_1\" id=\"field_extra_tb_9411851_1\" placeholder=\"\" class=\"form-control\" required>\n\t\t\t\t\t\n\t\t\t\t\t\t\t\t\t<\/div>\n\t\t    <\/div>\n\t    \n\t\t    \t\t    \t\t    <div class=\"builder-contact-field builder-contact-field-extra builder-contact-text-field\">\n\t\t\t\t\n\t\t\t\t<label class=\"control-label\" for=\"field_extra_tb_9411851_2\">\n\t\t\t\t\t\n\t\t\t\t\tAcademic course\t\t\t\t\t\t\t\t\t\t\t<input type=\"hidden\" name=\"field_extra_name_2\" value=\"Curso Acad\u00e9mico\">\n\t\t\t\t\t\t\t\t\t<\/label>\n\t\t\t\t<div class=\"control-input tf_rel\">\n\t\t\t\t\t\t\t\t\t\t\t<input type=\"text\" name=\"field_extra_2\" id=\"field_extra_tb_9411851_2\" placeholder=\"\" class=\"form-control\">\n\t\t\t\t\t\n\t\t\t\t\t\t\t\t\t<\/div>\n\t\t    <\/div>\n\t    \n\t\t    \t\t    \t\t    <div class=\"builder-contact-field builder-contact-field-extra builder-contact-text-field\">\n\t\t\t\t\n\t\t\t\t<label class=\"control-label\" for=\"field_extra_tb_9411851_3\">\n\t\t\t\t\t\n\t\t\t\t\tParents\u2019 name\t\t\t\t\t\t\t\t\t\t\t<input type=\"hidden\" name=\"field_extra_name_3\" value=\"Nombre del tutor\">\n\t\t\t\t\t\t\t\t\t\t\t<span class=\"required\">*<\/span>\n\t\t\t\t\t\t\t\t\t<\/label>\n\t\t\t\t<div class=\"control-input tf_rel\">\n\t\t\t\t\t\t\t\t\t\t\t<input type=\"text\" name=\"field_extra_3\" id=\"field_extra_tb_9411851_3\" placeholder=\"\" class=\"form-control\" required>\n\t\t\t\t\t\n\t\t\t\t\t\t\t\t\t<\/div>\n\t\t    <\/div>\n\t    \n\t\t    \t\t    <div class=\"builder-contact-field builder-contact-field-email builder-contact-text-field\">\n\t\t\t    <label class=\"control-label\" for=\"tb_9411851-contact-email\">\n\t\t\t\t\t\t\t\t\t\t<span class=\"tb-label-span\">Email <\/span><span class=\"required\">*<\/span>\t\t\t\t<\/label>\n\t\t\t    <div class=\"control-input tf_rel\">\n\t\t\t\t    \t\t\t\t\t    <input type=\"email\" name=\"contact-email\" placeholder=\"\" id=\"tb_9411851-contact-email\" value=\"\" class=\"form-control\" required>\n\t\t\t\t    \t\t\t\t    \t\t\t    <\/div>\n\t\t<\/div>\n\t    \n\t\t    \t\t    \t\t    <div class=\"builder-contact-field builder-contact-field-extra builder-contact-text-field builder-contact-tel-field\">\n\t\t\t\t\n\t\t\t\t<label class=\"control-label\" for=\"field_extra_tb_9411851_4\">\n\t\t\t\t\t\n\t\t\t\t\tPhone\t\t\t\t\t\t\t\t\t\t\t<input type=\"hidden\" name=\"field_extra_name_4\" value=\"Tel\u00e9fono\">\n\t\t\t\t\t\t\t\t\t\t\t<span class=\"required\">*<\/span>\n\t\t\t\t\t\t\t\t\t<\/label>\n\t\t\t\t<div class=\"control-input tf_rel\">\n\t\t\t\t\t\t\t\t\t\t\t<input type=\"tel\" name=\"field_extra_4\" id=\"field_extra_tb_9411851_4\" placeholder=\"\" class=\"form-control\" required>\n\t\t\t\t\t\n\t\t\t\t\t\t\t\t\t<\/div>\n\t\t    <\/div>\n\t    \n\t\t    \t\t    \t\t    <div class=\"builder-contact-field builder-contact-field-extra builder-contact-select-field\">\n\t\t\t\t\n\t\t\t\t<label class=\"control-label\" for=\"field_extra_tb_9411851_5\">\n\t\t\t\t\t\t\t\t\t\t\t<em><svg  class=\"tf_fa tf-ti-arrow-down\" xmlns:xlink=\"http:\/\/www.w3.org\/1999\/xlink\" aria-hidden=\"true\"><use href=\"#tf-ti-arrow-down\" xlink:href=\"#tf-ti-arrow-down\"><\/use><\/svg><\/em>\n\t\t\t\t\t\n\t\t\t\t\tSelect course\t\t\t\t\t\t\t\t\t\t\t<input type=\"hidden\" name=\"field_extra_name_5\" value=\"Selecciona curso\">\n\t\t\t\t\t\t\t\t\t\t\t<span class=\"required\">*<\/span>\n\t\t\t\t\t\t\t\t\t<\/label>\n\t\t\t\t<div class=\"control-input tf_rel\">\n\t\t\t\t\t\t\t\t\t\t\t\t\t\t\t\t\t\t<select id=\"field_extra_tb_9411851_5\" name=\"field_extra_5\" class=\"form-control tf_scrollbar\" required>\n\t\t\t\t\t\t\t\t\t\t\t\t\t\t\t\t\t\t\t\t\t\t\t\t\t<option value=\"Ingl\u00e9s - A\u00f1o Acad\u00e9mico\"> English - Academic Year <\/option>\n\t\t\t\t\t\t\t\t\t\t\t\t\t\t\t\t\t<option value=\"Ingl\u00e9s Intensivo\"> Ingl\u00e9s Intensivo <\/option>\n\t\t\t\t\t\t\t\t\t\t\t\t\t\t\t\t\t<option value=\"Ingl\u00e9s - Ex\u00e1menes Oficiales\"> Ingl\u00e9s - Ex\u00e1menes Oficiales <\/option>\n\t\t\t\t\t\t\t\t\t\t\t\t\t\t\t\t\t<option value=\"Ingl\u00e9s para Empresas\"> English for Companies <\/option>\n\t\t\t\t\t\t\t\t\t\t\t\t\t\t\t\t\t<option value=\"Ingl\u00e9s - Refuerzo Escolar\"> Ingl\u00e9s - Refuerzo Escolar <\/option>\n\t\t\t\t\t\t\t\t\t\t\t\t\t\t\t\t\t<option value=\"Ingl\u00e9s a medida\"> Ingl\u00e9s a medida <\/option>\n\t\t\t\t\t\t\t\t\t\t\t\t\t\t\t\t\t<option value=\"Cursos de Espa\u00f1ol\"> Spanish Courses <\/option>\n\t\t\t\t\t\t\t\t\t\t\t\t\t\t\t\t\t<option value=\"Bachillerato Americano\"> American Baccalaureate <\/option>\n\t\t\t\t\t\t\t\t\t\t\t\t\t\t\t\t\t<option value=\"Apoyo Escolar\"> School Support <\/option>\n\t\t\t\t\t\t\t\t\t\t\t\t\t\t\t\t\t<option value=\"Ruso\"> RUSSIAN <\/option>\n\t\t\t\t\t\t\t\t\t\t\t\t\t\t\t\t\t<option value=\"Alem\u00e1n\"> GERMAN <\/option>\n\t\t\t\t\t\t\t\t\t\t\t\t\t\t\t\t\t<option value=\"Franc\u00e9s\"> FRENCH <\/option>\n\t\t\t\t\t\t\t\t\t\t\t\t\t\t\t<\/select>\n\t\t\t\t\t\t\t\t\t\t\t\n\t\t\t\t\t\t\t\t\t<\/div>\n\t\t    <\/div>\n\t    \n\t\t    \t\t    <div class=\"builder-contact-field builder-contact-field-message builder-contact-textarea-field\">\n\t\t\t    <label class=\"control-label\" for=\"tb_9411851-contact-message\">\n\t\t\t\t\t\t\t\t\t\t<span class=\"tb-label-span\">Message <\/span>\t\t\t\t<\/label>\n\t\t\t    <div class=\"control-input tf_rel\">\n\t\t\t\t    \t\t\t\t\t    <textarea name=\"contact-message\" placeholder=\"\" id=\"tb_9411851-contact-message\" class=\"form-control\"><\/textarea>\n\t\t\t\t    \t\t\t\t    \t\t\t    <\/div>\n\t\t<\/div>\n\t    \n\t\t    \t\t    \t\t    <div class=\"builder-contact-field builder-contact-field-extra builder-contact-upload-field\">\n\t\t\t\t\n\t\t\t\t<label class=\"control-label\" for=\"field_extra_tb_9411851_6\">\n\t\t\t\t\t\n\t\t\t\t\tAttach file\t\t\t\t\t\t\t\t\t\t\t<input type=\"hidden\" name=\"field_extra_name_6\" value=\"Adjuntar Archivo\">\n\t\t\t\t\t\t\t\t\t<\/label>\n\t\t\t\t<div class=\"control-input tf_rel\">\n\t\t\t\t\t\t\t\t\t\t\t<input type=\"file\" name=\"field_extra_6\" id=\"field_extra_tb_9411851_6\" placeholder=\" \" class=\"form-control\">\n\t\t\t\t\t\n\t\t\t\t\t\t\t\t\t<\/div>\n\t\t    <\/div>\n\t    \n\t\t    \t\t    \t\t    <div class=\"builder-contact-field builder-contact-field-extra builder-contact-radio-field\">\n\t\t\t\t\n\t\t\t\t<label class=\"control-label\">\n\t\t\t\t\t\n\t\t\t\t\tSeguro\t\t\t\t\t\t\t\t\t\t\t<input type=\"hidden\" name=\"field_extra_name_7\" value=\"Seguro\">\n\t\t\t\t\t\t\t\t\t<\/label>\n\t\t\t\t<div class=\"control-input tf_rel\">\n\t\t\t\t\t\t\t\t\t\t\t\t\t\t\t\t\t\t\t\t\t\t\t\t\t\t<label>\n\t\t\t\t\t\t\t\t\t<input type=\"radio\" name=\"field_extra_7\" value=\"Deseo seguro de accidentes\" class=\"form-control\">Deseo seguro de accidentes\t\t\t\t\t\t\t\t<\/label>\n\t\t\t\t\t\t\t\t\t\t\t\t\t\t\t\t\t\t\n\t\t\t\t\t\t\t\t\t<\/div>\n\t\t    <\/div>\n\t    \n\t\t    \t\t    \t\t    <div class=\"builder-contact-field builder-contact-field-extra builder-contact-static-field\">\n\t\t\t\t\n\t\t\t\t<label class=\"control-label\">\n\t\t\t\t\t\n\t\t\t\t\tData protection\t\t\t\t\t\t\t\t\t<\/label>\n\t\t\t\t<div class=\"control-input tf_rel\">\n\t\t\t\t\t\t\t\t\t\t\tIn accordance with data protection regulations, we provide you with the following treatment information: <b>Responsible:<\/b> EUGENIA BATOVA. <b>Purposes:<\/b> Maintain a commercial relationship (for the legitimate interest of the person in charge, art. 6.1.f GDPR) and sending communications of products or services (with the consent of the interested party, art. 6.1.a GDPR). <b>Recipients:<\/b> They will not be allocated to any third party except by legal obligation. <b>Rights:<\/b> Access, Rectification, Portability, Deletion, Limitation and Opposition. <b>Additional Information:<\/b> You can expand information in our <a href:\\\\\"https:>Privacy Policy<\/a>\t\t\t\t\t\n\t\t\t\t\t\t\t\t\t<\/div>\n\t\t    <\/div>\n\t    \n\t\t    \t\t\n\t\t\n\t    \t\t\t<div class=\"builder-contact-field builder-contact-field-captcha\">\n\n\t\t\t\t\n\t\t\t\t<div class=\"control-input tf_rel\">\n                    <div class=\"themify_captcha_field\" data-sitekey=\"6Lft-UklAAAAAKez8-zqQ6U-xsNGjstDLEfHlwKo\" data-ver=\"v3\"><\/div>\t\t\t\t<\/div>\n\n\t\t\t<\/div><!-- .builder-contact-field-captcha -->\n\t    \n\t    <div class=\"builder-contact-field builder-contact-field-send control-input tf_textc tf_clear tf_rel\">\n\t\t\t<button type=\"submit\" class=\"btn btn-primary\">\n\t\t\t\t<span class=\"tf_loader\"><\/span>\t\t\t\t<span class=\"tf_submit_icon\"><svg  class=\"tf_fa tf-ti-email\" xmlns:xlink=\"http:\/\/www.w3.org\/1999\/xlink\" aria-hidden=\"true\"><use href=\"#tf-ti-email\" xlink:href=\"#tf-ti-email\"><\/use><\/svg><\/span> \n\t\t\t\tSend\t\t\t<\/button>\n\t    <\/div>\n\t<\/div>\n    <input type=\"hidden\" name=\"trp-form-language\" value=\"en\"\/><\/form>\n    <\/div>\n<!-- \/module contact -->\n        <\/div>\n                    <div  data-lazy=\"1\" class=\"module_column tb-column col4-1 tb_x2wj338 last\">\n                            <\/div>\n                        <\/div>\n        <\/div>\n        <\/div>\n<!--\/themify_builder_content-->","protected":false},"excerpt":{"rendered":"","protected":false},"author":1,"featured_media":0,"parent":0,"menu_order":0,"comment_status":"closed","ping_status":"closed","template":"","meta":{"footnotes":""},"class_list":["post-1025","page","type-page","status-publish","hentry","has-post-title","has-post-date","has-post-category","has-post-tag","has-post-comment","has-post-author",""],"yoast_head":"<!-- This site is optimized with the Yoast SEO plugin v27.4 - https:\/\/yoast.com\/product\/yoast-seo-wordpress\/ -->\n<title>Inscripci\u00f3n - Escuela de Idiomas en El Ejido<\/title>\n<meta name=\"robots\" content=\"index, follow, max-snippet:-1, max-image-preview:large, max-video-preview:-1\" \/>\n<link rel=\"canonical\" href=\"https:\/\/www.idiomas-eugeniasgenius.com\/en\/inscripcion\/\" \/>\n<meta property=\"og:locale\" content=\"en_GB\" \/>\n<meta property=\"og:type\" content=\"article\" \/>\n<meta property=\"og:title\" content=\"Inscripci\u00f3n - Escuela de Idiomas en El Ejido\" \/>\n<meta property=\"og:url\" content=\"https:\/\/www.idiomas-eugeniasgenius.com\/en\/inscripcion\/\" \/>\n<meta property=\"og:site_name\" content=\"Escuela de Idiomas en El Ejido\" \/>\n<meta property=\"article:publisher\" content=\"https:\/\/www.youtube.com\/@adminEugenius\" \/>\n<meta property=\"article:modified_time\" content=\"2024-02-16T17:46:15+00:00\" \/>\n<meta name=\"twitter:card\" content=\"summary_large_image\" \/>\n<meta name=\"twitter:label1\" content=\"Estimated reading time\" \/>\n\t<meta name=\"twitter:data1\" content=\"1 minute\" \/>\n<script type=\"application\/ld+json\" class=\"yoast-schema-graph\">{\"@context\":\"https:\\\/\\\/schema.org\",\"@graph\":[{\"@type\":\"WebPage\",\"@id\":\"https:\\\/\\\/www.idiomas-eugeniasgenius.com\\\/inscripcion\\\/\",\"url\":\"https:\\\/\\\/www.idiomas-eugeniasgenius.com\\\/inscripcion\\\/\",\"name\":\"Inscripci\u00f3n - Escuela de Idiomas en El Ejido\",\"isPartOf\":{\"@id\":\"https:\\\/\\\/www.idiomas-eugeniasgenius.com\\\/#website\"},\"datePublished\":\"2023-02-22T16:24:31+00:00\",\"dateModified\":\"2024-02-16T17:46:15+00:00\",\"breadcrumb\":{\"@id\":\"https:\\\/\\\/www.idiomas-eugeniasgenius.com\\\/inscripcion\\\/#breadcrumb\"},\"inLanguage\":\"en-GB\",\"potentialAction\":[{\"@type\":\"ReadAction\",\"target\":[\"https:\\\/\\\/www.idiomas-eugeniasgenius.com\\\/inscripcion\\\/\"]}]},{\"@type\":\"BreadcrumbList\",\"@id\":\"https:\\\/\\\/www.idiomas-eugeniasgenius.com\\\/inscripcion\\\/#breadcrumb\",\"itemListElement\":[{\"@type\":\"ListItem\",\"position\":1,\"name\":\"Portada\",\"item\":\"https:\\\/\\\/www.idiomas-eugeniasgenius.com\\\/es_es\\\/\"},{\"@type\":\"ListItem\",\"position\":2,\"name\":\"Inscripci\u00f3n\"}]},{\"@type\":\"WebSite\",\"@id\":\"https:\\\/\\\/www.idiomas-eugeniasgenius.com\\\/#website\",\"url\":\"https:\\\/\\\/www.idiomas-eugeniasgenius.com\\\/\",\"name\":\"Escuela de Idiomas en El Ejido\",\"description\":\"Escuela de idiomas en El Ejido\",\"alternateName\":\"Eugenias Genius\",\"potentialAction\":[{\"@type\":\"SearchAction\",\"target\":{\"@type\":\"EntryPoint\",\"urlTemplate\":\"https:\\\/\\\/www.idiomas-eugeniasgenius.com\\\/?s={search_term_string}\"},\"query-input\":{\"@type\":\"PropertyValueSpecification\",\"valueRequired\":true,\"valueName\":\"search_term_string\"}}],\"inLanguage\":\"en-GB\"}]}<\/script>\n<!-- \/ Yoast SEO plugin. -->","yoast_head_json":{"title":"Inscripci\u00f3n - Escuela de Idiomas en El Ejido","robots":{"index":"index","follow":"follow","max-snippet":"max-snippet:-1","max-image-preview":"max-image-preview:large","max-video-preview":"max-video-preview:-1"},"canonical":"https:\/\/www.idiomas-eugeniasgenius.com\/en\/inscripcion\/","og_locale":"en_GB","og_type":"article","og_title":"Inscripci\u00f3n - Escuela de Idiomas en El Ejido","og_url":"https:\/\/www.idiomas-eugeniasgenius.com\/en\/inscripcion\/","og_site_name":"Escuela de Idiomas en El Ejido","article_publisher":"https:\/\/www.youtube.com\/@adminEugenius","article_modified_time":"2024-02-16T17:46:15+00:00","twitter_card":"summary_large_image","twitter_misc":{"Estimated reading time":"1 minute"},"schema":{"@context":"https:\/\/schema.org","@graph":[{"@type":"WebPage","@id":"https:\/\/www.idiomas-eugeniasgenius.com\/inscripcion\/","url":"https:\/\/www.idiomas-eugeniasgenius.com\/inscripcion\/","name":"Inscripci\u00f3n - Escuela de Idiomas en El Ejido","isPartOf":{"@id":"https:\/\/www.idiomas-eugeniasgenius.com\/#website"},"datePublished":"2023-02-22T16:24:31+00:00","dateModified":"2024-02-16T17:46:15+00:00","breadcrumb":{"@id":"https:\/\/www.idiomas-eugeniasgenius.com\/inscripcion\/#breadcrumb"},"inLanguage":"en-GB","potentialAction":[{"@type":"ReadAction","target":["https:\/\/www.idiomas-eugeniasgenius.com\/inscripcion\/"]}]},{"@type":"BreadcrumbList","@id":"https:\/\/www.idiomas-eugeniasgenius.com\/inscripcion\/#breadcrumb","itemListElement":[{"@type":"ListItem","position":1,"name":"Portada","item":"https:\/\/www.idiomas-eugeniasgenius.com\/es_es\/"},{"@type":"ListItem","position":2,"name":"Inscripci\u00f3n"}]},{"@type":"WebSite","@id":"https:\/\/www.idiomas-eugeniasgenius.com\/#website","url":"https:\/\/www.idiomas-eugeniasgenius.com\/","name":"Escuela de Idiomas en El Ejido","description":"Escuela de idiomas en El Ejido","alternateName":"Eugenias Genius","potentialAction":[{"@type":"SearchAction","target":{"@type":"EntryPoint","urlTemplate":"https:\/\/www.idiomas-eugeniasgenius.com\/?s={search_term_string}"},"query-input":{"@type":"PropertyValueSpecification","valueRequired":true,"valueName":"search_term_string"}}],"inLanguage":"en-GB"}]}},"builder_content":"<h1>Inscripci\u00f3n<\/h1>\n<h3>Formulario de Inscripci\u00f3n<\/h3> <p>Selecciona el curso de tu inter\u00e9s y completa todos los datos.<br>Nos pondremos en contacto contigo lo antes posible.<\/p>\n<form id=\"tb_9411851-form\" method=\"post\" data-post-id=\"0\" data-element-id=\"9411851\" data-orig-id=\"1025\" > <input type=\"hidden\" id=\"bc_nonce\" name=\"bc_nonce\" value=\"cb5f28df33\" \/><input type=\"hidden\" name=\"_wp_http_referer\" value=\"\/en\/wp-json\/wp\/v2\/pages\/1025\" \/> <label for=\"tb_9411851-contact-name\"> Nombre del alumno * <\/label> <input type=\"text\" name=\"contact-name\" placeholder=\"\" id=\"tb_9411851-contact-name\" value=\"\" required> <label for=\"field_extra_tb_9411851_0\"> Apellidos <input type=\"hidden\" name=\"field_extra_name_0\" value=\"Apellidos\"> * <\/label> <input type=\"text\" name=\"field_extra_0\" id=\"field_extra_tb_9411851_0\" placeholder=\"\" required> <label for=\"field_extra_tb_9411851_1\"> Edad <input type=\"hidden\" name=\"field_extra_name_1\" value=\"Edad\"> * <\/label> <input type=\"number\" name=\"field_extra_1\" id=\"field_extra_tb_9411851_1\" placeholder=\"\" required> <label for=\"field_extra_tb_9411851_2\"> Curso Acad\u00e9mico <input type=\"hidden\" name=\"field_extra_name_2\" value=\"Curso Acad\u00e9mico\"> <\/label> <input type=\"text\" name=\"field_extra_2\" id=\"field_extra_tb_9411851_2\" placeholder=\"\"> <label for=\"field_extra_tb_9411851_3\"> Nombre del tutor <input type=\"hidden\" name=\"field_extra_name_3\" value=\"Nombre del tutor\"> * <\/label> <input type=\"text\" name=\"field_extra_3\" id=\"field_extra_tb_9411851_3\" placeholder=\"\" required> <label for=\"tb_9411851-contact-email\"> Email * <\/label> <input type=\"email\" name=\"contact-email\" placeholder=\"\" id=\"tb_9411851-contact-email\" value=\"\" required> <label for=\"field_extra_tb_9411851_4\"> Tel\u00e9fono <input type=\"hidden\" name=\"field_extra_name_4\" value=\"Tel\u00e9fono\"> * <\/label> <input type=\"tel\" name=\"field_extra_4\" id=\"field_extra_tb_9411851_4\" placeholder=\"\" required> <label for=\"field_extra_tb_9411851_5\"> <em><svg xmlns:xlink=\"http:\/\/www.w3.org\/1999\/xlink\" aria-hidden=\"true\"><use href=\"#tf-ti-arrow-down\" xlink:href=\"#tf-ti-arrow-down\"><\/use><\/svg><\/em> Selecciona curso <input type=\"hidden\" name=\"field_extra_name_5\" value=\"Selecciona curso\"> * <\/label> <select id=\"field_extra_tb_9411851_5\" name=\"field_extra_5\" required> <option value=\"Ingl\u00e9s - A\u00f1o Acad\u00e9mico\"> Ingl\u00e9s - A\u00f1o Acad\u00e9mico <\/option> <option value=\"Ingl\u00e9s Intensivo\"> Ingl\u00e9s Intensivo <\/option> <option value=\"Ingl\u00e9s - Ex\u00e1menes Oficiales\"> Ingl\u00e9s - Ex\u00e1menes Oficiales <\/option> <option value=\"Ingl\u00e9s para Empresas\"> Ingl\u00e9s para Empresas <\/option> <option value=\"Ingl\u00e9s - Refuerzo Escolar\"> Ingl\u00e9s - Refuerzo Escolar <\/option> <option value=\"Ingl\u00e9s a medida\"> Ingl\u00e9s a medida <\/option> <option value=\"Cursos de Espa\u00f1ol\"> Cursos de Espa\u00f1ol <\/option> <option value=\"Bachillerato Americano\"> Bachillerato Americano <\/option> <option value=\"Apoyo Escolar\"> Apoyo Escolar <\/option> <option value=\"Ruso\"> Ruso <\/option> <option value=\"Alem\u00e1n\"> Alem\u00e1n <\/option> <option value=\"Franc\u00e9s\"> Franc\u00e9s <\/option> <\/select> <label for=\"tb_9411851-contact-message\"> Mensaje <\/label> <textarea name=\"contact-message\" placeholder=\"\" id=\"tb_9411851-contact-message\"><\/textarea> <label for=\"field_extra_tb_9411851_6\"> Adjuntar Archivo <input type=\"hidden\" name=\"field_extra_name_6\" value=\"Adjuntar Archivo\"> <\/label> <input type=\"file\" name=\"field_extra_6\" id=\"field_extra_tb_9411851_6\" placeholder=\" \"> <label> Seguro <input type=\"hidden\" name=\"field_extra_name_7\" value=\"Seguro\"> <\/label> <label> <input type=\"radio\" name=\"field_extra_7\" value=\"Deseo seguro de accidentes\">Deseo seguro de accidentes <\/label> <label> Protecci\u00f3n de datos <\/label> De conformidad con las normativas de protecci\u00f3n de datos, le facilitamos la siguiente informaci\u00f3n del tratamiento: <b>Responsable:<\/b> EUGENIA BATOVA. <b>Finalidades:<\/b> Mantener una relaci\u00f3n comercial (por inter\u00e9s Leg\u00edtimo del responsable, art. 6.1.f GDPR) y env\u00edo de comunicaciones de productos o servicios (con el consentimiento del interesado, art. 6.1.a GDPR). <b>Destinatarios:<\/b> No se van a destinar a ning\u00fan tercero salvo por obligaci\u00f3n legal. <b>Derechos:<\/b> Acceso, Rectificaci\u00f3n, Portabilidad, Supresi\u00f3n, Limitaci\u00f3n y Oposici\u00f3n. <b>Informaci\u00f3n Adicional:<\/b> Puede ampliar informaci\u00f3n en nuestra <a href:\\\\\"https:\/\/www.idiomas-eugeniasgenius.com\/politica-privacidad\/\\\\\" target=\\\\\"_blank\\\\\">Pol\u00edtica de Privacidad.<\/a> \n \n <button type=\"submit\"> <svg xmlns:xlink=\"http:\/\/www.w3.org\/1999\/xlink\" aria-hidden=\"true\"><use href=\"#tf-ti-email\" xlink:href=\"#tf-ti-email\"><\/use><\/svg> Enviar <\/button> <\/form>","_links":{"self":[{"href":"https:\/\/www.idiomas-eugeniasgenius.com\/en\/wp-json\/wp\/v2\/pages\/1025","targetHints":{"allow":["GET"]}}],"collection":[{"href":"https:\/\/www.idiomas-eugeniasgenius.com\/en\/wp-json\/wp\/v2\/pages"}],"about":[{"href":"https:\/\/www.idiomas-eugeniasgenius.com\/en\/wp-json\/wp\/v2\/types\/page"}],"author":[{"embeddable":true,"href":"https:\/\/www.idiomas-eugeniasgenius.com\/en\/wp-json\/wp\/v2\/users\/1"}],"replies":[{"embeddable":true,"href":"https:\/\/www.idiomas-eugeniasgenius.com\/en\/wp-json\/wp\/v2\/comments?post=1025"}],"version-history":[{"count":1,"href":"https:\/\/www.idiomas-eugeniasgenius.com\/en\/wp-json\/wp\/v2\/pages\/1025\/revisions"}],"predecessor-version":[{"id":2125,"href":"https:\/\/www.idiomas-eugeniasgenius.com\/en\/wp-json\/wp\/v2\/pages\/1025\/revisions\/2125"}],"wp:attachment":[{"href":"https:\/\/www.idiomas-eugeniasgenius.com\/en\/wp-json\/wp\/v2\/media?parent=1025"}],"curies":[{"name":"wp","href":"https:\/\/api.w.org\/{rel}","templated":true}]}}