{"id":1133,"date":"2023-03-06T16:22:19","date_gmt":"2023-03-06T16:22:19","guid":{"rendered":"https:\/\/www.idiomas-eugeniasgenius.com\/?page_id=1133"},"modified":"2023-04-18T08:43:03","modified_gmt":"2023-04-18T08:43:03","slug":"examen-linguaskill","status":"publish","type":"page","link":"https:\/\/www.idiomas-eugeniasgenius.com\/en\/examen-linguaskill\/","title":{"rendered":"Linguaskill"},"content":{"rendered":"<!--themify_builder_content-->\n<div id=\"themify_builder_content-1133\" data-postid=\"1133\" class=\"themify_builder_content themify_builder_content-1133 themify_builder tf_clear\">\n                    <div  data-lazy=\"1\" class=\"module_row themify_builder_row tb_k3t7122 tb_first tf_w\">\n                        <div class=\"row_inner col_align_top tb_col_count_2 tf_box tf_rel\">\n                        <div  data-lazy=\"1\" class=\"module_column tb-column col3-2 tb_13th123 first\">\n                    <!-- module fancy heading -->\n<div  class=\"module module-fancy-heading tb_ni87381\" data-lazy=\"1\">\n        <h1 class=\"fancy-heading tf_textc\">\n    <span class=\"main-head tf_block\">\n                    Linguaskill            <\/span>\n\n    \n    <span class=\"sub-head tf_block tf_rel\">\n                                <\/span>\n    <\/h1>\n<\/div>\n<!-- \/module fancy heading -->\n<!-- module divider -->\n<div  class=\"module tf_mw module-divider tb_ck1t739 solid\" style=\"border-width: 1px;border-color: #a1a1a1;\" data-lazy=\"1\">\n    <\/div>\n<!-- \/module divider -->\n        <div  data-lazy=\"1\" class=\"module_subrow themify_builder_sub_row tf_w col_align_top tb_col_count_2 tb_nddi479\">\n                <div  data-lazy=\"1\" class=\"module_column sub_column col4-2 tb_rm3t480 first\">\n                    <!-- module icon -->\n<div  class=\"module module-icon tb_a00p445  large circle icon_horizontal\" data-lazy=\"1\">\n\t\t\t<div class=\"module-icon-item\">\n\t\t\t\t\t\t\t\t\t\t\t\t\t\t\t\t<em class=\"tf_box\"\n\t\t\t\t\t\t\t\t\t\t\t\t style=\"color:#ff8800\"\t\t\t\t\t><svg  class=\"tf_fa tf-ti-time\" xmlns:xlink=\"http:\/\/www.w3.org\/1999\/xlink\" aria-hidden=\"true\"><use href=\"#tf-ti-time\" xlink:href=\"#tf-ti-time\"><\/use><\/svg><\/em>\n\t\t\t\t\t\t\t\t\t\t\t\t\t\t\t\t\t\t\t<span>September to July<\/span>\n\t\t\t\t\t\t\t\t\t\t\t\t\t\t\t<\/div>\n\t<\/div>\n<!-- \/module icon -->\n        <\/div>\n                    <div  data-lazy=\"1\" class=\"module_column sub_column col4-2 tb_vgym480 last\">\n                    <!-- module icon -->\n<div  class=\"module module-icon tb_tz8b172  large circle icon_horizontal\" data-lazy=\"1\">\n\t\t\t<div class=\"module-icon-item\">\n\t\t\t\t\t\t\t\t\t\t\t\t\t\t\t\t<em class=\"tf_box\"\n\t\t\t\t\t\t\t\t\t\t\t\t style=\"color:#ff8800\"\t\t\t\t\t><svg  class=\"tf_fa tf-ti-bar-chart\" xmlns:xlink=\"http:\/\/www.w3.org\/1999\/xlink\" aria-hidden=\"true\"><use href=\"#tf-ti-bar-chart\" xlink:href=\"#tf-ti-bar-chart\"><\/use><\/svg><\/em>\n\t\t\t\t\t\t\t\t\t\t\t\t\t\t\t\t\t\t\t<span>All levels<\/span>\n\t\t\t\t\t\t\t\t\t\t\t\t\t\t\t<\/div>\n\t<\/div>\n<!-- \/module icon -->\n        <\/div>\n                    <\/div>\n                <\/div>\n                    <div  data-lazy=\"1\" class=\"module_column tb-column col3-1 tb_x9hk260 last\">\n                    <!-- module image -->\n<div  class=\"module module-image tb_x2qn636 image-center   tf_mw\" data-lazy=\"1\">\n        <div class=\"image-wrap tf_rel tf_mw\">\n            <img loading=\"lazy\" decoding=\"async\" src=\"https:\/\/www.idiomas-eugeniasgenius.com\/wp-content\/uploads\/2023\/03\/Cambridge-LINGUASKILL-300x300.jpg\" width=\"300\" height=\"300\" class=\"wp-post-image wp-image-1140\" title=\"Cambridge-LINGUASKILL\" alt=\"Ex\u00e1menes oficiales Cambridge Linguaskill\" srcset=\"https:\/\/www.idiomas-eugeniasgenius.com\/wp-content\/uploads\/2023\/03\/Cambridge-LINGUASKILL-300x300.jpg 300w, https:\/\/www.idiomas-eugeniasgenius.com\/wp-content\/uploads\/2023\/03\/Cambridge-LINGUASKILL-150x150.jpg 150w, https:\/\/www.idiomas-eugeniasgenius.com\/wp-content\/uploads\/2023\/03\/Cambridge-LINGUASKILL.jpg 600w\" sizes=\"auto, (max-width: 300px) 100vw, 300px\" \/>    \n        <\/div>\n    <!-- \/image-wrap -->\n    \n        <\/div>\n<!-- \/module image -->        <\/div>\n                        <\/div>\n        <\/div>\n                        <div  data-lazy=\"1\" class=\"module_row themify_builder_row tb_wpj3809 tf_w\">\n                        <div class=\"row_inner col_align_top tb_col_count_1 tf_box tf_rel\">\n                        <div  data-lazy=\"1\" class=\"module_column tb-column col-full tb_e3me809 first\">\n                    <!-- module text -->\n<div  class=\"module module-text tb_83b5403\" data-lazy=\"1\">\n        <div  class=\"tb_text_wrap\">\n        <p class=\"translation-block\">It is a modality of the Cambridge exams that can be taken from the comfort of your home and have the same exam levels as A1, A2(KEY), B1(PET), B2 (FCE) and C1 (ACE) and higher.<\/p>\n<p>The test adapts to the level of the candidate automatically based on the answers and, as it is computer based, it is a fast and accurate test.<\/p>\n<p>If the candidate does not achieve a satisfactory result in any of the modalities of the exam, they can take the same modality without paying for the full exam again during the next 3 months.<\/p>\n<p>The speaking part is done online connecting with an examiner directly and the results are sent very quickly.<\/p>\n<p>To take this exam, the candidate chooses the day and time (10:30 a.m. or 5:00 p.m.), enters their personal data, and proceeds to pay from the secure payment gateway. On the day of the exam, the candidate connects from home, fulfilling the requirements indicated by Cambridge and the results are available in 48 hours.<\/p>\n<p class=\"translation-block\">Many of the Spanish universities also accept <a href=\"https:\/\/www.cambridgeenglish.org\/es\/exams-and-tests\/linguaskill\/\" target=\"_blank\" rel=\"noopener\">Linguaskill<\/a> when it\ncomes to fulfilling the Erasmus, postgraduate and graduation requirements.<\/p>\n<p class=\"translation-block\"><a href=\"https:\/\/www.cambridgeenglish.org\/es\/exams-and-tests\/linguaskill\/\" target=\"_blank\" rel=\"noopener\">Linguaskill<\/a> results are in line with <strong>CEFR<\/strong> (Common European Framework of Reference for Languages), the international standard for describing language skills.<\/p>    <\/div>\n<\/div>\n<!-- \/module text -->        <\/div>\n                        <\/div>\n        <\/div>\n                        <div  data-lazy=\"1\" class=\"module_row themify_builder_row tb_8zrj891 tf_w\">\n                        <div class=\"row_inner col_align_top tb_col_count_1 tf_box tf_rel\">\n                        <div  data-lazy=\"1\" class=\"module_column tb-column col-full tb_3mqx891 first\">\n                    <!-- module buttons -->\n<div  class=\"module module-buttons tb_lm6310 buttons-horizontal solid  circle\" data-lazy=\"1\">\n        <div class=\"module-buttons-item tf_in_flx\">\n                        <a href=\"https:\/\/www.idiomas-eugeniasgenius.com\/en\/inscripcion-ingles\/\" class=\"ui builder_button tf_in_flx blue\" >\n                                                Sign up for this course                                        <\/a>\n                <\/div>\n            <\/div>\n<!-- \/module buttons -->\n        <\/div>\n                        <\/div>\n        <\/div>\n        <\/div>\n<!--\/themify_builder_content-->","protected":false},"excerpt":{"rendered":"<p>Es una modalidad de los ex\u00e1menes de Cambridge que se puede realizar desde la comodidad de tu casa y tienen los mismos niveles de examen como A1, A2(key), B1(pet), B2 (fce) y C1 (ace) y superiores. El test se adapta al nivel del candidato de forma autom\u00e1tica en base a las respuestas y al ser [&hellip;]<\/p>\n","protected":false},"author":1,"featured_media":0,"parent":0,"menu_order":0,"comment_status":"closed","ping_status":"closed","template":"","meta":{"footnotes":""},"class_list":["post-1133","page","type-page","status-publish","hentry","has-post-title","has-post-date","has-post-category","has-post-tag","has-post-comment","has-post-author",""],"yoast_head":"<!-- This site is optimized with the Yoast SEO plugin v27.4 - https:\/\/yoast.com\/product\/yoast-seo-wordpress\/ -->\n<title>Examen Linguaskill - Escuela de Idiomas en El Ejido<\/title>\n<meta name=\"description\" content=\"Es una modalidad de los ex\u00e1menes de Cambridge que se puede realizar desde la comodidad de tu casa.\" \/>\n<meta name=\"robots\" content=\"index, follow, max-snippet:-1, max-image-preview:large, max-video-preview:-1\" \/>\n<link rel=\"canonical\" href=\"https:\/\/www.idiomas-eugeniasgenius.com\/en\/examen-linguaskill\/\" \/>\n<meta property=\"og:locale\" content=\"en_GB\" \/>\n<meta property=\"og:type\" content=\"article\" \/>\n<meta property=\"og:title\" content=\"Examen Linguaskill - Escuela de Idiomas en El Ejido\" \/>\n<meta property=\"og:description\" content=\"Es una modalidad de los ex\u00e1menes de Cambridge que se puede realizar desde la comodidad de tu casa.\" \/>\n<meta property=\"og:url\" content=\"https:\/\/www.idiomas-eugeniasgenius.com\/en\/examen-linguaskill\/\" \/>\n<meta property=\"og:site_name\" content=\"Escuela de Idiomas en El Ejido\" \/>\n<meta property=\"article:publisher\" content=\"https:\/\/www.youtube.com\/@adminEugenius\" \/>\n<meta property=\"article:modified_time\" content=\"2023-04-18T08:43:03+00:00\" \/>\n<meta name=\"twitter:card\" content=\"summary_large_image\" \/>\n<script type=\"application\/ld+json\" class=\"yoast-schema-graph\">{\"@context\":\"https:\\\/\\\/schema.org\",\"@graph\":[{\"@type\":\"WebPage\",\"@id\":\"https:\\\/\\\/www.idiomas-eugeniasgenius.com\\\/examen-linguaskill\\\/\",\"url\":\"https:\\\/\\\/www.idiomas-eugeniasgenius.com\\\/examen-linguaskill\\\/\",\"name\":\"Examen Linguaskill - Escuela de Idiomas en El Ejido\",\"isPartOf\":{\"@id\":\"https:\\\/\\\/www.idiomas-eugeniasgenius.com\\\/#website\"},\"datePublished\":\"2023-03-06T16:22:19+00:00\",\"dateModified\":\"2023-04-18T08:43:03+00:00\",\"description\":\"Es una modalidad de los ex\u00e1menes de Cambridge que se puede realizar desde la comodidad de tu casa.\",\"breadcrumb\":{\"@id\":\"https:\\\/\\\/www.idiomas-eugeniasgenius.com\\\/examen-linguaskill\\\/#breadcrumb\"},\"inLanguage\":\"en-GB\",\"potentialAction\":[{\"@type\":\"ReadAction\",\"target\":[\"https:\\\/\\\/www.idiomas-eugeniasgenius.com\\\/examen-linguaskill\\\/\"]}]},{\"@type\":\"BreadcrumbList\",\"@id\":\"https:\\\/\\\/www.idiomas-eugeniasgenius.com\\\/examen-linguaskill\\\/#breadcrumb\",\"itemListElement\":[{\"@type\":\"ListItem\",\"position\":1,\"name\":\"Portada\",\"item\":\"https:\\\/\\\/www.idiomas-eugeniasgenius.com\\\/es_es\\\/\"},{\"@type\":\"ListItem\",\"position\":2,\"name\":\"Examen Linguaskill\"}]},{\"@type\":\"WebSite\",\"@id\":\"https:\\\/\\\/www.idiomas-eugeniasgenius.com\\\/#website\",\"url\":\"https:\\\/\\\/www.idiomas-eugeniasgenius.com\\\/\",\"name\":\"Escuela de Idiomas en El Ejido\",\"description\":\"Escuela de idiomas en El Ejido\",\"alternateName\":\"Eugenias Genius\",\"potentialAction\":[{\"@type\":\"SearchAction\",\"target\":{\"@type\":\"EntryPoint\",\"urlTemplate\":\"https:\\\/\\\/www.idiomas-eugeniasgenius.com\\\/?s={search_term_string}\"},\"query-input\":{\"@type\":\"PropertyValueSpecification\",\"valueRequired\":true,\"valueName\":\"search_term_string\"}}],\"inLanguage\":\"en-GB\"}]}<\/script>\n<!-- \/ Yoast SEO plugin. -->","yoast_head_json":{"title":"Examen Linguaskill - Escuela de Idiomas en El Ejido","description":"Es una modalidad de los ex\u00e1menes de Cambridge que se puede realizar desde la comodidad de tu casa.","robots":{"index":"index","follow":"follow","max-snippet":"max-snippet:-1","max-image-preview":"max-image-preview:large","max-video-preview":"max-video-preview:-1"},"canonical":"https:\/\/www.idiomas-eugeniasgenius.com\/en\/examen-linguaskill\/","og_locale":"en_GB","og_type":"article","og_title":"Examen Linguaskill - Escuela de Idiomas en El Ejido","og_description":"Es una modalidad de los ex\u00e1menes de Cambridge que se puede realizar desde la comodidad de tu casa.","og_url":"https:\/\/www.idiomas-eugeniasgenius.com\/en\/examen-linguaskill\/","og_site_name":"Escuela de Idiomas en El Ejido","article_publisher":"https:\/\/www.youtube.com\/@adminEugenius","article_modified_time":"2023-04-18T08:43:03+00:00","twitter_card":"summary_large_image","schema":{"@context":"https:\/\/schema.org","@graph":[{"@type":"WebPage","@id":"https:\/\/www.idiomas-eugeniasgenius.com\/examen-linguaskill\/","url":"https:\/\/www.idiomas-eugeniasgenius.com\/examen-linguaskill\/","name":"Examen Linguaskill - Escuela de Idiomas en El Ejido","isPartOf":{"@id":"https:\/\/www.idiomas-eugeniasgenius.com\/#website"},"datePublished":"2023-03-06T16:22:19+00:00","dateModified":"2023-04-18T08:43:03+00:00","description":"Es una modalidad de los ex\u00e1menes de Cambridge que se puede realizar desde la comodidad de tu casa.","breadcrumb":{"@id":"https:\/\/www.idiomas-eugeniasgenius.com\/examen-linguaskill\/#breadcrumb"},"inLanguage":"en-GB","potentialAction":[{"@type":"ReadAction","target":["https:\/\/www.idiomas-eugeniasgenius.com\/examen-linguaskill\/"]}]},{"@type":"BreadcrumbList","@id":"https:\/\/www.idiomas-eugeniasgenius.com\/examen-linguaskill\/#breadcrumb","itemListElement":[{"@type":"ListItem","position":1,"name":"Portada","item":"https:\/\/www.idiomas-eugeniasgenius.com\/es_es\/"},{"@type":"ListItem","position":2,"name":"Examen Linguaskill"}]},{"@type":"WebSite","@id":"https:\/\/www.idiomas-eugeniasgenius.com\/#website","url":"https:\/\/www.idiomas-eugeniasgenius.com\/","name":"Escuela de Idiomas en El Ejido","description":"Escuela de idiomas en El Ejido","alternateName":"Eugenias Genius","potentialAction":[{"@type":"SearchAction","target":{"@type":"EntryPoint","urlTemplate":"https:\/\/www.idiomas-eugeniasgenius.com\/?s={search_term_string}"},"query-input":{"@type":"PropertyValueSpecification","valueRequired":true,"valueName":"search_term_string"}}],"inLanguage":"en-GB"}]}},"builder_content":"<h1>Examen Linguaskill<br\/><\/h1>\n\n<em style=\"color:#ff8800\" ><svg xmlns:xlink=\"http:\/\/www.w3.org\/1999\/xlink\" aria-hidden=\"true\"><use href=\"#tf-ti-time\" xlink:href=\"#tf-ti-time\"><\/use><\/svg><\/em> Septiembre a Julio\n<em style=\"color:#ff8800\" ><svg xmlns:xlink=\"http:\/\/www.w3.org\/1999\/xlink\" aria-hidden=\"true\"><use href=\"#tf-ti-bar-chart\" xlink:href=\"#tf-ti-bar-chart\"><\/use><\/svg><\/em> Todos los niveles\n<img src=\"https:\/\/www.idiomas-eugeniasgenius.com\/wp-content\/uploads\/2023\/03\/Cambridge-LINGUASKILL-300x300.jpg\" width=\"300\" height=\"300\" title=\"Cambridge-LINGUASKILL\" alt=\"Ex\u00e1menes oficiales Cambridge Linguaskill\" srcset=\"https:\/\/www.idiomas-eugeniasgenius.com\/wp-content\/uploads\/2023\/03\/Cambridge-LINGUASKILL-300x300.jpg 300w, https:\/\/www.idiomas-eugeniasgenius.com\/wp-content\/uploads\/2023\/03\/Cambridge-LINGUASKILL-150x150.jpg 150w, https:\/\/www.idiomas-eugeniasgenius.com\/wp-content\/uploads\/2023\/03\/Cambridge-LINGUASKILL.jpg 600w\" sizes=\"(max-width: 300px) 100vw, 300px\" \/>\n<p>Es una modalidad de los <strong>ex\u00e1menes de Cambridge<\/strong> que se puede realizar desde la comodidad de tu casa y tienen los mismos niveles de examen como A1, A2(key), B1(pet), B2 (fce) y C1 (ace) y superiores.<\/p> <p>El test se adapta al nivel del candidato de forma autom\u00e1tica en base a las respuestas y al ser por el ordenador es una prueba r\u00e1pida y precisa.<\/p> <p>Si en alguna de las modalidades del examen el candidato no llega a conseguir un resultado satisfactorio se puede presentar a la misma modalidad sin pagar por el examen completo nuevamente durante los pr\u00f3ximos 3 meses.<\/p> <p>La parte de speaking se realiza online conectando con un examinador directamente y los resultados.<\/p> <p>Para presentarse para este examen el candidato elige d\u00eda y hora (10:30h o 17:00), introduce sus datos personales, y procede al pago desde la pasarela de pago seguro. El dia del examen el candidato se conecta desde su casa cumpliendo los requisitos indicados por el Cambridge y los resultados son disponibles en 48 horas.<\/p> <p>Muchas de las universidades espa\u00f1olas, tambi\u00e9n aceptan <a href=\"https:\/\/www.cambridgeenglish.org\/es\/exams-and-tests\/linguaskill\/\" target=\"_blank\" rel=\"noopener\">Linguaskill<\/a> a la hora de cumplir con los requisitos de erasmus, posgrado y graduaci\u00f3n.<\/p> <p>Los resultados de <a href=\"https:\/\/www.cambridgeenglish.org\/es\/exams-and-tests\/linguaskill\/\" target=\"_blank\" rel=\"noopener\">Linguaskill<\/a> se ajustan al <strong>mcer<\/strong> (marco com\u00fan europeo de referencia para las lenguas), el est\u00e1ndar internacional para describir las aptitudes ling\u00fc\u00edsticas.<\/p>\n<a href=\"https:\/\/www.idiomas-eugeniasgenius.com\/inscripcion-ingles\/\" > Inscr\u00edbete a este curso <\/a>","_links":{"self":[{"href":"https:\/\/www.idiomas-eugeniasgenius.com\/en\/wp-json\/wp\/v2\/pages\/1133","targetHints":{"allow":["GET"]}}],"collection":[{"href":"https:\/\/www.idiomas-eugeniasgenius.com\/en\/wp-json\/wp\/v2\/pages"}],"about":[{"href":"https:\/\/www.idiomas-eugeniasgenius.com\/en\/wp-json\/wp\/v2\/types\/page"}],"author":[{"embeddable":true,"href":"https:\/\/www.idiomas-eugeniasgenius.com\/en\/wp-json\/wp\/v2\/users\/1"}],"replies":[{"embeddable":true,"href":"https:\/\/www.idiomas-eugeniasgenius.com\/en\/wp-json\/wp\/v2\/comments?post=1133"}],"version-history":[{"count":0,"href":"https:\/\/www.idiomas-eugeniasgenius.com\/en\/wp-json\/wp\/v2\/pages\/1133\/revisions"}],"wp:attachment":[{"href":"https:\/\/www.idiomas-eugeniasgenius.com\/en\/wp-json\/wp\/v2\/media?parent=1133"}],"curies":[{"name":"wp","href":"https:\/\/api.w.org\/{rel}","templated":true}]}}