{"id":1417,"date":"2023-03-31T09:47:13","date_gmt":"2023-03-31T09:47:13","guid":{"rendered":"https:\/\/www.idiomas-eugeniasgenius.com\/?page_id=1417"},"modified":"2023-04-18T08:35:41","modified_gmt":"2023-04-18T08:35:41","slug":"espanol-intensivo-2","status":"publish","type":"page","link":"https:\/\/www.idiomas-eugeniasgenius.com\/en\/espanol-intensivo-2\/","title":{"rendered":"Spanish Intensive"},"content":{"rendered":"<!--themify_builder_content-->\n<div id=\"themify_builder_content-1417\" data-postid=\"1417\" class=\"themify_builder_content themify_builder_content-1417 themify_builder tf_clear\">\n                    <div  data-lazy=\"1\" class=\"module_row themify_builder_row tb_k3t7122 tb_first tf_w\">\n                        <div class=\"row_inner col_align_top tb_col_count_2 tf_box tf_rel\">\n                        <div  data-lazy=\"1\" class=\"module_column tb-column col3-2 tb_13th123 first\">\n                    <!-- module fancy heading -->\n<div  class=\"module module-fancy-heading tb_ni87381\" data-lazy=\"1\">\n        <h1 class=\"fancy-heading tf_textc\">\n    <span class=\"main-head tf_block\">\n                    Spanish Intensive            <\/span>\n\n    \n    <span class=\"sub-head tf_block tf_rel\">\n                                <\/span>\n    <\/h1>\n<\/div>\n<!-- \/module fancy heading -->\n<!-- module divider -->\n<div  class=\"module tf_mw module-divider tb_ck1t739 solid\" style=\"border-width: 1px;border-color: #a1a1a1;\" data-lazy=\"1\">\n    <\/div>\n<!-- \/module divider -->\n        <div  data-lazy=\"1\" class=\"module_subrow themify_builder_sub_row tf_w col_align_top tb_col_count_2 tb_nddi479\">\n                <div  data-lazy=\"1\" class=\"module_column sub_column col4-2 tb_rm3t480 first\">\n                    <!-- module icon -->\n<div  class=\"module module-icon tb_a00p445  large circle icon_horizontal\" data-lazy=\"1\">\n\t\t\t<div class=\"module-icon-item\">\n\t\t\t\t\t\t\t\t\t\t\t\t\t\t\t\t<em class=\"tf_box\"\n\t\t\t\t\t\t\t\t\t\t\t\t style=\"color:#ff8800\"\t\t\t\t\t><svg  class=\"tf_fa tf-ti-time\" xmlns:xlink=\"http:\/\/www.w3.org\/1999\/xlink\" aria-hidden=\"true\"><use href=\"#tf-ti-time\" xlink:href=\"#tf-ti-time\"><\/use><\/svg><\/em>\n\t\t\t\t\t\t\t\t\t\t\t\t\t\t\t\t\t\t\t<span>September to July<\/span>\n\t\t\t\t\t\t\t\t\t\t\t\t\t\t\t<\/div>\n\t<\/div>\n<!-- \/module icon -->\n        <\/div>\n                    <div  data-lazy=\"1\" class=\"module_column sub_column col4-2 tb_vgym480 last\">\n                    <!-- module icon -->\n<div  class=\"module module-icon tb_tz8b172  large circle icon_horizontal\" data-lazy=\"1\">\n\t\t\t<div class=\"module-icon-item\">\n\t\t\t\t\t\t\t\t\t\t\t\t\t\t\t\t<em class=\"tf_box\"\n\t\t\t\t\t\t\t\t\t\t\t\t style=\"color:#ff8800\"\t\t\t\t\t><svg  class=\"tf_fa tf-ti-bar-chart\" xmlns:xlink=\"http:\/\/www.w3.org\/1999\/xlink\" aria-hidden=\"true\"><use href=\"#tf-ti-bar-chart\" xlink:href=\"#tf-ti-bar-chart\"><\/use><\/svg><\/em>\n\t\t\t\t\t\t\t\t\t\t\t\t\t\t\t\t\t\t\t<span>All levels<\/span>\n\t\t\t\t\t\t\t\t\t\t\t\t\t\t\t<\/div>\n\t<\/div>\n<!-- \/module icon -->\n        <\/div>\n                    <\/div>\n                <\/div>\n                    <div  data-lazy=\"1\" class=\"module_column tb-column col3-1 tb_x9hk260 last\">\n                    <!-- module image -->\n<div  class=\"module module-image tb_x2qn636 image-center   tf_mw\" data-lazy=\"1\">\n        <div class=\"image-wrap tf_rel tf_mw\">\n            <img loading=\"lazy\" decoding=\"async\" src=\"https:\/\/www.idiomas-eugeniasgenius.com\/wp-content\/uploads\/2023\/03\/espanol-intensivo-300x300.jpg\" width=\"300\" height=\"300\" class=\"wp-post-image wp-image-1422\" title=\"espanol-intensivo\" alt=\"Ex\u00e1menes oficiales de espa\u00f1ol Dele C2\" srcset=\"https:\/\/www.idiomas-eugeniasgenius.com\/wp-content\/uploads\/2023\/03\/espanol-intensivo-300x300.jpg 300w, https:\/\/www.idiomas-eugeniasgenius.com\/wp-content\/uploads\/2023\/03\/espanol-intensivo-150x150.jpg 150w, https:\/\/www.idiomas-eugeniasgenius.com\/wp-content\/uploads\/2023\/03\/espanol-intensivo.jpg 600w\" sizes=\"auto, (max-width: 300px) 100vw, 300px\" \/>    \n        <\/div>\n    <!-- \/image-wrap -->\n    \n        <\/div>\n<!-- \/module image -->        <\/div>\n                        <\/div>\n        <\/div>\n                        <div  data-lazy=\"1\" class=\"module_row themify_builder_row tb_wpj3809 tf_w\">\n                        <div class=\"row_inner col_align_top tb_col_count_1 tf_box tf_rel\">\n                        <div  data-lazy=\"1\" class=\"module_column tb-column col-full tb_e3me809 first\">\n                    <!-- module text -->\n<div  class=\"module module-text tb_83b5403\" data-lazy=\"1\">\n        <div  class=\"tb_text_wrap\">\n        <h3><strong><span style=\"font-size: 18pt;\">Learn Spanish at your own pace!<\/span><\/strong><\/h3>\n<p><strong>EUGENIA\u2019S GENIUS<\/strong> is the perfect language school to learn Spanish at your own pace. Whether you have just a few weeks or a few months, we have the perfect course for you!<\/p>\n<h4>Intensive Spanish Courses<\/h4>\n<p>Our intensive Spanish courses are designed to help you learn in an effective and time-efficient way. Our 4-5 day a week courses are tailored to the student's level and are conducted partly with a teacher and partly with our computer-based program, ensuring high-performance results.<\/p>\n<h4>Learn from anywhere<\/h4>\n<p>Whether online or in person, our courses can be accessed from anywhere in the world. With our online courses you can access all of our learning material from anywhere!<\/p>\n<h4>Extensive Spanish online or in person<\/h4>\n<p>Welcome to Languages \u200b\u200bEugenia Genius, a language school where you can learn Spanish in the most efficient and easy way!<\/p>\n<h4>Small classes, big difference<\/h4>\n<p>At Languages \u200b\u200bEugenia Genius, we believe that small classes are key to our students' success. That's why all of our classes include no more than 6-8 students per group. This allows us to dedicate a good amount of time and attention to each of them.<\/p>\n<h4>Flexible learning hours<\/h4>\n<p>Our classes usually take place from October to June, but we offer flexibility so our students can adapt to their schedules. Depending on their level, they can choose between 2 or 3 hours per week.<\/p>\n<h4>Learn online or in person<\/h4>\n<p>We understand that everyone has different needs and preferences when it comes to learning. That's why we offer both online and in-person classes, so our students can choose the option that works best for them!<\/p>    <\/div>\n<\/div>\n<!-- \/module text -->        <\/div>\n                        <\/div>\n        <\/div>\n                        <div  data-lazy=\"1\" class=\"module_row themify_builder_row tb_8zrj891 tf_w\">\n                        <div class=\"row_inner col_align_top tb_col_count_1 tf_box tf_rel\">\n                        <div  data-lazy=\"1\" class=\"module_column tb-column col-full tb_3mqx891 first\">\n                    <!-- module buttons -->\n<div  class=\"module module-buttons tb_4blp625 buttons-horizontal solid  circle\" data-lazy=\"1\">\n        <div class=\"module-buttons-item tf_in_flx\">\n                        <a href=\"https:\/\/www.idiomas-eugeniasgenius.com\/en\/inscripcion-espanol\/\" class=\"ui builder_button tf_in_flx blue\" >\n                                                Sign up for this course                                        <\/a>\n                <\/div>\n            <\/div>\n<!-- \/module buttons -->\n        <\/div>\n                        <\/div>\n        <\/div>\n        <\/div>\n<!--\/themify_builder_content-->","protected":false},"excerpt":{"rendered":"<p>\u00a1Aprende espa\u00f1ol a tu propio ritmo! Idiomas Eugenia Genius es la escuela de idiomas perfecta para aprender espa\u00f1ol a tu ritmo. Ya sea que tengas solo algunas semanas o algunos meses, \u00a1tenemos el curso perfecto para ti! Cursos Intensivos de Espa\u00f1ol Nuestros cursos intensivos de espa\u00f1ol est\u00e1n dise\u00f1ados para ayudarte a aprender de una manera [&hellip;]<\/p>\n","protected":false},"author":1,"featured_media":0,"parent":0,"menu_order":0,"comment_status":"closed","ping_status":"closed","template":"","meta":{"footnotes":""},"class_list":["post-1417","page","type-page","status-publish","hentry","has-post-title","has-post-date","has-post-category","has-post-tag","has-post-comment","has-post-author",""],"yoast_head":"<!-- This site is optimized with the Yoast SEO plugin v27.4 - https:\/\/yoast.com\/product\/yoast-seo-wordpress\/ -->\n<title>Espa\u00f1ol Intensivo - Escuela de Idiomas en El Ejido<\/title>\n<meta name=\"description\" content=\"Cursos Intensivos de Espa\u00f1ol. Idiomas Eugenia Genius es la escuela de idiomas perfecta para aprender espa\u00f1ol a tu ritmo.\" \/>\n<meta name=\"robots\" content=\"index, follow, max-snippet:-1, max-image-preview:large, max-video-preview:-1\" \/>\n<link rel=\"canonical\" href=\"https:\/\/www.idiomas-eugeniasgenius.com\/en\/espanol-intensivo-2\/\" \/>\n<meta property=\"og:locale\" content=\"en_GB\" \/>\n<meta property=\"og:type\" content=\"article\" \/>\n<meta property=\"og:title\" content=\"Espa\u00f1ol Intensivo - Escuela de Idiomas en El Ejido\" \/>\n<meta property=\"og:description\" content=\"Cursos Intensivos de Espa\u00f1ol. Idiomas Eugenia Genius es la escuela de idiomas perfecta para aprender espa\u00f1ol a tu ritmo.\" \/>\n<meta property=\"og:url\" content=\"https:\/\/www.idiomas-eugeniasgenius.com\/en\/espanol-intensivo-2\/\" \/>\n<meta property=\"og:site_name\" content=\"Escuela de Idiomas en El Ejido\" \/>\n<meta property=\"article:publisher\" content=\"https:\/\/www.youtube.com\/@adminEugenius\" \/>\n<meta property=\"article:modified_time\" content=\"2023-04-18T08:35:41+00:00\" \/>\n<meta name=\"twitter:card\" content=\"summary_large_image\" \/>\n<script type=\"application\/ld+json\" class=\"yoast-schema-graph\">{\"@context\":\"https:\\\/\\\/schema.org\",\"@graph\":[{\"@type\":\"WebPage\",\"@id\":\"https:\\\/\\\/www.idiomas-eugeniasgenius.com\\\/espanol-intensivo-2\\\/\",\"url\":\"https:\\\/\\\/www.idiomas-eugeniasgenius.com\\\/espanol-intensivo-2\\\/\",\"name\":\"Espa\u00f1ol Intensivo - Escuela de Idiomas en El Ejido\",\"isPartOf\":{\"@id\":\"https:\\\/\\\/www.idiomas-eugeniasgenius.com\\\/#website\"},\"datePublished\":\"2023-03-31T09:47:13+00:00\",\"dateModified\":\"2023-04-18T08:35:41+00:00\",\"description\":\"Cursos Intensivos de Espa\u00f1ol. Idiomas Eugenia Genius es la escuela de idiomas perfecta para aprender espa\u00f1ol a tu ritmo.\",\"breadcrumb\":{\"@id\":\"https:\\\/\\\/www.idiomas-eugeniasgenius.com\\\/espanol-intensivo-2\\\/#breadcrumb\"},\"inLanguage\":\"en-GB\",\"potentialAction\":[{\"@type\":\"ReadAction\",\"target\":[\"https:\\\/\\\/www.idiomas-eugeniasgenius.com\\\/espanol-intensivo-2\\\/\"]}]},{\"@type\":\"BreadcrumbList\",\"@id\":\"https:\\\/\\\/www.idiomas-eugeniasgenius.com\\\/espanol-intensivo-2\\\/#breadcrumb\",\"itemListElement\":[{\"@type\":\"ListItem\",\"position\":1,\"name\":\"Portada\",\"item\":\"https:\\\/\\\/www.idiomas-eugeniasgenius.com\\\/es_es\\\/\"},{\"@type\":\"ListItem\",\"position\":2,\"name\":\"Espa\u00f1ol Intensivo\"}]},{\"@type\":\"WebSite\",\"@id\":\"https:\\\/\\\/www.idiomas-eugeniasgenius.com\\\/#website\",\"url\":\"https:\\\/\\\/www.idiomas-eugeniasgenius.com\\\/\",\"name\":\"Escuela de Idiomas en El Ejido\",\"description\":\"Escuela de idiomas en El Ejido\",\"alternateName\":\"Eugenias Genius\",\"potentialAction\":[{\"@type\":\"SearchAction\",\"target\":{\"@type\":\"EntryPoint\",\"urlTemplate\":\"https:\\\/\\\/www.idiomas-eugeniasgenius.com\\\/?s={search_term_string}\"},\"query-input\":{\"@type\":\"PropertyValueSpecification\",\"valueRequired\":true,\"valueName\":\"search_term_string\"}}],\"inLanguage\":\"en-GB\"}]}<\/script>\n<!-- \/ Yoast SEO plugin. -->","yoast_head_json":{"title":"Espa\u00f1ol Intensivo - Escuela de Idiomas en El Ejido","description":"Cursos Intensivos de Espa\u00f1ol. Idiomas Eugenia Genius es la escuela de idiomas perfecta para aprender espa\u00f1ol a tu ritmo.","robots":{"index":"index","follow":"follow","max-snippet":"max-snippet:-1","max-image-preview":"max-image-preview:large","max-video-preview":"max-video-preview:-1"},"canonical":"https:\/\/www.idiomas-eugeniasgenius.com\/en\/espanol-intensivo-2\/","og_locale":"en_GB","og_type":"article","og_title":"Espa\u00f1ol Intensivo - Escuela de Idiomas en El Ejido","og_description":"Cursos Intensivos de Espa\u00f1ol. Idiomas Eugenia Genius es la escuela de idiomas perfecta para aprender espa\u00f1ol a tu ritmo.","og_url":"https:\/\/www.idiomas-eugeniasgenius.com\/en\/espanol-intensivo-2\/","og_site_name":"Escuela de Idiomas en El Ejido","article_publisher":"https:\/\/www.youtube.com\/@adminEugenius","article_modified_time":"2023-04-18T08:35:41+00:00","twitter_card":"summary_large_image","schema":{"@context":"https:\/\/schema.org","@graph":[{"@type":"WebPage","@id":"https:\/\/www.idiomas-eugeniasgenius.com\/espanol-intensivo-2\/","url":"https:\/\/www.idiomas-eugeniasgenius.com\/espanol-intensivo-2\/","name":"Espa\u00f1ol Intensivo - Escuela de Idiomas en El Ejido","isPartOf":{"@id":"https:\/\/www.idiomas-eugeniasgenius.com\/#website"},"datePublished":"2023-03-31T09:47:13+00:00","dateModified":"2023-04-18T08:35:41+00:00","description":"Cursos Intensivos de Espa\u00f1ol. Idiomas Eugenia Genius es la escuela de idiomas perfecta para aprender espa\u00f1ol a tu ritmo.","breadcrumb":{"@id":"https:\/\/www.idiomas-eugeniasgenius.com\/espanol-intensivo-2\/#breadcrumb"},"inLanguage":"en-GB","potentialAction":[{"@type":"ReadAction","target":["https:\/\/www.idiomas-eugeniasgenius.com\/espanol-intensivo-2\/"]}]},{"@type":"BreadcrumbList","@id":"https:\/\/www.idiomas-eugeniasgenius.com\/espanol-intensivo-2\/#breadcrumb","itemListElement":[{"@type":"ListItem","position":1,"name":"Portada","item":"https:\/\/www.idiomas-eugeniasgenius.com\/es_es\/"},{"@type":"ListItem","position":2,"name":"Espa\u00f1ol Intensivo"}]},{"@type":"WebSite","@id":"https:\/\/www.idiomas-eugeniasgenius.com\/#website","url":"https:\/\/www.idiomas-eugeniasgenius.com\/","name":"Escuela de Idiomas en El Ejido","description":"Escuela de idiomas en El Ejido","alternateName":"Eugenias Genius","potentialAction":[{"@type":"SearchAction","target":{"@type":"EntryPoint","urlTemplate":"https:\/\/www.idiomas-eugeniasgenius.com\/?s={search_term_string}"},"query-input":{"@type":"PropertyValueSpecification","valueRequired":true,"valueName":"search_term_string"}}],"inLanguage":"en-GB"}]}},"builder_content":"<h1>Espa\u00f1ol Intensivo<br\/><\/h1>\n\n<em style=\"color:#ff8800\" ><svg xmlns:xlink=\"http:\/\/www.w3.org\/1999\/xlink\" aria-hidden=\"true\"><use href=\"#tf-ti-time\" xlink:href=\"#tf-ti-time\"><\/use><\/svg><\/em> Septiembre a Julio\n<em style=\"color:#ff8800\" ><svg xmlns:xlink=\"http:\/\/www.w3.org\/1999\/xlink\" aria-hidden=\"true\"><use href=\"#tf-ti-bar-chart\" xlink:href=\"#tf-ti-bar-chart\"><\/use><\/svg><\/em> Todos los niveles\n<img src=\"https:\/\/www.idiomas-eugeniasgenius.com\/wp-content\/uploads\/2023\/03\/espanol-intensivo-300x300.jpg\" width=\"300\" height=\"300\" title=\"espanol-intensivo\" alt=\"Ex\u00e1menes oficiales de espa\u00f1ol Dele C2\" srcset=\"https:\/\/www.idiomas-eugeniasgenius.com\/wp-content\/uploads\/2023\/03\/espanol-intensivo-300x300.jpg 300w, https:\/\/www.idiomas-eugeniasgenius.com\/wp-content\/uploads\/2023\/03\/espanol-intensivo-150x150.jpg 150w, https:\/\/www.idiomas-eugeniasgenius.com\/wp-content\/uploads\/2023\/03\/espanol-intensivo.jpg 600w\" sizes=\"(max-width: 300px) 100vw, 300px\" \/>\n<h3><strong>\u00a1Aprende espa\u00f1ol a tu propio ritmo!<\/strong><\/h3> <p><strong>Idiomas Eugenia Genius<\/strong> es la escuela de idiomas perfecta para aprender espa\u00f1ol a tu ritmo. Ya sea que tengas solo algunas semanas o algunos meses, \u00a1tenemos el curso perfecto para ti!<\/p> <h4>Cursos Intensivos de Espa\u00f1ol<\/h4> <p>Nuestros cursos intensivos de espa\u00f1ol est\u00e1n dise\u00f1ados para ayudarte a aprender de una manera efectiva y eficiente en el tiempo. Nuestros cursos de 4-5 d\u00edas a la semana se adaptan al nivel del alumno y se llevan a cabo parcialmente con un profesor y parcialmente con nuestro programa inform\u00e1tico, lo que garantiza resultados de alto rendimiento.<\/p> <h4>Aprende desde cualquier lugar<\/h4> <p>Ya sea en l\u00ednea o en persona, se puede acceder a nuestros cursos desde cualquier parte del mundo. \u00a1Con nuestros cursos en l\u00ednea puede acceder a todo nuestro material de aprendizaje desde cualquier lugar!<\/p> <h4>Espa\u00f1ol extensivo en linea o presencial<\/h4> <p>\u00a1Bienvenido a Languages Eugenia Genius, una escuela de idiomas donde puedes aprender espa\u00f1ol de la manera m\u00e1s eficiente y f\u00e1cil!<\/p> <h4>Clases peque\u00f1as, gran diferencia<\/h4> <p>En Languages Eugenia Genius, creemos que los grupos peque\u00f1os son clave para el \u00e9xito de nuestros estudiantes. Es por eso que todas nuestras clases incluyen no m\u00e1s de 6-8 estudiantes por grupo. Esto nos permite dedicar una buena cantidad de tiempo y atenci\u00f3n a cada uno de ellos.<\/p> <h4>Horas de aprendizaje flexibles<\/h4> <p>Nuestras clases generalmente se llevan a cabo de octubre a junio, pero ofrecemos flexibilidad para que nuestros estudiantes puedan adaptarse a sus horarios. Dependiendo de su nivel, pueden elegir entre 2 o 3 horas por semana.<\/p> <h4>Aprende online o presencial<\/h4> <p>Entendemos que todos tienen diferentes necesidades y preferencias cuando se trata de aprender. \u00a1Es por eso que ofrecemos clases en l\u00ednea y presenciales, para que nuestros estudiantes puedan elegir la opci\u00f3n que mejor les funcione!<\/p>\n<a href=\"https:\/\/www.idiomas-eugeniasgenius.com\/inscripcion-espanol\/\" > Inscr\u00edbete a este curso <\/a>","_links":{"self":[{"href":"https:\/\/www.idiomas-eugeniasgenius.com\/en\/wp-json\/wp\/v2\/pages\/1417","targetHints":{"allow":["GET"]}}],"collection":[{"href":"https:\/\/www.idiomas-eugeniasgenius.com\/en\/wp-json\/wp\/v2\/pages"}],"about":[{"href":"https:\/\/www.idiomas-eugeniasgenius.com\/en\/wp-json\/wp\/v2\/types\/page"}],"author":[{"embeddable":true,"href":"https:\/\/www.idiomas-eugeniasgenius.com\/en\/wp-json\/wp\/v2\/users\/1"}],"replies":[{"embeddable":true,"href":"https:\/\/www.idiomas-eugeniasgenius.com\/en\/wp-json\/wp\/v2\/comments?post=1417"}],"version-history":[{"count":0,"href":"https:\/\/www.idiomas-eugeniasgenius.com\/en\/wp-json\/wp\/v2\/pages\/1417\/revisions"}],"wp:attachment":[{"href":"https:\/\/www.idiomas-eugeniasgenius.com\/en\/wp-json\/wp\/v2\/media?parent=1417"}],"curies":[{"name":"wp","href":"https:\/\/api.w.org\/{rel}","templated":true}]}}