{"id":1432,"date":"2023-03-31T16:07:39","date_gmt":"2023-03-31T16:07:39","guid":{"rendered":"https:\/\/www.idiomas-eugeniasgenius.com\/?page_id=1432"},"modified":"2024-02-16T17:47:59","modified_gmt":"2024-02-16T17:47:59","slug":"informacion-campamentos","status":"publish","type":"page","link":"https:\/\/www.idiomas-eugeniasgenius.com\/en\/informacion-campamentos\/","title":{"rendered":"Informaci\u00f3n campamentos"},"content":{"rendered":"<!--themify_builder_content-->\n<div id=\"themify_builder_content-1432\" data-postid=\"1432\" class=\"themify_builder_content themify_builder_content-1432 themify_builder tf_clear\">\n                    <div  data-lazy=\"1\" class=\"module_row themify_builder_row tb_jtuz815 tb_first tf_w\">\n                        <div class=\"row_inner col_align_top tb_col_count_1 tf_box tf_rel\">\n                        <div  data-lazy=\"1\" class=\"module_column tb-column col-full tb_fyuv830 first\">\n                    <!-- module text -->\n<div  class=\"module module-text tb_dhdm832  repeat\" data-lazy=\"1\">\n        <div  class=\"tb_text_wrap\">\n        <h1>CAMPS<\/h1>    <\/div>\n<\/div>\n<!-- \/module text -->        <\/div>\n                        <\/div>\n        <\/div>\n                        <div  data-css_id=\"j9br816\" data-lazy=\"1\" class=\"module_row themify_builder_row fullwidth tb_j9br816 tf_w\">\n                        <div class=\"row_inner col_align_top gutter-none tb_col_count_3 tf_box tf_rel\">\n                        <div  data-lazy=\"1\" class=\"module_column tb-column col4-1 tb_z1zo836 first\">\n                            <\/div>\n                    <div  data-lazy=\"1\" class=\"module_column tb-column col4-2 tb_3e55850\">\n                    <!-- module text -->\n<div  class=\"module module-text tb_407k851  repeat\" data-lazy=\"1\">\n        <div  class=\"tb_text_wrap\">\n        <h3>Solicita inscripci\u00f3n a campamento<\/h3>\n<p>Selecciona el campamento de tu inter\u00e9s y completa todos los datos.<br>We will contact you as soon as possible.<\/p>    <\/div>\n<\/div>\n<!-- \/module text --><!-- module contact -->\n<div  id=\"tb_9411851\" class=\"module module-contact tb_9411851 contact-style2\" data-lazy=\"1\">\n    \n\t<form class=\"builder-contact\"\n\t\tid=\"tb_9411851-form\"\n\t\tmethod=\"post\"\n\t\tdata-post-id=\"1432\"\n\t\tdata-element-id=\"9411851\"\n\t\tdata-orig-id=\"1432\" action=\"\"\n\t>\n    <div class=\"contact-message\"><\/div>\n\t<input type=\"hidden\" id=\"bc_nonce\" name=\"bc_nonce\" value=\"cb5f28df33\" \/><input type=\"hidden\" name=\"_wp_http_referer\" value=\"\/en\/wp-json\/wp\/v2\/pages\/1432\" \/>\t<div class=\"builder-contact-fields tf_rel\">\n\t\t    \t\t    <div class=\"builder-contact-field builder-contact-field-name builder-contact-text-field\">\n\t\t\t    <label class=\"control-label\" for=\"tb_9411851-contact-name\">\n\t\t\t\t\t\t\t\t\t\t<span class=\"tb-label-span\">Student's name <\/span><span class=\"required\">*<\/span>\t\t\t\t<\/label>\n\t\t\t    <div class=\"control-input tf_rel\">\n\t\t\t\t    \t\t\t\t\t    <input type=\"text\" name=\"contact-name\" placeholder=\"\" id=\"tb_9411851-contact-name\" value=\"\" class=\"form-control\" required>\n\t\t\t\t    \t\t\t\t    \t\t\t    <\/div>\n\t\t<\/div>\n\t    \n\t\t    \t\t    \t\t    <div class=\"builder-contact-field builder-contact-field-extra builder-contact-text-field\">\n\t\t\t\t\n\t\t\t\t<label class=\"control-label\" for=\"field_extra_tb_9411851_0\">\n\t\t\t\t\t\n\t\t\t\t\tSurnames\t\t\t\t\t\t\t\t\t\t\t<input type=\"hidden\" name=\"field_extra_name_0\" value=\"Apellidos\">\n\t\t\t\t\t\t\t\t\t\t\t<span class=\"required\">*<\/span>\n\t\t\t\t\t\t\t\t\t<\/label>\n\t\t\t\t<div class=\"control-input tf_rel\">\n\t\t\t\t\t\t\t\t\t\t\t<input type=\"text\" name=\"field_extra_0\" id=\"field_extra_tb_9411851_0\" placeholder=\"\" class=\"form-control\" required>\n\t\t\t\t\t\n\t\t\t\t\t\t\t\t\t<\/div>\n\t\t    <\/div>\n\t    \n\t\t    \t\t    \t\t    <div class=\"builder-contact-field builder-contact-field-extra builder-contact-number-field\">\n\t\t\t\t\n\t\t\t\t<label class=\"control-label\" for=\"field_extra_tb_9411851_1\">\n\t\t\t\t\t\n\t\t\t\t\tAge\t\t\t\t\t\t\t\t\t\t\t<input type=\"hidden\" name=\"field_extra_name_1\" value=\"Edad\">\n\t\t\t\t\t\t\t\t\t\t\t<span class=\"required\">*<\/span>\n\t\t\t\t\t\t\t\t\t<\/label>\n\t\t\t\t<div class=\"control-input tf_rel\">\n\t\t\t\t\t\t\t\t\t\t\t<input type=\"number\" name=\"field_extra_1\" id=\"field_extra_tb_9411851_1\" placeholder=\"\" class=\"form-control\" required>\n\t\t\t\t\t\n\t\t\t\t\t\t\t\t\t<\/div>\n\t\t    <\/div>\n\t    \n\t\t    \t\t    \t\t    <div class=\"builder-contact-field builder-contact-field-extra builder-contact-text-field\">\n\t\t\t\t\n\t\t\t\t<label class=\"control-label\" for=\"field_extra_tb_9411851_2\">\n\t\t\t\t\t\n\t\t\t\t\tAcademic course\t\t\t\t\t\t\t\t\t\t\t<input type=\"hidden\" name=\"field_extra_name_2\" value=\"Curso Acad\u00e9mico\">\n\t\t\t\t\t\t\t\t\t<\/label>\n\t\t\t\t<div class=\"control-input tf_rel\">\n\t\t\t\t\t\t\t\t\t\t\t<input type=\"text\" name=\"field_extra_2\" id=\"field_extra_tb_9411851_2\" placeholder=\"\" class=\"form-control\">\n\t\t\t\t\t\n\t\t\t\t\t\t\t\t\t<\/div>\n\t\t    <\/div>\n\t    \n\t\t    \t\t    \t\t    <div class=\"builder-contact-field builder-contact-field-extra builder-contact-text-field\">\n\t\t\t\t\n\t\t\t\t<label class=\"control-label\" for=\"field_extra_tb_9411851_3\">\n\t\t\t\t\t\n\t\t\t\t\tParents\u2019 name\t\t\t\t\t\t\t\t\t\t\t<input type=\"hidden\" name=\"field_extra_name_3\" value=\"Nombre del tutor\">\n\t\t\t\t\t\t\t\t\t\t\t<span class=\"required\">*<\/span>\n\t\t\t\t\t\t\t\t\t<\/label>\n\t\t\t\t<div class=\"control-input tf_rel\">\n\t\t\t\t\t\t\t\t\t\t\t<input type=\"text\" name=\"field_extra_3\" id=\"field_extra_tb_9411851_3\" placeholder=\"\" class=\"form-control\" required>\n\t\t\t\t\t\n\t\t\t\t\t\t\t\t\t<\/div>\n\t\t    <\/div>\n\t    \n\t\t    \t\t    <div class=\"builder-contact-field builder-contact-field-email builder-contact-text-field\">\n\t\t\t    <label class=\"control-label\" for=\"tb_9411851-contact-email\">\n\t\t\t\t\t\t\t\t\t\t<span class=\"tb-label-span\">Email <\/span><span class=\"required\">*<\/span>\t\t\t\t<\/label>\n\t\t\t    <div class=\"control-input tf_rel\">\n\t\t\t\t    \t\t\t\t\t    <input type=\"email\" name=\"contact-email\" placeholder=\"\" id=\"tb_9411851-contact-email\" value=\"\" class=\"form-control\" required>\n\t\t\t\t    \t\t\t\t    \t\t\t    <\/div>\n\t\t<\/div>\n\t    \n\t\t    \t\t    \t\t    <div class=\"builder-contact-field builder-contact-field-extra builder-contact-text-field builder-contact-tel-field\">\n\t\t\t\t\n\t\t\t\t<label class=\"control-label\" for=\"field_extra_tb_9411851_4\">\n\t\t\t\t\t\n\t\t\t\t\tPhone\t\t\t\t\t\t\t\t\t\t\t<input type=\"hidden\" name=\"field_extra_name_4\" value=\"Tel\u00e9fono\">\n\t\t\t\t\t\t\t\t\t\t\t<span class=\"required\">*<\/span>\n\t\t\t\t\t\t\t\t\t<\/label>\n\t\t\t\t<div class=\"control-input tf_rel\">\n\t\t\t\t\t\t\t\t\t\t\t<input type=\"tel\" name=\"field_extra_4\" id=\"field_extra_tb_9411851_4\" placeholder=\"\" class=\"form-control\" required>\n\t\t\t\t\t\n\t\t\t\t\t\t\t\t\t<\/div>\n\t\t    <\/div>\n\t    \n\t\t    \t\t    \t\t    <div class=\"builder-contact-field builder-contact-field-extra builder-contact-select-field\">\n\t\t\t\t\n\t\t\t\t<label class=\"control-label\" for=\"field_extra_tb_9411851_5\">\n\t\t\t\t\t\t\t\t\t\t\t<em><svg  class=\"tf_fa tf-ti-arrow-down\" xmlns:xlink=\"http:\/\/www.w3.org\/1999\/xlink\" aria-hidden=\"true\"><use href=\"#tf-ti-arrow-down\" xlink:href=\"#tf-ti-arrow-down\"><\/use><\/svg><\/em>\n\t\t\t\t\t\n\t\t\t\t\tSelecciona campamento\t\t\t\t\t\t\t\t\t\t\t<input type=\"hidden\" name=\"field_extra_name_5\" value=\"Selecciona campamento\">\n\t\t\t\t\t\t\t\t\t\t\t<span class=\"required\">*<\/span>\n\t\t\t\t\t\t\t\t\t<\/label>\n\t\t\t\t<div class=\"control-input tf_rel\">\n\t\t\t\t\t\t\t\t\t\t\t\t\t\t\t\t\t\t<select id=\"field_extra_tb_9411851_5\" name=\"field_extra_5\" class=\"form-control tf_scrollbar\" required>\n\t\t\t\t\t\t\t\t\t\t\t\t\t\t\t\t\t\t\t\t\t\t\t\t\t<option value=\"SIERRA NEVADA\"> SIERRA NEVADA <\/option>\n\t\t\t\t\t\t\t\t\t\t\t\t\t\t\t\t\t<option value=\"BROADSTAIRS, KENT (REINO UNIDO)\"> BROADSTAIRS, KENT (REINO UNIDO) <\/option>\n\t\t\t\t\t\t\t\t\t\t\t\t\t\t\t\t\t<option value=\"WORCESTER (Reino Unido)\"> WORCESTER (Reino Unido) <\/option>\n\t\t\t\t\t\t\t\t\t\t\t\t\t\t\t\t\t<option value=\"WESTGATE ON SEA (REINO UNIDO)\"> WESTGATE ON SEA (REINO UNIDO) <\/option>\n\t\t\t\t\t\t\t\t\t\t\t\t\t\t\t\t\t<option value=\"CAMBRIDGE (REINO UNIDO)\"> CAMBRIDGE (REINO UNIDO) <\/option>\n\t\t\t\t\t\t\t\t\t\t\t\t\t\t\t\t\t<option value=\"CAMBRIDGE (REINO UNIDO)\"> CAMBRIDGE (REINO UNIDO) <\/option>\n\t\t\t\t\t\t\t\t\t\t\t\t\t\t\t\t\t<option value=\"LONDRES (REINO UNIDO)\"> LONDRES (REINO UNIDO) <\/option>\n\t\t\t\t\t\t\t\t\t\t\t\t\t\t\t\t\t<option value=\"CONDADO DE KERRY (IRLANDA)\"> CONDADO DE KERRY (IRLANDA) <\/option>\n\t\t\t\t\t\t\t\t\t\t\t\t\t\t\t\t\t<option value=\"GALWAY (IRLANDA)\"> GALWAY (IRLANDA) <\/option>\n\t\t\t\t\t\t\t\t\t\t\t\t\t\t\t\t\t<option value=\"DUBLIN (IRLANDA)\"> DUBLIN (IRLANDA) <\/option>\n\t\t\t\t\t\t\t\t\t\t\t\t\t\t\t\t\t<option value=\"EDIMBURGO (IRLANDA)\"> EDIMBURGO (IRLANDA) <\/option>\n\t\t\t\t\t\t\t\t\t\t\t\t\t\t\t\t\t<option value=\"MALTA\"> MALTA <\/option>\n\t\t\t\t\t\t\t\t\t\t\t\t\t\t\t\t\t<option value=\"ARCARCHON (FRANCIA)\"> ARCARCHON (FRANCIA) <\/option>\n\t\t\t\t\t\t\t\t\t\t\t\t\t\t\t\t\t<option value=\"OTTAWA\"> OTTAWA <\/option>\n\t\t\t\t\t\t\t\t\t\t\t\t\t\t\t\t\t<option value=\"NUEVA YORK\"> NUEVA YORK <\/option>\n\t\t\t\t\t\t\t\t\t\t\t\t\t\t\t<\/select>\n\t\t\t\t\t\t\t\t\t\t\t\n\t\t\t\t\t\t\t\t\t<\/div>\n\t\t    <\/div>\n\t    \n\t\t    \t\t    <div class=\"builder-contact-field builder-contact-field-message builder-contact-textarea-field\">\n\t\t\t    <label class=\"control-label\" for=\"tb_9411851-contact-message\">\n\t\t\t\t\t\t\t\t\t\t<span class=\"tb-label-span\">Message <\/span>\t\t\t\t<\/label>\n\t\t\t    <div class=\"control-input tf_rel\">\n\t\t\t\t    \t\t\t\t\t    <textarea name=\"contact-message\" placeholder=\"\" id=\"tb_9411851-contact-message\" class=\"form-control\"><\/textarea>\n\t\t\t\t    \t\t\t\t    \t\t\t    <\/div>\n\t\t<\/div>\n\t    \n\t\t    \t\t    \t\t    <div class=\"builder-contact-field builder-contact-field-extra builder-contact-upload-field\">\n\t\t\t\t\n\t\t\t\t<label class=\"control-label\" for=\"field_extra_tb_9411851_6\">\n\t\t\t\t\t\n\t\t\t\t\tAttach file\t\t\t\t\t\t\t\t\t\t\t<input type=\"hidden\" name=\"field_extra_name_6\" value=\"Adjuntar Archivo\">\n\t\t\t\t\t\t\t\t\t<\/label>\n\t\t\t\t<div class=\"control-input tf_rel\">\n\t\t\t\t\t\t\t\t\t\t\t<input type=\"file\" name=\"field_extra_6\" id=\"field_extra_tb_9411851_6\" placeholder=\" \" class=\"form-control\">\n\t\t\t\t\t\n\t\t\t\t\t\t\t\t\t<\/div>\n\t\t    <\/div>\n\t    \n\t\t    \t\t    \t\t    <div class=\"builder-contact-field builder-contact-field-extra builder-contact-radio-field\">\n\t\t\t\t\n\t\t\t\t<label class=\"control-label\">\n\t\t\t\t\t\n\t\t\t\t\tSeguro\t\t\t\t\t\t\t\t\t\t\t<input type=\"hidden\" name=\"field_extra_name_7\" value=\"Seguro\">\n\t\t\t\t\t\t\t\t\t<\/label>\n\t\t\t\t<div class=\"control-input tf_rel\">\n\t\t\t\t\t\t\t\t\t\t\t\t\t\t\t\t\t\t\t\t\t\t\t\t\t\t<label>\n\t\t\t\t\t\t\t\t\t<input type=\"radio\" name=\"field_extra_7\" value=\"Deseo seguro de accidentes\" class=\"form-control\">Deseo seguro de accidentes\t\t\t\t\t\t\t\t<\/label>\n\t\t\t\t\t\t\t\t\t\t\t\t\t\t\t\t\t\t\n\t\t\t\t\t\t\t\t\t<\/div>\n\t\t    <\/div>\n\t    \n\t\t    \t\t    \t\t    <div class=\"builder-contact-field builder-contact-field-extra builder-contact-static-field\">\n\t\t\t\t\n\t\t\t\t<label class=\"control-label\">\n\t\t\t\t\t\n\t\t\t\t\tProtecci\u00f3n de datos personales\t\t\t\t\t\t\t\t\t<\/label>\n\t\t\t\t<div class=\"control-input tf_rel\">\n\t\t\t\t\t\t\t\t\t\t\tIn accordance with data protection regulations, we provide you with the following treatment information: <b>Responsible:<\/b> EUGENIA BATOVA. <b>Purposes:<\/b> Maintain a commercial relationship (for the legitimate interest of the person in charge, art. 6.1.f GDPR) and sending communications of products or services (with the consent of the interested party, art. 6.1.a GDPR). <b>Recipients:<\/b> They will not be allocated to any third party except by legal obligation. <b>Rights:<\/b> Access, Rectification, Portability, Deletion, Limitation and Opposition. <b>Additional Information:<\/b> You can expand information in our <a href:\\\\\"https:>Privacy Policy<\/a>\t\t\t\t\t\n\t\t\t\t\t\t\t\t\t<\/div>\n\t\t    <\/div>\n\t    \n\t\t    \t\t\n\t\t\n\t    \t\t\t<div class=\"builder-contact-field builder-contact-field-captcha\">\n\n\t\t\t\t\n\t\t\t\t<div class=\"control-input tf_rel\">\n                    <div class=\"themify_captcha_field\" data-sitekey=\"6Lft-UklAAAAAKez8-zqQ6U-xsNGjstDLEfHlwKo\" data-ver=\"v3\"><\/div>\t\t\t\t<\/div>\n\n\t\t\t<\/div><!-- .builder-contact-field-captcha -->\n\t    \n\t    <div class=\"builder-contact-field builder-contact-field-send control-input tf_textc tf_clear tf_rel\">\n\t\t\t<button type=\"submit\" class=\"btn btn-primary\">\n\t\t\t\t<span class=\"tf_loader\"><\/span>\t\t\t\t<span class=\"tf_submit_icon\"><svg  class=\"tf_fa tf-ti-email\" xmlns:xlink=\"http:\/\/www.w3.org\/1999\/xlink\" aria-hidden=\"true\"><use href=\"#tf-ti-email\" xlink:href=\"#tf-ti-email\"><\/use><\/svg><\/span> \n\t\t\t\tSend\t\t\t<\/button>\n\t    <\/div>\n\t<\/div>\n    <input type=\"hidden\" name=\"trp-form-language\" value=\"en\"\/><\/form>\n    <\/div>\n<!-- \/module contact -->\n        <\/div>\n                    <div  data-lazy=\"1\" class=\"module_column tb-column col4-1 tb_x2wj338 last\">\n                            <\/div>\n                        <\/div>\n        <\/div>\n        <\/div>\n<!--\/themify_builder_content-->","protected":false},"excerpt":{"rendered":"<p>CAMPS<\/p>","protected":false},"author":1,"featured_media":0,"parent":0,"menu_order":0,"comment_status":"closed","ping_status":"closed","template":"","meta":{"footnotes":""},"class_list":["post-1432","page","type-page","status-publish","hentry","has-post-title","has-post-date","has-post-category","has-post-tag","has-post-comment","has-post-author",""],"yoast_head":"<!-- This site is optimized with the Yoast SEO plugin v27.4 - https:\/\/yoast.com\/product\/yoast-seo-wordpress\/ -->\n<title>Informaci\u00f3n campamentos - Escuela de Idiomas en El Ejido<\/title>\n<meta name=\"description\" content=\"Campamentos de ingl\u00e9s para el verano. Actividades en la naturaleza, clases diarias de ingl\u00e9s. Profesores nativos.\" \/>\n<meta name=\"robots\" content=\"index, follow, max-snippet:-1, max-image-preview:large, max-video-preview:-1\" \/>\n<link rel=\"canonical\" href=\"https:\/\/www.idiomas-eugeniasgenius.com\/en\/informacion-campamentos\/\" \/>\n<meta property=\"og:locale\" content=\"en_GB\" \/>\n<meta property=\"og:type\" content=\"article\" \/>\n<meta property=\"og:title\" content=\"Informaci\u00f3n campamentos - Escuela de Idiomas en El Ejido\" \/>\n<meta property=\"og:description\" content=\"Campamentos de ingl\u00e9s para el verano. Actividades en la naturaleza, clases diarias de ingl\u00e9s. Profesores nativos.\" \/>\n<meta property=\"og:url\" content=\"https:\/\/www.idiomas-eugeniasgenius.com\/en\/informacion-campamentos\/\" \/>\n<meta property=\"og:site_name\" content=\"Escuela de Idiomas en El Ejido\" \/>\n<meta property=\"article:publisher\" content=\"https:\/\/www.youtube.com\/@adminEugenius\" \/>\n<meta property=\"article:modified_time\" content=\"2024-02-16T17:47:59+00:00\" \/>\n<meta name=\"twitter:card\" content=\"summary_large_image\" \/>\n<script type=\"application\/ld+json\" class=\"yoast-schema-graph\">{\"@context\":\"https:\\\/\\\/schema.org\",\"@graph\":[{\"@type\":\"WebPage\",\"@id\":\"https:\\\/\\\/www.idiomas-eugeniasgenius.com\\\/informacion-campamentos\\\/\",\"url\":\"https:\\\/\\\/www.idiomas-eugeniasgenius.com\\\/informacion-campamentos\\\/\",\"name\":\"Informaci\u00f3n campamentos - Escuela de Idiomas en El Ejido\",\"isPartOf\":{\"@id\":\"https:\\\/\\\/www.idiomas-eugeniasgenius.com\\\/#website\"},\"datePublished\":\"2023-03-31T16:07:39+00:00\",\"dateModified\":\"2024-02-16T17:47:59+00:00\",\"description\":\"Campamentos de ingl\u00e9s para el verano. Actividades en la naturaleza, clases diarias de ingl\u00e9s. Profesores nativos.\",\"breadcrumb\":{\"@id\":\"https:\\\/\\\/www.idiomas-eugeniasgenius.com\\\/informacion-campamentos\\\/#breadcrumb\"},\"inLanguage\":\"en-GB\",\"potentialAction\":[{\"@type\":\"ReadAction\",\"target\":[\"https:\\\/\\\/www.idiomas-eugeniasgenius.com\\\/informacion-campamentos\\\/\"]}]},{\"@type\":\"BreadcrumbList\",\"@id\":\"https:\\\/\\\/www.idiomas-eugeniasgenius.com\\\/informacion-campamentos\\\/#breadcrumb\",\"itemListElement\":[{\"@type\":\"ListItem\",\"position\":1,\"name\":\"Portada\",\"item\":\"https:\\\/\\\/www.idiomas-eugeniasgenius.com\\\/es_es\\\/\"},{\"@type\":\"ListItem\",\"position\":2,\"name\":\"Informaci\u00f3n campamentos\"}]},{\"@type\":\"WebSite\",\"@id\":\"https:\\\/\\\/www.idiomas-eugeniasgenius.com\\\/#website\",\"url\":\"https:\\\/\\\/www.idiomas-eugeniasgenius.com\\\/\",\"name\":\"Escuela de Idiomas en El Ejido\",\"description\":\"Escuela de idiomas en El Ejido\",\"alternateName\":\"Eugenias Genius\",\"potentialAction\":[{\"@type\":\"SearchAction\",\"target\":{\"@type\":\"EntryPoint\",\"urlTemplate\":\"https:\\\/\\\/www.idiomas-eugeniasgenius.com\\\/?s={search_term_string}\"},\"query-input\":{\"@type\":\"PropertyValueSpecification\",\"valueRequired\":true,\"valueName\":\"search_term_string\"}}],\"inLanguage\":\"en-GB\"}]}<\/script>\n<!-- \/ Yoast SEO plugin. -->","yoast_head_json":{"title":"Informaci\u00f3n campamentos - Escuela de Idiomas en El Ejido","description":"Campamentos de ingl\u00e9s para el verano. Actividades en la naturaleza, clases diarias de ingl\u00e9s. Profesores nativos.","robots":{"index":"index","follow":"follow","max-snippet":"max-snippet:-1","max-image-preview":"max-image-preview:large","max-video-preview":"max-video-preview:-1"},"canonical":"https:\/\/www.idiomas-eugeniasgenius.com\/en\/informacion-campamentos\/","og_locale":"en_GB","og_type":"article","og_title":"Informaci\u00f3n campamentos - Escuela de Idiomas en El Ejido","og_description":"Campamentos de ingl\u00e9s para el verano. Actividades en la naturaleza, clases diarias de ingl\u00e9s. Profesores nativos.","og_url":"https:\/\/www.idiomas-eugeniasgenius.com\/en\/informacion-campamentos\/","og_site_name":"Escuela de Idiomas en El Ejido","article_publisher":"https:\/\/www.youtube.com\/@adminEugenius","article_modified_time":"2024-02-16T17:47:59+00:00","twitter_card":"summary_large_image","schema":{"@context":"https:\/\/schema.org","@graph":[{"@type":"WebPage","@id":"https:\/\/www.idiomas-eugeniasgenius.com\/informacion-campamentos\/","url":"https:\/\/www.idiomas-eugeniasgenius.com\/informacion-campamentos\/","name":"Informaci\u00f3n campamentos - Escuela de Idiomas en El Ejido","isPartOf":{"@id":"https:\/\/www.idiomas-eugeniasgenius.com\/#website"},"datePublished":"2023-03-31T16:07:39+00:00","dateModified":"2024-02-16T17:47:59+00:00","description":"Campamentos de ingl\u00e9s para el verano. Actividades en la naturaleza, clases diarias de ingl\u00e9s. Profesores nativos.","breadcrumb":{"@id":"https:\/\/www.idiomas-eugeniasgenius.com\/informacion-campamentos\/#breadcrumb"},"inLanguage":"en-GB","potentialAction":[{"@type":"ReadAction","target":["https:\/\/www.idiomas-eugeniasgenius.com\/informacion-campamentos\/"]}]},{"@type":"BreadcrumbList","@id":"https:\/\/www.idiomas-eugeniasgenius.com\/informacion-campamentos\/#breadcrumb","itemListElement":[{"@type":"ListItem","position":1,"name":"Portada","item":"https:\/\/www.idiomas-eugeniasgenius.com\/es_es\/"},{"@type":"ListItem","position":2,"name":"Informaci\u00f3n campamentos"}]},{"@type":"WebSite","@id":"https:\/\/www.idiomas-eugeniasgenius.com\/#website","url":"https:\/\/www.idiomas-eugeniasgenius.com\/","name":"Escuela de Idiomas en El Ejido","description":"Escuela de idiomas en El Ejido","alternateName":"Eugenias Genius","potentialAction":[{"@type":"SearchAction","target":{"@type":"EntryPoint","urlTemplate":"https:\/\/www.idiomas-eugeniasgenius.com\/?s={search_term_string}"},"query-input":{"@type":"PropertyValueSpecification","valueRequired":true,"valueName":"search_term_string"}}],"inLanguage":"en-GB"}]}},"builder_content":"<h1>Campamentos<\/h1>\n<h3>Solicita inscripci\u00f3n a campamento<\/h3> <p>Selecciona el campamento de tu inter\u00e9s y completa todos los datos.<br>Nos pondremos en contacto contigo lo antes posible.<\/p>\n<form id=\"tb_9411851-form\" method=\"post\" data-post-id=\"0\" data-element-id=\"9411851\" data-orig-id=\"1432\" > <input type=\"hidden\" id=\"bc_nonce\" name=\"bc_nonce\" value=\"cb5f28df33\" \/><input type=\"hidden\" name=\"_wp_http_referer\" value=\"\/en\/wp-json\/wp\/v2\/pages\/1432\" \/> <label for=\"tb_9411851-contact-name\"> Nombre del alumno * <\/label> <input type=\"text\" name=\"contact-name\" placeholder=\"\" id=\"tb_9411851-contact-name\" value=\"\" required> <label for=\"field_extra_tb_9411851_0\"> Apellidos <input type=\"hidden\" name=\"field_extra_name_0\" value=\"Apellidos\"> * <\/label> <input type=\"text\" name=\"field_extra_0\" id=\"field_extra_tb_9411851_0\" placeholder=\"\" required> <label for=\"field_extra_tb_9411851_1\"> Edad <input type=\"hidden\" name=\"field_extra_name_1\" value=\"Edad\"> * <\/label> <input type=\"number\" name=\"field_extra_1\" id=\"field_extra_tb_9411851_1\" placeholder=\"\" required> <label for=\"field_extra_tb_9411851_2\"> Curso Acad\u00e9mico <input type=\"hidden\" name=\"field_extra_name_2\" value=\"Curso Acad\u00e9mico\"> <\/label> <input type=\"text\" name=\"field_extra_2\" id=\"field_extra_tb_9411851_2\" placeholder=\"\"> <label for=\"field_extra_tb_9411851_3\"> Nombre del tutor <input type=\"hidden\" name=\"field_extra_name_3\" value=\"Nombre del tutor\"> * <\/label> <input type=\"text\" name=\"field_extra_3\" id=\"field_extra_tb_9411851_3\" placeholder=\"\" required> <label for=\"tb_9411851-contact-email\"> Email * <\/label> <input type=\"email\" name=\"contact-email\" placeholder=\"\" id=\"tb_9411851-contact-email\" value=\"\" required> <label for=\"field_extra_tb_9411851_4\"> Tel\u00e9fono <input type=\"hidden\" name=\"field_extra_name_4\" value=\"Tel\u00e9fono\"> * <\/label> <input type=\"tel\" name=\"field_extra_4\" id=\"field_extra_tb_9411851_4\" placeholder=\"\" required> <label for=\"field_extra_tb_9411851_5\"> <em><svg xmlns:xlink=\"http:\/\/www.w3.org\/1999\/xlink\" aria-hidden=\"true\"><use href=\"#tf-ti-arrow-down\" xlink:href=\"#tf-ti-arrow-down\"><\/use><\/svg><\/em> Selecciona campamento <input type=\"hidden\" name=\"field_extra_name_5\" value=\"Selecciona campamento\"> * <\/label> <select id=\"field_extra_tb_9411851_5\" name=\"field_extra_5\" required> <option value=\"SIERRA NEVADA\"> SIERRA NEVADA <\/option> <option value=\"BROADSTAIRS, KENT (REINO UNIDO)\"> BROADSTAIRS, KENT (REINO UNIDO) <\/option> <option value=\"WORCESTER (Reino Unido)\"> WORCESTER (Reino Unido) <\/option> <option value=\"WESTGATE ON SEA (REINO UNIDO)\"> WESTGATE ON SEA (REINO UNIDO) <\/option> <option value=\"CAMBRIDGE (REINO UNIDO)\"> CAMBRIDGE (REINO UNIDO) <\/option> <option value=\"CAMBRIDGE (REINO UNIDO)\"> CAMBRIDGE (REINO UNIDO) <\/option> <option value=\"LONDRES (REINO UNIDO)\"> LONDRES (REINO UNIDO) <\/option> <option value=\"CONDADO DE KERRY (IRLANDA)\"> CONDADO DE KERRY (IRLANDA) <\/option> <option value=\"GALWAY (IRLANDA)\"> GALWAY (IRLANDA) <\/option> <option value=\"DUBLIN (IRLANDA)\"> DUBLIN (IRLANDA) <\/option> <option value=\"EDIMBURGO (IRLANDA)\"> EDIMBURGO (IRLANDA) <\/option> <option value=\"MALTA\"> MALTA <\/option> <option value=\"ARCARCHON (FRANCIA)\"> ARCARCHON (FRANCIA) <\/option> <option value=\"OTTAWA\"> OTTAWA <\/option> <option value=\"NUEVA YORK\"> NUEVA YORK <\/option> <\/select> <label for=\"tb_9411851-contact-message\"> Mensaje <\/label> <textarea name=\"contact-message\" placeholder=\"\" id=\"tb_9411851-contact-message\"><\/textarea> <label for=\"field_extra_tb_9411851_6\"> Adjuntar Archivo <input type=\"hidden\" name=\"field_extra_name_6\" value=\"Adjuntar Archivo\"> <\/label> <input type=\"file\" name=\"field_extra_6\" id=\"field_extra_tb_9411851_6\" placeholder=\" \"> <label> Seguro <input type=\"hidden\" name=\"field_extra_name_7\" value=\"Seguro\"> <\/label> <label> <input type=\"radio\" name=\"field_extra_7\" value=\"Deseo seguro de accidentes\">Deseo seguro de accidentes <\/label> <label> Protecci\u00f3n de datos personales <\/label> De conformidad con las normativas de protecci\u00f3n de datos, le facilitamos la siguiente informaci\u00f3n del tratamiento: <b>Responsable:<\/b> EUGENIA BATOVA. <b>Finalidades:<\/b> Mantener una relaci\u00f3n comercial (por inter\u00e9s Leg\u00edtimo del responsable, art. 6.1.f GDPR) y env\u00edo de comunicaciones de productos o servicios (con el consentimiento del interesado, art. 6.1.a GDPR). <b>Destinatarios:<\/b> No se van a destinar a ning\u00fan tercero salvo por obligaci\u00f3n legal. <b>Derechos:<\/b> Acceso, Rectificaci\u00f3n, Portabilidad, Supresi\u00f3n, Limitaci\u00f3n y Oposici\u00f3n. <b>Informaci\u00f3n Adicional:<\/b> Puede ampliar informaci\u00f3n en nuestra <a href:\\\\\"https:\/\/www.idiomas-eugeniasgenius.com\/politica-privacidad\/\\\\\" target=\\\\\"_blank\\\\\">Pol\u00edtica de Privacidad.<\/a> \n \n <button type=\"submit\"> <svg xmlns:xlink=\"http:\/\/www.w3.org\/1999\/xlink\" aria-hidden=\"true\"><use href=\"#tf-ti-email\" xlink:href=\"#tf-ti-email\"><\/use><\/svg> Enviar <\/button> <\/form>","_links":{"self":[{"href":"https:\/\/www.idiomas-eugeniasgenius.com\/en\/wp-json\/wp\/v2\/pages\/1432","targetHints":{"allow":["GET"]}}],"collection":[{"href":"https:\/\/www.idiomas-eugeniasgenius.com\/en\/wp-json\/wp\/v2\/pages"}],"about":[{"href":"https:\/\/www.idiomas-eugeniasgenius.com\/en\/wp-json\/wp\/v2\/types\/page"}],"author":[{"embeddable":true,"href":"https:\/\/www.idiomas-eugeniasgenius.com\/en\/wp-json\/wp\/v2\/users\/1"}],"replies":[{"embeddable":true,"href":"https:\/\/www.idiomas-eugeniasgenius.com\/en\/wp-json\/wp\/v2\/comments?post=1432"}],"version-history":[{"count":1,"href":"https:\/\/www.idiomas-eugeniasgenius.com\/en\/wp-json\/wp\/v2\/pages\/1432\/revisions"}],"predecessor-version":[{"id":2126,"href":"https:\/\/www.idiomas-eugeniasgenius.com\/en\/wp-json\/wp\/v2\/pages\/1432\/revisions\/2126"}],"wp:attachment":[{"href":"https:\/\/www.idiomas-eugeniasgenius.com\/en\/wp-json\/wp\/v2\/media?parent=1432"}],"curies":[{"name":"wp","href":"https:\/\/api.w.org\/{rel}","templated":true}]}}