{"id":1941,"date":"2023-06-13T15:32:37","date_gmt":"2023-06-13T15:32:37","guid":{"rendered":"https:\/\/www.idiomas-eugeniasgenius.com\/?page_id=1941"},"modified":"2023-07-19T08:07:12","modified_gmt":"2023-07-19T08:07:12","slug":"aviso-legal","status":"publish","type":"page","link":"https:\/\/www.idiomas-eugeniasgenius.com\/en\/aviso-legal\/","title":{"rendered":"Legal Notice"},"content":{"rendered":"<!-- wp:themify-builder\/canvas \/-->\n\n\n<p>EUGENIA BATOVA, responsible for the website, hereinafter RESPONSIBLE, makes this document available to users, with which it intends to comply with the obligations set forth in Law 34\/2002, of July 11, on Services of the Society of Information and Electronic Commerce (LSSICE), BOE No. 166, as well as informing all users of the website regarding the conditions of use.<br>Any person who accesses this website assumes the role of user, committing to rigorous compliance with the provisions set forth herein, as well as any other legal provision that may be applicable.<br>EUGENIA BATOVA reserves the right to modify any type of information that may appear on this website, without there being any obligation to notify or inform users of such obligations, publication on this website being understood as sufficient.<br>In compliance with article 10 of Law 34\/2002, of July 11, on Services of the Information Society and Electronic Commerce, the following identifying data is presented below.<\/p>\n\n\n\n<h4 class=\"wp-block-heading\">IDENTIFYING DATA<\/h4>\n\n\n\n<p><strong>Name: <\/strong>EUGENIA BATOVA<br><strong>NIE: <\/strong>X-4891608-Z<br><strong>Address: <\/strong>C\/ ESTRIBOR N\u00ba13, 04711- ALMERIMAR, EL EJIDO (ALMERIA)<br><strong>Phone<\/strong> 660092928<br><strong>Email:<\/strong> eugeniasgenius@gmail.com<br><strong>Web Domain Name:<\/strong> idiomas-eugeniasgenius.com<\/p>\n\n\n\n<h4 class=\"wp-block-heading\">INTELLECTUAL PROPERTY RIGHTS<\/h4>\n\n\n\n<p>This website, including but not limited to its programming, editing, compilation and other elements necessary for its operation, the designs, logos, text and\/or graphics, are the property of the person in charge or, if applicable, licensed or express permission from the authors.<br>All the contents of this website are duly protected by intellectual and industrial property regulations, as well as registered in the corresponding public registries. Regardless of the purpose for which they were intended, the total or partial reproduction, use, exploitation, distribution and commercialization, requires in any case the prior written authorization of the person in charge. Any use not previously authorized is considered a serious breach of the intellectual or industrial property rights of the author. The designs, logos, text and\/or graphics that are unrelated to the person in charge and that may appear on the website belong to their respective owners, being themselves responsible for any possible controversy that may arise with respect to them. The person in charge expressly authorizes third parties to redirect directly to the specific contents of the website, and in any case redirect to the main website.<br>The person in charge acknowledges in favor of their owners the corresponding intellectual and industrial property rights, their mere mention or appearance on the website not implying the existence of any rights or responsibility over them, nor does it imply endorsement, sponsorship or recommendation by the same.<br>To make any type of observation regarding possible breaches of intellectual or industrial property rights, as well as any of the contents of the website, you can do so through the email provided or by post.<\/p>\n\n\n\n<h4 class=\"wp-block-heading\">DISCLAIMER OF LIABILITY<\/h4>\n\n\n\n<p>El responsable, se exime de cualquier tipo de responsabilidad derivada de la informaci\u00f3n publicada en su sitio web siempre que no tenga conocimiento efectivo de que esta informaci\u00f3n haya sido manipulada o introducida por un tercero ajeno al mismo o, si lo tiene, haya actuado con diligencia para retirar los datos o hacer imposible el acceso a ellos.<\/p>\n\n\n\n<h4 class=\"wp-block-heading\">USO DE COOKIES:<\/h4>\n\n\n\n<p>This website may use technical cookies (small information files that the server sends to the computer of the person accessing the page) to carry out certain functions that are considered essential for the proper functioning and display of the site. The cookies used are, in any case, temporary, with the sole purpose of making browsing more efficient, and they disappear at the end of the user's session. In no case do these cookies provide personal data by themselves and they will not be used to collect them.<br>Through the use of cookies, it is also possible for the server where the web is located to recognize the browser used by the user in order to make browsing easier, allowing, for example, access by users who have previously registered to the areas, services, promotions or contests reserved exclusively for them without having to register each time they visit. They can also be used to measure the audience, traffic parameters, control the progress and number of entries, etc., in these cases cookies being technically dispensable, but beneficial to the user. This website will not install dispensable cookies without the prior consent of the user.<br>The user has the possibility of configuring their browser to be alerted to the reception of cookies and to prevent their installation on their equipment. Please, consult the instructions of your browser to expand this information.<\/p>\n\n\n\n<h4 class=\"wp-block-heading\">LINK POLICY:<\/h4>\n\n\n\n<p>From the website, you may be redirected to content from third-party websites. Since the person in charge cannot always control the contents introduced by third parties on their respective websites, they do not assume any type of responsibility with respect to said contents. In any case, it will proceed to the immediate withdrawal of any content that could contravene national or international legislation, morality or public order, proceeding to the immediate withdrawal of the redirection to said website, informing the competent authorities of the content. in question.<br>El responsable no se hace responsable de la informaci\u00f3n y contenidos almacenados, a t\u00edtulo enunciativo pero no limitativo, en foros, chats, generadores de blogs, comentarios, redes sociales o cualquier otro medio que permita a terceros publicar contenidos de forma independiente en la p\u00e1gina web del responsable. Sin embargo, y en cumplimiento de lo dispuesto en los art\u00edculos 11 y 16 de la LSSICE, se pone a disposici\u00f3n de todos los usuarios, autoridades y fuerzas de seguridad, colaborando de forma activa en la retirada o, en su caso, bloqueo de todos aquellos contenidos que puedan afectar o contravenir la legislaci\u00f3n nacional o internacional, los derechos de terceros o la moral y el orden p\u00fablico. En caso de que el usuario considere que existe en el sitio web alg\u00fan contenido que pudiera ser susceptible de esta clasificaci\u00f3n, se ruega lo notifique de forma inmediata al administrador del sitio web.<br>This website has been reviewed and tested to function properly. In principle, correct operation can be guaranteed 365 days a year, 24 hours a day. However, the person in charge does not rule out the possibility that there are certain programming errors, or that force majeure, natural disasters, strikes or similar circumstances occur that make access to the website impossible.<\/p>\n\n\n\n<h4 class=\"wp-block-heading\">IP ADDRESSES:<\/h4>\n\n\n\n<p>The website servers may automatically detect the IP address and domain name used by the user. An IP address is a number automatically assigned to a computer when it connects to the Internet. All this information is recorded in a server activity file that allows the subsequent processing of the data in order to obtain only statistical measurements that allow knowing the number of page impressions, the number of visits made to the web servers, the order of visits, the access point, etc.<\/p>\n\n\n\n<h4 class=\"wp-block-heading\">UPDATE AND MODIFICATION OF INFORMATION<\/h4>\n\n\n\n<p>The information that appears on this website is current on the date of its last update. The person in charge of the website reserves the right to update, modify or eliminate the information on this website, being able to limit or not allow access to it. You may not alter, change, modify, or adapt this website. However, the person in charge reserves the right to make, at any time, as many changes and modifications as it deems appropriate, being able to make use of such power at any time and without prior notice.<\/p>\n\n\n\n<h4 class=\"wp-block-heading\">APPLICABLE LAW AND JURISDICTION<\/h4>\n\n\n\n<p>For the resolution of all disputes or issues related to this website or the activities carried out on it, Spanish legislation will apply, to which the parties expressly submit, being competent to resolve all disputes arising or related to its use the Courts and Tribunals of the domicile of the USER or, of the place of fulfillment of the obligation.<\/p>","protected":false},"excerpt":{"rendered":"<p>EUGENIA BATOVA, responsable del sitio web, en adelante RESPONSABLE, pone a disposici\u00f3n de los usuarios el presente documento, con el que pretende dar cumplimiento a las obligaciones dispuestas en la Ley 34\/2002, de 11 de julio, de Servicios de la Sociedad de la Informaci\u00f3n y de Comercio Electr\u00f3nico (LSSICE), BOE N\u00ba 166, as\u00ed como informar [&hellip;]<\/p>\n","protected":false},"author":1,"featured_media":0,"parent":0,"menu_order":0,"comment_status":"closed","ping_status":"closed","template":"","meta":{"footnotes":""},"class_list":["post-1941","page","type-page","status-publish","hentry","has-post-title","has-post-date","has-post-category","has-post-tag","has-post-comment","has-post-author",""],"yoast_head":"<!-- This site is optimized with the Yoast SEO plugin v27.4 - https:\/\/yoast.com\/product\/yoast-seo-wordpress\/ -->\n<title>Aviso Legal - Escuela de Idiomas en El Ejido<\/title>\n<meta name=\"robots\" content=\"index, follow, max-snippet:-1, max-image-preview:large, max-video-preview:-1\" \/>\n<link rel=\"canonical\" href=\"https:\/\/www.idiomas-eugeniasgenius.com\/en\/aviso-legal\/\" \/>\n<meta property=\"og:locale\" content=\"en_GB\" \/>\n<meta property=\"og:type\" content=\"article\" \/>\n<meta property=\"og:title\" content=\"Aviso Legal - Escuela de Idiomas en El Ejido\" \/>\n<meta property=\"og:description\" content=\"EUGENIA BATOVA, responsable del sitio web, en adelante RESPONSABLE, pone a disposici\u00f3n de los usuarios el presente documento, con el que pretende dar cumplimiento a las obligaciones dispuestas en la Ley 34\/2002, de 11 de julio, de Servicios de la Sociedad de la Informaci\u00f3n y de Comercio Electr\u00f3nico (LSSICE), BOE N\u00ba 166, as\u00ed como informar [&hellip;]\" \/>\n<meta property=\"og:url\" content=\"https:\/\/www.idiomas-eugeniasgenius.com\/en\/aviso-legal\/\" \/>\n<meta property=\"og:site_name\" content=\"Escuela de Idiomas en El Ejido\" \/>\n<meta property=\"article:publisher\" content=\"https:\/\/www.youtube.com\/@adminEugenius\" \/>\n<meta property=\"article:modified_time\" content=\"2023-07-19T08:07:12+00:00\" \/>\n<meta name=\"twitter:card\" content=\"summary_large_image\" \/>\n<meta name=\"twitter:label1\" content=\"Estimated reading time\" \/>\n\t<meta name=\"twitter:data1\" content=\"7 minutes\" \/>\n<script type=\"application\/ld+json\" class=\"yoast-schema-graph\">{\"@context\":\"https:\\\/\\\/schema.org\",\"@graph\":[{\"@type\":\"WebPage\",\"@id\":\"https:\\\/\\\/www.idiomas-eugeniasgenius.com\\\/aviso-legal\\\/\",\"url\":\"https:\\\/\\\/www.idiomas-eugeniasgenius.com\\\/aviso-legal\\\/\",\"name\":\"Aviso Legal - Escuela de Idiomas en El Ejido\",\"isPartOf\":{\"@id\":\"https:\\\/\\\/www.idiomas-eugeniasgenius.com\\\/#website\"},\"datePublished\":\"2023-06-13T15:32:37+00:00\",\"dateModified\":\"2023-07-19T08:07:12+00:00\",\"breadcrumb\":{\"@id\":\"https:\\\/\\\/www.idiomas-eugeniasgenius.com\\\/aviso-legal\\\/#breadcrumb\"},\"inLanguage\":\"en-GB\",\"potentialAction\":[{\"@type\":\"ReadAction\",\"target\":[\"https:\\\/\\\/www.idiomas-eugeniasgenius.com\\\/aviso-legal\\\/\"]}]},{\"@type\":\"BreadcrumbList\",\"@id\":\"https:\\\/\\\/www.idiomas-eugeniasgenius.com\\\/aviso-legal\\\/#breadcrumb\",\"itemListElement\":[{\"@type\":\"ListItem\",\"position\":1,\"name\":\"Portada\",\"item\":\"https:\\\/\\\/www.idiomas-eugeniasgenius.com\\\/es_es\\\/\"},{\"@type\":\"ListItem\",\"position\":2,\"name\":\"Aviso Legal\"}]},{\"@type\":\"WebSite\",\"@id\":\"https:\\\/\\\/www.idiomas-eugeniasgenius.com\\\/#website\",\"url\":\"https:\\\/\\\/www.idiomas-eugeniasgenius.com\\\/\",\"name\":\"Escuela de Idiomas en El Ejido\",\"description\":\"Escuela de idiomas en El Ejido\",\"alternateName\":\"Eugenias Genius\",\"potentialAction\":[{\"@type\":\"SearchAction\",\"target\":{\"@type\":\"EntryPoint\",\"urlTemplate\":\"https:\\\/\\\/www.idiomas-eugeniasgenius.com\\\/?s={search_term_string}\"},\"query-input\":{\"@type\":\"PropertyValueSpecification\",\"valueRequired\":true,\"valueName\":\"search_term_string\"}}],\"inLanguage\":\"en-GB\"}]}<\/script>\n<!-- \/ Yoast SEO plugin. -->","yoast_head_json":{"title":"Aviso Legal - Escuela de Idiomas en El Ejido","robots":{"index":"index","follow":"follow","max-snippet":"max-snippet:-1","max-image-preview":"max-image-preview:large","max-video-preview":"max-video-preview:-1"},"canonical":"https:\/\/www.idiomas-eugeniasgenius.com\/en\/aviso-legal\/","og_locale":"en_GB","og_type":"article","og_title":"Aviso Legal - Escuela de Idiomas en El Ejido","og_description":"EUGENIA BATOVA, responsable del sitio web, en adelante RESPONSABLE, pone a disposici\u00f3n de los usuarios el presente documento, con el que pretende dar cumplimiento a las obligaciones dispuestas en la Ley 34\/2002, de 11 de julio, de Servicios de la Sociedad de la Informaci\u00f3n y de Comercio Electr\u00f3nico (LSSICE), BOE N\u00ba 166, as\u00ed como informar [&hellip;]","og_url":"https:\/\/www.idiomas-eugeniasgenius.com\/en\/aviso-legal\/","og_site_name":"Escuela de Idiomas en El Ejido","article_publisher":"https:\/\/www.youtube.com\/@adminEugenius","article_modified_time":"2023-07-19T08:07:12+00:00","twitter_card":"summary_large_image","twitter_misc":{"Estimated reading time":"7 minutes"},"schema":{"@context":"https:\/\/schema.org","@graph":[{"@type":"WebPage","@id":"https:\/\/www.idiomas-eugeniasgenius.com\/aviso-legal\/","url":"https:\/\/www.idiomas-eugeniasgenius.com\/aviso-legal\/","name":"Aviso Legal - Escuela de Idiomas en El Ejido","isPartOf":{"@id":"https:\/\/www.idiomas-eugeniasgenius.com\/#website"},"datePublished":"2023-06-13T15:32:37+00:00","dateModified":"2023-07-19T08:07:12+00:00","breadcrumb":{"@id":"https:\/\/www.idiomas-eugeniasgenius.com\/aviso-legal\/#breadcrumb"},"inLanguage":"en-GB","potentialAction":[{"@type":"ReadAction","target":["https:\/\/www.idiomas-eugeniasgenius.com\/aviso-legal\/"]}]},{"@type":"BreadcrumbList","@id":"https:\/\/www.idiomas-eugeniasgenius.com\/aviso-legal\/#breadcrumb","itemListElement":[{"@type":"ListItem","position":1,"name":"Portada","item":"https:\/\/www.idiomas-eugeniasgenius.com\/es_es\/"},{"@type":"ListItem","position":2,"name":"Aviso Legal"}]},{"@type":"WebSite","@id":"https:\/\/www.idiomas-eugeniasgenius.com\/#website","url":"https:\/\/www.idiomas-eugeniasgenius.com\/","name":"Escuela de Idiomas en El Ejido","description":"Escuela de idiomas en El Ejido","alternateName":"Eugenias Genius","potentialAction":[{"@type":"SearchAction","target":{"@type":"EntryPoint","urlTemplate":"https:\/\/www.idiomas-eugeniasgenius.com\/?s={search_term_string}"},"query-input":{"@type":"PropertyValueSpecification","valueRequired":true,"valueName":"search_term_string"}}],"inLanguage":"en-GB"}]}},"builder_content":"","_links":{"self":[{"href":"https:\/\/www.idiomas-eugeniasgenius.com\/en\/wp-json\/wp\/v2\/pages\/1941","targetHints":{"allow":["GET"]}}],"collection":[{"href":"https:\/\/www.idiomas-eugeniasgenius.com\/en\/wp-json\/wp\/v2\/pages"}],"about":[{"href":"https:\/\/www.idiomas-eugeniasgenius.com\/en\/wp-json\/wp\/v2\/types\/page"}],"author":[{"embeddable":true,"href":"https:\/\/www.idiomas-eugeniasgenius.com\/en\/wp-json\/wp\/v2\/users\/1"}],"replies":[{"embeddable":true,"href":"https:\/\/www.idiomas-eugeniasgenius.com\/en\/wp-json\/wp\/v2\/comments?post=1941"}],"version-history":[{"count":2,"href":"https:\/\/www.idiomas-eugeniasgenius.com\/en\/wp-json\/wp\/v2\/pages\/1941\/revisions"}],"predecessor-version":[{"id":2017,"href":"https:\/\/www.idiomas-eugeniasgenius.com\/en\/wp-json\/wp\/v2\/pages\/1941\/revisions\/2017"}],"wp:attachment":[{"href":"https:\/\/www.idiomas-eugeniasgenius.com\/en\/wp-json\/wp\/v2\/media?parent=1941"}],"curies":[{"name":"wp","href":"https:\/\/api.w.org\/{rel}","templated":true}]}}