{"id":712,"date":"2023-02-20T08:24:56","date_gmt":"2023-02-20T08:24:56","guid":{"rendered":"https:\/\/www.idiomas-eugeniasgenius.com\/?page_id=712"},"modified":"2023-04-18T08:52:40","modified_gmt":"2023-04-18T08:52:40","slug":"ingles-para-empresas","status":"publish","type":"page","link":"https:\/\/www.idiomas-eugeniasgenius.com\/en\/ingles-para-empresas\/","title":{"rendered":"English for Companies"},"content":{"rendered":"<!--themify_builder_content-->\n<div id=\"themify_builder_content-712\" data-postid=\"712\" class=\"themify_builder_content themify_builder_content-712 themify_builder tf_clear\">\n                    <div  data-lazy=\"1\" class=\"module_row themify_builder_row tb_k3t7122 tb_first tf_w\">\n                        <div class=\"row_inner col_align_top tb_col_count_2 tf_box tf_rel\">\n                        <div  data-lazy=\"1\" class=\"module_column tb-column col3-2 tb_13th123 first\">\n                    <!-- module fancy heading -->\n<div  class=\"module module-fancy-heading tb_ni87381\" data-lazy=\"1\">\n        <h1 class=\"fancy-heading tf_textc\">\n    <span class=\"main-head tf_block\">\n                    English for Companies            <\/span>\n\n    \n    <span class=\"sub-head tf_block tf_rel\">\n                                <\/span>\n    <\/h1>\n<\/div>\n<!-- \/module fancy heading -->\n<!-- module divider -->\n<div  class=\"module tf_mw module-divider tb_ck1t739 solid\" style=\"border-width: 1px;border-color: #a1a1a1;\" data-lazy=\"1\">\n    <\/div>\n<!-- \/module divider -->\n        <div  data-lazy=\"1\" class=\"module_subrow themify_builder_sub_row tf_w col_align_top tb_col_count_2 tb_nddi479\">\n                <div  data-lazy=\"1\" class=\"module_column sub_column col4-2 tb_rm3t480 first\">\n                    <!-- module icon -->\n<div  class=\"module module-icon tb_a00p445  large circle icon_horizontal\" data-lazy=\"1\">\n\t\t\t<div class=\"module-icon-item\">\n\t\t\t\t\t\t\t\t\t\t\t\t\t\t\t\t<em class=\"tf_box\"\n\t\t\t\t\t\t\t\t\t\t\t\t style=\"color:#ff8800\"\t\t\t\t\t><svg  class=\"tf_fa tf-ti-time\" xmlns:xlink=\"http:\/\/www.w3.org\/1999\/xlink\" aria-hidden=\"true\"><use href=\"#tf-ti-time\" xlink:href=\"#tf-ti-time\"><\/use><\/svg><\/em>\n\t\t\t\t\t\t\t\t\t\t\t\t\t\t\t\t\t\t\t<span>September to July<\/span>\n\t\t\t\t\t\t\t\t\t\t\t\t\t\t\t<\/div>\n\t<\/div>\n<!-- \/module icon -->\n        <\/div>\n                    <div  data-lazy=\"1\" class=\"module_column sub_column col4-2 tb_vgym480 last\">\n                    <!-- module icon -->\n<div  class=\"module module-icon tb_tz8b172  large circle icon_horizontal\" data-lazy=\"1\">\n\t\t\t<div class=\"module-icon-item\">\n\t\t\t\t\t\t\t\t\t\t\t\t\t\t\t\t<em class=\"tf_box\"\n\t\t\t\t\t\t\t\t\t\t\t\t style=\"color:#ff8800\"\t\t\t\t\t><svg  class=\"tf_fa tf-ti-bar-chart\" xmlns:xlink=\"http:\/\/www.w3.org\/1999\/xlink\" aria-hidden=\"true\"><use href=\"#tf-ti-bar-chart\" xlink:href=\"#tf-ti-bar-chart\"><\/use><\/svg><\/em>\n\t\t\t\t\t\t\t\t\t\t\t\t\t\t\t\t\t\t\t<span>All levels<\/span>\n\t\t\t\t\t\t\t\t\t\t\t\t\t\t\t<\/div>\n\t<\/div>\n<!-- \/module icon -->\n        <\/div>\n                    <\/div>\n                <\/div>\n                    <div  data-lazy=\"1\" class=\"module_column tb-column col3-1 tb_x9hk260 last\">\n                    <!-- module image -->\n<div  class=\"module module-image tb_x2qn636 image-center   tf_mw\" data-lazy=\"1\">\n        <div class=\"image-wrap tf_rel tf_mw\">\n            <img loading=\"lazy\" decoding=\"async\" src=\"https:\/\/www.idiomas-eugeniasgenius.com\/wp-content\/uploads\/2023\/02\/ingles-para-empresas-300x300.jpg\" width=\"300\" height=\"300\" class=\"wp-post-image wp-image-739\" title=\"ingles-para-empresas\" alt=\"Cursos de Ingl\u00e9s para empresas\" srcset=\"https:\/\/www.idiomas-eugeniasgenius.com\/wp-content\/uploads\/2023\/02\/ingles-para-empresas-300x300.jpg 300w, https:\/\/www.idiomas-eugeniasgenius.com\/wp-content\/uploads\/2023\/02\/ingles-para-empresas-150x150.jpg 150w, https:\/\/www.idiomas-eugeniasgenius.com\/wp-content\/uploads\/2023\/02\/ingles-para-empresas.jpg 600w\" sizes=\"auto, (max-width: 300px) 100vw, 300px\" \/>    \n        <\/div>\n    <!-- \/image-wrap -->\n    \n        <\/div>\n<!-- \/module image -->        <\/div>\n                        <\/div>\n        <\/div>\n                        <div  data-lazy=\"1\" class=\"module_row themify_builder_row tb_wpj3809 tf_w\">\n                        <div class=\"row_inner col_align_top tb_col_count_1 tf_box tf_rel\">\n                        <div  data-lazy=\"1\" class=\"module_column tb-column col-full tb_e3me809 first\">\n                    <!-- module text -->\n<div  class=\"module module-text tb_83b5403\" data-lazy=\"1\">\n        <div  class=\"tb_text_wrap\">\n        <h3>Content:<\/h3>\n<p><strong>EUGENIA\u2019S GENIUS<\/strong> IS THE PERFECT ENGLISH SCHOOL FOR COMPANIES SEEKING TO SPECIALISE THEIR EMPLOYEES IN BUSINESS ENGLISH. OUR\nTEACHERS PROVIDE PROFESSIONAL GUIDELINES TO HELP YOU UNDERSTAND THE FUNDAMENTALS OF BUSINESS ENGLISH AND GAIN A DEEPER UNDERSTANDING OF THE VOCABULARY RELATED TO YOUR SPECIFIC FIELD:<\/p>\n<p style=\"text-align: center;\"><br>AGRICULTURAL, MEDICAL AND TECHNOLOGICAL<\/p>\n<p><br><strong>A PROFESSIONAL ADVANTAGE<\/strong><br>BY MASTERING BUSINESS ENGLISH YOU WILL HAVE MORE CONFIDENCE IN YOUR ABILITIES AND WILL BE BETTER PREPARED FOR ANY SITUATION THAT MAY ARISE. OUR COURSES WILL HELP YOU GAIN AN EDGE IN YOUR FIELD AND BECOME MORE COMPETITIVE IN YOUR CHOSEN PROFESSION.<br><br>ALL COURSES CAN BE TAUGHT AT THE FACILITIES OF OUR CENTRES AS WELL AS AT THE FACILITIES OF YOUR COMPANY, BOTH FACE-TO-FACE OR ONLINE<\/p>    <\/div>\n<\/div>\n<!-- \/module text -->        <\/div>\n                        <\/div>\n        <\/div>\n                        <div  data-lazy=\"1\" class=\"module_row themify_builder_row tb_8zrj891 tf_w\">\n                        <div class=\"row_inner col_align_top tb_col_count_1 tf_box tf_rel\">\n                        <div  data-lazy=\"1\" class=\"module_column tb-column col-full tb_3mqx891 first\">\n                    <!-- module buttons -->\n<div  class=\"module module-buttons tb_btkp881 buttons-horizontal solid  circle\" data-lazy=\"1\">\n        <div class=\"module-buttons-item tf_in_flx\">\n                        <a href=\"https:\/\/www.idiomas-eugeniasgenius.com\/en\/inscripcion-ingles\/\" class=\"ui builder_button tf_in_flx blue\" >\n                                                Sign up for this course                                        <\/a>\n                <\/div>\n            <\/div>\n<!-- \/module buttons -->\n        <\/div>\n                        <\/div>\n        <\/div>\n        <\/div>\n<!--\/themify_builder_content-->","protected":false},"excerpt":{"rendered":"<p>Contenido: Idiomas Eugenia Genius es la escuela de idiomas perfecta para empresas que buscan especializar a sus empleados en ingl\u00e9s comercial. Nuestros instructores experimentados brindan instrucci\u00f3n profesional para ayudarlo a comprender los fundamentos del ingl\u00e9s comercial y obtener una comprensi\u00f3n m\u00e1s profunda del vocabulario relacionado con su campo espec\u00edfico: AGR\u00cdCOLA, M\u00c9DICO Y TECNOL\u00d3GICO&#8230; Una ventaja [&hellip;]<\/p>\n","protected":false},"author":1,"featured_media":0,"parent":0,"menu_order":0,"comment_status":"closed","ping_status":"closed","template":"","meta":{"footnotes":""},"class_list":["post-712","page","type-page","status-publish","hentry","has-post-title","has-post-date","has-post-category","has-post-tag","has-post-comment","has-post-author",""],"yoast_head":"<!-- This site is optimized with the Yoast SEO plugin v27.4 - https:\/\/yoast.com\/product\/yoast-seo-wordpress\/ -->\n<title>Ingl\u00e9s para Empresas - Escuela de Idiomas en El Ejido<\/title>\n<meta name=\"description\" content=\"Idiomas Eugenia Genius es la escuela de idiomas perfecta para empresas que buscan especializar a sus empleados en ingl\u00e9s comercial.\" \/>\n<meta name=\"robots\" content=\"index, follow, max-snippet:-1, max-image-preview:large, max-video-preview:-1\" \/>\n<link rel=\"canonical\" href=\"https:\/\/www.idiomas-eugeniasgenius.com\/en\/ingles-para-empresas\/\" \/>\n<meta property=\"og:locale\" content=\"en_GB\" \/>\n<meta property=\"og:type\" content=\"article\" \/>\n<meta property=\"og:title\" content=\"Ingl\u00e9s para Empresas - Escuela de Idiomas en El Ejido\" \/>\n<meta property=\"og:description\" content=\"Idiomas Eugenia Genius es la escuela de idiomas perfecta para empresas que buscan especializar a sus empleados en ingl\u00e9s comercial.\" \/>\n<meta property=\"og:url\" content=\"https:\/\/www.idiomas-eugeniasgenius.com\/en\/ingles-para-empresas\/\" \/>\n<meta property=\"og:site_name\" content=\"Escuela de Idiomas en El Ejido\" \/>\n<meta property=\"article:publisher\" content=\"https:\/\/www.youtube.com\/@adminEugenius\" \/>\n<meta property=\"article:modified_time\" content=\"2023-04-18T08:52:40+00:00\" \/>\n<meta name=\"twitter:card\" content=\"summary_large_image\" \/>\n<script type=\"application\/ld+json\" class=\"yoast-schema-graph\">{\"@context\":\"https:\\\/\\\/schema.org\",\"@graph\":[{\"@type\":\"WebPage\",\"@id\":\"https:\\\/\\\/www.idiomas-eugeniasgenius.com\\\/ingles-para-empresas\\\/\",\"url\":\"https:\\\/\\\/www.idiomas-eugeniasgenius.com\\\/ingles-para-empresas\\\/\",\"name\":\"Ingl\u00e9s para Empresas - Escuela de Idiomas en El Ejido\",\"isPartOf\":{\"@id\":\"https:\\\/\\\/www.idiomas-eugeniasgenius.com\\\/#website\"},\"datePublished\":\"2023-02-20T08:24:56+00:00\",\"dateModified\":\"2023-04-18T08:52:40+00:00\",\"description\":\"Idiomas Eugenia Genius es la escuela de idiomas perfecta para empresas que buscan especializar a sus empleados en ingl\u00e9s comercial.\",\"breadcrumb\":{\"@id\":\"https:\\\/\\\/www.idiomas-eugeniasgenius.com\\\/ingles-para-empresas\\\/#breadcrumb\"},\"inLanguage\":\"en-GB\",\"potentialAction\":[{\"@type\":\"ReadAction\",\"target\":[\"https:\\\/\\\/www.idiomas-eugeniasgenius.com\\\/ingles-para-empresas\\\/\"]}]},{\"@type\":\"BreadcrumbList\",\"@id\":\"https:\\\/\\\/www.idiomas-eugeniasgenius.com\\\/ingles-para-empresas\\\/#breadcrumb\",\"itemListElement\":[{\"@type\":\"ListItem\",\"position\":1,\"name\":\"Portada\",\"item\":\"https:\\\/\\\/www.idiomas-eugeniasgenius.com\\\/es_es\\\/\"},{\"@type\":\"ListItem\",\"position\":2,\"name\":\"Ingl\u00e9s para Empresas\"}]},{\"@type\":\"WebSite\",\"@id\":\"https:\\\/\\\/www.idiomas-eugeniasgenius.com\\\/#website\",\"url\":\"https:\\\/\\\/www.idiomas-eugeniasgenius.com\\\/\",\"name\":\"Escuela de Idiomas en El Ejido\",\"description\":\"Escuela de idiomas en El Ejido\",\"alternateName\":\"Eugenias Genius\",\"potentialAction\":[{\"@type\":\"SearchAction\",\"target\":{\"@type\":\"EntryPoint\",\"urlTemplate\":\"https:\\\/\\\/www.idiomas-eugeniasgenius.com\\\/?s={search_term_string}\"},\"query-input\":{\"@type\":\"PropertyValueSpecification\",\"valueRequired\":true,\"valueName\":\"search_term_string\"}}],\"inLanguage\":\"en-GB\"}]}<\/script>\n<!-- \/ Yoast SEO plugin. -->","yoast_head_json":{"title":"Ingl\u00e9s para Empresas - Escuela de Idiomas en El Ejido","description":"Idiomas Eugenia Genius es la escuela de idiomas perfecta para empresas que buscan especializar a sus empleados en ingl\u00e9s comercial.","robots":{"index":"index","follow":"follow","max-snippet":"max-snippet:-1","max-image-preview":"max-image-preview:large","max-video-preview":"max-video-preview:-1"},"canonical":"https:\/\/www.idiomas-eugeniasgenius.com\/en\/ingles-para-empresas\/","og_locale":"en_GB","og_type":"article","og_title":"Ingl\u00e9s para Empresas - Escuela de Idiomas en El Ejido","og_description":"Idiomas Eugenia Genius es la escuela de idiomas perfecta para empresas que buscan especializar a sus empleados en ingl\u00e9s comercial.","og_url":"https:\/\/www.idiomas-eugeniasgenius.com\/en\/ingles-para-empresas\/","og_site_name":"Escuela de Idiomas en El Ejido","article_publisher":"https:\/\/www.youtube.com\/@adminEugenius","article_modified_time":"2023-04-18T08:52:40+00:00","twitter_card":"summary_large_image","schema":{"@context":"https:\/\/schema.org","@graph":[{"@type":"WebPage","@id":"https:\/\/www.idiomas-eugeniasgenius.com\/ingles-para-empresas\/","url":"https:\/\/www.idiomas-eugeniasgenius.com\/ingles-para-empresas\/","name":"Ingl\u00e9s para Empresas - Escuela de Idiomas en El Ejido","isPartOf":{"@id":"https:\/\/www.idiomas-eugeniasgenius.com\/#website"},"datePublished":"2023-02-20T08:24:56+00:00","dateModified":"2023-04-18T08:52:40+00:00","description":"Idiomas Eugenia Genius es la escuela de idiomas perfecta para empresas que buscan especializar a sus empleados en ingl\u00e9s comercial.","breadcrumb":{"@id":"https:\/\/www.idiomas-eugeniasgenius.com\/ingles-para-empresas\/#breadcrumb"},"inLanguage":"en-GB","potentialAction":[{"@type":"ReadAction","target":["https:\/\/www.idiomas-eugeniasgenius.com\/ingles-para-empresas\/"]}]},{"@type":"BreadcrumbList","@id":"https:\/\/www.idiomas-eugeniasgenius.com\/ingles-para-empresas\/#breadcrumb","itemListElement":[{"@type":"ListItem","position":1,"name":"Portada","item":"https:\/\/www.idiomas-eugeniasgenius.com\/es_es\/"},{"@type":"ListItem","position":2,"name":"Ingl\u00e9s para Empresas"}]},{"@type":"WebSite","@id":"https:\/\/www.idiomas-eugeniasgenius.com\/#website","url":"https:\/\/www.idiomas-eugeniasgenius.com\/","name":"Escuela de Idiomas en El Ejido","description":"Escuela de idiomas en El Ejido","alternateName":"Eugenias Genius","potentialAction":[{"@type":"SearchAction","target":{"@type":"EntryPoint","urlTemplate":"https:\/\/www.idiomas-eugeniasgenius.com\/?s={search_term_string}"},"query-input":{"@type":"PropertyValueSpecification","valueRequired":true,"valueName":"search_term_string"}}],"inLanguage":"en-GB"}]}},"builder_content":"<h1>Cursos de Ingl\u00e9s para Empresas<br\/><\/h1>\n\n<em style=\"color:#ff8800\" ><svg xmlns:xlink=\"http:\/\/www.w3.org\/1999\/xlink\" aria-hidden=\"true\"><use href=\"#tf-ti-time\" xlink:href=\"#tf-ti-time\"><\/use><\/svg><\/em> Septiembre a Julio\n<em style=\"color:#ff8800\" ><svg xmlns:xlink=\"http:\/\/www.w3.org\/1999\/xlink\" aria-hidden=\"true\"><use href=\"#tf-ti-bar-chart\" xlink:href=\"#tf-ti-bar-chart\"><\/use><\/svg><\/em> Todos los niveles\n<img src=\"https:\/\/www.idiomas-eugeniasgenius.com\/wp-content\/uploads\/2023\/02\/ingles-para-empresas-300x300.jpg\" width=\"300\" height=\"300\" title=\"ingles-para-empresas\" alt=\"Cursos de Ingl\u00e9s para empresas\" srcset=\"https:\/\/www.idiomas-eugeniasgenius.com\/wp-content\/uploads\/2023\/02\/ingles-para-empresas-300x300.jpg 300w, https:\/\/www.idiomas-eugeniasgenius.com\/wp-content\/uploads\/2023\/02\/ingles-para-empresas-150x150.jpg 150w, https:\/\/www.idiomas-eugeniasgenius.com\/wp-content\/uploads\/2023\/02\/ingles-para-empresas.jpg 600w\" sizes=\"(max-width: 300px) 100vw, 300px\" \/>\n<h3>Contenido:<\/h3> <p><strong>Idiomas Eugenia Genius<\/strong> es la escuela de idiomas perfecta para empresas que buscan especializar a sus empleados en ingl\u00e9s comercial. Nuestros instructores experimentados brindan instrucci\u00f3n profesional para ayudarlo a comprender los fundamentos del ingl\u00e9s comercial y obtener una comprensi\u00f3n m\u00e1s profunda del vocabulario relacionado con su campo espec\u00edfico:<\/p> <p style=\"text-align: center;\"><br>AGR\u00cdCOLA, M\u00c9DICO Y TECNOL\u00d3GICO...<\/p> <p><br><strong>Una ventaja profesional<\/strong><br>Al dominar el ingl\u00e9s comercial, tendr\u00e1s m\u00e1s confianza en tus habilidades y estar\u00e1s mejor preparado para cualquier situaci\u00f3n que pueda surgir. Nuestros cursos te ayudar\u00e1n a obtener una ventaja en tu campo y ser\u00e1s m\u00e1s competitivo en la profesi\u00f3n que elijas.<br><br>Todos los cursos pueden ser impartidos en las instalaciones de nuestros centros ademas de en las instalaciones de su empresa tanto, presencial como online<\/p>\n<a href=\"https:\/\/www.idiomas-eugeniasgenius.com\/inscripcion-ingles\/\" > Inscr\u00edbete a este curso <\/a>","_links":{"self":[{"href":"https:\/\/www.idiomas-eugeniasgenius.com\/en\/wp-json\/wp\/v2\/pages\/712","targetHints":{"allow":["GET"]}}],"collection":[{"href":"https:\/\/www.idiomas-eugeniasgenius.com\/en\/wp-json\/wp\/v2\/pages"}],"about":[{"href":"https:\/\/www.idiomas-eugeniasgenius.com\/en\/wp-json\/wp\/v2\/types\/page"}],"author":[{"embeddable":true,"href":"https:\/\/www.idiomas-eugeniasgenius.com\/en\/wp-json\/wp\/v2\/users\/1"}],"replies":[{"embeddable":true,"href":"https:\/\/www.idiomas-eugeniasgenius.com\/en\/wp-json\/wp\/v2\/comments?post=712"}],"version-history":[{"count":0,"href":"https:\/\/www.idiomas-eugeniasgenius.com\/en\/wp-json\/wp\/v2\/pages\/712\/revisions"}],"wp:attachment":[{"href":"https:\/\/www.idiomas-eugeniasgenius.com\/en\/wp-json\/wp\/v2\/media?parent=712"}],"curies":[{"name":"wp","href":"https:\/\/api.w.org\/{rel}","templated":true}]}}