{"id":769,"date":"2023-02-20T15:51:09","date_gmt":"2023-02-20T15:51:09","guid":{"rendered":"https:\/\/www.idiomas-eugeniasgenius.com\/?page_id=769"},"modified":"2023-05-03T09:22:15","modified_gmt":"2023-05-03T09:22:15","slug":"campamento-en-ingles-en-sierra-nevada","status":"publish","type":"page","link":"https:\/\/www.idiomas-eugeniasgenius.com\/en\/campamento-en-ingles-en-sierra-nevada\/","title":{"rendered":"Campamento en Ingl\u00e9s en Sierra Nevada"},"content":{"rendered":"<!--themify_builder_content-->\n<div id=\"themify_builder_content-769\" data-postid=\"769\" class=\"themify_builder_content themify_builder_content-769 themify_builder tf_clear\">\n                    <div  data-lazy=\"1\" class=\"module_row themify_builder_row tb_k3t7122 tb_first tf_w\">\n                        <div class=\"row_inner col_align_top tb_col_count_2 tf_box tf_rel\">\n                        <div  data-lazy=\"1\" class=\"module_column tb-column col3-2 tb_13th123 first\">\n                    <!-- module fancy heading -->\n<div  class=\"module module-fancy-heading tb_ni87381\" data-lazy=\"1\">\n        <h1 class=\"fancy-heading tf_textc\">\n    <span class=\"main-head tf_block\">\n                    Sierra Nevada Camp            <\/span>\n\n    \n    <span class=\"sub-head tf_block tf_rel\">\n                                <\/span>\n    <\/h1>\n<\/div>\n<!-- \/module fancy heading -->\n<!-- module divider -->\n<div  class=\"module tf_mw module-divider tb_ck1t739 solid\" style=\"border-width: 1px;border-color: #a1a1a1;\" data-lazy=\"1\">\n    <\/div>\n<!-- \/module divider -->\n        <div  data-lazy=\"1\" class=\"module_subrow themify_builder_sub_row tf_w col_align_top tb_col_count_2 tb_nddi479\">\n                <div  data-lazy=\"1\" class=\"module_column sub_column col4-2 tb_rm3t480 first\">\n                    <!-- module icon -->\n<div  class=\"module module-icon tb_a00p445  large circle icon_horizontal\" data-lazy=\"1\">\n\t\t\t<div class=\"module-icon-item\">\n\t\t\t\t\t\t\t\t\t\t\t\t\t\t\t\t<em class=\"tf_box\"\n\t\t\t\t\t\t\t\t\t\t\t\t style=\"color:#38348b\"\t\t\t\t\t><svg  class=\"tf_fa tf-ti-home\" xmlns:xlink=\"http:\/\/www.w3.org\/1999\/xlink\" aria-hidden=\"true\"><use href=\"#tf-ti-home\" xlink:href=\"#tf-ti-home\"><\/use><\/svg><\/em>\n\t\t\t\t\t\t\t\t\t\t\t\t\t\t\t\t\t\t\t<span>Hotel Reino Nevado<\/span>\n\t\t\t\t\t\t\t\t\t\t\t\t\t\t\t<\/div>\n\t<\/div>\n<!-- \/module icon -->\n        <\/div>\n                    <div  data-lazy=\"1\" class=\"module_column sub_column col4-2 tb_vgym480 last\">\n                    <!-- module icon -->\n<div  class=\"module module-icon tb_tz8b172  large circle icon_horizontal\" data-lazy=\"1\">\n\t\t\t<div class=\"module-icon-item\">\n\t\t\t\t\t\t\t\t\t\t\t\t\t\t\t\t<em class=\"tf_box\"\n\t\t\t\t\t\t\t\t\t\t\t\t style=\"color:#38348b\"\t\t\t\t\t><svg  class=\"tf_fa tf-ti-calendar\" xmlns:xlink=\"http:\/\/www.w3.org\/1999\/xlink\" aria-hidden=\"true\"><use href=\"#tf-ti-calendar\" xlink:href=\"#tf-ti-calendar\"><\/use><\/svg><\/em>\n\t\t\t\t\t\t\t\t\t\t\t\t\t\t\t\t\t\t\t<span>July - August<\/span>\n\t\t\t\t\t\t\t\t\t\t\t\t\t\t\t<\/div>\n\t<\/div>\n<!-- \/module icon -->\n        <\/div>\n                    <\/div>\n                <div  data-lazy=\"1\" class=\"module_subrow themify_builder_sub_row tf_w col_align_top tb_col_count_2 tb_id6b615\">\n                <div  data-lazy=\"1\" class=\"module_column sub_column col4-2 tb_s3yi615 first\">\n                    <!-- module icon -->\n<div  class=\"module module-icon tb_cspr616  large circle icon_horizontal\" data-lazy=\"1\">\n\t\t\t<div class=\"module-icon-item\">\n\t\t\t\t\t\t\t\t\t\t\t\t\t\t\t\t<em class=\"tf_box\"\n\t\t\t\t\t\t\t\t\t\t\t\t style=\"color:#38348b\"\t\t\t\t\t><svg  class=\"tf_fa tf-ti-user\" xmlns:xlink=\"http:\/\/www.w3.org\/1999\/xlink\" aria-hidden=\"true\"><use href=\"#tf-ti-user\" xlink:href=\"#tf-ti-user\"><\/use><\/svg><\/em>\n\t\t\t\t\t\t\t\t\t\t\t\t\t\t\t\t\t\t\t<span>from 6 to 17 years<\/span>\n\t\t\t\t\t\t\t\t\t\t\t\t\t\t\t<\/div>\n\t<\/div>\n<!-- \/module icon -->\n        <\/div>\n                    <div  data-lazy=\"1\" class=\"module_column sub_column col4-2 tb_mbnh616 last\">\n                    <!-- module icon -->\n<div  class=\"module module-icon tb_ip7a616  large circle icon_horizontal\" data-lazy=\"1\">\n\t\t\t<div class=\"module-icon-item\">\n\t\t\t\t\t\t\t\t\t\t\t\t\t\t\t\t<em class=\"tf_box\"\n\t\t\t\t\t\t\t\t\t\t\t\t style=\"color:#38348b\"\t\t\t\t\t><svg  class=\"tf_fa tf-ti-timer\" xmlns:xlink=\"http:\/\/www.w3.org\/1999\/xlink\" aria-hidden=\"true\"><use href=\"#tf-ti-timer\" xlink:href=\"#tf-ti-timer\"><\/use><\/svg><\/em>\n\t\t\t\t\t\t\t\t\t\t\t\t\t\t\t\t\t\t\t<span>1 or 2 weeks<\/span>\n\t\t\t\t\t\t\t\t\t\t\t\t\t\t\t<\/div>\n\t<\/div>\n<!-- \/module icon -->\n        <\/div>\n                    <\/div>\n                <\/div>\n                    <div  data-lazy=\"1\" class=\"module_column tb-column col3-1 tb_x9hk260 last\">\n                    <!-- module image -->\n<div  class=\"module module-image tb_x2qn636 image-center   tf_mw\" data-lazy=\"1\">\n        <div class=\"image-wrap tf_rel tf_mw\">\n            <img loading=\"lazy\" decoding=\"async\" src=\"https:\/\/www.idiomas-eugeniasgenius.com\/wp-content\/uploads\/2023\/02\/campamento-sierra-nevada-300x300.jpg\" width=\"300\" height=\"300\" class=\"wp-post-image wp-image-765\" title=\"campamento-sierra-nevada\" alt=\"Cursos de verano, ingl\u00e9s y naturaleza en Sierra Nevada.\" srcset=\"https:\/\/www.idiomas-eugeniasgenius.com\/wp-content\/uploads\/2023\/02\/campamento-sierra-nevada-300x300.jpg 300w, https:\/\/www.idiomas-eugeniasgenius.com\/wp-content\/uploads\/2023\/02\/campamento-sierra-nevada-150x150.jpg 150w, https:\/\/www.idiomas-eugeniasgenius.com\/wp-content\/uploads\/2023\/02\/campamento-sierra-nevada.jpg 600w\" sizes=\"auto, (max-width: 300px) 100vw, 300px\" \/>    \n        <\/div>\n    <!-- \/image-wrap -->\n    \n        <\/div>\n<!-- \/module image -->        <\/div>\n                        <\/div>\n        <\/div>\n                        <div  data-lazy=\"1\" class=\"module_row themify_builder_row tb_wpj3809 tf_w\">\n                        <div class=\"row_inner col_align_top tb_col_count_2 tf_box tf_rel\">\n                        <div  data-lazy=\"1\" class=\"module_column tb-column col3-2 tb_e3me809 first\">\n                    <!-- module text -->\n<div  class=\"module module-text tb_83b5403\" data-lazy=\"1\">\n        <div  class=\"tb_text_wrap\">\n        <p class=\"translation-block\">Summer courses, English and nature in Sierra Nevada.<br>Summer camp in the middle of nature for students between 6 and 17 years old.<\/p>\n<h3>Content:<\/h3>\n<p>4 daily hours of English in Action.<br>Actividades deportivas y de ocio en el \u00c1rea Recreativa \u00abFuente del Mirlo\u00bb y Centro de Alto Rendimiento de Sierra Nevada.<br>Full board at the Reino Nevado hotel in Pradollano<\/p>\n<p><strong>Duration:<\/strong>\u00a0<\/p>\n<p class=\"translation-block\">Groups of <strong> 2 weeks<\/strong> from July 1 to 14 and from July 16 to 29<br>\nGroups of <strong>8 days<\/strong> from August 1 to 8<\/p>\n<p><strong>Course staff:<\/strong>\u00a0<\/p>\n<ul>\n<li>Chief coordinator<\/li>\n<li>Supervisors<br>(Academic, sports)<\/li>\n<li>English teachers<\/li>\n<li>Bilingual sports instructors<\/li>\n<li>Exclusive doctor for the course<\/li>\n<li>Nutritionist<\/li>\n<li>Life guard<\/li>\n<li>Support staff<\/li>\n<\/ul>    <\/div>\n<\/div>\n<!-- \/module text -->        <\/div>\n                    <div  data-lazy=\"1\" class=\"module_column tb-column col3-1 tb_gsqj540 last\">\n                    <!-- module image -->\n<div  class=\"module module-image tb_l8m9109 image-top   tf_mw\" data-lazy=\"1\">\n        <div class=\"image-wrap tf_rel tf_mw\">\n            <img loading=\"lazy\" decoding=\"async\" width=\"600\" height=\"600\" src=\"https:\/\/www.idiomas-eugeniasgenius.com\/wp-content\/uploads\/2023\/02\/campamento-en-sierra-nevada.jpg\" class=\"wp-post-image wp-image-823\" title=\"campamento-en-sierra-nevada\" alt=\"Campamento de verano en ingl\u00e9s en Sierra Nevada\" srcset=\"https:\/\/www.idiomas-eugeniasgenius.com\/wp-content\/uploads\/2023\/02\/campamento-en-sierra-nevada.jpg 600w, https:\/\/www.idiomas-eugeniasgenius.com\/wp-content\/uploads\/2023\/02\/campamento-en-sierra-nevada-300x300.jpg 300w, https:\/\/www.idiomas-eugeniasgenius.com\/wp-content\/uploads\/2023\/02\/campamento-en-sierra-nevada-150x150.jpg 150w\" sizes=\"auto, (max-width: 600px) 100vw, 600px\" \/>    \n        <\/div>\n    <!-- \/image-wrap -->\n    \n        <\/div>\n<!-- \/module image --><!-- module image -->\n<div  class=\"module module-image tb_gh9v980 image-top   tf_mw\" data-lazy=\"1\">\n        <div class=\"image-wrap tf_rel tf_mw\">\n            <img loading=\"lazy\" decoding=\"async\" width=\"600\" height=\"600\" src=\"https:\/\/www.idiomas-eugeniasgenius.com\/wp-content\/uploads\/2023\/02\/campamento-con-monitores.jpg\" class=\"wp-post-image wp-image-826\" title=\"campamento-con-monitores\" alt=\"Campamento de verano en ingl\u00e9s en Sierra Nevada\" srcset=\"https:\/\/www.idiomas-eugeniasgenius.com\/wp-content\/uploads\/2023\/02\/campamento-con-monitores.jpg 600w, https:\/\/www.idiomas-eugeniasgenius.com\/wp-content\/uploads\/2023\/02\/campamento-con-monitores-300x300.jpg 300w, https:\/\/www.idiomas-eugeniasgenius.com\/wp-content\/uploads\/2023\/02\/campamento-con-monitores-150x150.jpg 150w\" sizes=\"auto, (max-width: 600px) 100vw, 600px\" \/>    \n        <\/div>\n    <!-- \/image-wrap -->\n    \n        <\/div>\n<!-- \/module image -->        <\/div>\n                        <\/div>\n        <\/div>\n                        <div  data-lazy=\"1\" class=\"module_row themify_builder_row tb_8zrj891 tf_w\">\n                        <div class=\"row_inner col_align_top tb_col_count_1 tf_box tf_rel\">\n                        <div  data-lazy=\"1\" class=\"module_column tb-column col-full tb_3mqx891 first\">\n                    <!-- module template_part -->\n<div  class=\"module module-layout-part tb_bo4c303\">\n    <div class=\"tb_layout_part_wrap tf_w\"><!--themify_builder_content-->\n    <div  class=\"themify_builder_content themify_builder_content-1438 themify_builder not_editable_builder in_the_loop\" data-postid=\"1438\">\n                        <div  data-lazy=\"1\" class=\"module_row themify_builder_row tb_if14476 tf_w\">\n                        <div class=\"row_inner col_align_top tb_col_count_1 tf_box tf_rel\">\n                        <div  data-lazy=\"1\" class=\"module_column tb-column col-full tb_c349476 first\">\n                    <!-- module buttons -->\n<div  class=\"module module-buttons tb_9qx1154 buttons-horizontal solid  circle\" data-lazy=\"1\">\n        <div class=\"module-buttons-item tf_in_flx\">\n                        <a href=\"https:\/\/www.idiomas-eugeniasgenius.com\/en\/informacion-campamentos\/\" class=\"ui builder_button tf_in_flx tb_default_color\" rel=\"nofollow\">\n                                                Sign up for camp                                        <\/a>\n                <\/div>\n            <\/div>\n<!-- \/module buttons -->\n        <\/div>\n                        <\/div>\n        <\/div>\n            <\/div>\n<!--\/themify_builder_content--><\/div>\n<\/div>\n<!-- \/module template_part -->        <\/div>\n                        <\/div>\n        <\/div>\n        <\/div>\n<!--\/themify_builder_content-->","protected":false},"excerpt":{"rendered":"<p>Campamento de verano en plena naturaleza para alumnos entre 6 y 17 a\u00f1os.Se desarrolla en los meses de Julio y Agosto en plena estaci\u00f3n de Sierra Nevada. Contenido: 4 horas diarias de Ingl\u00e9s en Acci\u00f3n.Actividades deportivas y de ocio en el \u00c1rea Recreativa \u00abFuente del Mirlo\u00bb y Centro de Alto Rendimiento de Sierra Nevada.Pensi\u00f3n completa [&hellip;]<\/p>\n","protected":false},"author":1,"featured_media":0,"parent":0,"menu_order":0,"comment_status":"closed","ping_status":"closed","template":"","meta":{"footnotes":""},"class_list":["post-769","page","type-page","status-publish","hentry","has-post-title","has-post-date","has-post-category","has-post-tag","has-post-comment","has-post-author",""],"yoast_head":"<!-- This site is optimized with the Yoast SEO plugin v27.4 - https:\/\/yoast.com\/product\/yoast-seo-wordpress\/ -->\n<title>Campamento en Ingl\u00e9s en Sierra Nevada<\/title>\n<meta name=\"description\" content=\"Campamento de verano en plena naturaleza para alumnos entre 6 y 17 a\u00f1os en plena estaci\u00f3n de Sierra Nevada.\" \/>\n<meta name=\"robots\" content=\"index, follow, max-snippet:-1, max-image-preview:large, max-video-preview:-1\" \/>\n<link rel=\"canonical\" href=\"https:\/\/www.idiomas-eugeniasgenius.com\/en\/campamento-en-ingles-en-sierra-nevada\/\" \/>\n<meta property=\"og:locale\" content=\"en_GB\" \/>\n<meta property=\"og:type\" content=\"article\" \/>\n<meta property=\"og:title\" content=\"Campamento en Ingl\u00e9s en Sierra Nevada\" \/>\n<meta property=\"og:description\" content=\"Campamento de verano en plena naturaleza para alumnos entre 6 y 17 a\u00f1os en plena estaci\u00f3n de Sierra Nevada.\" \/>\n<meta property=\"og:url\" content=\"https:\/\/www.idiomas-eugeniasgenius.com\/en\/campamento-en-ingles-en-sierra-nevada\/\" \/>\n<meta property=\"og:site_name\" content=\"Escuela de Idiomas en El Ejido\" \/>\n<meta property=\"article:publisher\" content=\"https:\/\/www.youtube.com\/@adminEugenius\" \/>\n<meta property=\"article:modified_time\" content=\"2023-05-03T09:22:15+00:00\" \/>\n<meta name=\"twitter:card\" content=\"summary_large_image\" \/>\n<script type=\"application\/ld+json\" class=\"yoast-schema-graph\">{\"@context\":\"https:\\\/\\\/schema.org\",\"@graph\":[{\"@type\":\"WebPage\",\"@id\":\"https:\\\/\\\/www.idiomas-eugeniasgenius.com\\\/campamento-en-ingles-en-sierra-nevada\\\/\",\"url\":\"https:\\\/\\\/www.idiomas-eugeniasgenius.com\\\/campamento-en-ingles-en-sierra-nevada\\\/\",\"name\":\"Campamento en Ingl\u00e9s en Sierra Nevada\",\"isPartOf\":{\"@id\":\"https:\\\/\\\/www.idiomas-eugeniasgenius.com\\\/#website\"},\"datePublished\":\"2023-02-20T15:51:09+00:00\",\"dateModified\":\"2023-05-03T09:22:15+00:00\",\"description\":\"Campamento de verano en plena naturaleza para alumnos entre 6 y 17 a\u00f1os en plena estaci\u00f3n de Sierra Nevada.\",\"breadcrumb\":{\"@id\":\"https:\\\/\\\/www.idiomas-eugeniasgenius.com\\\/campamento-en-ingles-en-sierra-nevada\\\/#breadcrumb\"},\"inLanguage\":\"en-GB\",\"potentialAction\":[{\"@type\":\"ReadAction\",\"target\":[\"https:\\\/\\\/www.idiomas-eugeniasgenius.com\\\/campamento-en-ingles-en-sierra-nevada\\\/\"]}]},{\"@type\":\"BreadcrumbList\",\"@id\":\"https:\\\/\\\/www.idiomas-eugeniasgenius.com\\\/campamento-en-ingles-en-sierra-nevada\\\/#breadcrumb\",\"itemListElement\":[{\"@type\":\"ListItem\",\"position\":1,\"name\":\"Portada\",\"item\":\"https:\\\/\\\/www.idiomas-eugeniasgenius.com\\\/es_es\\\/\"},{\"@type\":\"ListItem\",\"position\":2,\"name\":\"Campamento en Ingl\u00e9s en Sierra Nevada\"}]},{\"@type\":\"WebSite\",\"@id\":\"https:\\\/\\\/www.idiomas-eugeniasgenius.com\\\/#website\",\"url\":\"https:\\\/\\\/www.idiomas-eugeniasgenius.com\\\/\",\"name\":\"Escuela de Idiomas en El Ejido\",\"description\":\"Escuela de idiomas en El Ejido\",\"alternateName\":\"Eugenias Genius\",\"potentialAction\":[{\"@type\":\"SearchAction\",\"target\":{\"@type\":\"EntryPoint\",\"urlTemplate\":\"https:\\\/\\\/www.idiomas-eugeniasgenius.com\\\/?s={search_term_string}\"},\"query-input\":{\"@type\":\"PropertyValueSpecification\",\"valueRequired\":true,\"valueName\":\"search_term_string\"}}],\"inLanguage\":\"en-GB\"}]}<\/script>\n<!-- \/ Yoast SEO plugin. -->","yoast_head_json":{"title":"Campamento en Ingl\u00e9s en Sierra Nevada","description":"Campamento de verano en plena naturaleza para alumnos entre 6 y 17 a\u00f1os en plena estaci\u00f3n de Sierra Nevada.","robots":{"index":"index","follow":"follow","max-snippet":"max-snippet:-1","max-image-preview":"max-image-preview:large","max-video-preview":"max-video-preview:-1"},"canonical":"https:\/\/www.idiomas-eugeniasgenius.com\/en\/campamento-en-ingles-en-sierra-nevada\/","og_locale":"en_GB","og_type":"article","og_title":"Campamento en Ingl\u00e9s en Sierra Nevada","og_description":"Campamento de verano en plena naturaleza para alumnos entre 6 y 17 a\u00f1os en plena estaci\u00f3n de Sierra Nevada.","og_url":"https:\/\/www.idiomas-eugeniasgenius.com\/en\/campamento-en-ingles-en-sierra-nevada\/","og_site_name":"Escuela de Idiomas en El Ejido","article_publisher":"https:\/\/www.youtube.com\/@adminEugenius","article_modified_time":"2023-05-03T09:22:15+00:00","twitter_card":"summary_large_image","schema":{"@context":"https:\/\/schema.org","@graph":[{"@type":"WebPage","@id":"https:\/\/www.idiomas-eugeniasgenius.com\/campamento-en-ingles-en-sierra-nevada\/","url":"https:\/\/www.idiomas-eugeniasgenius.com\/campamento-en-ingles-en-sierra-nevada\/","name":"Campamento en Ingl\u00e9s en Sierra Nevada","isPartOf":{"@id":"https:\/\/www.idiomas-eugeniasgenius.com\/#website"},"datePublished":"2023-02-20T15:51:09+00:00","dateModified":"2023-05-03T09:22:15+00:00","description":"Campamento de verano en plena naturaleza para alumnos entre 6 y 17 a\u00f1os en plena estaci\u00f3n de Sierra Nevada.","breadcrumb":{"@id":"https:\/\/www.idiomas-eugeniasgenius.com\/campamento-en-ingles-en-sierra-nevada\/#breadcrumb"},"inLanguage":"en-GB","potentialAction":[{"@type":"ReadAction","target":["https:\/\/www.idiomas-eugeniasgenius.com\/campamento-en-ingles-en-sierra-nevada\/"]}]},{"@type":"BreadcrumbList","@id":"https:\/\/www.idiomas-eugeniasgenius.com\/campamento-en-ingles-en-sierra-nevada\/#breadcrumb","itemListElement":[{"@type":"ListItem","position":1,"name":"Portada","item":"https:\/\/www.idiomas-eugeniasgenius.com\/es_es\/"},{"@type":"ListItem","position":2,"name":"Campamento en Ingl\u00e9s en Sierra Nevada"}]},{"@type":"WebSite","@id":"https:\/\/www.idiomas-eugeniasgenius.com\/#website","url":"https:\/\/www.idiomas-eugeniasgenius.com\/","name":"Escuela de Idiomas en El Ejido","description":"Escuela de idiomas en El Ejido","alternateName":"Eugenias Genius","potentialAction":[{"@type":"SearchAction","target":{"@type":"EntryPoint","urlTemplate":"https:\/\/www.idiomas-eugeniasgenius.com\/?s={search_term_string}"},"query-input":{"@type":"PropertyValueSpecification","valueRequired":true,"valueName":"search_term_string"}}],"inLanguage":"en-GB"}]}},"builder_content":"<h1>Campamento Sierra Nevada<br\/><\/h1>\n\n<em style=\"color:#38348b\" ><svg xmlns:xlink=\"http:\/\/www.w3.org\/1999\/xlink\" aria-hidden=\"true\"><use href=\"#tf-ti-home\" xlink:href=\"#tf-ti-home\"><\/use><\/svg><\/em> Hotel Reino Nevado\n<em style=\"color:#38348b\" ><svg xmlns:xlink=\"http:\/\/www.w3.org\/1999\/xlink\" aria-hidden=\"true\"><use href=\"#tf-ti-calendar\" xlink:href=\"#tf-ti-calendar\"><\/use><\/svg><\/em> Julio - Agosto\n<em style=\"color:#38348b\" ><svg xmlns:xlink=\"http:\/\/www.w3.org\/1999\/xlink\" aria-hidden=\"true\"><use href=\"#tf-ti-user\" xlink:href=\"#tf-ti-user\"><\/use><\/svg><\/em> De 6 a 17 a\u00f1os\n<em style=\"color:#38348b\" ><svg xmlns:xlink=\"http:\/\/www.w3.org\/1999\/xlink\" aria-hidden=\"true\"><use href=\"#tf-ti-timer\" xlink:href=\"#tf-ti-timer\"><\/use><\/svg><\/em> 1 o 2 semanas\n<img src=\"https:\/\/www.idiomas-eugeniasgenius.com\/wp-content\/uploads\/2023\/02\/campamento-sierra-nevada-300x300.jpg\" width=\"300\" height=\"300\" title=\"campamento-sierra-nevada\" alt=\"Cursos de verano, ingl\u00e9s y naturaleza en Sierra Nevada.\" srcset=\"https:\/\/www.idiomas-eugeniasgenius.com\/wp-content\/uploads\/2023\/02\/campamento-sierra-nevada-300x300.jpg 300w, https:\/\/www.idiomas-eugeniasgenius.com\/wp-content\/uploads\/2023\/02\/campamento-sierra-nevada-150x150.jpg 150w, https:\/\/www.idiomas-eugeniasgenius.com\/wp-content\/uploads\/2023\/02\/campamento-sierra-nevada.jpg 600w\" sizes=\"(max-width: 300px) 100vw, 300px\" \/>\n<p>Campamento de verano en plena naturaleza para alumnos entre 6 y 17 a\u00f1os.<br>Se desarrolla en los meses de Julio y Agosto en plena estaci\u00f3n de Sierra Nevada.<\/p> <h3>Contenido:<\/h3> <p>4 horas diarias de Ingl\u00e9s en Acci\u00f3n.<br>Actividades deportivas y de ocio en el \u00c1rea Recreativa \"Fuente del Mirlo\" y Centro de Alto Rendimiento de Sierra Nevada.<br>Pensi\u00f3n completa en el hotel Reino Nevado en Pradollano.<\/p> <p><strong>Duraci\u00f3n:<\/strong>\u00a0<\/p> <p>Grupos de<strong> 2 semanas<\/strong> del 1 al 14 de Julio y del 16 al 29 de Julio<br>Grupos de <strong>8 d\u00edas<\/strong> del 1 al 8 de Agosto<\/p> <p><strong>Personal del curso:<\/strong>\u00a0<\/p> <ul> <li>Coordinador general<\/li> <li>Supervisores<br>(Acad\u00e9micos, deportivos)<\/li> <li>Profesores de ingl\u00e9s<\/li> <li>Monitores de deportes biling\u00fces<\/li> <li>M\u00e9dico exclusivo para el curso<\/li> <li>Nutricionista<\/li> <li>Socorrista<\/li> <li>Personal de apoyo<\/li> <\/ul>\n<img src=\"https:\/\/www.idiomas-eugeniasgenius.com\/wp-content\/uploads\/2023\/02\/campamento-en-sierra-nevada.jpg\" title=\"campamento-en-sierra-nevada\" alt=\"Campamento de verano en ingl\u00e9s en Sierra Nevada\" srcset=\"https:\/\/www.idiomas-eugeniasgenius.com\/wp-content\/uploads\/2023\/02\/campamento-en-sierra-nevada.jpg 600w, https:\/\/www.idiomas-eugeniasgenius.com\/wp-content\/uploads\/2023\/02\/campamento-en-sierra-nevada-300x300.jpg 300w, https:\/\/www.idiomas-eugeniasgenius.com\/wp-content\/uploads\/2023\/02\/campamento-en-sierra-nevada-150x150.jpg 150w\" sizes=\"(max-width: 600px) 100vw, 600px\" \/>\n<img src=\"https:\/\/www.idiomas-eugeniasgenius.com\/wp-content\/uploads\/2023\/02\/campamento-con-monitores.jpg\" title=\"campamento-con-monitores\" alt=\"Campamento de verano en ingl\u00e9s en Sierra Nevada\" srcset=\"https:\/\/www.idiomas-eugeniasgenius.com\/wp-content\/uploads\/2023\/02\/campamento-con-monitores.jpg 600w, https:\/\/www.idiomas-eugeniasgenius.com\/wp-content\/uploads\/2023\/02\/campamento-con-monitores-300x300.jpg 300w, https:\/\/www.idiomas-eugeniasgenius.com\/wp-content\/uploads\/2023\/02\/campamento-con-monitores-150x150.jpg 150w\" sizes=\"(max-width: 600px) 100vw, 600px\" \/>","_links":{"self":[{"href":"https:\/\/www.idiomas-eugeniasgenius.com\/en\/wp-json\/wp\/v2\/pages\/769","targetHints":{"allow":["GET"]}}],"collection":[{"href":"https:\/\/www.idiomas-eugeniasgenius.com\/en\/wp-json\/wp\/v2\/pages"}],"about":[{"href":"https:\/\/www.idiomas-eugeniasgenius.com\/en\/wp-json\/wp\/v2\/types\/page"}],"author":[{"embeddable":true,"href":"https:\/\/www.idiomas-eugeniasgenius.com\/en\/wp-json\/wp\/v2\/users\/1"}],"replies":[{"embeddable":true,"href":"https:\/\/www.idiomas-eugeniasgenius.com\/en\/wp-json\/wp\/v2\/comments?post=769"}],"version-history":[{"count":0,"href":"https:\/\/www.idiomas-eugeniasgenius.com\/en\/wp-json\/wp\/v2\/pages\/769\/revisions"}],"wp:attachment":[{"href":"https:\/\/www.idiomas-eugeniasgenius.com\/en\/wp-json\/wp\/v2\/media?parent=769"}],"curies":[{"name":"wp","href":"https:\/\/api.w.org\/{rel}","templated":true}]}}