{"id":855,"date":"2023-02-21T10:17:47","date_gmt":"2023-02-21T10:17:47","guid":{"rendered":"https:\/\/www.idiomas-eugeniasgenius.com\/?page_id=855"},"modified":"2023-10-03T07:57:57","modified_gmt":"2023-10-03T07:57:57","slug":"bachillerato-americano","status":"publish","type":"page","link":"https:\/\/www.idiomas-eugeniasgenius.com\/en\/bachillerato-americano\/","title":{"rendered":"American Baccalaureate"},"content":{"rendered":"<!--themify_builder_content-->\n<div id=\"themify_builder_content-855\" data-postid=\"855\" class=\"themify_builder_content themify_builder_content-855 themify_builder tf_clear\">\n                    <div  data-lazy=\"1\" class=\"module_row themify_builder_row tb_k3t7122 tb_first tf_w\">\n                        <div class=\"row_inner col_align_top tb_col_count_2 tf_box tf_rel\">\n                        <div  data-lazy=\"1\" class=\"module_column tb-column col3-2 tb_13th123 first\">\n                    <!-- module fancy heading -->\n<div  class=\"module module-fancy-heading tb_ni87381\" data-lazy=\"1\">\n        <h1 class=\"fancy-heading tf_textc\">\n    <span class=\"main-head tf_block\">\n                    American Baccalaureate            <\/span>\n\n    \n    <span class=\"sub-head tf_block tf_rel\">\n                                <\/span>\n    <\/h1>\n<\/div>\n<!-- \/module fancy heading -->\n<!-- module divider -->\n<div  class=\"module tf_mw module-divider tb_ck1t739 solid\" style=\"border-width: 1px;border-color: #a1a1a1;\" data-lazy=\"1\">\n    <\/div>\n<!-- \/module divider -->\n        <div  data-lazy=\"1\" class=\"module_subrow themify_builder_sub_row tf_w col_align_top tb_col_count_2 tb_nddi479\">\n                <div  data-lazy=\"1\" class=\"module_column sub_column col4-2 tb_rm3t480 first\">\n                    <!-- module icon -->\n<div  class=\"module module-icon tb_a00p445  large circle icon_horizontal\" data-lazy=\"1\">\n\t\t\t<div class=\"module-icon-item\">\n\t\t\t\t\t\t\t\t\t\t\t\t\t\t\t\t<em class=\"tf_box\"\n\t\t\t\t\t\t\t\t\t\t\t\t style=\"color:#ff8800\"\t\t\t\t\t><svg  class=\"tf_fa tf-ti-time\" xmlns:xlink=\"http:\/\/www.w3.org\/1999\/xlink\" aria-hidden=\"true\"><use href=\"#tf-ti-time\" xlink:href=\"#tf-ti-time\"><\/use><\/svg><\/em>\n\t\t\t\t\t\t\t\t\t\t\t\t\t\t\t\t\t\t\t<span>September to July<\/span>\n\t\t\t\t\t\t\t\t\t\t\t\t\t\t\t<\/div>\n\t<\/div>\n<!-- \/module icon -->\n        <\/div>\n                    <div  data-lazy=\"1\" class=\"module_column sub_column col4-2 tb_vgym480 last\">\n                    <!-- module icon -->\n<div  class=\"module module-icon tb_tz8b172  large circle icon_horizontal\" data-lazy=\"1\">\n\t\t\t<div class=\"module-icon-item\">\n\t\t\t\t\t\t\t\t\t\t\t\t\t\t\t\t<em class=\"tf_box\"\n\t\t\t\t\t\t\t\t\t\t\t\t style=\"color:#ff8800\"\t\t\t\t\t><svg  class=\"tf_fa tf-ti-bar-chart\" xmlns:xlink=\"http:\/\/www.w3.org\/1999\/xlink\" aria-hidden=\"true\"><use href=\"#tf-ti-bar-chart\" xlink:href=\"#tf-ti-bar-chart\"><\/use><\/svg><\/em>\n\t\t\t\t\t\t\t\t\t\t\t\t\t\t\t\t\t\t\t<span>2\u00aa, 3\u00aa y 4\u00aa  ESO 1\u00ba Bachiller<\/span>\n\t\t\t\t\t\t\t\t\t\t\t\t\t\t\t<\/div>\n\t<\/div>\n<!-- \/module icon -->\n        <\/div>\n                    <\/div>\n                <\/div>\n                    <div  data-lazy=\"1\" class=\"module_column tb-column col3-1 tb_x9hk260 last\">\n                    <!-- module image -->\n<div  class=\"module module-image tb_x2qn636 image-center   tf_mw\" data-lazy=\"1\">\n        <div class=\"image-wrap tf_rel tf_mw\">\n            <img loading=\"lazy\" decoding=\"async\" src=\"https:\/\/www.idiomas-eugeniasgenius.com\/wp-content\/uploads\/2023\/02\/bachillerato-americano-300x300.jpg\" width=\"300\" height=\"300\" class=\"wp-post-image wp-image-861\" title=\"bachillerato-americano\" alt=\"Bachillerato Dual Americano\" srcset=\"https:\/\/www.idiomas-eugeniasgenius.com\/wp-content\/uploads\/2023\/02\/bachillerato-americano-300x300.jpg 300w, https:\/\/www.idiomas-eugeniasgenius.com\/wp-content\/uploads\/2023\/02\/bachillerato-americano-150x150.jpg 150w, https:\/\/www.idiomas-eugeniasgenius.com\/wp-content\/uploads\/2023\/02\/bachillerato-americano.jpg 600w\" sizes=\"auto, (max-width: 300px) 100vw, 300px\" \/>    \n        <\/div>\n    <!-- \/image-wrap -->\n    \n        <\/div>\n<!-- \/module image -->        <\/div>\n                        <\/div>\n        <\/div>\n                        <div  data-lazy=\"1\" class=\"module_row themify_builder_row tb_wpj3809 tf_w\">\n                        <div class=\"row_inner col_align_top tb_col_count_1 tf_box tf_rel\">\n                        <div  data-lazy=\"1\" class=\"module_column tb-column col-full tb_e3me809 first\">\n                    <!-- module text -->\n<div  class=\"module module-text tb_83b5403\" data-lazy=\"1\">\n        <div  class=\"tb_text_wrap\">\n        <p>Programa de convalidaci\u00f3n internacional de t\u00edtulos de bachillerato que ofrece la posibilidad de obtener dos titulaciones a la vez:<br>el <strong>bachillerato del pa\u00eds de origen<\/strong>, de manera presencial, y el <strong>American High School Diploma<\/strong>, de forma online.<br><br><\/p>\n<h3>Programa<\/h3>\n<hr>    <\/div>\n<\/div>\n<!-- \/module text -->        <div  data-lazy=\"1\" class=\"module_subrow themify_builder_sub_row tf_w col_align_top tb_col_count_2 tb_4tw498\">\n                <div  data-lazy=\"1\" class=\"module_column sub_column col4-2 tb_1hx198 first\">\n                    <!-- module text -->\n<div  class=\"module module-text tb_et4y34\" data-lazy=\"1\">\n        <div  class=\"tb_text_wrap\">\n        <h2>ACAD\u00c9MICA<\/h2>\n<hr>    <\/div>\n<\/div>\n<!-- \/module text --><!-- module text -->\n<div  class=\"module module-text tb_o4or933\" data-lazy=\"1\">\n        <div  class=\"tb_text_wrap\">\n        <div class=\"fes13-title-cont\">\n<h3>4 Year Program \u2013 2nd Year of ESO*<\/h3>\n<\/div>\n<p><strong>2nd Year of ESO:<\/strong><br>English<\/p>\n<hr>\n<p><strong>3rd Year of ESO:<\/strong><br>English &amp; Life Management Skills (electiva obligatoria)<\/p>\n<hr>\n<p><strong>4th Year of ESO:<\/strong><br>U.S. History &amp; Elective<\/p>\n<hr>\n<p><strong>1st Year of Bachillerato:<\/strong><br>U.S. Government + Economics<\/p>\n<p><em>*En 2\u00ba ESO podr\u00e1n acceder al programa aquellos alumnos que, por su nivel de ingl\u00e9s, madurez e inter\u00e9s, sean recomendados por el colegio para su inscripci\u00f3n.<\/em><\/p>    <\/div>\n<\/div>\n<!-- \/module text --><!-- module text -->\n<div  class=\"module module-text tb_it7t422\" data-lazy=\"1\">\n        <div  class=\"tb_text_wrap\">\n        <div class=\"fes13-title-cont\">\n<div class=\"fes13-title-cont\">\n<h3>4 Year Program \u2013 3rd Year of ESO*<\/h3>\n<\/div>\n<p><strong>3rd Year of ESO:<\/strong><br>English &amp; Life Management Skills (electiva obligatoria)<\/p>\n<hr>\n<p><strong>4th Year of ESO:<\/strong><br>English &amp; U.S History<\/p>\n<hr>\n<p><strong>1st Year of Bachillerato:<\/strong><br>U.S Government + Economics<\/p>\n<hr>\n<p><strong>2nd Year of Bachillerato:<\/strong><br>Elective*<\/p>\n<\/div>\n<p><em>*El programa ofrece la posibilidad de cursar esta asignatura en 1\u00ba Bachillerato, realizando as\u00ed el Diploma Dual\u00ae en solo 3 a\u00f1os.<\/em><\/p>    <\/div>\n<\/div>\n<!-- \/module text -->        <\/div>\n                    <div  data-lazy=\"1\" class=\"module_column sub_column col4-2 tb_8kn198 last\">\n                    <!-- module text -->\n<div  class=\"module module-text tb_lhxg501\" data-lazy=\"1\">\n        <div  class=\"tb_text_wrap\">\n        <h2>EDUCATUS<\/h2>\n<hr>    <\/div>\n<\/div>\n<!-- \/module text --><!-- module text -->\n<div  class=\"module module-text tb_vr6c243\" data-lazy=\"1\">\n        <div  class=\"tb_text_wrap\">\n        <div class=\"fes13-title-cont\">\n<h3>Social Studies<\/h3>\n<\/div>\n<ul>\n<li>Contemporary world<\/li>\n<li>Financial Mathematics<\/li>\n<li>U.S. Government<\/li>\n<li>Criminal Justice<\/li>\n<li>Entrepreneurship<\/li>\n<li>Forensic Science<\/li>\n<li>Hospitality and tourism<\/li>\n<li>Journalism<\/li>\n<li>Public Speaking<\/li>\n<li>Social Problems<\/li>\n<li>Anthropology<hr><\/li>\n<\/ul>    <\/div>\n<\/div>\n<!-- \/module text --><!-- module text -->\n<div  class=\"module module-text tb_sz3t837\" data-lazy=\"1\">\n        <div  class=\"tb_text_wrap\">\n        <div class=\"fes13-title-cont\">\n<h3>Science<\/h3>\n<\/div>\n<ul>\n<li>Earth and Space Science<\/li>\n<li>Agriscience<\/li>\n<li>Astronomy<\/li>\n<li>Biotechnology<\/li>\n<li>Nurse Aide<\/li>\n<li>Coding<\/li>\n<li>Cybersecurity<\/li>\n<li>Health Science<\/li>\n<li>Robotics<\/li>\n<li>Marine Science<hr><\/li>\n<\/ul>    <\/div>\n<\/div>\n<!-- \/module text -->        <\/div>\n                    <\/div>\n                <div  data-lazy=\"1\" class=\"module_subrow themify_builder_sub_row tf_w col_align_top tb_col_count_2 tb_fju5539\">\n                <div  data-lazy=\"1\" class=\"module_column sub_column col4-2 tb_va97539 first\">\n                    <!-- module text -->\n<div  class=\"module module-text tb_93os539\" data-lazy=\"1\">\n        <div  class=\"tb_text_wrap\">\n        <div class=\"fes13-title-cont\">\n<div class=\"fes13-title-cont\">\n<h3>3 Year Program \u2013 4th Year of ESO<\/h3>\n<\/div>\n<p><strong>4th Year of ESO:<\/strong><br>English &amp; Life Management Skills (electiva obligatoria)<\/p>\n<hr>\n<p><strong>1st Year of Bachillerato:<\/strong><br>English &amp; U.S History<\/p>\n<hr>\n<p><strong>2nd Year of Bachillerato:<\/strong><br>U.S. Government\/Economics + Elective*<\/p>\n<hr>\n<p><em>*Summer School: el programa ofrece a los alumnos con buenas calificaciones, que al llegar a 2\u00ba de Bachillerato tengan que cursar 2 \u00f3 3 cr\u00e9ditos, adelantar la asignatura electiva del \u00faltimo a\u00f1o, realiz\u00e1ndola durante el verano de 1\u00ba a 2\u00ba de Bachillerato.<\/em><\/p>\n<\/div>    <\/div>\n<\/div>\n<!-- \/module text --><!-- module text -->\n<div  class=\"module module-text tb_ny5b540\" data-lazy=\"1\">\n        <div  class=\"tb_text_wrap\">\n        <div class=\"fes13-title-cont\">\n<h3>2 Year Program \u2013 1st Year of Bachillerato<\/h3>\n<\/div>\n<p><strong>1st Year of Bachillerato:<\/strong><br>English &amp; U.S. History &amp; Life Management Skills (electiva obligatoria)<\/p>\n<hr>\n<p><strong>2nd Year of Bachillerato:<\/strong><br>English &amp; U.S. Government + Economics &amp; Elective*<\/p>\n<hr>\n<p><em>*Summer School: el programa ofrece a los alumnos con buenas calificaciones, que al llegar a 2\u00ba de Bachillerato tengan que cursar 2 \u00f3 3 cr\u00e9ditos, adelantar la asignatura electiva del \u00faltimo a\u00f1o, realiz\u00e1ndola durante el verano de 1\u00ba a 2\u00ba de Bachillerato.<\/em><\/p>    <\/div>\n<\/div>\n<!-- \/module text -->        <\/div>\n                    <div  data-lazy=\"1\" class=\"module_column sub_column col4-2 tb_qh0n540 last\">\n                    <!-- module text -->\n<div  class=\"module module-text tb_n319133\" data-lazy=\"1\">\n        <div  class=\"tb_text_wrap\">\n        <div class=\"fes13-title-cont\">\n<h3>Arts<\/h3>\n<\/div>\n<ul>\n<li>Animation<\/li>\n<li>Culinary Arts<\/li>\n<li>Digital photography<\/li>\n<li>Theater, Cinema and Film production<\/li>\n<li>Art in world cultures<\/li>\n<li>3D modeling<\/li>\n<li>Cosmetology<\/li>\n<li>Fashion and interior design<hr><\/li>\n<\/ul>    <\/div>\n<\/div>\n<!-- \/module text -->        <\/div>\n                    <\/div>\n                <\/div>\n                        <\/div>\n        <\/div>\n                        <div  data-lazy=\"1\" class=\"module_row themify_builder_row tb_8zrj891 tf_w\">\n                        <div class=\"row_inner col_align_top tb_col_count_1 tf_box tf_rel\">\n                        <div  data-lazy=\"1\" class=\"module_column tb-column col-full tb_3mqx891 first\">\n                    <!-- module buttons -->\n<div  class=\"module module-buttons tb_btkp881 buttons-horizontal solid  circle\" data-lazy=\"1\">\n        <div class=\"module-buttons-item tf_in_flx\">\n                        <a href=\"https:\/\/www.idiomas-eugeniasgenius.com\/en\/inscripcion\/\" class=\"ui builder_button tf_in_flx blue\" >\n                                                Inf\u00f3rmate sobre estos cursos                                        <\/a>\n                <\/div>\n            <\/div>\n<!-- \/module buttons -->\n        <\/div>\n                        <\/div>\n        <\/div>\n        <\/div>\n<!--\/themify_builder_content-->","protected":false},"excerpt":{"rendered":"<p>Bachillerato Americano Septiembre a Julio 2\u00aa, 3\u00aa y 4\u00aa ESO 1\u00ba Bachiller Programa de convalidaci\u00f3n internacional de t\u00edtulos de bachillerato que ofrece la posibilidad de obtener dos titulaciones a la vez:el bachillerato del pa\u00eds de origen, de manera presencial, y el American High School Diploma, de forma online. Programa ACAD\u00c9MICA 4 Year Program \u2013 2nd [&hellip;]<\/p>\n","protected":false},"author":1,"featured_media":0,"parent":0,"menu_order":0,"comment_status":"closed","ping_status":"closed","template":"","meta":{"footnotes":""},"class_list":["post-855","page","type-page","status-publish","hentry","has-post-title","has-post-date","has-post-category","has-post-tag","has-post-comment","has-post-author",""],"yoast_head":"<!-- This site is optimized with the Yoast SEO plugin v27.4 - https:\/\/yoast.com\/product\/yoast-seo-wordpress\/ -->\n<title>Bachillerato Americano - Escuela de Idiomas en El Ejido<\/title>\n<meta name=\"description\" content=\"Programa de convalidaci\u00f3n internacional de t\u00edtulos de bachillerato que ofrece la posibilidad de obtener dos titulaciones a la vez.\" \/>\n<meta name=\"robots\" content=\"index, follow, max-snippet:-1, max-image-preview:large, max-video-preview:-1\" \/>\n<link rel=\"canonical\" href=\"https:\/\/www.idiomas-eugeniasgenius.com\/en\/bachillerato-americano\/\" \/>\n<meta property=\"og:locale\" content=\"en_GB\" \/>\n<meta property=\"og:type\" content=\"article\" \/>\n<meta property=\"og:title\" content=\"Bachillerato Americano - Escuela de Idiomas en El Ejido\" \/>\n<meta property=\"og:description\" content=\"Programa de convalidaci\u00f3n internacional de t\u00edtulos de bachillerato que ofrece la posibilidad de obtener dos titulaciones a la vez.\" \/>\n<meta property=\"og:url\" content=\"https:\/\/www.idiomas-eugeniasgenius.com\/en\/bachillerato-americano\/\" \/>\n<meta property=\"og:site_name\" content=\"Escuela de Idiomas en El Ejido\" \/>\n<meta property=\"article:publisher\" content=\"https:\/\/www.youtube.com\/@adminEugenius\" \/>\n<meta property=\"article:modified_time\" content=\"2023-10-03T07:57:57+00:00\" \/>\n<meta name=\"twitter:card\" content=\"summary_large_image\" \/>\n<script type=\"application\/ld+json\" class=\"yoast-schema-graph\">{\"@context\":\"https:\\\/\\\/schema.org\",\"@graph\":[{\"@type\":\"WebPage\",\"@id\":\"https:\\\/\\\/www.idiomas-eugeniasgenius.com\\\/bachillerato-americano\\\/\",\"url\":\"https:\\\/\\\/www.idiomas-eugeniasgenius.com\\\/bachillerato-americano\\\/\",\"name\":\"Bachillerato Americano - Escuela de Idiomas en El Ejido\",\"isPartOf\":{\"@id\":\"https:\\\/\\\/www.idiomas-eugeniasgenius.com\\\/#website\"},\"primaryImageOfPage\":{\"@id\":\"https:\\\/\\\/www.idiomas-eugeniasgenius.com\\\/bachillerato-americano\\\/#primaryimage\"},\"image\":{\"@id\":\"https:\\\/\\\/www.idiomas-eugeniasgenius.com\\\/bachillerato-americano\\\/#primaryimage\"},\"thumbnailUrl\":\"https:\\\/\\\/www.idiomas-eugeniasgenius.com\\\/wp-content\\\/uploads\\\/2023\\\/02\\\/bachillerato-americano-300x300.jpg\",\"datePublished\":\"2023-02-21T10:17:47+00:00\",\"dateModified\":\"2023-10-03T07:57:57+00:00\",\"description\":\"Programa de convalidaci\u00f3n internacional de t\u00edtulos de bachillerato que ofrece la posibilidad de obtener dos titulaciones a la vez.\",\"breadcrumb\":{\"@id\":\"https:\\\/\\\/www.idiomas-eugeniasgenius.com\\\/bachillerato-americano\\\/#breadcrumb\"},\"inLanguage\":\"en-GB\",\"potentialAction\":[{\"@type\":\"ReadAction\",\"target\":[\"https:\\\/\\\/www.idiomas-eugeniasgenius.com\\\/bachillerato-americano\\\/\"]}]},{\"@type\":\"ImageObject\",\"inLanguage\":\"en-GB\",\"@id\":\"https:\\\/\\\/www.idiomas-eugeniasgenius.com\\\/bachillerato-americano\\\/#primaryimage\",\"url\":\"https:\\\/\\\/www.idiomas-eugeniasgenius.com\\\/wp-content\\\/uploads\\\/2023\\\/02\\\/bachillerato-americano-300x300.jpg\",\"contentUrl\":\"https:\\\/\\\/www.idiomas-eugeniasgenius.com\\\/wp-content\\\/uploads\\\/2023\\\/02\\\/bachillerato-americano-300x300.jpg\"},{\"@type\":\"BreadcrumbList\",\"@id\":\"https:\\\/\\\/www.idiomas-eugeniasgenius.com\\\/bachillerato-americano\\\/#breadcrumb\",\"itemListElement\":[{\"@type\":\"ListItem\",\"position\":1,\"name\":\"Portada\",\"item\":\"https:\\\/\\\/www.idiomas-eugeniasgenius.com\\\/es_es\\\/\"},{\"@type\":\"ListItem\",\"position\":2,\"name\":\"Bachillerato Americano\"}]},{\"@type\":\"WebSite\",\"@id\":\"https:\\\/\\\/www.idiomas-eugeniasgenius.com\\\/#website\",\"url\":\"https:\\\/\\\/www.idiomas-eugeniasgenius.com\\\/\",\"name\":\"Escuela de Idiomas en El Ejido\",\"description\":\"Escuela de idiomas en El Ejido\",\"alternateName\":\"Eugenias Genius\",\"potentialAction\":[{\"@type\":\"SearchAction\",\"target\":{\"@type\":\"EntryPoint\",\"urlTemplate\":\"https:\\\/\\\/www.idiomas-eugeniasgenius.com\\\/?s={search_term_string}\"},\"query-input\":{\"@type\":\"PropertyValueSpecification\",\"valueRequired\":true,\"valueName\":\"search_term_string\"}}],\"inLanguage\":\"en-GB\"}]}<\/script>\n<!-- \/ Yoast SEO plugin. -->","yoast_head_json":{"title":"Bachillerato Americano - Escuela de Idiomas en El Ejido","description":"Programa de convalidaci\u00f3n internacional de t\u00edtulos de bachillerato que ofrece la posibilidad de obtener dos titulaciones a la vez.","robots":{"index":"index","follow":"follow","max-snippet":"max-snippet:-1","max-image-preview":"max-image-preview:large","max-video-preview":"max-video-preview:-1"},"canonical":"https:\/\/www.idiomas-eugeniasgenius.com\/en\/bachillerato-americano\/","og_locale":"en_GB","og_type":"article","og_title":"Bachillerato Americano - Escuela de Idiomas en El Ejido","og_description":"Programa de convalidaci\u00f3n internacional de t\u00edtulos de bachillerato que ofrece la posibilidad de obtener dos titulaciones a la vez.","og_url":"https:\/\/www.idiomas-eugeniasgenius.com\/en\/bachillerato-americano\/","og_site_name":"Escuela de Idiomas en El Ejido","article_publisher":"https:\/\/www.youtube.com\/@adminEugenius","article_modified_time":"2023-10-03T07:57:57+00:00","twitter_card":"summary_large_image","schema":{"@context":"https:\/\/schema.org","@graph":[{"@type":"WebPage","@id":"https:\/\/www.idiomas-eugeniasgenius.com\/bachillerato-americano\/","url":"https:\/\/www.idiomas-eugeniasgenius.com\/bachillerato-americano\/","name":"Bachillerato Americano - Escuela de Idiomas en El Ejido","isPartOf":{"@id":"https:\/\/www.idiomas-eugeniasgenius.com\/#website"},"primaryImageOfPage":{"@id":"https:\/\/www.idiomas-eugeniasgenius.com\/bachillerato-americano\/#primaryimage"},"image":{"@id":"https:\/\/www.idiomas-eugeniasgenius.com\/bachillerato-americano\/#primaryimage"},"thumbnailUrl":"https:\/\/www.idiomas-eugeniasgenius.com\/wp-content\/uploads\/2023\/02\/bachillerato-americano-300x300.jpg","datePublished":"2023-02-21T10:17:47+00:00","dateModified":"2023-10-03T07:57:57+00:00","description":"Programa de convalidaci\u00f3n internacional de t\u00edtulos de bachillerato que ofrece la posibilidad de obtener dos titulaciones a la vez.","breadcrumb":{"@id":"https:\/\/www.idiomas-eugeniasgenius.com\/bachillerato-americano\/#breadcrumb"},"inLanguage":"en-GB","potentialAction":[{"@type":"ReadAction","target":["https:\/\/www.idiomas-eugeniasgenius.com\/bachillerato-americano\/"]}]},{"@type":"ImageObject","inLanguage":"en-GB","@id":"https:\/\/www.idiomas-eugeniasgenius.com\/bachillerato-americano\/#primaryimage","url":"https:\/\/www.idiomas-eugeniasgenius.com\/wp-content\/uploads\/2023\/02\/bachillerato-americano-300x300.jpg","contentUrl":"https:\/\/www.idiomas-eugeniasgenius.com\/wp-content\/uploads\/2023\/02\/bachillerato-americano-300x300.jpg"},{"@type":"BreadcrumbList","@id":"https:\/\/www.idiomas-eugeniasgenius.com\/bachillerato-americano\/#breadcrumb","itemListElement":[{"@type":"ListItem","position":1,"name":"Portada","item":"https:\/\/www.idiomas-eugeniasgenius.com\/es_es\/"},{"@type":"ListItem","position":2,"name":"Bachillerato Americano"}]},{"@type":"WebSite","@id":"https:\/\/www.idiomas-eugeniasgenius.com\/#website","url":"https:\/\/www.idiomas-eugeniasgenius.com\/","name":"Escuela de Idiomas en El Ejido","description":"Escuela de idiomas en El Ejido","alternateName":"Eugenias Genius","potentialAction":[{"@type":"SearchAction","target":{"@type":"EntryPoint","urlTemplate":"https:\/\/www.idiomas-eugeniasgenius.com\/?s={search_term_string}"},"query-input":{"@type":"PropertyValueSpecification","valueRequired":true,"valueName":"search_term_string"}}],"inLanguage":"en-GB"}]}},"builder_content":"<h1>Bachillerato Americano<br\/><\/h1>\n\n<em style=\"color:#ff8800\" ><svg xmlns:xlink=\"http:\/\/www.w3.org\/1999\/xlink\" aria-hidden=\"true\"><use href=\"#tf-ti-time\" xlink:href=\"#tf-ti-time\"><\/use><\/svg><\/em> Septiembre a Julio\n<em style=\"color:#ff8800\" ><svg xmlns:xlink=\"http:\/\/www.w3.org\/1999\/xlink\" aria-hidden=\"true\"><use href=\"#tf-ti-bar-chart\" xlink:href=\"#tf-ti-bar-chart\"><\/use><\/svg><\/em> 2\u00aa, 3\u00aa y 4\u00aa ESO 1\u00ba Bachiller\n<img src=\"https:\/\/www.idiomas-eugeniasgenius.com\/wp-content\/uploads\/2023\/02\/bachillerato-americano-300x300.jpg\" width=\"300\" height=\"300\" title=\"bachillerato-americano\" alt=\"Bachillerato Dual Americano\" srcset=\"https:\/\/www.idiomas-eugeniasgenius.com\/wp-content\/uploads\/2023\/02\/bachillerato-americano-300x300.jpg 300w, https:\/\/www.idiomas-eugeniasgenius.com\/wp-content\/uploads\/2023\/02\/bachillerato-americano-150x150.jpg 150w, https:\/\/www.idiomas-eugeniasgenius.com\/wp-content\/uploads\/2023\/02\/bachillerato-americano.jpg 600w\" sizes=\"(max-width: 300px) 100vw, 300px\" \/>\n<p>Programa de convalidaci\u00f3n internacional de t\u00edtulos de bachillerato que ofrece la posibilidad de obtener dos titulaciones a la vez:<br>el <strong>bachillerato del pa\u00eds de origen<\/strong>, de manera presencial, y el <strong>American High School Diploma<\/strong>, de forma online.<br><br><\/p> <h3>Programa<\/h3> <hr>\n<h2>ACAD\u00c9MICA<\/h2> <hr>\n<h3>4 Year Program \u2013 2nd Year of ESO*<\/h3>\n<p><strong>2nd Year of ESO:<\/strong><br>English<\/p> <hr> <p><strong>3rd Year of ESO:<\/strong><br>English &amp; Life Management Skills (electiva obligatoria)<\/p> <hr> <p><strong>4th Year of ESO:<\/strong><br>U.S. History &amp; Elective<\/p> <hr> <p><strong>1st Year of Bachillerato:<\/strong><br>U.S. Government + Economics<\/p> <p><em>*En 2\u00ba ESO podr\u00e1n acceder al programa aquellos alumnos que, por su nivel de ingl\u00e9s, madurez e inter\u00e9s, sean recomendados por el colegio para su inscripci\u00f3n.<\/em><\/p>\n<h3>4 Year Program \u2013 3rd Year of ESO*<\/h3>\n<p><strong>3rd Year of ESO:<\/strong><br>English &amp; Life Management Skills (electiva obligatoria)<\/p> <hr> <p><strong>4th Year of ESO:<\/strong><br>English &amp; U.S History<\/p> <hr> <p><strong>1st Year of Bachillerato:<\/strong><br>U.S Government + Economics<\/p> <hr> <p><strong>2nd Year of Bachillerato:<\/strong><br>Elective*<\/p>\n<p><em>*El programa ofrece la posibilidad de cursar esta asignatura en 1\u00ba Bachillerato, realizando as\u00ed el Diploma Dual\u00ae en solo 3 a\u00f1os.<\/em><\/p>\n<h2>EDUCATUS<\/h2> <hr>\n<h3>Social Studies<\/h3>\n<ul> <li>Contemporary world<\/li> <li>Financial Mathematics<\/li> <li>U.S. Government<\/li> <li>Criminal Justice<\/li> <li>Entrepreneurship<\/li> <li>Forensic Science<\/li> <li>Hospitality and tourism<\/li> <li>Journalism<\/li> <li>Public Speaking<\/li> <li>Social Problems<\/li> <li>Anthropology<hr><\/li> <\/ul>\n<h3>Science<\/h3>\n<ul> <li>Earth and Space Science<\/li> <li>Agriscience<\/li> <li>Astronomy<\/li> <li>Biotechnology<\/li> <li>Nurse Aide<\/li> <li>Coding<\/li> <li>Cybersecurity<\/li> <li>Health Science<\/li> <li>Robotics<\/li> <li>Marine Science<hr><\/li> <\/ul>\n<h3>3 Year Program \u2013 4th Year of ESO<\/h3>\n<p><strong>4th Year of ESO:<\/strong><br>English &amp; Life Management Skills (electiva obligatoria)<\/p> <hr> <p><strong>1st Year of Bachillerato:<\/strong><br>English &amp; U.S History<\/p> <hr> <p><strong>2nd Year of Bachillerato:<\/strong><br>U.S. Government\/Economics + Elective*<\/p> <hr> <p><em>*Summer School: el programa ofrece a los alumnos con buenas calificaciones, que al llegar a 2\u00ba de Bachillerato tengan que cursar 2 \u00f3 3 cr\u00e9ditos, adelantar la asignatura electiva del \u00faltimo a\u00f1o, realiz\u00e1ndola durante el verano de 1\u00ba a 2\u00ba de Bachillerato.<\/em><\/p>\n<h3>2 Year Program \u2013 1st Year of Bachillerato<\/h3>\n<p><strong>1st Year of Bachillerato:<\/strong><br>English &amp; U.S. History &amp; Life Management Skills (electiva obligatoria)<\/p> <hr> <p><strong>2nd Year of Bachillerato:<\/strong><br>English &amp; U.S. Government + Economics &amp; Elective*<\/p> <hr> <p><em>*Summer School: el programa ofrece a los alumnos con buenas calificaciones, que al llegar a 2\u00ba de Bachillerato tengan que cursar 2 \u00f3 3 cr\u00e9ditos, adelantar la asignatura electiva del \u00faltimo a\u00f1o, realiz\u00e1ndola durante el verano de 1\u00ba a 2\u00ba de Bachillerato.<\/em><\/p>\n<h3>Arts<\/h3>\n<ul> <li>Animation<\/li> <li>Culinary Arts<\/li> <li>Digital photography<\/li> <li>Theater, Cinema and Film production<\/li> <li>Art in world cultures<\/li> <li>3D modeling<\/li> <li>Cosmetology<\/li> <li>Fashion and interior design<hr><\/li> <\/ul>\n<a href=\"https:\/\/www.idiomas-eugeniasgenius.com\/inscripcion\/\" > Inf\u00f3rmate sobre estos cursos <\/a>","_links":{"self":[{"href":"https:\/\/www.idiomas-eugeniasgenius.com\/en\/wp-json\/wp\/v2\/pages\/855","targetHints":{"allow":["GET"]}}],"collection":[{"href":"https:\/\/www.idiomas-eugeniasgenius.com\/en\/wp-json\/wp\/v2\/pages"}],"about":[{"href":"https:\/\/www.idiomas-eugeniasgenius.com\/en\/wp-json\/wp\/v2\/types\/page"}],"author":[{"embeddable":true,"href":"https:\/\/www.idiomas-eugeniasgenius.com\/en\/wp-json\/wp\/v2\/users\/1"}],"replies":[{"embeddable":true,"href":"https:\/\/www.idiomas-eugeniasgenius.com\/en\/wp-json\/wp\/v2\/comments?post=855"}],"version-history":[{"count":2,"href":"https:\/\/www.idiomas-eugeniasgenius.com\/en\/wp-json\/wp\/v2\/pages\/855\/revisions"}],"predecessor-version":[{"id":2029,"href":"https:\/\/www.idiomas-eugeniasgenius.com\/en\/wp-json\/wp\/v2\/pages\/855\/revisions\/2029"}],"wp:attachment":[{"href":"https:\/\/www.idiomas-eugeniasgenius.com\/en\/wp-json\/wp\/v2\/media?parent=855"}],"curies":[{"name":"wp","href":"https:\/\/api.w.org\/{rel}","templated":true}]}}