{"id":866,"date":"2023-02-21T11:12:13","date_gmt":"2023-02-21T11:12:13","guid":{"rendered":"https:\/\/www.idiomas-eugeniasgenius.com\/?page_id=866"},"modified":"2025-05-26T09:56:30","modified_gmt":"2025-05-26T09:56:30","slug":"formacion-online","status":"publish","type":"page","link":"https:\/\/www.idiomas-eugeniasgenius.com\/en\/formacion-online\/","title":{"rendered":"ONLINE EDUCATION"},"content":{"rendered":"<!--themify_builder_content-->\n<div id=\"themify_builder_content-866\" data-postid=\"866\" class=\"themify_builder_content themify_builder_content-866 themify_builder tf_clear\">\n                    <div  data-lazy=\"1\" class=\"module_row themify_builder_row tb_k3t7122 tb_first tf_w\">\n                        <div class=\"row_inner col_align_top tb_col_count_2 tf_box tf_rel\">\n                        <div  data-lazy=\"1\" class=\"module_column tb-column col3-2 tb_13th123 first\">\n                    <!-- module fancy heading -->\n<div  class=\"module module-fancy-heading tb_ni87381\" data-lazy=\"1\">\n        <h1 class=\"fancy-heading tf_textc\">\n    <span class=\"main-head tf_block\">\n                    ONLINE EDUCATION            <\/span>\n\n    \n    <span class=\"sub-head tf_block tf_rel\">\n                                <\/span>\n    <\/h1>\n<\/div>\n<!-- \/module fancy heading -->\n<!-- module divider -->\n<div  class=\"module tf_mw module-divider tb_ck1t739 solid\" style=\"border-width: 1px;border-color: #a1a1a1;\" data-lazy=\"1\">\n    <\/div>\n<!-- \/module divider -->\n        <\/div>\n                    <div  data-lazy=\"1\" class=\"module_column tb-column col3-1 tb_x9hk260 last\">\n                    <!-- module image -->\n<div  class=\"module module-image tb_x2qn636 image-center   tf_mw\" data-lazy=\"1\">\n        <div class=\"image-wrap tf_rel tf_mw\">\n            <img loading=\"lazy\" decoding=\"async\" src=\"https:\/\/www.idiomas-eugeniasgenius.com\/wp-content\/uploads\/2023\/02\/formacion-online-300x300.jpg\" width=\"300\" height=\"300\" class=\"wp-post-image wp-image-873\" title=\"formacion-online\" alt=\"Formaci\u00f3n online\" srcset=\"https:\/\/www.idiomas-eugeniasgenius.com\/wp-content\/uploads\/2023\/02\/formacion-online-300x300.jpg 300w, https:\/\/www.idiomas-eugeniasgenius.com\/wp-content\/uploads\/2023\/02\/formacion-online-150x150.jpg 150w, https:\/\/www.idiomas-eugeniasgenius.com\/wp-content\/uploads\/2023\/02\/formacion-online.jpg 600w\" sizes=\"auto, (max-width: 300px) 100vw, 300px\" \/>    \n        <\/div>\n    <!-- \/image-wrap -->\n    \n        <\/div>\n<!-- \/module image -->        <\/div>\n                        <\/div>\n        <\/div>\n                        <div  data-lazy=\"1\" class=\"module_row themify_builder_row tb_wpj3809 tf_w\">\n                        <div class=\"row_inner col_align_top tb_col_count_2 tf_box tf_rel\">\n                        <div  data-lazy=\"1\" class=\"module_column tb-column col4-2 tb_e3me809 first\">\n                    <!-- module text -->\n<div  class=\"module module-text tb_83b5403\" data-lazy=\"1\">\n        <div  class=\"tb_text_wrap\">\n        <h3 style=\"text-align: center;\"><span style=\"font-size: 16px; font-weight: 400;\">If you cannot attend in person, join your group from here.<\/span><\/h3>    <\/div>\n<\/div>\n<!-- \/module text --><!-- module buttons -->\n<div  class=\"module module-buttons tb_2xm2597 buttons-horizontal solid   circle\" data-lazy=\"1\">\n        <div class=\"module-buttons-item tf_in_flx\">\n                        <a href=\"https:\/\/classroom.google.com\/\" class=\"ui builder_button tf_in_flx tb_default_color\" target=\"_blank\" rel=\"noopener\">\n                                                Google Clasroom                                        <\/a>\n                <\/div>\n            <\/div>\n<!-- \/module buttons -->\n        <\/div>\n                    <div  data-lazy=\"1\" class=\"module_column tb-column col4-2 tb_xz2q783 last\">\n                    <!-- module text -->\n<div  class=\"module module-text tb_91wk343\" data-lazy=\"1\">\n        <div  class=\"tb_text_wrap\">\n        <h3 style=\"text-align: center;\"><span style=\"font-size: 16px; font-weight: 400;\">You can practice your Cambridge exams from here.<\/span><\/h3>    <\/div>\n<\/div>\n<!-- \/module text --><!-- module buttons -->\n<div  class=\"module module-buttons tb_qre2224 buttons-horizontal solid\" data-lazy=\"1\">\n        <div class=\"module-buttons-item tf_in_flx\">\n                        <a href=\"https:\/\/www.englishexamslab.com\/en\/members\/login\/\" class=\"ui builder_button tf_in_flx tb_default_color\" target=\"_blank\" rel=\"noopener\">\n                                                Cambridge exams                                        <\/a>\n                <\/div>\n            <\/div>\n<!-- \/module buttons -->\n        <\/div>\n                        <\/div>\n        <\/div>\n                        <div  data-lazy=\"1\" class=\"module_row themify_builder_row tb_sxq6544 tf_w\">\n                        <div class=\"row_inner col_align_top tb_col_count_1 tf_box tf_rel\">\n                        <div  data-lazy=\"1\" class=\"module_column tb-column col-full tb_82b5544 first\">\n                    <!-- module fancy heading -->\n<div  class=\"module module-fancy-heading tb_6w2o427\" data-lazy=\"1\">\n        <h2 class=\"fancy-heading tf_textc\">\n    <span class=\"main-head tf_block\">\n                    ACCESS TO CAMPUS            <\/span>\n\n    \n    <span class=\"sub-head tf_block tf_rel\">\n                    Click on the image            <\/span>\n    <\/h2>\n<\/div>\n<!-- \/module fancy heading -->\n        <\/div>\n                        <\/div>\n        <\/div>\n                        <div  data-lazy=\"1\" class=\"module_row themify_builder_row tb_mqus482 tf_w\">\n                        <div class=\"row_inner col_align_top tb_col_count_1 tf_box tf_rel\">\n                        <div  data-lazy=\"1\" class=\"module_column tb-column col-full tb_pqqc482 first\">\n                    <!-- module image -->\n<div  class=\"module module-image tb_3k0o588 image-top   tf_mw\" data-lazy=\"1\">\n        <div class=\"image-wrap tf_rel tf_mw\">\n            <a href=\"https:\/\/eugeniasgenius-campus.com\/\" rel=\"noopener\" target=\"_blank\">\n                   <img loading=\"lazy\" decoding=\"async\" width=\"1200\" height=\"653\" src=\"https:\/\/www.idiomas-eugeniasgenius.com\/wp-content\/uploads\/2025\/05\/portada-campus.jpg\" class=\"wp-post-image wp-image-2231\" title=\"Acceso al campus\" alt=\"Acceso al campus Eugenias Genius\" srcset=\"https:\/\/www.idiomas-eugeniasgenius.com\/wp-content\/uploads\/2025\/05\/portada-campus.jpg 1200w, https:\/\/www.idiomas-eugeniasgenius.com\/wp-content\/uploads\/2025\/05\/portada-campus-300x163.jpg 300w, https:\/\/www.idiomas-eugeniasgenius.com\/wp-content\/uploads\/2025\/05\/portada-campus-1024x557.jpg 1024w, https:\/\/www.idiomas-eugeniasgenius.com\/wp-content\/uploads\/2025\/05\/portada-campus-768x418.jpg 768w, https:\/\/www.idiomas-eugeniasgenius.com\/wp-content\/uploads\/2025\/05\/portada-campus-18x10.jpg 18w\" sizes=\"auto, (max-width: 1200px) 100vw, 1200px\" \/>        <\/a>\n    \n        <\/div>\n    <!-- \/image-wrap -->\n    \n        <div class=\"image-content\">\n                    <h3 class=\"image-title\">\n                                    <a href=\"https:\/\/eugeniasgenius-campus.com\/\" rel=\"noopener\" target=\"_blank\">\n                        Acceso al campus                    <\/a>\n                            <\/h3>\n                    <\/div>\n    <!-- \/image-content -->\n        <\/div>\n<!-- \/module image -->        <\/div>\n                        <\/div>\n        <\/div>\n        <\/div>\n<!--\/themify_builder_content-->","protected":false},"excerpt":{"rendered":"<p>If you cannot attend in person, join your group from here.<\/p>","protected":false},"author":1,"featured_media":0,"parent":0,"menu_order":0,"comment_status":"closed","ping_status":"closed","template":"","meta":{"footnotes":""},"class_list":["post-866","page","type-page","status-publish","hentry","has-post-title","has-post-date","has-post-category","has-post-tag","has-post-comment","has-post-author",""],"yoast_head":"<!-- This site is optimized with the Yoast SEO plugin v27.4 - https:\/\/yoast.com\/product\/yoast-seo-wordpress\/ -->\n<title>Formaci\u00f3n Online - Escuela de Idiomas en El Ejido<\/title>\n<meta name=\"description\" content=\"Si no puedes asistir presencialmente, \u00fanete a tu grupo desde aqu\u00ed. Puedes practicar tus ex\u00e1menes de Cambridge desde aqu\u00ed.\" \/>\n<meta name=\"robots\" content=\"index, follow, max-snippet:-1, max-image-preview:large, max-video-preview:-1\" \/>\n<link rel=\"canonical\" href=\"https:\/\/www.idiomas-eugeniasgenius.com\/en\/formacion-online\/\" \/>\n<meta property=\"og:locale\" content=\"en_GB\" \/>\n<meta property=\"og:type\" content=\"article\" \/>\n<meta property=\"og:title\" content=\"Formaci\u00f3n Online - Escuela de Idiomas en El Ejido\" \/>\n<meta property=\"og:description\" content=\"Si no puedes asistir presencialmente, \u00fanete a tu grupo desde aqu\u00ed. Puedes practicar tus ex\u00e1menes de Cambridge desde aqu\u00ed.\" \/>\n<meta property=\"og:url\" content=\"https:\/\/www.idiomas-eugeniasgenius.com\/en\/formacion-online\/\" \/>\n<meta property=\"og:site_name\" content=\"Escuela de Idiomas en El Ejido\" \/>\n<meta property=\"article:publisher\" content=\"https:\/\/www.youtube.com\/@adminEugenius\" \/>\n<meta property=\"article:modified_time\" content=\"2025-05-26T09:56:30+00:00\" \/>\n<meta property=\"og:image\" content=\"https:\/\/www.idiomas-eugeniasgenius.com\/wp-content\/uploads\/2023\/02\/formacion-online-300x300.jpg\" \/>\n<meta name=\"twitter:card\" content=\"summary_large_image\" \/>\n<meta name=\"twitter:label1\" content=\"Estimated reading time\" \/>\n\t<meta name=\"twitter:data1\" content=\"2 minutes\" \/>\n<script type=\"application\/ld+json\" class=\"yoast-schema-graph\">{\"@context\":\"https:\\\/\\\/schema.org\",\"@graph\":[{\"@type\":\"WebPage\",\"@id\":\"https:\\\/\\\/www.idiomas-eugeniasgenius.com\\\/formacion-online\\\/\",\"url\":\"https:\\\/\\\/www.idiomas-eugeniasgenius.com\\\/formacion-online\\\/\",\"name\":\"Formaci\u00f3n Online - Escuela de Idiomas en El Ejido\",\"isPartOf\":{\"@id\":\"https:\\\/\\\/www.idiomas-eugeniasgenius.com\\\/#website\"},\"primaryImageOfPage\":{\"@id\":\"https:\\\/\\\/www.idiomas-eugeniasgenius.com\\\/formacion-online\\\/#primaryimage\"},\"image\":{\"@id\":\"https:\\\/\\\/www.idiomas-eugeniasgenius.com\\\/formacion-online\\\/#primaryimage\"},\"thumbnailUrl\":\"https:\\\/\\\/www.idiomas-eugeniasgenius.com\\\/wp-content\\\/uploads\\\/2023\\\/02\\\/formacion-online-300x300.jpg\",\"datePublished\":\"2023-02-21T11:12:13+00:00\",\"dateModified\":\"2025-05-26T09:56:30+00:00\",\"description\":\"Si no puedes asistir presencialmente, \u00fanete a tu grupo desde aqu\u00ed. Puedes practicar tus ex\u00e1menes de Cambridge desde aqu\u00ed.\",\"breadcrumb\":{\"@id\":\"https:\\\/\\\/www.idiomas-eugeniasgenius.com\\\/formacion-online\\\/#breadcrumb\"},\"inLanguage\":\"en-GB\",\"potentialAction\":[{\"@type\":\"ReadAction\",\"target\":[\"https:\\\/\\\/www.idiomas-eugeniasgenius.com\\\/formacion-online\\\/\"]}]},{\"@type\":\"ImageObject\",\"inLanguage\":\"en-GB\",\"@id\":\"https:\\\/\\\/www.idiomas-eugeniasgenius.com\\\/formacion-online\\\/#primaryimage\",\"url\":\"https:\\\/\\\/www.idiomas-eugeniasgenius.com\\\/wp-content\\\/uploads\\\/2023\\\/02\\\/formacion-online-300x300.jpg\",\"contentUrl\":\"https:\\\/\\\/www.idiomas-eugeniasgenius.com\\\/wp-content\\\/uploads\\\/2023\\\/02\\\/formacion-online-300x300.jpg\"},{\"@type\":\"BreadcrumbList\",\"@id\":\"https:\\\/\\\/www.idiomas-eugeniasgenius.com\\\/formacion-online\\\/#breadcrumb\",\"itemListElement\":[{\"@type\":\"ListItem\",\"position\":1,\"name\":\"Portada\",\"item\":\"https:\\\/\\\/www.idiomas-eugeniasgenius.com\\\/es_es\\\/\"},{\"@type\":\"ListItem\",\"position\":2,\"name\":\"Formaci\u00f3n Online\"}]},{\"@type\":\"WebSite\",\"@id\":\"https:\\\/\\\/www.idiomas-eugeniasgenius.com\\\/#website\",\"url\":\"https:\\\/\\\/www.idiomas-eugeniasgenius.com\\\/\",\"name\":\"Escuela de Idiomas en El Ejido\",\"description\":\"Escuela de idiomas en El Ejido\",\"alternateName\":\"Eugenias Genius\",\"potentialAction\":[{\"@type\":\"SearchAction\",\"target\":{\"@type\":\"EntryPoint\",\"urlTemplate\":\"https:\\\/\\\/www.idiomas-eugeniasgenius.com\\\/?s={search_term_string}\"},\"query-input\":{\"@type\":\"PropertyValueSpecification\",\"valueRequired\":true,\"valueName\":\"search_term_string\"}}],\"inLanguage\":\"en-GB\"}]}<\/script>\n<!-- \/ Yoast SEO plugin. -->","yoast_head_json":{"title":"Formaci\u00f3n Online - Escuela de Idiomas en El Ejido","description":"Si no puedes asistir presencialmente, \u00fanete a tu grupo desde aqu\u00ed. Puedes practicar tus ex\u00e1menes de Cambridge desde aqu\u00ed.","robots":{"index":"index","follow":"follow","max-snippet":"max-snippet:-1","max-image-preview":"max-image-preview:large","max-video-preview":"max-video-preview:-1"},"canonical":"https:\/\/www.idiomas-eugeniasgenius.com\/en\/formacion-online\/","og_locale":"en_GB","og_type":"article","og_title":"Formaci\u00f3n Online - Escuela de Idiomas en El Ejido","og_description":"Si no puedes asistir presencialmente, \u00fanete a tu grupo desde aqu\u00ed. Puedes practicar tus ex\u00e1menes de Cambridge desde aqu\u00ed.","og_url":"https:\/\/www.idiomas-eugeniasgenius.com\/en\/formacion-online\/","og_site_name":"Escuela de Idiomas en El Ejido","article_publisher":"https:\/\/www.youtube.com\/@adminEugenius","article_modified_time":"2025-05-26T09:56:30+00:00","og_image":[{"url":"https:\/\/www.idiomas-eugeniasgenius.com\/wp-content\/uploads\/2023\/02\/formacion-online-300x300.jpg","type":"","width":"","height":""}],"twitter_card":"summary_large_image","twitter_misc":{"Estimated reading time":"2 minutes"},"schema":{"@context":"https:\/\/schema.org","@graph":[{"@type":"WebPage","@id":"https:\/\/www.idiomas-eugeniasgenius.com\/formacion-online\/","url":"https:\/\/www.idiomas-eugeniasgenius.com\/formacion-online\/","name":"Formaci\u00f3n Online - Escuela de Idiomas en El Ejido","isPartOf":{"@id":"https:\/\/www.idiomas-eugeniasgenius.com\/#website"},"primaryImageOfPage":{"@id":"https:\/\/www.idiomas-eugeniasgenius.com\/formacion-online\/#primaryimage"},"image":{"@id":"https:\/\/www.idiomas-eugeniasgenius.com\/formacion-online\/#primaryimage"},"thumbnailUrl":"https:\/\/www.idiomas-eugeniasgenius.com\/wp-content\/uploads\/2023\/02\/formacion-online-300x300.jpg","datePublished":"2023-02-21T11:12:13+00:00","dateModified":"2025-05-26T09:56:30+00:00","description":"Si no puedes asistir presencialmente, \u00fanete a tu grupo desde aqu\u00ed. Puedes practicar tus ex\u00e1menes de Cambridge desde aqu\u00ed.","breadcrumb":{"@id":"https:\/\/www.idiomas-eugeniasgenius.com\/formacion-online\/#breadcrumb"},"inLanguage":"en-GB","potentialAction":[{"@type":"ReadAction","target":["https:\/\/www.idiomas-eugeniasgenius.com\/formacion-online\/"]}]},{"@type":"ImageObject","inLanguage":"en-GB","@id":"https:\/\/www.idiomas-eugeniasgenius.com\/formacion-online\/#primaryimage","url":"https:\/\/www.idiomas-eugeniasgenius.com\/wp-content\/uploads\/2023\/02\/formacion-online-300x300.jpg","contentUrl":"https:\/\/www.idiomas-eugeniasgenius.com\/wp-content\/uploads\/2023\/02\/formacion-online-300x300.jpg"},{"@type":"BreadcrumbList","@id":"https:\/\/www.idiomas-eugeniasgenius.com\/formacion-online\/#breadcrumb","itemListElement":[{"@type":"ListItem","position":1,"name":"Portada","item":"https:\/\/www.idiomas-eugeniasgenius.com\/es_es\/"},{"@type":"ListItem","position":2,"name":"Formaci\u00f3n Online"}]},{"@type":"WebSite","@id":"https:\/\/www.idiomas-eugeniasgenius.com\/#website","url":"https:\/\/www.idiomas-eugeniasgenius.com\/","name":"Escuela de Idiomas en El Ejido","description":"Escuela de idiomas en El Ejido","alternateName":"Eugenias Genius","potentialAction":[{"@type":"SearchAction","target":{"@type":"EntryPoint","urlTemplate":"https:\/\/www.idiomas-eugeniasgenius.com\/?s={search_term_string}"},"query-input":{"@type":"PropertyValueSpecification","valueRequired":true,"valueName":"search_term_string"}}],"inLanguage":"en-GB"}]}},"builder_content":"<h1>Formaci\u00f3n Online<br\/><\/h1>\n\n<img src=\"https:\/\/www.idiomas-eugeniasgenius.com\/wp-content\/uploads\/2023\/02\/formacion-online-300x300.jpg\" width=\"300\" height=\"300\" title=\"formacion-online\" alt=\"Formaci\u00f3n online\" srcset=\"https:\/\/www.idiomas-eugeniasgenius.com\/wp-content\/uploads\/2023\/02\/formacion-online-300x300.jpg 300w, https:\/\/www.idiomas-eugeniasgenius.com\/wp-content\/uploads\/2023\/02\/formacion-online-150x150.jpg 150w, https:\/\/www.idiomas-eugeniasgenius.com\/wp-content\/uploads\/2023\/02\/formacion-online.jpg 600w\" sizes=\"(max-width: 300px) 100vw, 300px\" \/>\n<h3 style=\"text-align: center;\">Si no puedes asistir presencialmente, \u00fanete a tu grupo desde aqu\u00ed.<\/h3>\n<a href=\"https:\/\/classroom.google.com\/\" target=\"_blank\" rel=\"noopener\"> Google Clasroom <\/a>\n<h3 style=\"text-align: center;\">Puedes practicar tus ex\u00e1menes de Cambridge desde aqu\u00ed.<\/h3>\n<a href=\"https:\/\/www.englishexamslab.com\/en\/members\/login\/\" target=\"_blank\" rel=\"noopener\"> Ex\u00e1menes Cambridge <\/a>\n<h2>ACCESO AL CAMPUS<br\/>Click sobre la imagen<\/h2>\n<a href=\"https:\/\/eugeniasgenius-campus.com\/\" rel=\"noopener\" target=\"_blank\"> <img src=\"https:\/\/www.idiomas-eugeniasgenius.com\/wp-content\/uploads\/2025\/05\/portada-campus.jpg\" title=\"Acceso al campus\" alt=\"Acceso al campus Eugenias Genius\" srcset=\"https:\/\/www.idiomas-eugeniasgenius.com\/wp-content\/uploads\/2025\/05\/portada-campus.jpg 1200w, https:\/\/www.idiomas-eugeniasgenius.com\/wp-content\/uploads\/2025\/05\/portada-campus-300x163.jpg 300w, https:\/\/www.idiomas-eugeniasgenius.com\/wp-content\/uploads\/2025\/05\/portada-campus-1024x557.jpg 1024w, https:\/\/www.idiomas-eugeniasgenius.com\/wp-content\/uploads\/2025\/05\/portada-campus-768x418.jpg 768w, https:\/\/www.idiomas-eugeniasgenius.com\/wp-content\/uploads\/2025\/05\/portada-campus-18x10.jpg 18w\" sizes=\"(max-width: 1200px) 100vw, 1200px\" \/> <\/a> <h3> <a href=\"https:\/\/eugeniasgenius-campus.com\/\" rel=\"noopener\" target=\"_blank\"> Acceso al campus <\/a> <\/h3>","_links":{"self":[{"href":"https:\/\/www.idiomas-eugeniasgenius.com\/en\/wp-json\/wp\/v2\/pages\/866","targetHints":{"allow":["GET"]}}],"collection":[{"href":"https:\/\/www.idiomas-eugeniasgenius.com\/en\/wp-json\/wp\/v2\/pages"}],"about":[{"href":"https:\/\/www.idiomas-eugeniasgenius.com\/en\/wp-json\/wp\/v2\/types\/page"}],"author":[{"embeddable":true,"href":"https:\/\/www.idiomas-eugeniasgenius.com\/en\/wp-json\/wp\/v2\/users\/1"}],"replies":[{"embeddable":true,"href":"https:\/\/www.idiomas-eugeniasgenius.com\/en\/wp-json\/wp\/v2\/comments?post=866"}],"version-history":[{"count":29,"href":"https:\/\/www.idiomas-eugeniasgenius.com\/en\/wp-json\/wp\/v2\/pages\/866\/revisions"}],"predecessor-version":[{"id":2362,"href":"https:\/\/www.idiomas-eugeniasgenius.com\/en\/wp-json\/wp\/v2\/pages\/866\/revisions\/2362"}],"wp:attachment":[{"href":"https:\/\/www.idiomas-eugeniasgenius.com\/en\/wp-json\/wp\/v2\/media?parent=866"}],"curies":[{"name":"wp","href":"https:\/\/api.w.org\/{rel}","templated":true}]}}