{"id":904,"date":"2023-02-21T17:54:04","date_gmt":"2023-02-21T17:54:04","guid":{"rendered":"https:\/\/www.idiomas-eugeniasgenius.com\/?page_id=904"},"modified":"2023-06-07T16:21:53","modified_gmt":"2023-06-07T16:21:53","slug":"titulacion-cambridge-a2","status":"publish","type":"page","link":"https:\/\/www.idiomas-eugeniasgenius.com\/en\/titulacion-cambridge-a2\/","title":{"rendered":"Titulaci\u00f3n Cambridge A2"},"content":{"rendered":"<!--themify_builder_content-->\n<div id=\"themify_builder_content-904\" data-postid=\"904\" class=\"themify_builder_content themify_builder_content-904 themify_builder tf_clear\">\n                    <div  data-lazy=\"1\" class=\"module_row themify_builder_row tb_k3t7122 tb_first tf_w\">\n                        <div class=\"row_inner col_align_top tb_col_count_2 tf_box tf_rel\">\n                        <div  data-lazy=\"1\" class=\"module_column tb-column col3-2 tb_13th123 first\">\n                    <!-- module fancy heading -->\n<div  class=\"module module-fancy-heading tb_ni87381\" data-lazy=\"1\">\n        <h1 class=\"fancy-heading tf_textc\">\n    <span class=\"main-head tf_block\">\n                    A2 FOR SCHOOLS             <\/span>\n\n    \n    <span class=\"sub-head tf_block tf_rel\">\n                                <\/span>\n    <\/h1>\n<\/div>\n<!-- \/module fancy heading -->\n<!-- module divider -->\n<div  class=\"module tf_mw module-divider tb_ck1t739 solid\" style=\"border-width: 1px;border-color: #a1a1a1;\" data-lazy=\"1\">\n    <\/div>\n<!-- \/module divider -->\n        <div  data-lazy=\"1\" class=\"module_subrow themify_builder_sub_row tf_w col_align_top tb_col_count_2 tb_nddi479\">\n                <div  data-lazy=\"1\" class=\"module_column sub_column col4-2 tb_rm3t480 first\">\n                    <!-- module icon -->\n<div  class=\"module module-icon tb_a00p445  large circle icon_horizontal\" data-lazy=\"1\">\n\t\t\t<div class=\"module-icon-item\">\n\t\t\t\t\t\t\t\t\t\t\t\t\t\t\t\t<em class=\"tf_box\"\n\t\t\t\t\t\t\t\t\t\t\t\t style=\"color:#ff8800\"\t\t\t\t\t><svg  class=\"tf_fa tf-ti-time\" xmlns:xlink=\"http:\/\/www.w3.org\/1999\/xlink\" aria-hidden=\"true\"><use href=\"#tf-ti-time\" xlink:href=\"#tf-ti-time\"><\/use><\/svg><\/em>\n\t\t\t\t\t\t\t\t\t\t\t\t\t\t\t\t\t\t\t<span>September to July<\/span>\n\t\t\t\t\t\t\t\t\t\t\t\t\t\t\t<\/div>\n\t<\/div>\n<!-- \/module icon -->\n        <\/div>\n                    <div  data-lazy=\"1\" class=\"module_column sub_column col4-2 tb_vgym480 last\">\n                    <!-- module icon -->\n<div  class=\"module module-icon tb_tz8b172  large circle icon_horizontal\" data-lazy=\"1\">\n\t\t\t<div class=\"module-icon-item\">\n\t\t\t\t\t\t\t\t\t\t\t\t\t\t\t\t<em class=\"tf_box\"\n\t\t\t\t\t\t\t\t\t\t\t\t style=\"color:#ff8800\"\t\t\t\t\t><svg  class=\"tf_fa tf-ti-bar-chart\" xmlns:xlink=\"http:\/\/www.w3.org\/1999\/xlink\" aria-hidden=\"true\"><use href=\"#tf-ti-bar-chart\" xlink:href=\"#tf-ti-bar-chart\"><\/use><\/svg><\/em>\n\t\t\t\t\t\t\t\t\t\t\t\t\t\t\t\t\t\t\t<span>All levels<\/span>\n\t\t\t\t\t\t\t\t\t\t\t\t\t\t\t<\/div>\n\t<\/div>\n<!-- \/module icon -->\n        <\/div>\n                    <\/div>\n                <\/div>\n                    <div  data-lazy=\"1\" class=\"module_column tb-column col3-1 tb_x9hk260 last\">\n                    <!-- module image -->\n<div  class=\"module module-image tb_x2qn636 image-center   tf_mw\" data-lazy=\"1\">\n        <div class=\"image-wrap tf_rel tf_mw\">\n            <img loading=\"lazy\" decoding=\"async\" src=\"https:\/\/www.idiomas-eugeniasgenius.com\/wp-content\/uploads\/2023\/02\/Cambridge-A2-300x300.jpg\" width=\"300\" height=\"300\" class=\"wp-post-image wp-image-911\" title=\"Cambridge-A2\" alt=\"Ex\u00e1menes oficiales Cambridge A2\" srcset=\"https:\/\/www.idiomas-eugeniasgenius.com\/wp-content\/uploads\/2023\/02\/Cambridge-A2-300x300.jpg 300w, https:\/\/www.idiomas-eugeniasgenius.com\/wp-content\/uploads\/2023\/02\/Cambridge-A2-150x150.jpg 150w, https:\/\/www.idiomas-eugeniasgenius.com\/wp-content\/uploads\/2023\/02\/Cambridge-A2.jpg 600w\" sizes=\"auto, (max-width: 300px) 100vw, 300px\" \/>    \n        <\/div>\n    <!-- \/image-wrap -->\n    \n        <\/div>\n<!-- \/module image -->        <\/div>\n                        <\/div>\n        <\/div>\n                        <div  data-lazy=\"1\" class=\"module_row themify_builder_row tb_wpj3809 tf_w\">\n                        <div class=\"row_inner col_align_top tb_col_count_1 tf_box tf_rel\">\n                        <div  data-lazy=\"1\" class=\"module_column tb-column col-full tb_e3me809 first\">\n                    <!-- module text -->\n<div  class=\"module module-text tb_83b5403\" data-lazy=\"1\">\n        <div  class=\"tb_text_wrap\">\n        <p class=\"translation-block\"><a href=\"https:\/\/www.cambridgeenglish.org\/es\/exams-and-tests\/key-for-schools\/\" target=\"_blank\" rel=\"noopener\"><strong>A2 Key<\/strong><\/a> is one of the  <a href=\"https:\/\/www.cambridgeenglish.org\/es\/exams-and-tests\/qualifications\/index.aspx\" target=\"_blank\" rel=\"noopener\">Cambridge English <\/a>qualifications.<\/p>\n<p class=\"translation-block\">This basic level qualification is indicated to start learning English in the last year of primary or the first year of secondary school.<br>The A2 Key qualification proves that the candidate can\ncommunicate in English in simple, everyday situations.<\/p>\n<h3>Content:<\/h3>\n<p>The exam tests the four language skills in English:<\/p>\n<ul>\n<li class=\"translation-block\">Reading<\/li>\n<li>Expresi\u00f3n Escrita (<em>Writing<\/em>)<\/li>\n<li class=\"translation-block\">Auditory Comprehension (<em>Listening<\/em>)<\/li>\n<li>Expresi\u00f3n Oral (<em>Speaking<\/em>).<\/li>\n<\/ul>    <\/div>\n<\/div>\n<!-- \/module text -->        <\/div>\n                        <\/div>\n        <\/div>\n                        <div  data-lazy=\"1\" class=\"module_row themify_builder_row tb_8zrj891 tf_w\">\n                        <div class=\"row_inner col_align_top tb_col_count_1 tf_box tf_rel\">\n                        <div  data-lazy=\"1\" class=\"module_column tb-column col-full tb_3mqx891 first\">\n                    <!-- module buttons -->\n<div  class=\"module module-buttons tb_kapd391 buttons-horizontal solid  circle\" data-lazy=\"1\">\n        <div class=\"module-buttons-item tf_in_flx\">\n                        <a href=\"https:\/\/www.idiomas-eugeniasgenius.com\/en\/inscripcion-ingles\/\" class=\"ui builder_button tf_in_flx blue\" >\n                                                Sign up for this course                                        <\/a>\n                <\/div>\n            <\/div>\n<!-- \/module buttons -->\n        <\/div>\n                        <\/div>\n        <\/div>\n        <\/div>\n<!--\/themify_builder_content-->","protected":false},"excerpt":{"rendered":"<p>A2 Key es una de las\u00a0titulaciones de Cambridge English. Esta titulaci\u00f3n de nivel b\u00e1sico est\u00e1 indicada para iniciar el aprendizaje del ingl\u00e9s.La titulaci\u00f3n A2 Key prueba que el candidato puede comunicarse en ingl\u00e9s en situaciones simples y cotidianas. Contenido: El examen pone a prueba las cuatro destrezas ling\u00fc\u00edsticas en ingl\u00e9s: Lectura\u00a0(Reading) Expresi\u00f3n Escrita (Writing) Comprensi\u00f3n [&hellip;]<\/p>\n","protected":false},"author":1,"featured_media":0,"parent":0,"menu_order":0,"comment_status":"closed","ping_status":"closed","template":"","meta":{"footnotes":""},"class_list":["post-904","page","type-page","status-publish","hentry","has-post-title","has-post-date","has-post-category","has-post-tag","has-post-comment","has-post-author",""],"yoast_head":"<!-- This site is optimized with the Yoast SEO plugin v27.4 - https:\/\/yoast.com\/product\/yoast-seo-wordpress\/ -->\n<title>Titulaci\u00f3n Cambridge A2 - Escuela de Idiomas en El Ejido<\/title>\n<meta name=\"description\" content=\"A2 Key es una de las titulaciones de Cambridge English. Esta titulaci\u00f3n de nivel b\u00e1sico est\u00e1 indicada para iniciar el aprendizaje del ingl\u00e9s.\" \/>\n<meta name=\"robots\" content=\"index, follow, max-snippet:-1, max-image-preview:large, max-video-preview:-1\" \/>\n<link rel=\"canonical\" href=\"https:\/\/www.idiomas-eugeniasgenius.com\/en\/titulacion-cambridge-a2\/\" \/>\n<meta property=\"og:locale\" content=\"en_GB\" \/>\n<meta property=\"og:type\" content=\"article\" \/>\n<meta property=\"og:title\" content=\"Titulaci\u00f3n Cambridge A2 - Escuela de Idiomas en El Ejido\" \/>\n<meta property=\"og:description\" content=\"A2 Key es una de las titulaciones de Cambridge English. Esta titulaci\u00f3n de nivel b\u00e1sico est\u00e1 indicada para iniciar el aprendizaje del ingl\u00e9s.\" \/>\n<meta property=\"og:url\" content=\"https:\/\/www.idiomas-eugeniasgenius.com\/en\/titulacion-cambridge-a2\/\" \/>\n<meta property=\"og:site_name\" content=\"Escuela de Idiomas en El Ejido\" \/>\n<meta property=\"article:publisher\" content=\"https:\/\/www.youtube.com\/@adminEugenius\" \/>\n<meta property=\"article:modified_time\" content=\"2023-06-07T16:21:53+00:00\" \/>\n<meta name=\"twitter:card\" content=\"summary_large_image\" \/>\n<script type=\"application\/ld+json\" class=\"yoast-schema-graph\">{\"@context\":\"https:\\\/\\\/schema.org\",\"@graph\":[{\"@type\":\"WebPage\",\"@id\":\"https:\\\/\\\/www.idiomas-eugeniasgenius.com\\\/titulacion-cambridge-a2\\\/\",\"url\":\"https:\\\/\\\/www.idiomas-eugeniasgenius.com\\\/titulacion-cambridge-a2\\\/\",\"name\":\"Titulaci\u00f3n Cambridge A2 - Escuela de Idiomas en El Ejido\",\"isPartOf\":{\"@id\":\"https:\\\/\\\/www.idiomas-eugeniasgenius.com\\\/#website\"},\"datePublished\":\"2023-02-21T17:54:04+00:00\",\"dateModified\":\"2023-06-07T16:21:53+00:00\",\"description\":\"A2 Key es una de las titulaciones de Cambridge English. Esta titulaci\u00f3n de nivel b\u00e1sico est\u00e1 indicada para iniciar el aprendizaje del ingl\u00e9s.\",\"breadcrumb\":{\"@id\":\"https:\\\/\\\/www.idiomas-eugeniasgenius.com\\\/titulacion-cambridge-a2\\\/#breadcrumb\"},\"inLanguage\":\"en-GB\",\"potentialAction\":[{\"@type\":\"ReadAction\",\"target\":[\"https:\\\/\\\/www.idiomas-eugeniasgenius.com\\\/titulacion-cambridge-a2\\\/\"]}]},{\"@type\":\"BreadcrumbList\",\"@id\":\"https:\\\/\\\/www.idiomas-eugeniasgenius.com\\\/titulacion-cambridge-a2\\\/#breadcrumb\",\"itemListElement\":[{\"@type\":\"ListItem\",\"position\":1,\"name\":\"Portada\",\"item\":\"https:\\\/\\\/www.idiomas-eugeniasgenius.com\\\/es_es\\\/\"},{\"@type\":\"ListItem\",\"position\":2,\"name\":\"Titulaci\u00f3n Cambridge A2\"}]},{\"@type\":\"WebSite\",\"@id\":\"https:\\\/\\\/www.idiomas-eugeniasgenius.com\\\/#website\",\"url\":\"https:\\\/\\\/www.idiomas-eugeniasgenius.com\\\/\",\"name\":\"Escuela de Idiomas en El Ejido\",\"description\":\"Escuela de idiomas en El Ejido\",\"alternateName\":\"Eugenias Genius\",\"potentialAction\":[{\"@type\":\"SearchAction\",\"target\":{\"@type\":\"EntryPoint\",\"urlTemplate\":\"https:\\\/\\\/www.idiomas-eugeniasgenius.com\\\/?s={search_term_string}\"},\"query-input\":{\"@type\":\"PropertyValueSpecification\",\"valueRequired\":true,\"valueName\":\"search_term_string\"}}],\"inLanguage\":\"en-GB\"}]}<\/script>\n<!-- \/ Yoast SEO plugin. -->","yoast_head_json":{"title":"Titulaci\u00f3n Cambridge A2 - Escuela de Idiomas en El Ejido","description":"A2 Key es una de las titulaciones de Cambridge English. Esta titulaci\u00f3n de nivel b\u00e1sico est\u00e1 indicada para iniciar el aprendizaje del ingl\u00e9s.","robots":{"index":"index","follow":"follow","max-snippet":"max-snippet:-1","max-image-preview":"max-image-preview:large","max-video-preview":"max-video-preview:-1"},"canonical":"https:\/\/www.idiomas-eugeniasgenius.com\/en\/titulacion-cambridge-a2\/","og_locale":"en_GB","og_type":"article","og_title":"Titulaci\u00f3n Cambridge A2 - Escuela de Idiomas en El Ejido","og_description":"A2 Key es una de las titulaciones de Cambridge English. Esta titulaci\u00f3n de nivel b\u00e1sico est\u00e1 indicada para iniciar el aprendizaje del ingl\u00e9s.","og_url":"https:\/\/www.idiomas-eugeniasgenius.com\/en\/titulacion-cambridge-a2\/","og_site_name":"Escuela de Idiomas en El Ejido","article_publisher":"https:\/\/www.youtube.com\/@adminEugenius","article_modified_time":"2023-06-07T16:21:53+00:00","twitter_card":"summary_large_image","schema":{"@context":"https:\/\/schema.org","@graph":[{"@type":"WebPage","@id":"https:\/\/www.idiomas-eugeniasgenius.com\/titulacion-cambridge-a2\/","url":"https:\/\/www.idiomas-eugeniasgenius.com\/titulacion-cambridge-a2\/","name":"Titulaci\u00f3n Cambridge A2 - Escuela de Idiomas en El Ejido","isPartOf":{"@id":"https:\/\/www.idiomas-eugeniasgenius.com\/#website"},"datePublished":"2023-02-21T17:54:04+00:00","dateModified":"2023-06-07T16:21:53+00:00","description":"A2 Key es una de las titulaciones de Cambridge English. Esta titulaci\u00f3n de nivel b\u00e1sico est\u00e1 indicada para iniciar el aprendizaje del ingl\u00e9s.","breadcrumb":{"@id":"https:\/\/www.idiomas-eugeniasgenius.com\/titulacion-cambridge-a2\/#breadcrumb"},"inLanguage":"en-GB","potentialAction":[{"@type":"ReadAction","target":["https:\/\/www.idiomas-eugeniasgenius.com\/titulacion-cambridge-a2\/"]}]},{"@type":"BreadcrumbList","@id":"https:\/\/www.idiomas-eugeniasgenius.com\/titulacion-cambridge-a2\/#breadcrumb","itemListElement":[{"@type":"ListItem","position":1,"name":"Portada","item":"https:\/\/www.idiomas-eugeniasgenius.com\/es_es\/"},{"@type":"ListItem","position":2,"name":"Titulaci\u00f3n Cambridge A2"}]},{"@type":"WebSite","@id":"https:\/\/www.idiomas-eugeniasgenius.com\/#website","url":"https:\/\/www.idiomas-eugeniasgenius.com\/","name":"Escuela de Idiomas en El Ejido","description":"Escuela de idiomas en El Ejido","alternateName":"Eugenias Genius","potentialAction":[{"@type":"SearchAction","target":{"@type":"EntryPoint","urlTemplate":"https:\/\/www.idiomas-eugeniasgenius.com\/?s={search_term_string}"},"query-input":{"@type":"PropertyValueSpecification","valueRequired":true,"valueName":"search_term_string"}}],"inLanguage":"en-GB"}]}},"builder_content":"<h1>NIVEL A2 (KEY Y KEY for schools) <br\/><\/h1>\n\n<em style=\"color:#ff8800\" ><svg xmlns:xlink=\"http:\/\/www.w3.org\/1999\/xlink\" aria-hidden=\"true\"><use href=\"#tf-ti-time\" xlink:href=\"#tf-ti-time\"><\/use><\/svg><\/em> Septiembre a Julio\n<em style=\"color:#ff8800\" ><svg xmlns:xlink=\"http:\/\/www.w3.org\/1999\/xlink\" aria-hidden=\"true\"><use href=\"#tf-ti-bar-chart\" xlink:href=\"#tf-ti-bar-chart\"><\/use><\/svg><\/em> Todos los niveles\n<img src=\"https:\/\/www.idiomas-eugeniasgenius.com\/wp-content\/uploads\/2023\/02\/Cambridge-A2-300x300.jpg\" width=\"300\" height=\"300\" title=\"Cambridge-A2\" alt=\"Ex\u00e1menes oficiales Cambridge A2\" srcset=\"https:\/\/www.idiomas-eugeniasgenius.com\/wp-content\/uploads\/2023\/02\/Cambridge-A2-300x300.jpg 300w, https:\/\/www.idiomas-eugeniasgenius.com\/wp-content\/uploads\/2023\/02\/Cambridge-A2-150x150.jpg 150w, https:\/\/www.idiomas-eugeniasgenius.com\/wp-content\/uploads\/2023\/02\/Cambridge-A2.jpg 600w\" sizes=\"(max-width: 300px) 100vw, 300px\" \/>\n<p><a href=\"https:\/\/www.cambridgeenglish.org\/es\/exams-and-tests\/key-for-schools\/\" target=\"_blank\" rel=\"noopener\"><strong>A2 Key<\/strong><\/a> es una de las\u00a0titulaciones de <a href=\"https:\/\/www.cambridgeenglish.org\/es\/exams-and-tests\/qualifications\/index.aspx\" target=\"_blank\" rel=\"noopener\">Cambridge English<\/a>.<\/p> <p>Esta titulaci\u00f3n de nivel b\u00e1sico est\u00e1 indicada para iniciar el aprendizaje del ingl\u00e9s.<br>La titulaci\u00f3n A2 Key prueba que el candidato puede comunicarse en ingl\u00e9s en situaciones simples y cotidianas.<\/p> <h3>Contenido:<\/h3> <p>El examen pone a prueba las cuatro destrezas ling\u00fc\u00edsticas en ingl\u00e9s:<\/p> <ul> <li>Lectura\u00a0(<em>Reading<\/em>)<\/li> <li>Expresi\u00f3n Escrita (<em>Writing<\/em>)<\/li> <li>Comprensi\u00f3n Auditiva (<em>Listening<\/em>)<\/li> <li>Expresi\u00f3n Oral (<em>Speaking<\/em>).<\/li> <\/ul>\n<a href=\"https:\/\/www.idiomas-eugeniasgenius.com\/inscripcion-ingles\/\" > Inscr\u00edbete a este curso <\/a>","_links":{"self":[{"href":"https:\/\/www.idiomas-eugeniasgenius.com\/en\/wp-json\/wp\/v2\/pages\/904","targetHints":{"allow":["GET"]}}],"collection":[{"href":"https:\/\/www.idiomas-eugeniasgenius.com\/en\/wp-json\/wp\/v2\/pages"}],"about":[{"href":"https:\/\/www.idiomas-eugeniasgenius.com\/en\/wp-json\/wp\/v2\/types\/page"}],"author":[{"embeddable":true,"href":"https:\/\/www.idiomas-eugeniasgenius.com\/en\/wp-json\/wp\/v2\/users\/1"}],"replies":[{"embeddable":true,"href":"https:\/\/www.idiomas-eugeniasgenius.com\/en\/wp-json\/wp\/v2\/comments?post=904"}],"version-history":[{"count":0,"href":"https:\/\/www.idiomas-eugeniasgenius.com\/en\/wp-json\/wp\/v2\/pages\/904\/revisions"}],"wp:attachment":[{"href":"https:\/\/www.idiomas-eugeniasgenius.com\/en\/wp-json\/wp\/v2\/media?parent=904"}],"curies":[{"name":"wp","href":"https:\/\/api.w.org\/{rel}","templated":true}]}}