{"id":969,"date":"2023-02-22T09:09:45","date_gmt":"2023-02-22T09:09:45","guid":{"rendered":"https:\/\/www.idiomas-eugeniasgenius.com\/?page_id=969"},"modified":"2023-04-18T08:46:23","modified_gmt":"2023-04-18T08:46:23","slug":"examenes-ielts","status":"publish","type":"page","link":"https:\/\/www.idiomas-eugeniasgenius.com\/en\/examenes-ielts\/","title":{"rendered":"IETLS EXAMS"},"content":{"rendered":"<!--themify_builder_content-->\n<div id=\"themify_builder_content-969\" data-postid=\"969\" class=\"themify_builder_content themify_builder_content-969 themify_builder tf_clear\">\n                    <div  data-lazy=\"1\" class=\"module_row themify_builder_row tb_k3t7122 tb_first tf_w\">\n                        <div class=\"row_inner col_align_top tb_col_count_2 tf_box tf_rel\">\n                        <div  data-lazy=\"1\" class=\"module_column tb-column col3-2 tb_13th123 first\">\n                    <!-- module fancy heading -->\n<div  class=\"module module-fancy-heading tb_ni87381\" data-lazy=\"1\">\n        <h1 class=\"fancy-heading tf_textc\">\n    <span class=\"main-head tf_block\">\n                    IETLS EXAMS            <\/span>\n\n    \n    <span class=\"sub-head tf_block tf_rel\">\n                                <\/span>\n    <\/h1>\n<\/div>\n<!-- \/module fancy heading -->\n<!-- module divider -->\n<div  class=\"module tf_mw module-divider tb_ck1t739 solid\" style=\"border-width: 1px;border-color: #a1a1a1;\" data-lazy=\"1\">\n    <\/div>\n<!-- \/module divider -->\n        <div  data-lazy=\"1\" class=\"module_subrow themify_builder_sub_row tf_w col_align_top tb_col_count_2 tb_nddi479\">\n                <div  data-lazy=\"1\" class=\"module_column sub_column col4-2 tb_rm3t480 first\">\n                    <!-- module icon -->\n<div  class=\"module module-icon tb_a00p445  large circle icon_horizontal\" data-lazy=\"1\">\n\t\t\t<div class=\"module-icon-item\">\n\t\t\t\t\t\t\t\t\t\t\t\t\t\t\t\t<em class=\"tf_box\"\n\t\t\t\t\t\t\t\t\t\t\t\t style=\"color:#ff8800\"\t\t\t\t\t><svg  class=\"tf_fa tf-ti-time\" xmlns:xlink=\"http:\/\/www.w3.org\/1999\/xlink\" aria-hidden=\"true\"><use href=\"#tf-ti-time\" xlink:href=\"#tf-ti-time\"><\/use><\/svg><\/em>\n\t\t\t\t\t\t\t\t\t\t\t\t\t\t\t\t\t\t\t<span>September to July<\/span>\n\t\t\t\t\t\t\t\t\t\t\t\t\t\t\t<\/div>\n\t<\/div>\n<!-- \/module icon -->\n        <\/div>\n                    <div  data-lazy=\"1\" class=\"module_column sub_column col4-2 tb_vgym480 last\">\n                    <!-- module icon -->\n<div  class=\"module module-icon tb_tz8b172  large circle icon_horizontal\" data-lazy=\"1\">\n\t\t\t<div class=\"module-icon-item\">\n\t\t\t\t\t\t\t\t\t\t\t\t\t\t\t\t<em class=\"tf_box\"\n\t\t\t\t\t\t\t\t\t\t\t\t style=\"color:#ff8800\"\t\t\t\t\t><svg  class=\"tf_fa tf-ti-bar-chart\" xmlns:xlink=\"http:\/\/www.w3.org\/1999\/xlink\" aria-hidden=\"true\"><use href=\"#tf-ti-bar-chart\" xlink:href=\"#tf-ti-bar-chart\"><\/use><\/svg><\/em>\n\t\t\t\t\t\t\t\t\t\t\t\t\t\t\t\t\t\t\t<span>All levels<\/span>\n\t\t\t\t\t\t\t\t\t\t\t\t\t\t\t<\/div>\n\t<\/div>\n<!-- \/module icon -->\n        <\/div>\n                    <\/div>\n                <\/div>\n                    <div  data-lazy=\"1\" class=\"module_column tb-column col3-1 tb_x9hk260 last\">\n                    <!-- module image -->\n<div  class=\"module module-image tb_x2qn636 image-center   tf_mw\" data-lazy=\"1\">\n        <div class=\"image-wrap tf_rel tf_mw\">\n            <img loading=\"lazy\" decoding=\"async\" src=\"https:\/\/www.idiomas-eugeniasgenius.com\/wp-content\/uploads\/2023\/02\/examenes-ietls-300x300.jpg\" width=\"300\" height=\"300\" class=\"wp-post-image wp-image-977\" title=\"examenes-ietls\" alt=\"Ex\u00e1menes International English Language Testing System\" srcset=\"https:\/\/www.idiomas-eugeniasgenius.com\/wp-content\/uploads\/2023\/02\/examenes-ietls-300x300.jpg 300w, https:\/\/www.idiomas-eugeniasgenius.com\/wp-content\/uploads\/2023\/02\/examenes-ietls-150x150.jpg 150w, https:\/\/www.idiomas-eugeniasgenius.com\/wp-content\/uploads\/2023\/02\/examenes-ietls.jpg 600w\" sizes=\"auto, (max-width: 300px) 100vw, 300px\" \/>    \n        <\/div>\n    <!-- \/image-wrap -->\n    \n        <\/div>\n<!-- \/module image -->        <\/div>\n                        <\/div>\n        <\/div>\n                        <div  data-lazy=\"1\" class=\"module_row themify_builder_row tb_wpj3809 tf_w\">\n                        <div class=\"row_inner col_align_top tb_col_count_1 tf_box tf_rel\">\n                        <div  data-lazy=\"1\" class=\"module_column tb-column col-full tb_e3me809 first\">\n                    <!-- module text -->\n<div  class=\"module module-text tb_83b5403\" data-lazy=\"1\">\n        <div  class=\"tb_text_wrap\">\n        <p><a href=\"https:\/\/www.britishcouncil.co\/examen-ingles\/ielts\" target=\"_blank\" rel=\"noopener\">IELTS\u00a0\u00a0<\/a>(International English Language Testing System) is the most popular English language certification in the world. It is designed to migrate, study or work in countries where English is the native language or the majority language.<\/p>\n<p>The exam assesses your ability to listen, read, write and speak in English, and is scored on a scale of 1 to 9, with 9 being the highest.\nYou should choose this type of exam<\/p>\n<ul>\n<li>\n<p>Apply for work and study abroad.<\/p>\n<\/li>\n<li>\n<p>Support a visa application to live in an English-speaking country.<\/p>\n<\/li>\n<li>\n<p>Certify English proficiency to graduate from college or university.<\/p>\n<\/li>\n<\/ul>\n<p>The IELTS is the most recognised certification abroad. Today, it is endorsed by more than 11,000 organisations in 140 countries, so you can be sure it will be accepted by educational institutions,\nemployers, governments, and professional bodies around the world.<\/p>\n<p>Developed by world-renowned experts, IELTS scores all four language skills: Listening, Reading, Writing and Speaking. It is offered in two main formats, Academic and General. Every candidate takes the same Listening and Speaking tests. Those of Reading and Writing in the Academic format, are specialised to academic environments.\u00a0<\/p>    <\/div>\n<\/div>\n<!-- \/module text -->        <\/div>\n                        <\/div>\n        <\/div>\n                        <div  data-lazy=\"1\" class=\"module_row themify_builder_row tb_8zrj891 tf_w\">\n                        <div class=\"row_inner col_align_top tb_col_count_1 tf_box tf_rel\">\n                        <div  data-lazy=\"1\" class=\"module_column tb-column col-full tb_3mqx891 first\">\n                    <!-- module buttons -->\n<div  class=\"module module-buttons tb_xr0045 buttons-horizontal solid  circle\" data-lazy=\"1\">\n        <div class=\"module-buttons-item tf_in_flx\">\n                        <a href=\"https:\/\/www.idiomas-eugeniasgenius.com\/en\/inscripcion-ingles\/\" class=\"ui builder_button tf_in_flx blue\" >\n                                                Sign up for this course                                        <\/a>\n                <\/div>\n            <\/div>\n<!-- \/module buttons -->\n        <\/div>\n                        <\/div>\n        <\/div>\n        <\/div>\n<!--\/themify_builder_content-->","protected":false},"excerpt":{"rendered":"<p>IELTS\u00a0\u00a0(International English Language Testing System)\u00a0es la certificaci\u00f3n del ingl\u00e9s m\u00e1s popular del mundo. Est\u00e1 dise\u00f1ada para migrar, estudiar o trabajar en los pa\u00edses donde el ingl\u00e9s sea la lengua nativa o de uso mayoritario. El examen eval\u00faa tu capacidad de\u00a0escuchar, leer, escribir y hablar en ingl\u00e9s,\u00a0y se califica en una escala de 1 a 9, [&hellip;]<\/p>\n","protected":false},"author":1,"featured_media":0,"parent":0,"menu_order":0,"comment_status":"closed","ping_status":"closed","template":"","meta":{"footnotes":""},"class_list":["post-969","page","type-page","status-publish","hentry","has-post-title","has-post-date","has-post-category","has-post-tag","has-post-comment","has-post-author",""],"yoast_head":"<!-- This site is optimized with the Yoast SEO plugin v27.4 - https:\/\/yoast.com\/product\/yoast-seo-wordpress\/ -->\n<title>Ex\u00e1menes IELTS - Escuela de Idiomas en El Ejido<\/title>\n<meta name=\"description\" content=\"IELTS (International English Language Testing System) es la certificaci\u00f3n del ingl\u00e9s m\u00e1s popular del mundo.\" \/>\n<meta name=\"robots\" content=\"index, follow, max-snippet:-1, max-image-preview:large, max-video-preview:-1\" \/>\n<link rel=\"canonical\" href=\"https:\/\/www.idiomas-eugeniasgenius.com\/en\/examenes-ielts\/\" \/>\n<meta property=\"og:locale\" content=\"en_GB\" \/>\n<meta property=\"og:type\" content=\"article\" \/>\n<meta property=\"og:title\" content=\"Ex\u00e1menes IELTS - Escuela de Idiomas en El Ejido\" \/>\n<meta property=\"og:description\" content=\"IELTS (International English Language Testing System) es la certificaci\u00f3n del ingl\u00e9s m\u00e1s popular del mundo.\" \/>\n<meta property=\"og:url\" content=\"https:\/\/www.idiomas-eugeniasgenius.com\/en\/examenes-ielts\/\" \/>\n<meta property=\"og:site_name\" content=\"Escuela de Idiomas en El Ejido\" \/>\n<meta property=\"article:publisher\" content=\"https:\/\/www.youtube.com\/@adminEugenius\" \/>\n<meta property=\"article:modified_time\" content=\"2023-04-18T08:46:23+00:00\" \/>\n<meta name=\"twitter:card\" content=\"summary_large_image\" \/>\n<script type=\"application\/ld+json\" class=\"yoast-schema-graph\">{\"@context\":\"https:\\\/\\\/schema.org\",\"@graph\":[{\"@type\":\"WebPage\",\"@id\":\"https:\\\/\\\/www.idiomas-eugeniasgenius.com\\\/examenes-ielts\\\/\",\"url\":\"https:\\\/\\\/www.idiomas-eugeniasgenius.com\\\/examenes-ielts\\\/\",\"name\":\"Ex\u00e1menes IELTS - Escuela de Idiomas en El Ejido\",\"isPartOf\":{\"@id\":\"https:\\\/\\\/www.idiomas-eugeniasgenius.com\\\/#website\"},\"datePublished\":\"2023-02-22T09:09:45+00:00\",\"dateModified\":\"2023-04-18T08:46:23+00:00\",\"description\":\"IELTS (International English Language Testing System) es la certificaci\u00f3n del ingl\u00e9s m\u00e1s popular del mundo.\",\"breadcrumb\":{\"@id\":\"https:\\\/\\\/www.idiomas-eugeniasgenius.com\\\/examenes-ielts\\\/#breadcrumb\"},\"inLanguage\":\"en-GB\",\"potentialAction\":[{\"@type\":\"ReadAction\",\"target\":[\"https:\\\/\\\/www.idiomas-eugeniasgenius.com\\\/examenes-ielts\\\/\"]}]},{\"@type\":\"BreadcrumbList\",\"@id\":\"https:\\\/\\\/www.idiomas-eugeniasgenius.com\\\/examenes-ielts\\\/#breadcrumb\",\"itemListElement\":[{\"@type\":\"ListItem\",\"position\":1,\"name\":\"Portada\",\"item\":\"https:\\\/\\\/www.idiomas-eugeniasgenius.com\\\/es_es\\\/\"},{\"@type\":\"ListItem\",\"position\":2,\"name\":\"Ex\u00e1menes IELTS\"}]},{\"@type\":\"WebSite\",\"@id\":\"https:\\\/\\\/www.idiomas-eugeniasgenius.com\\\/#website\",\"url\":\"https:\\\/\\\/www.idiomas-eugeniasgenius.com\\\/\",\"name\":\"Escuela de Idiomas en El Ejido\",\"description\":\"Escuela de idiomas en El Ejido\",\"alternateName\":\"Eugenias Genius\",\"potentialAction\":[{\"@type\":\"SearchAction\",\"target\":{\"@type\":\"EntryPoint\",\"urlTemplate\":\"https:\\\/\\\/www.idiomas-eugeniasgenius.com\\\/?s={search_term_string}\"},\"query-input\":{\"@type\":\"PropertyValueSpecification\",\"valueRequired\":true,\"valueName\":\"search_term_string\"}}],\"inLanguage\":\"en-GB\"}]}<\/script>\n<!-- \/ Yoast SEO plugin. -->","yoast_head_json":{"title":"Ex\u00e1menes IELTS - Escuela de Idiomas en El Ejido","description":"IELTS (International English Language Testing System) es la certificaci\u00f3n del ingl\u00e9s m\u00e1s popular del mundo.","robots":{"index":"index","follow":"follow","max-snippet":"max-snippet:-1","max-image-preview":"max-image-preview:large","max-video-preview":"max-video-preview:-1"},"canonical":"https:\/\/www.idiomas-eugeniasgenius.com\/en\/examenes-ielts\/","og_locale":"en_GB","og_type":"article","og_title":"Ex\u00e1menes IELTS - Escuela de Idiomas en El Ejido","og_description":"IELTS (International English Language Testing System) es la certificaci\u00f3n del ingl\u00e9s m\u00e1s popular del mundo.","og_url":"https:\/\/www.idiomas-eugeniasgenius.com\/en\/examenes-ielts\/","og_site_name":"Escuela de Idiomas en El Ejido","article_publisher":"https:\/\/www.youtube.com\/@adminEugenius","article_modified_time":"2023-04-18T08:46:23+00:00","twitter_card":"summary_large_image","schema":{"@context":"https:\/\/schema.org","@graph":[{"@type":"WebPage","@id":"https:\/\/www.idiomas-eugeniasgenius.com\/examenes-ielts\/","url":"https:\/\/www.idiomas-eugeniasgenius.com\/examenes-ielts\/","name":"Ex\u00e1menes IELTS - Escuela de Idiomas en El Ejido","isPartOf":{"@id":"https:\/\/www.idiomas-eugeniasgenius.com\/#website"},"datePublished":"2023-02-22T09:09:45+00:00","dateModified":"2023-04-18T08:46:23+00:00","description":"IELTS (International English Language Testing System) es la certificaci\u00f3n del ingl\u00e9s m\u00e1s popular del mundo.","breadcrumb":{"@id":"https:\/\/www.idiomas-eugeniasgenius.com\/examenes-ielts\/#breadcrumb"},"inLanguage":"en-GB","potentialAction":[{"@type":"ReadAction","target":["https:\/\/www.idiomas-eugeniasgenius.com\/examenes-ielts\/"]}]},{"@type":"BreadcrumbList","@id":"https:\/\/www.idiomas-eugeniasgenius.com\/examenes-ielts\/#breadcrumb","itemListElement":[{"@type":"ListItem","position":1,"name":"Portada","item":"https:\/\/www.idiomas-eugeniasgenius.com\/es_es\/"},{"@type":"ListItem","position":2,"name":"Ex\u00e1menes IELTS"}]},{"@type":"WebSite","@id":"https:\/\/www.idiomas-eugeniasgenius.com\/#website","url":"https:\/\/www.idiomas-eugeniasgenius.com\/","name":"Escuela de Idiomas en El Ejido","description":"Escuela de idiomas en El Ejido","alternateName":"Eugenias Genius","potentialAction":[{"@type":"SearchAction","target":{"@type":"EntryPoint","urlTemplate":"https:\/\/www.idiomas-eugeniasgenius.com\/?s={search_term_string}"},"query-input":{"@type":"PropertyValueSpecification","valueRequired":true,"valueName":"search_term_string"}}],"inLanguage":"en-GB"}]}},"builder_content":"<h1>Ex\u00e1menes IELTS<br\/><\/h1>\n\n<em style=\"color:#ff8800\" ><svg xmlns:xlink=\"http:\/\/www.w3.org\/1999\/xlink\" aria-hidden=\"true\"><use href=\"#tf-ti-time\" xlink:href=\"#tf-ti-time\"><\/use><\/svg><\/em> Septiembre a Julio\n<em style=\"color:#ff8800\" ><svg xmlns:xlink=\"http:\/\/www.w3.org\/1999\/xlink\" aria-hidden=\"true\"><use href=\"#tf-ti-bar-chart\" xlink:href=\"#tf-ti-bar-chart\"><\/use><\/svg><\/em> Todos los niveles\n<img src=\"https:\/\/www.idiomas-eugeniasgenius.com\/wp-content\/uploads\/2023\/02\/examenes-ietls-300x300.jpg\" width=\"300\" height=\"300\" title=\"examenes-ietls\" alt=\"Ex\u00e1menes International English Language Testing System\" srcset=\"https:\/\/www.idiomas-eugeniasgenius.com\/wp-content\/uploads\/2023\/02\/examenes-ietls-300x300.jpg 300w, https:\/\/www.idiomas-eugeniasgenius.com\/wp-content\/uploads\/2023\/02\/examenes-ietls-150x150.jpg 150w, https:\/\/www.idiomas-eugeniasgenius.com\/wp-content\/uploads\/2023\/02\/examenes-ietls.jpg 600w\" sizes=\"(max-width: 300px) 100vw, 300px\" \/>\n<p><a href=\"https:\/\/www.britishcouncil.co\/examen-ingles\/ielts\" target=\"_blank\" rel=\"noopener\">IELTS\u00a0\u00a0<\/a>(International English Language Testing System)\u00a0es la certificaci\u00f3n del ingl\u00e9s m\u00e1s popular del mundo. Est\u00e1 dise\u00f1ada para migrar, estudiar o trabajar en los pa\u00edses donde el ingl\u00e9s sea la lengua nativa o de uso mayoritario.<\/p> <p>El examen eval\u00faa tu capacidad de\u00a0escuchar, leer, escribir y hablar en ingl\u00e9s,\u00a0y se califica en una escala de 1 a 9, siendo 9 la nota mas alta. Deberias elegir este tipo de examen<\/p> <ul> <li> <p>Solicitar trabajo y realizar estudios universitarios en el exterior<\/p> <\/li> <li> <p>Respaldar una solicitud de visa para vivir en un pa\u00eds angl\u00f3fono<\/p> <\/li> <li> <p>Certificar el dominio del ingl\u00e9s para graduarte del colegio o universidad<\/p> <\/li> <\/ul> <p>El IELTS es la certificaci\u00f3n m\u00e1s reconocida en el exterior. Hoy, es avalada en m\u00e1s de\u202f11.000 organizaciones de 140 pa\u00edses, por eso, tienes la seguridad de que ser\u00e1 admitida por instituciones educativas, empleadores, gobiernos y organismos profesionales de todo el mundo.<\/p> <p>Desarrollado por expertos de renombre mundial, IELTS califica las cuatro habilidades ling\u00fc\u00edsticas:\u00a0Listening, Reading, Writing y Speaking. Se ofrece en dos formatos principales, Acad\u00e9mico y General. Todo candidato realiza las mismas pruebas de Listening y Speaking. Las de Reading y Writing en el formato Acad\u00e9mico, son especializadas a entornos acad\u00e9micos.\u00a0<\/p>\n<a href=\"https:\/\/www.idiomas-eugeniasgenius.com\/inscripcion-ingles\/\" > Inscr\u00edbete a este curso <\/a>","_links":{"self":[{"href":"https:\/\/www.idiomas-eugeniasgenius.com\/en\/wp-json\/wp\/v2\/pages\/969","targetHints":{"allow":["GET"]}}],"collection":[{"href":"https:\/\/www.idiomas-eugeniasgenius.com\/en\/wp-json\/wp\/v2\/pages"}],"about":[{"href":"https:\/\/www.idiomas-eugeniasgenius.com\/en\/wp-json\/wp\/v2\/types\/page"}],"author":[{"embeddable":true,"href":"https:\/\/www.idiomas-eugeniasgenius.com\/en\/wp-json\/wp\/v2\/users\/1"}],"replies":[{"embeddable":true,"href":"https:\/\/www.idiomas-eugeniasgenius.com\/en\/wp-json\/wp\/v2\/comments?post=969"}],"version-history":[{"count":0,"href":"https:\/\/www.idiomas-eugeniasgenius.com\/en\/wp-json\/wp\/v2\/pages\/969\/revisions"}],"wp:attachment":[{"href":"https:\/\/www.idiomas-eugeniasgenius.com\/en\/wp-json\/wp\/v2\/media?parent=969"}],"curies":[{"name":"wp","href":"https:\/\/api.w.org\/{rel}","templated":true}]}}