{"id":1104,"date":"2023-03-06T11:29:40","date_gmt":"2023-03-06T11:29:40","guid":{"rendered":"https:\/\/www.idiomas-eugeniasgenius.com\/?page_id=1104"},"modified":"2023-04-18T09:02:03","modified_gmt":"2023-04-18T09:02:03","slug":"titulacion-cambridge-c2","status":"publish","type":"page","link":"https:\/\/www.idiomas-eugeniasgenius.com\/es_es\/titulacion-cambridge-c2\/","title":{"rendered":"Titulaci\u00f3n Cambridge C2"},"content":{"rendered":"<!--themify_builder_content-->\n<div id=\"themify_builder_content-1104\" data-postid=\"1104\" class=\"themify_builder_content themify_builder_content-1104 themify_builder tf_clear\">\n                    <div  data-lazy=\"1\" class=\"module_row themify_builder_row tb_k3t7122 tb_first tf_w\">\n                        <div class=\"row_inner col_align_top tb_col_count_2 tf_box tf_rel\">\n                        <div  data-lazy=\"1\" class=\"module_column tb-column col3-2 tb_13th123 first\">\n                    <!-- module fancy heading -->\n<div  class=\"module module-fancy-heading tb_ni87381 \" data-lazy=\"1\">\n        <h1 class=\"fancy-heading tf_textc\">\n    <span class=\"main-head tf_block\">\n                    NIVEL C2 (PROFICENCY)            <\/span>\n\n    \n    <span class=\"sub-head tf_block tf_rel\">\n                                <\/span>\n    <\/h1>\n<\/div>\n<!-- \/module fancy heading -->\n<!-- module divider -->\n<div  class=\"module tf_mw module-divider tb_ck1t739 solid   \" style=\"border-width: 1px;border-color: #a1a1a1;\" data-lazy=\"1\">\n    <\/div>\n<!-- \/module divider -->\n        <div  data-lazy=\"1\" class=\"module_subrow themify_builder_sub_row tf_w col_align_top tb_col_count_2 tb_nddi479\">\n                <div  data-lazy=\"1\" class=\"module_column sub_column col4-2 tb_rm3t480 first\">\n                    <!-- module icon -->\n<div  class=\"module module-icon tb_a00p445  large circle icon_horizontal \" data-lazy=\"1\">\n\t\t\t<div class=\"module-icon-item\">\n\t\t\t\t\t\t\t\t\t\t\t\t\t\t\t\t<em class=\"tf_box\"\n\t\t\t\t\t\t\t\t\t\t\t\t style=\"color:#ff8800\"\t\t\t\t\t><svg  class=\"tf_fa tf-ti-time\" xmlns:xlink=\"http:\/\/www.w3.org\/1999\/xlink\" aria-hidden=\"true\"><use href=\"#tf-ti-time\" xlink:href=\"#tf-ti-time\"><\/use><\/svg><\/em>\n\t\t\t\t\t\t\t\t\t\t\t\t\t\t\t\t\t\t\t<span>Septiembre a Julio<\/span>\n\t\t\t\t\t\t\t\t\t\t\t\t\t\t\t<\/div>\n\t<\/div>\n<!-- \/module icon -->\n        <\/div>\n                    <div  data-lazy=\"1\" class=\"module_column sub_column col4-2 tb_vgym480 last\">\n                    <!-- module icon -->\n<div  class=\"module module-icon tb_tz8b172  large circle icon_horizontal \" data-lazy=\"1\">\n\t\t\t<div class=\"module-icon-item\">\n\t\t\t\t\t\t\t\t\t\t\t\t\t\t\t\t<em class=\"tf_box\"\n\t\t\t\t\t\t\t\t\t\t\t\t style=\"color:#ff8800\"\t\t\t\t\t><svg  class=\"tf_fa tf-ti-bar-chart\" xmlns:xlink=\"http:\/\/www.w3.org\/1999\/xlink\" aria-hidden=\"true\"><use href=\"#tf-ti-bar-chart\" xlink:href=\"#tf-ti-bar-chart\"><\/use><\/svg><\/em>\n\t\t\t\t\t\t\t\t\t\t\t\t\t\t\t\t\t\t\t<span>Todos los niveles<\/span>\n\t\t\t\t\t\t\t\t\t\t\t\t\t\t\t<\/div>\n\t<\/div>\n<!-- \/module icon -->\n        <\/div>\n                    <\/div>\n                <\/div>\n                    <div  data-lazy=\"1\" class=\"module_column tb-column col3-1 tb_x9hk260 last\">\n                    <!-- module image -->\n<div  class=\"module module-image tb_x2qn636 image-center   tf_mw\" data-lazy=\"1\">\n        <div class=\"image-wrap tf_rel tf_mw\">\n            <img loading=\"lazy\" decoding=\"async\" src=\"https:\/\/www.idiomas-eugeniasgenius.com\/wp-content\/uploads\/2023\/03\/Cambridge-C2-300x300.jpg\" width=\"300\" height=\"300\" class=\"wp-post-image wp-image-1108\" title=\"Cambridge-C2\" alt=\"Ex\u00e1menes oficiales Cambridge C2\" srcset=\"https:\/\/www.idiomas-eugeniasgenius.com\/wp-content\/uploads\/2023\/03\/Cambridge-C2-300x300.jpg 300w, https:\/\/www.idiomas-eugeniasgenius.com\/wp-content\/uploads\/2023\/03\/Cambridge-C2-150x150.jpg 150w, https:\/\/www.idiomas-eugeniasgenius.com\/wp-content\/uploads\/2023\/03\/Cambridge-C2.jpg 600w\" sizes=\"auto, (max-width: 300px) 100vw, 300px\" \/>    \n        <\/div>\n    <!-- \/image-wrap -->\n    \n        <\/div>\n<!-- \/module image -->        <\/div>\n                        <\/div>\n        <\/div>\n                        <div  data-lazy=\"1\" class=\"module_row themify_builder_row tb_wpj3809 tf_w\">\n                        <div class=\"row_inner col_align_top tb_col_count_1 tf_box tf_rel\">\n                        <div  data-lazy=\"1\" class=\"module_column tb-column col-full tb_e3me809 first\">\n                    <!-- module text -->\n<div  class=\"module module-text tb_83b5403   \" data-lazy=\"1\">\n        <div  class=\"tb_text_wrap\">\n        <p><span style=\"color: #333333;\"><span style=\"font-size: large;\"><b>LA TITULACION DE <a href=\"https:\/\/www.cambridgeenglish.org\/es\/exams-and-tests\/proficiency\/\" target=\"_blank\" rel=\"noopener\">C2 PROFICIENCY<\/a> DEMUESTRA QUE PUEDES<\/b><\/span><\/span><\/p>\n<ul>\n<li>\n<p><span style=\"color: #333333;\"><span style=\"font-size: large;\">Realizar estudios internacionales de posgrado y de doctorado<\/span><\/span><\/p>\n<\/li>\n<li>\n<p><span style=\"color: #333333;\"><span style=\"font-size: large;\">Comunicar y relacionarse con fluidez , a un nivel directivo, en una empresa internacional.<\/span><\/span><\/p>\n<\/li>\n<li>\n<p><span style=\"color: #333333;\"><span style=\"font-size: large;\"><b>Entender y analizar textos complejos<\/b><\/span><\/span><\/p>\n<\/li>\n<li>\n<p><span style=\"color: #333333;\"><span style=\"font-size: large;\"><b>Hablar y entender conceptos complejos y delicados , y transmitir con fluidez temas de alto nivel y complicaci\u00f3n.<br><\/b><\/span><\/span><span style=\"color: #333333;\"><span style=\"font-size: large;\"><b><br><\/b><\/span><\/span><span style=\"color: #333333;\"><span style=\"font-size: large;\"><b>Razones para elegir <a href=\"https:\/\/www.cambridgeenglish.org\/es\/exams-and-tests\/proficiency\/\" target=\"_blank\" rel=\"noopener\">C2 Proficiency<\/a>:<\/b><\/span><\/span><\/p>\n<\/li>\n<li>\n<p><span style=\"color: #333333;\"><span style=\"font-size: large;\">Es el m\u00e1s alto nivel dentro de los ex\u00e1menes Cambridge. Cuanto lo posees dominas el ingl\u00e9s y puedes comunicarte con total fluidez y destreza en todos los contextos.<\/span><\/span><\/p>\n<\/li>\n<li>\n<p><span style=\"color: #333333;\"><span style=\"font-size: large;\">Ser\u00e1s capaz de desenvolverte en entornos acad\u00e9micos y profesionales de muy alto nivel demostrando destreza con la que alcanzar\u00e1s el \u00e9xito.<\/span><\/span><\/p>\n<\/li>\n<li>\n<p><span style=\"color: #333333;\"><span style=\"font-size: large;\">Tendr\u00e1s las puertas abiertas en cualquier universidad donde desees estudiar en ingl\u00e9s.<\/span><\/span><\/p>\n<\/li>\n<\/ul>    <\/div>\n<\/div>\n<!-- \/module text -->        <\/div>\n                        <\/div>\n        <\/div>\n                        <div  data-lazy=\"1\" class=\"module_row themify_builder_row tb_8zrj891 tf_w\">\n                        <div class=\"row_inner col_align_top tb_col_count_1 tf_box tf_rel\">\n                        <div  data-lazy=\"1\" class=\"module_column tb-column col-full tb_3mqx891 first\">\n                    <!-- module buttons -->\n<div  class=\"module module-buttons tb_gj9v134 buttons-horizontal solid  circle\" data-lazy=\"1\">\n        <div class=\"module-buttons-item tf_in_flx\">\n                        <a href=\"https:\/\/www.idiomas-eugeniasgenius.com\/inscripcion-ingles\/\" class=\"ui builder_button tf_in_flx blue\" >\n                                                Inscr\u00edbete a este curso                                        <\/a>\n                <\/div>\n            <\/div>\n<!-- \/module buttons -->\n        <\/div>\n                        <\/div>\n        <\/div>\n        <\/div>\n<!--\/themify_builder_content-->","protected":false},"excerpt":{"rendered":"<p>LA TITULACION DE C2 PROFICIENCY DEMUESTRA QUE PUEDES Realizar estudios internacionales de posgrado y de doctorado Comunicar y relacionarse con fluidez , a un nivel directivo, en una empresa internacional. Entender y analizar textos complejos Hablar y entender conceptos complejos y delicados , y transmitir con fluidez temas de alto nivel y complicaci\u00f3n.Razones para elegir [&hellip;]<\/p>\n","protected":false},"author":1,"featured_media":0,"parent":0,"menu_order":0,"comment_status":"closed","ping_status":"closed","template":"","meta":{"footnotes":""},"class_list":["post-1104","page","type-page","status-publish","hentry","has-post-title","has-post-date","has-post-category","has-post-tag","has-post-comment","has-post-author",""],"yoast_head":"<!-- This site is optimized with the Yoast SEO plugin v27.4 - https:\/\/yoast.com\/product\/yoast-seo-wordpress\/ -->\n<title>Titulaci\u00f3n Cambridge C2 - Escuela de Idiomas en El Ejido<\/title>\n<meta name=\"description\" content=\"C2 Proficiency es el m\u00e1s alto nivel dentro de los ex\u00e1menes Cambridge. Ser\u00e1s capaz de desenvolverte en entornos acad\u00e9micos y profesionales.\" \/>\n<meta name=\"robots\" content=\"index, follow, max-snippet:-1, max-image-preview:large, max-video-preview:-1\" \/>\n<link rel=\"canonical\" href=\"https:\/\/www.idiomas-eugeniasgenius.com\/es_es\/titulacion-cambridge-c2\/\" \/>\n<meta property=\"og:locale\" content=\"es_ES\" \/>\n<meta property=\"og:type\" content=\"article\" \/>\n<meta property=\"og:title\" content=\"Titulaci\u00f3n Cambridge C2 - Escuela de Idiomas en El Ejido\" \/>\n<meta property=\"og:description\" content=\"C2 Proficiency es el m\u00e1s alto nivel dentro de los ex\u00e1menes Cambridge. Ser\u00e1s capaz de desenvolverte en entornos acad\u00e9micos y profesionales.\" \/>\n<meta property=\"og:url\" content=\"https:\/\/www.idiomas-eugeniasgenius.com\/es_es\/titulacion-cambridge-c2\/\" \/>\n<meta property=\"og:site_name\" content=\"Escuela de Idiomas en El Ejido\" \/>\n<meta property=\"article:publisher\" content=\"https:\/\/www.youtube.com\/@adminEugenius\" \/>\n<meta property=\"article:modified_time\" content=\"2023-04-18T09:02:03+00:00\" \/>\n<meta name=\"twitter:card\" content=\"summary_large_image\" \/>\n<script type=\"application\/ld+json\" class=\"yoast-schema-graph\">{\"@context\":\"https:\\\/\\\/schema.org\",\"@graph\":[{\"@type\":\"WebPage\",\"@id\":\"https:\\\/\\\/www.idiomas-eugeniasgenius.com\\\/titulacion-cambridge-c2\\\/\",\"url\":\"https:\\\/\\\/www.idiomas-eugeniasgenius.com\\\/titulacion-cambridge-c2\\\/\",\"name\":\"Titulaci\u00f3n Cambridge C2 - Escuela de Idiomas en El Ejido\",\"isPartOf\":{\"@id\":\"https:\\\/\\\/www.idiomas-eugeniasgenius.com\\\/#website\"},\"datePublished\":\"2023-03-06T11:29:40+00:00\",\"dateModified\":\"2023-04-18T09:02:03+00:00\",\"description\":\"C2 Proficiency es el m\u00e1s alto nivel dentro de los ex\u00e1menes Cambridge. Ser\u00e1s capaz de desenvolverte en entornos acad\u00e9micos y profesionales.\",\"breadcrumb\":{\"@id\":\"https:\\\/\\\/www.idiomas-eugeniasgenius.com\\\/titulacion-cambridge-c2\\\/#breadcrumb\"},\"inLanguage\":\"es\",\"potentialAction\":[{\"@type\":\"ReadAction\",\"target\":[\"https:\\\/\\\/www.idiomas-eugeniasgenius.com\\\/titulacion-cambridge-c2\\\/\"]}]},{\"@type\":\"BreadcrumbList\",\"@id\":\"https:\\\/\\\/www.idiomas-eugeniasgenius.com\\\/titulacion-cambridge-c2\\\/#breadcrumb\",\"itemListElement\":[{\"@type\":\"ListItem\",\"position\":1,\"name\":\"Portada\",\"item\":\"https:\\\/\\\/www.idiomas-eugeniasgenius.com\\\/es_es\\\/\"},{\"@type\":\"ListItem\",\"position\":2,\"name\":\"Titulaci\u00f3n Cambridge C2\"}]},{\"@type\":\"WebSite\",\"@id\":\"https:\\\/\\\/www.idiomas-eugeniasgenius.com\\\/#website\",\"url\":\"https:\\\/\\\/www.idiomas-eugeniasgenius.com\\\/\",\"name\":\"Escuela de Idiomas en El Ejido\",\"description\":\"Escuela de idiomas en El Ejido\",\"alternateName\":\"Eugenias Genius\",\"potentialAction\":[{\"@type\":\"SearchAction\",\"target\":{\"@type\":\"EntryPoint\",\"urlTemplate\":\"https:\\\/\\\/www.idiomas-eugeniasgenius.com\\\/?s={search_term_string}\"},\"query-input\":{\"@type\":\"PropertyValueSpecification\",\"valueRequired\":true,\"valueName\":\"search_term_string\"}}],\"inLanguage\":\"es\"}]}<\/script>\n<!-- \/ Yoast SEO plugin. -->","yoast_head_json":{"title":"Titulaci\u00f3n Cambridge C2 - Escuela de Idiomas en El Ejido","description":"C2 Proficiency es el m\u00e1s alto nivel dentro de los ex\u00e1menes Cambridge. Ser\u00e1s capaz de desenvolverte en entornos acad\u00e9micos y profesionales.","robots":{"index":"index","follow":"follow","max-snippet":"max-snippet:-1","max-image-preview":"max-image-preview:large","max-video-preview":"max-video-preview:-1"},"canonical":"https:\/\/www.idiomas-eugeniasgenius.com\/es_es\/titulacion-cambridge-c2\/","og_locale":"es_ES","og_type":"article","og_title":"Titulaci\u00f3n Cambridge C2 - Escuela de Idiomas en El Ejido","og_description":"C2 Proficiency es el m\u00e1s alto nivel dentro de los ex\u00e1menes Cambridge. Ser\u00e1s capaz de desenvolverte en entornos acad\u00e9micos y profesionales.","og_url":"https:\/\/www.idiomas-eugeniasgenius.com\/es_es\/titulacion-cambridge-c2\/","og_site_name":"Escuela de Idiomas en El Ejido","article_publisher":"https:\/\/www.youtube.com\/@adminEugenius","article_modified_time":"2023-04-18T09:02:03+00:00","twitter_card":"summary_large_image","schema":{"@context":"https:\/\/schema.org","@graph":[{"@type":"WebPage","@id":"https:\/\/www.idiomas-eugeniasgenius.com\/titulacion-cambridge-c2\/","url":"https:\/\/www.idiomas-eugeniasgenius.com\/titulacion-cambridge-c2\/","name":"Titulaci\u00f3n Cambridge C2 - Escuela de Idiomas en El Ejido","isPartOf":{"@id":"https:\/\/www.idiomas-eugeniasgenius.com\/#website"},"datePublished":"2023-03-06T11:29:40+00:00","dateModified":"2023-04-18T09:02:03+00:00","description":"C2 Proficiency es el m\u00e1s alto nivel dentro de los ex\u00e1menes Cambridge. Ser\u00e1s capaz de desenvolverte en entornos acad\u00e9micos y profesionales.","breadcrumb":{"@id":"https:\/\/www.idiomas-eugeniasgenius.com\/titulacion-cambridge-c2\/#breadcrumb"},"inLanguage":"es","potentialAction":[{"@type":"ReadAction","target":["https:\/\/www.idiomas-eugeniasgenius.com\/titulacion-cambridge-c2\/"]}]},{"@type":"BreadcrumbList","@id":"https:\/\/www.idiomas-eugeniasgenius.com\/titulacion-cambridge-c2\/#breadcrumb","itemListElement":[{"@type":"ListItem","position":1,"name":"Portada","item":"https:\/\/www.idiomas-eugeniasgenius.com\/es_es\/"},{"@type":"ListItem","position":2,"name":"Titulaci\u00f3n Cambridge C2"}]},{"@type":"WebSite","@id":"https:\/\/www.idiomas-eugeniasgenius.com\/#website","url":"https:\/\/www.idiomas-eugeniasgenius.com\/","name":"Escuela de Idiomas en El Ejido","description":"Escuela de idiomas en El Ejido","alternateName":"Eugenias Genius","potentialAction":[{"@type":"SearchAction","target":{"@type":"EntryPoint","urlTemplate":"https:\/\/www.idiomas-eugeniasgenius.com\/?s={search_term_string}"},"query-input":{"@type":"PropertyValueSpecification","valueRequired":true,"valueName":"search_term_string"}}],"inLanguage":"es"}]}},"builder_content":"<h1>NIVEL C2 (PROFICENCY)<br\/><\/h1>\n\n<em style=\"color:#ff8800\" ><svg xmlns:xlink=\"http:\/\/www.w3.org\/1999\/xlink\" aria-hidden=\"true\"><use href=\"#tf-ti-time\" xlink:href=\"#tf-ti-time\"><\/use><\/svg><\/em> Septiembre a Julio\n<em style=\"color:#ff8800\" ><svg xmlns:xlink=\"http:\/\/www.w3.org\/1999\/xlink\" aria-hidden=\"true\"><use href=\"#tf-ti-bar-chart\" xlink:href=\"#tf-ti-bar-chart\"><\/use><\/svg><\/em> Todos los niveles\n<img src=\"https:\/\/www.idiomas-eugeniasgenius.com\/wp-content\/uploads\/2023\/03\/Cambridge-C2-300x300.jpg\" width=\"300\" height=\"300\" title=\"Cambridge-C2\" alt=\"Ex\u00e1menes oficiales Cambridge C2\" srcset=\"https:\/\/www.idiomas-eugeniasgenius.com\/wp-content\/uploads\/2023\/03\/Cambridge-C2-300x300.jpg 300w, https:\/\/www.idiomas-eugeniasgenius.com\/wp-content\/uploads\/2023\/03\/Cambridge-C2-150x150.jpg 150w, https:\/\/www.idiomas-eugeniasgenius.com\/wp-content\/uploads\/2023\/03\/Cambridge-C2.jpg 600w\" sizes=\"(max-width: 300px) 100vw, 300px\" \/>\n<p><b>LA TITULACION DE <a href=\"https:\/\/www.cambridgeenglish.org\/es\/exams-and-tests\/proficiency\/\" target=\"_blank\" rel=\"noopener\">C2 PROFICIENCY<\/a> DEMUESTRA QUE PUEDES<\/b><\/p> <ul> <li> <p>Realizar estudios internacionales de posgrado y de doctorado<\/p> <\/li> <li> <p>Comunicar y relacionarse con fluidez , a un nivel directivo, en una empresa internacional.<\/p> <\/li> <li> <p><b>Entender y analizar textos complejos<\/b><\/p> <\/li> <li> <p><b>Hablar y entender conceptos complejos y delicados , y transmitir con fluidez temas de alto nivel y complicaci\u00f3n.<br><\/b><b><br><\/b><b>Razones para elegir <a href=\"https:\/\/www.cambridgeenglish.org\/es\/exams-and-tests\/proficiency\/\" target=\"_blank\" rel=\"noopener\">C2 Proficiency<\/a>:<\/b><\/p> <\/li> <li> <p>Es el m\u00e1s alto nivel dentro de los ex\u00e1menes Cambridge. Cuanto lo posees dominas el ingl\u00e9s y puedes comunicarte con total fluidez y destreza en todos los contextos.<\/p> <\/li> <li> <p>Ser\u00e1s capaz de desenvolverte en entornos acad\u00e9micos y profesionales de muy alto nivel demostrando destreza con la que alcanzar\u00e1s el \u00e9xito.<\/p> <\/li> <li> <p>Tendr\u00e1s las puertas abiertas en cualquier universidad donde desees estudiar en ingl\u00e9s.<\/p> <\/li> <\/ul>\n<a href=\"https:\/\/www.idiomas-eugeniasgenius.com\/inscripcion-ingles\/\" > Inscr\u00edbete a este curso <\/a>","_links":{"self":[{"href":"https:\/\/www.idiomas-eugeniasgenius.com\/es_es\/wp-json\/wp\/v2\/pages\/1104","targetHints":{"allow":["GET"]}}],"collection":[{"href":"https:\/\/www.idiomas-eugeniasgenius.com\/es_es\/wp-json\/wp\/v2\/pages"}],"about":[{"href":"https:\/\/www.idiomas-eugeniasgenius.com\/es_es\/wp-json\/wp\/v2\/types\/page"}],"author":[{"embeddable":true,"href":"https:\/\/www.idiomas-eugeniasgenius.com\/es_es\/wp-json\/wp\/v2\/users\/1"}],"replies":[{"embeddable":true,"href":"https:\/\/www.idiomas-eugeniasgenius.com\/es_es\/wp-json\/wp\/v2\/comments?post=1104"}],"version-history":[{"count":0,"href":"https:\/\/www.idiomas-eugeniasgenius.com\/es_es\/wp-json\/wp\/v2\/pages\/1104\/revisions"}],"wp:attachment":[{"href":"https:\/\/www.idiomas-eugeniasgenius.com\/es_es\/wp-json\/wp\/v2\/media?parent=1104"}],"curies":[{"name":"wp","href":"https:\/\/api.w.org\/{rel}","templated":true}]}}