{"id":1147,"date":"2023-03-06T16:34:44","date_gmt":"2023-03-06T16:34:44","guid":{"rendered":"https:\/\/www.idiomas-eugeniasgenius.com\/?page_id=1147"},"modified":"2023-10-16T06:52:05","modified_gmt":"2023-10-16T06:52:05","slug":"cursos-de-espanol","status":"publish","type":"page","link":"https:\/\/www.idiomas-eugeniasgenius.com\/es_es\/cursos-de-espanol\/","title":{"rendered":"Cursos de Espa\u00f1ol"},"content":{"rendered":"<!--themify_builder_content-->\n<div id=\"themify_builder_content-1147\" data-postid=\"1147\" class=\"themify_builder_content themify_builder_content-1147 themify_builder tf_clear\">\n                    <div  data-lazy=\"1\" class=\"module_row themify_builder_row tb_yv1v781 tb_first tf_w\">\n                        <div class=\"row_inner col_align_top tb_col_count_1 tf_box tf_rel\">\n                        <div  data-lazy=\"1\" class=\"module_column tb-column col-full tb_4cdo781 first\">\n                    <!-- module text -->\n<div  class=\"module module-text tb_izrj300   \" data-lazy=\"1\">\n        <div  class=\"tb_text_wrap\">\n        <h1 style=\"text-align: center;\">CURSOS DE ESPA\u00d1OL<\/h1>    <\/div>\n<\/div>\n<!-- \/module text --><!-- module text -->\n<div  class=\"module module-text tb_tvxn560   \" data-lazy=\"1\">\n        <div  class=\"tb_text_wrap\">\n        <p>Nuestras clases de espa\u00f1ol est\u00e1n dise\u00f1adas para quienes deseen mejorar el nivel que tienen actualmente o como introducci\u00f3n a la lengua espa\u00f1ola para as\u00ed poder comunicarse eficientemente en situaciones reales y cotidianas.<\/p>\n<p>Somos innovadores y buscamos constantemente mejorar nuestros cursos, nuestros materiales y nuestros m\u00e9todos en base a lo que aprendemos de las personas con las que trabajamos y las novedades en nuestro campo.<\/p>\n<p>Ofrecemos cursos mensuales y trimestrales de preparaci\u00f3n al examen Dele de todos los niveles<b> <\/b> y ex\u00c1menes Ccse (nacionalidad espa\u00f1ola) y clases de espa\u00f1ol a medida.<\/p>\n<p>Nuestra formaci\u00f3n est\u00e1 reconocida por el Instituto Cervantes. Puedes elegir tomar clases de forma presencial o en l\u00ednea.<\/p>\n<p>Selecciona una de las siguientes opciones y empieza a mejorar tu espa\u00f1ol hoy.<\/p>    <\/div>\n<\/div>\n<!-- \/module text -->        <\/div>\n                        <\/div>\n        <\/div>\n                        <div  data-lazy=\"1\" class=\"module_row themify_builder_row tb_pppo812 tf_w\">\n                        <div class=\"row_inner col_align_top tb_col_count_1 tf_box tf_rel\">\n                        <div  data-lazy=\"1\" class=\"module_column tb-column col-full tb_qonu812 first\">\n                            <div  data-lazy=\"1\" class=\"module_subrow themify_builder_sub_row tf_w col_align_middle tb_col_count_5 tb_rl8g813\">\n                <div  data-lazy=\"1\" class=\"module_column sub_column col-full tb_h56l813 first\">\n                    <!-- module text -->\n<div  class=\"module module-text tb_n90d295   \" data-lazy=\"1\">\n        <div  class=\"tb_text_wrap\">\n        <p style=\"text-align: center;\"><strong>Examen<\/strong><br><strong>DELE<\/strong><\/p>    <\/div>\n<\/div>\n<!-- \/module text --><!-- module divider -->\n<div  class=\"module tf_mw module-divider tb_gyz5139 solid  divider-custom divider-center\" style=\"border-width: 3px;border-color: #38348b;margin-bottom: 6px;max-width: 78px;\" data-lazy=\"1\">\n    <\/div>\n<!-- \/module divider -->\n<!-- module text -->\n<div  class=\"module module-text tb_1nks813  repeat \" data-lazy=\"1\">\n        <div  class=\"tb_text_wrap\">\n        <p style=\"text-align: center;\"><a href=\"https:\/\/www.idiomas-eugeniasgenius.com\/examen-dele-a1\"><strong>Nivel A1<\/strong><\/a><\/p>    <\/div>\n<\/div>\n<!-- \/module text -->        <\/div>\n                    <div  data-lazy=\"1\" class=\"module_column sub_column col-full tb_jydq813\">\n                    <!-- module text -->\n<div  class=\"module module-text tb_o83m719   \" data-lazy=\"1\">\n        <div  class=\"tb_text_wrap\">\n        <p style=\"text-align: center;\"><strong>Examen<\/strong><br><strong>DELE<\/strong><\/p>    <\/div>\n<\/div>\n<!-- \/module text --><!-- module divider -->\n<div  class=\"module tf_mw module-divider tb_mfge734 solid  divider-custom divider-center\" style=\"border-width: 3px;border-color: #38348b;margin-bottom: 6px;max-width: 78px;\" data-lazy=\"1\">\n    <\/div>\n<!-- \/module divider -->\n<!-- module text -->\n<div  class=\"module module-text tb_eax6263  repeat \" data-lazy=\"1\">\n        <div  class=\"tb_text_wrap\">\n        <p style=\"text-align: center;\"><a href=\"https:\/\/www.idiomas-eugeniasgenius.com\/examen-dele-a2\"><strong>Nivel A2<\/strong><\/a><\/p>    <\/div>\n<\/div>\n<!-- \/module text -->        <\/div>\n                    <div  data-lazy=\"1\" class=\"module_column sub_column col-full tb_ndis813\">\n                    <!-- module text -->\n<div  class=\"module module-text tb_1q4n623   \" data-lazy=\"1\">\n        <div  class=\"tb_text_wrap\">\n        <p style=\"text-align: center;\"><strong>Examen<\/strong><br><strong>DELE<\/strong><\/p>    <\/div>\n<\/div>\n<!-- \/module text --><!-- module divider -->\n<div  class=\"module tf_mw module-divider tb_p1lz687 solid  divider-custom divider-center\" style=\"border-width: 3px;border-color: #38348b;margin-bottom: 6px;max-width: 78px;\" data-lazy=\"1\">\n    <\/div>\n<!-- \/module divider -->\n<!-- module text -->\n<div  class=\"module module-text tb_k618351  repeat \" data-lazy=\"1\">\n        <div  class=\"tb_text_wrap\">\n        <p style=\"text-align: center;\"><a href=\"https:\/\/www.idiomas-eugeniasgenius.com\/examen-dele-b1\"><strong>Nivel B1<\/strong><\/a><\/p>    <\/div>\n<\/div>\n<!-- \/module text -->        <\/div>\n                    <div  data-lazy=\"1\" class=\"module_column sub_column col-full tb_ji0u814\">\n                    <!-- module text -->\n<div  class=\"module module-text tb_qps0367   \" data-lazy=\"1\">\n        <div  class=\"tb_text_wrap\">\n        <p style=\"text-align: center;\"><strong>Examen<\/strong><br><strong>DELE<\/strong><\/p>    <\/div>\n<\/div>\n<!-- \/module text --><!-- module divider -->\n<div  class=\"module tf_mw module-divider tb_hafu295 solid  divider-custom divider-center\" style=\"border-width: 3px;border-color: #38348b;margin-bottom: 6px;max-width: 78px;\" data-lazy=\"1\">\n    <\/div>\n<!-- \/module divider -->\n<!-- module text -->\n<div  class=\"module module-text tb_m7vp375  repeat \" data-lazy=\"1\">\n        <div  class=\"tb_text_wrap\">\n        <p style=\"text-align: center;\"><a href=\"https:\/\/www.idiomas-eugeniasgenius.com\/examen-dele-b2\"><strong>Nivel B2<\/strong><\/a><\/p>    <\/div>\n<\/div>\n<!-- \/module text -->        <\/div>\n                    <div  data-lazy=\"1\" class=\"module_column sub_column col-full tb_koyo814 last\">\n                    <!-- module text -->\n<div  class=\"module module-text tb_yeah335   \" data-lazy=\"1\">\n        <div  class=\"tb_text_wrap\">\n        <p style=\"text-align: center;\"><strong>Examen<\/strong><br><strong>DELE<\/strong><\/p>    <\/div>\n<\/div>\n<!-- \/module text --><!-- module divider -->\n<div  class=\"module tf_mw module-divider tb_pq1r175 solid  divider-custom divider-center\" style=\"border-width: 3px;border-color: #38348b;margin-bottom: 6px;max-width: 78px;\" data-lazy=\"1\">\n    <\/div>\n<!-- \/module divider -->\n<!-- module text -->\n<div  class=\"module module-text tb_7h6k152  repeat \" data-lazy=\"1\">\n        <div  class=\"tb_text_wrap\">\n        <p style=\"text-align: center;\"><a href=\"https:\/\/www.idiomas-eugeniasgenius.com\/examen-dele-c1\"><strong>Nivel C1<\/strong><\/a><\/p>    <\/div>\n<\/div>\n<!-- \/module text -->        <\/div>\n                    <\/div>\n                <div  data-lazy=\"1\" class=\"module_subrow themify_builder_sub_row tf_w col_align_middle tb_col_count_5 tb_09qi814\">\n                <div  data-lazy=\"1\" class=\"module_column sub_column col-full tb_vphi814 first\">\n                    <!-- module text -->\n<div  class=\"module module-text tb_ey61134   \" data-lazy=\"1\">\n        <div  class=\"tb_text_wrap\">\n        <p style=\"text-align: center;\"><strong>Examen<\/strong><br><strong>DELE<\/strong><\/p>    <\/div>\n<\/div>\n<!-- \/module text --><!-- module divider -->\n<div  class=\"module tf_mw module-divider tb_5izx934 solid  divider-custom divider-center\" style=\"border-width: 3px;border-color: #38348b;margin-bottom: 6px;max-width: 78px;\" data-lazy=\"1\">\n    <\/div>\n<!-- \/module divider -->\n<!-- module text -->\n<div  class=\"module module-text tb_gl1o546  repeat \" data-lazy=\"1\">\n        <div  class=\"tb_text_wrap\">\n        <p style=\"text-align: center;\"><a href=\"https:\/\/www.idiomas-eugeniasgenius.com\/examen-dele-c2\"><strong>Nivel C2<\/strong><\/a><\/p>    <\/div>\n<\/div>\n<!-- \/module text -->        <\/div>\n                    <div  data-lazy=\"1\" class=\"module_column sub_column col-full tb_dgvj252\">\n                    <!-- module text -->\n<div  class=\"module module-text tb_f9a4252   \" data-lazy=\"1\">\n        <div  class=\"tb_text_wrap\">\n        <p style=\"text-align: center;\"><b>Espa\u00f1ol<\/b><\/p>    <\/div>\n<\/div>\n<!-- \/module text --><!-- module divider -->\n<div  class=\"module tf_mw module-divider tb_xiv5252 solid  divider-custom divider-center\" style=\"border-width: 3px;border-color: #38348b;max-width: 78px;\" data-lazy=\"1\">\n    <\/div>\n<!-- \/module divider -->\n<!-- module text -->\n<div  class=\"module module-text tb_qofb252  repeat \" data-lazy=\"1\">\n        <div  class=\"tb_text_wrap\">\n        <p style=\"text-align: center;\"><a href=\"https:\/\/www.idiomas-eugeniasgenius.com\/espanol-plus\"><b>PLUS<\/b><\/a><\/p>    <\/div>\n<\/div>\n<!-- \/module text -->        <\/div>\n                    <div  data-lazy=\"1\" class=\"module_column sub_column col-full tb_j5ly815\">\n                    <!-- module text -->\n<div  class=\"module module-text tb_y6o0735   \" data-lazy=\"1\">\n        <div  class=\"tb_text_wrap\">\n        <p style=\"text-align: center;\"><b>Espa\u00f1ol<\/b><\/p>    <\/div>\n<\/div>\n<!-- \/module text --><!-- module divider -->\n<div  class=\"module tf_mw module-divider tb_3hs3462 solid  divider-custom divider-center\" style=\"border-width: 3px;border-color: #38348b;max-width: 78px;\" data-lazy=\"1\">\n    <\/div>\n<!-- \/module divider -->\n<!-- module text -->\n<div  class=\"module module-text tb_4bl1527  repeat \" data-lazy=\"1\">\n        <div  class=\"tb_text_wrap\">\n        <p style=\"text-align: center;\"><a href=\"https:\/\/www.idiomas-eugeniasgenius.com\/espanol-empresas\"><b>para<br><\/b><b>empresas<\/b><\/a><\/p>    <\/div>\n<\/div>\n<!-- \/module text -->        <\/div>\n                    <div  data-lazy=\"1\" class=\"module_column sub_column col-full tb_ze9r844\">\n                    <!-- module text -->\n<div  class=\"module module-text tb_6mo3994   \" data-lazy=\"1\">\n        <div  class=\"tb_text_wrap\">\n        <p style=\"text-align: center;\"><b>Espa\u00f1ol<\/b><\/p>    <\/div>\n<\/div>\n<!-- \/module text --><!-- module divider -->\n<div  class=\"module tf_mw module-divider tb_l8hx162 solid  divider-custom divider-center\" style=\"border-width: 3px;border-color: #38348b;max-width: 78px;\" data-lazy=\"1\">\n    <\/div>\n<!-- \/module divider -->\n<!-- module text -->\n<div  class=\"module module-text tb_vse6844  repeat \" data-lazy=\"1\">\n        <div  class=\"tb_text_wrap\">\n        <p style=\"text-align: center;\"><a href=\"https:\/\/www.idiomas-eugeniasgenius.com\/espanol-medida\"><b>a medida<\/b><\/a><\/p>    <\/div>\n<\/div>\n<!-- \/module text -->        <\/div>\n                    <div  data-lazy=\"1\" class=\"module_column sub_column col-full tb_xep7815 last\">\n                    <!-- module text -->\n<div  class=\"module module-text tb_8sjc844   \" data-lazy=\"1\">\n        <div  class=\"tb_text_wrap\">\n        <p style=\"text-align: center;\"><b>Espa\u00f1ol<\/b><\/p>    <\/div>\n<\/div>\n<!-- \/module text --><!-- module divider -->\n<div  class=\"module tf_mw module-divider tb_4oeg844 solid  divider-custom divider-center\" style=\"border-width: 3px;border-color: #38348b;max-width: 78px;\" data-lazy=\"1\">\n    <\/div>\n<!-- \/module divider -->\n<!-- module text -->\n<div  class=\"module module-text tb_x6m510  repeat \" data-lazy=\"1\">\n        <div  class=\"tb_text_wrap\">\n        <p style=\"text-align: center;\"><a href=\"https:\/\/www.idiomas-eugeniasgenius.com\/espanol-intensivo-2\"><b>intensivo<\/b><\/a><\/p>    <\/div>\n<\/div>\n<!-- \/module text -->        <\/div>\n                    <\/div>\n                <\/div>\n                        <\/div>\n        <\/div>\n        <\/div>\n<!--\/themify_builder_content-->","protected":false},"excerpt":{"rendered":"<p>CURSOS DE ESPA\u00d1OL Nuestras clases de espa\u00f1ol est\u00e1n dise\u00f1adas para quienes deseen mejorar el nivel que tienen actualmente o como introducci\u00f3n a la lengua espa\u00f1ola para as\u00ed poder comunicarse eficientemente en situaciones reales y cotidianas. Somos innovadores y buscamos constantemente mejorar nuestros cursos, nuestros materiales y nuestros m\u00e9todos en base a lo que aprendemos de [&hellip;]<\/p>\n","protected":false},"author":1,"featured_media":0,"parent":0,"menu_order":0,"comment_status":"closed","ping_status":"closed","template":"","meta":{"footnotes":""},"class_list":["post-1147","page","type-page","status-publish","hentry","has-post-title","has-post-date","has-post-category","has-post-tag","has-post-comment","has-post-author",""],"yoast_head":"<!-- This site is optimized with the Yoast SEO plugin v27.4 - https:\/\/yoast.com\/product\/yoast-seo-wordpress\/ -->\n<title>Cursos de Espa\u00f1ol - Escuela de Idiomas en El Ejido<\/title>\n<meta name=\"description\" content=\"Ofrecemos cursos mensuales y trimestrales de preparaci\u00f3n al examen Dele de todos los niveles y ex\u00e1menes Ccse y clases de espa\u00f1ol a medida..\" \/>\n<meta name=\"robots\" content=\"index, follow, max-snippet:-1, max-image-preview:large, max-video-preview:-1\" \/>\n<link rel=\"canonical\" href=\"https:\/\/www.idiomas-eugeniasgenius.com\/es_es\/cursos-de-espanol\/\" \/>\n<meta property=\"og:locale\" content=\"es_ES\" \/>\n<meta property=\"og:type\" content=\"article\" \/>\n<meta property=\"og:title\" content=\"Cursos de Espa\u00f1ol - Escuela de Idiomas en El Ejido\" \/>\n<meta property=\"og:description\" content=\"Ofrecemos cursos mensuales y trimestrales de preparaci\u00f3n al examen Dele de todos los niveles y ex\u00e1menes Ccse y clases de espa\u00f1ol a medida..\" \/>\n<meta property=\"og:url\" content=\"https:\/\/www.idiomas-eugeniasgenius.com\/es_es\/cursos-de-espanol\/\" \/>\n<meta property=\"og:site_name\" content=\"Escuela de Idiomas en El Ejido\" \/>\n<meta property=\"article:publisher\" content=\"https:\/\/www.youtube.com\/@adminEugenius\" \/>\n<meta property=\"article:modified_time\" content=\"2023-10-16T06:52:05+00:00\" \/>\n<meta name=\"twitter:card\" content=\"summary_large_image\" \/>\n<script type=\"application\/ld+json\" class=\"yoast-schema-graph\">{\"@context\":\"https:\\\/\\\/schema.org\",\"@graph\":[{\"@type\":\"WebPage\",\"@id\":\"https:\\\/\\\/www.idiomas-eugeniasgenius.com\\\/cursos-de-espanol\\\/\",\"url\":\"https:\\\/\\\/www.idiomas-eugeniasgenius.com\\\/cursos-de-espanol\\\/\",\"name\":\"Cursos de Espa\u00f1ol - Escuela de Idiomas en El Ejido\",\"isPartOf\":{\"@id\":\"https:\\\/\\\/www.idiomas-eugeniasgenius.com\\\/#website\"},\"datePublished\":\"2023-03-06T16:34:44+00:00\",\"dateModified\":\"2023-10-16T06:52:05+00:00\",\"description\":\"Ofrecemos cursos mensuales y trimestrales de preparaci\u00f3n al examen Dele de todos los niveles y ex\u00e1menes Ccse y clases de espa\u00f1ol a medida..\",\"breadcrumb\":{\"@id\":\"https:\\\/\\\/www.idiomas-eugeniasgenius.com\\\/cursos-de-espanol\\\/#breadcrumb\"},\"inLanguage\":\"es\",\"potentialAction\":[{\"@type\":\"ReadAction\",\"target\":[\"https:\\\/\\\/www.idiomas-eugeniasgenius.com\\\/cursos-de-espanol\\\/\"]}]},{\"@type\":\"BreadcrumbList\",\"@id\":\"https:\\\/\\\/www.idiomas-eugeniasgenius.com\\\/cursos-de-espanol\\\/#breadcrumb\",\"itemListElement\":[{\"@type\":\"ListItem\",\"position\":1,\"name\":\"Portada\",\"item\":\"https:\\\/\\\/www.idiomas-eugeniasgenius.com\\\/es_es\\\/\"},{\"@type\":\"ListItem\",\"position\":2,\"name\":\"Cursos de Espa\u00f1ol\"}]},{\"@type\":\"WebSite\",\"@id\":\"https:\\\/\\\/www.idiomas-eugeniasgenius.com\\\/#website\",\"url\":\"https:\\\/\\\/www.idiomas-eugeniasgenius.com\\\/\",\"name\":\"Escuela de Idiomas en El Ejido\",\"description\":\"Escuela de idiomas en El Ejido\",\"alternateName\":\"Eugenias Genius\",\"potentialAction\":[{\"@type\":\"SearchAction\",\"target\":{\"@type\":\"EntryPoint\",\"urlTemplate\":\"https:\\\/\\\/www.idiomas-eugeniasgenius.com\\\/?s={search_term_string}\"},\"query-input\":{\"@type\":\"PropertyValueSpecification\",\"valueRequired\":true,\"valueName\":\"search_term_string\"}}],\"inLanguage\":\"es\"}]}<\/script>\n<!-- \/ Yoast SEO plugin. -->","yoast_head_json":{"title":"Cursos de Espa\u00f1ol - Escuela de Idiomas en El Ejido","description":"Ofrecemos cursos mensuales y trimestrales de preparaci\u00f3n al examen Dele de todos los niveles y ex\u00e1menes Ccse y clases de espa\u00f1ol a medida..","robots":{"index":"index","follow":"follow","max-snippet":"max-snippet:-1","max-image-preview":"max-image-preview:large","max-video-preview":"max-video-preview:-1"},"canonical":"https:\/\/www.idiomas-eugeniasgenius.com\/es_es\/cursos-de-espanol\/","og_locale":"es_ES","og_type":"article","og_title":"Cursos de Espa\u00f1ol - Escuela de Idiomas en El Ejido","og_description":"Ofrecemos cursos mensuales y trimestrales de preparaci\u00f3n al examen Dele de todos los niveles y ex\u00e1menes Ccse y clases de espa\u00f1ol a medida..","og_url":"https:\/\/www.idiomas-eugeniasgenius.com\/es_es\/cursos-de-espanol\/","og_site_name":"Escuela de Idiomas en El Ejido","article_publisher":"https:\/\/www.youtube.com\/@adminEugenius","article_modified_time":"2023-10-16T06:52:05+00:00","twitter_card":"summary_large_image","schema":{"@context":"https:\/\/schema.org","@graph":[{"@type":"WebPage","@id":"https:\/\/www.idiomas-eugeniasgenius.com\/cursos-de-espanol\/","url":"https:\/\/www.idiomas-eugeniasgenius.com\/cursos-de-espanol\/","name":"Cursos de Espa\u00f1ol - Escuela de Idiomas en El Ejido","isPartOf":{"@id":"https:\/\/www.idiomas-eugeniasgenius.com\/#website"},"datePublished":"2023-03-06T16:34:44+00:00","dateModified":"2023-10-16T06:52:05+00:00","description":"Ofrecemos cursos mensuales y trimestrales de preparaci\u00f3n al examen Dele de todos los niveles y ex\u00e1menes Ccse y clases de espa\u00f1ol a medida..","breadcrumb":{"@id":"https:\/\/www.idiomas-eugeniasgenius.com\/cursos-de-espanol\/#breadcrumb"},"inLanguage":"es","potentialAction":[{"@type":"ReadAction","target":["https:\/\/www.idiomas-eugeniasgenius.com\/cursos-de-espanol\/"]}]},{"@type":"BreadcrumbList","@id":"https:\/\/www.idiomas-eugeniasgenius.com\/cursos-de-espanol\/#breadcrumb","itemListElement":[{"@type":"ListItem","position":1,"name":"Portada","item":"https:\/\/www.idiomas-eugeniasgenius.com\/es_es\/"},{"@type":"ListItem","position":2,"name":"Cursos de Espa\u00f1ol"}]},{"@type":"WebSite","@id":"https:\/\/www.idiomas-eugeniasgenius.com\/#website","url":"https:\/\/www.idiomas-eugeniasgenius.com\/","name":"Escuela de Idiomas en El Ejido","description":"Escuela de idiomas en El Ejido","alternateName":"Eugenias Genius","potentialAction":[{"@type":"SearchAction","target":{"@type":"EntryPoint","urlTemplate":"https:\/\/www.idiomas-eugeniasgenius.com\/?s={search_term_string}"},"query-input":{"@type":"PropertyValueSpecification","valueRequired":true,"valueName":"search_term_string"}}],"inLanguage":"es"}]}},"builder_content":"<h1 style=\"text-align: center;\">CURSOS DE ESPA\u00d1OL<\/h1>\n<p>Nuestras clases de espa\u00f1ol est\u00e1n dise\u00f1adas para quienes deseen mejorar el nivel que tienen actualmente o como introducci\u00f3n a la lengua espa\u00f1ola para as\u00ed poder comunicarse eficientemente en situaciones reales y cotidianas.<\/p> <p>Somos innovadores y buscamos constantemente mejorar nuestros cursos, nuestros materiales y nuestros m\u00e9todos en base a lo que aprendemos de las personas con las que trabajamos y las novedades en nuestro campo.<\/p> <p>Ofrecemos cursos mensuales y trimestrales de preparaci\u00f3n al examen Dele de todos los niveles<b> <\/b> y ex\u00c1menes Ccse (nacionalidad espa\u00f1ola) y clases de espa\u00f1ol a medida.<\/p> <p>Nuestra formaci\u00f3n est\u00e1 reconocida por el Instituto Cervantes. Puedes elegir tomar clases de forma presencial o en l\u00ednea.<\/p> <p>Selecciona una de las siguientes opciones y empieza a mejorar tu espa\u00f1ol hoy.<\/p>\n<p style=\"text-align: center;\"><strong>Examen<\/strong><br><strong>DELE<\/strong><\/p>\n\n<p style=\"text-align: center;\"><a href=\"https:\/\/www.idiomas-eugeniasgenius.com\/examen-dele-a1\"><strong>Nivel A1<\/strong><\/a><\/p>\n<p style=\"text-align: center;\"><strong>Examen<\/strong><br><strong>DELE<\/strong><\/p>\n\n<p style=\"text-align: center;\"><a href=\"https:\/\/www.idiomas-eugeniasgenius.com\/examen-dele-a2\"><strong>Nivel A2<\/strong><\/a><\/p>\n<p style=\"text-align: center;\"><strong>Examen<\/strong><br><strong>DELE<\/strong><\/p>\n\n<p style=\"text-align: center;\"><a href=\"https:\/\/www.idiomas-eugeniasgenius.com\/examen-dele-b1\"><strong>Nivel B1<\/strong><\/a><\/p>\n<p style=\"text-align: center;\"><strong>Examen<\/strong><br><strong>DELE<\/strong><\/p>\n\n<p style=\"text-align: center;\"><a href=\"https:\/\/www.idiomas-eugeniasgenius.com\/examen-dele-b2\"><strong>Nivel B2<\/strong><\/a><\/p>\n<p style=\"text-align: center;\"><strong>Examen<\/strong><br><strong>DELE<\/strong><\/p>\n\n<p style=\"text-align: center;\"><a href=\"https:\/\/www.idiomas-eugeniasgenius.com\/examen-dele-c1\"><strong>Nivel C1<\/strong><\/a><\/p>\n<p style=\"text-align: center;\"><strong>Examen<\/strong><br><strong>DELE<\/strong><\/p>\n\n<p style=\"text-align: center;\"><a href=\"https:\/\/www.idiomas-eugeniasgenius.com\/examen-dele-c2\"><strong>Nivel C2<\/strong><\/a><\/p>\n<p style=\"text-align: center;\"><b>Espa\u00f1ol<\/b><\/p>\n\n<p style=\"text-align: center;\"><a href=\"https:\/\/www.idiomas-eugeniasgenius.com\/espanol-plus\"><b>PLUS<\/b><\/a><\/p>\n<p style=\"text-align: center;\"><b>Espa\u00f1ol<\/b><\/p>\n\n<p style=\"text-align: center;\"><a href=\"https:\/\/www.idiomas-eugeniasgenius.com\/espanol-empresas\"><b>para<br><\/b><b>empresas<\/b><\/a><\/p>\n<p style=\"text-align: center;\"><b>Espa\u00f1ol<\/b><\/p>\n\n<p style=\"text-align: center;\"><a href=\"https:\/\/www.idiomas-eugeniasgenius.com\/espanol-medida\"><b>a medida<\/b><\/a><\/p>\n<p style=\"text-align: center;\"><b>Espa\u00f1ol<\/b><\/p>\n\n<p style=\"text-align: center;\"><a href=\"https:\/\/www.idiomas-eugeniasgenius.com\/espanol-intensivo-2\"><b>intensivo<\/b><\/a><\/p>","_links":{"self":[{"href":"https:\/\/www.idiomas-eugeniasgenius.com\/es_es\/wp-json\/wp\/v2\/pages\/1147","targetHints":{"allow":["GET"]}}],"collection":[{"href":"https:\/\/www.idiomas-eugeniasgenius.com\/es_es\/wp-json\/wp\/v2\/pages"}],"about":[{"href":"https:\/\/www.idiomas-eugeniasgenius.com\/es_es\/wp-json\/wp\/v2\/types\/page"}],"author":[{"embeddable":true,"href":"https:\/\/www.idiomas-eugeniasgenius.com\/es_es\/wp-json\/wp\/v2\/users\/1"}],"replies":[{"embeddable":true,"href":"https:\/\/www.idiomas-eugeniasgenius.com\/es_es\/wp-json\/wp\/v2\/comments?post=1147"}],"version-history":[{"count":5,"href":"https:\/\/www.idiomas-eugeniasgenius.com\/es_es\/wp-json\/wp\/v2\/pages\/1147\/revisions"}],"predecessor-version":[{"id":2035,"href":"https:\/\/www.idiomas-eugeniasgenius.com\/es_es\/wp-json\/wp\/v2\/pages\/1147\/revisions\/2035"}],"wp:attachment":[{"href":"https:\/\/www.idiomas-eugeniasgenius.com\/es_es\/wp-json\/wp\/v2\/media?parent=1147"}],"curies":[{"name":"wp","href":"https:\/\/api.w.org\/{rel}","templated":true}]}}