{"id":1947,"date":"2023-06-13T15:53:46","date_gmt":"2023-06-13T15:53:46","guid":{"rendered":"https:\/\/www.idiomas-eugeniasgenius.com\/?page_id=1947"},"modified":"2023-06-13T16:21:45","modified_gmt":"2023-06-13T16:21:45","slug":"politica-de-cookies","status":"publish","type":"page","link":"https:\/\/www.idiomas-eugeniasgenius.com\/es_es\/politica-de-cookies\/","title":{"rendered":"Pol\u00edtica de Cookies"},"content":{"rendered":"<!-- wp:themify-builder\/canvas \/-->\n\n\n<h1 class=\"wp-block-heading has-large-font-size\">Pol\u00edtica de Cookies<\/h1>\n\n\n\n<h4 class=\"wp-block-heading\">TRATAMIENTO DE DATOS PERSONALES<\/h4>\n\n\n\n<p><strong>EUGENIA BATOVA<\/strong>, es la Responsable del tratamiento de los datos personales del Interesado y le informa de que estos datos ser\u00e1n tratados de conformidad con lo dispuesto en el Reglamento (UE) 2016\/679, de 27 de abril de 2016 (GDPR), por lo que se le facilita la siguiente informaci\u00f3n del tratamiento:<br><strong>Fines del tratamiento: <\/strong>Seg\u00fan se especifica en el apartado de cookies que se utilizan en este sitio web.<br><strong>Legitimaci\u00f3n del tratamiento: <\/strong>Salvo en los casos en los que resulte necesario para la navegaci\u00f3n por la web y por consentimiento del interesado (art. 6.1 GDPR).<br><strong>Criterios de conservaci\u00f3n de los datos:<\/strong> Se conservar\u00e1n durante no m\u00e1s tiempo del necesario para mantener el fin del tratamiento o existan prescripciones legales que dictaminen su custodia y cuando ya no sea necesario para ello, se suprimir\u00e1n con medidas de seguridad adecuadas para garantizar la anonimizaci\u00f3n de los datos o la destrucci\u00f3n total de los mismos.<br><strong>Comunicaci\u00f3n de los datos:<\/strong> No se comunicar\u00e1n los datos a terceros, excepto en cookies propiedad de terceros o por obligaci\u00f3n legal.<br><strong>Derechos que asisten al Interesado:<\/strong><\/p>\n\n\n\n<ul class=\"wp-block-list\">\n<li>Derecho a retirar el consentimiento en cualquier momento.<\/li>\n\n\n\n<li>Derecho de acceso, rectificaci\u00f3n, portabilidad y supresi\u00f3n de sus datos y a la limitaci\u00f3n u oposici\u00f3n a su tratamiento.<\/li>\n\n\n\n<li>Derecho a presentar una reclamaci\u00f3n ante la Autoridad de control (www.aepd.es) si considera que el tratamiento no se ajusta a la normativa vigente.<br><strong>Datos de contacto para ejercer sus derechos:<\/strong><br>Nombre: EUGENIA BATOVA<br>NIE: X-4891608-Z<br>Domicilio: C\/ ESTRIBOR N\u00ba13, 04711- ALMERIMAR, EL EJIDO (ALMERIA)<br>Tel\u00e9fono: 660092928<br>Correo Electr\u00f3nico: eugeniasgenius@gmail.com<br>Nombre del Dominio Web: idiomas-eugeniasgenius.com<\/li>\n<\/ul>\n\n\n\n<h4 class=\"wp-block-heading\">QU\u00c9 SON LAS COOKIES Y C\u00d3MO LAS UTILIZA EL RESPONSABLE DE \u00c9STA P\u00c1GINA WEB<\/h4>\n\n\n\n<p>Este sitio web, al igual que la mayor\u00eda de los sitios web en Internet, usa Cookies para mejorar y optimizar la experiencia del usuario. Las Cookies son archivos que el sitio web o la aplicaci\u00f3n que utiliza instala en su navegador o en su dispositivo (Tel\u00e9fono M\u00f3vil, Tablet o Televisi\u00f3n conectada) durante su recorrido por las p\u00e1ginas o por la aplicaci\u00f3n, y sirven para almacenar informaci\u00f3n sobre su visita.<br>El uso de Cookies nos permite optimizar su navegaci\u00f3n, adaptando la informaci\u00f3n y los servicios ofrecidos a sus intereses, para proporcionarle una mejor experiencia siempre que nos visite. Este sitio web utiliza Cookies para funcionar, adaptar y facilitar al m\u00e1ximo la navegaci\u00f3n del usuario.<br>Las Cookies se asocian \u00fanicamente a un usuario an\u00f3nimo y a su ordenador\/dispositivo y no proporcionan referencias que permitan conocer datos personales. En todo momento podr\u00e1 acceder a la configuraci\u00f3n de su navegador para modificar y\/o bloquear la instalaci\u00f3n de las Cookies enviadas por el sitio web sin que ello impida al acceso a los contenidos. Sin embargo, la calidad del funcionamiento de los servicios puede verse afectada.<br>Los Usuarios que completen el proceso de registro o hayan iniciado sesi\u00f3n con sus datos de acceso podr\u00e1n acceder a servicios personalizados y adaptados a sus preferencias seg\u00fan la informaci\u00f3n personal suministrada en el momento del registro y la almacenada en la Cookie de su navegador.<\/p>\n\n\n\n<h4 class=\"wp-block-heading\">POR QU\u00c9 SON IMPORTANTES LAS COOKIES<\/h4>\n\n\n\n<p>Desde un punto de vista t\u00e9cnico, permiten que el sitio web funcione de forma m\u00e1s \u00e1gil y adaptado a las preferencias de los usuarios, como por ejemplo almacenar el idioma, la moneda del pa\u00eds o detectar el dispositivo de acceso.<br>Establecen niveles de protecci\u00f3n y seguridad que impiden o dificultan c\u00edber ataques contra el sitio web o sus usuarios.<br>Permiten que los gestores de los medios puedan conocer datos estad\u00edsticos recopilados en las cookies para mejorar la calidad y experiencia de sus servicios.<br>Sirven para optimizar la publicidad que mostramos a los usuarios, ofreciendo la que m\u00e1s se ajusta a sus intereses.<\/p>\n\n\n\n<h4 class=\"wp-block-heading\">INFORMACI\u00d3N SOBRE COOKIES AFECTADAS POR LA NORMATIVA Y COOKIES EXCEPTUADAS<\/h4>\n\n\n\n<p>Conforme con la Ley 34\/2002, de 11 de julio, de servicios de la sociedad de la informaci\u00f3n y de comercio electr\u00f3nico (LSSI), en relaci\u00f3n con el Reglamento (UE) 2016\/679 del Parlamento Europeo y del Consejo, de 27 de abril de 2016, General de Protecci\u00f3n de Datos (GDPR) y la Ley Org\u00e1nica 3\/2018, de 5 de diciembre, de Protecci\u00f3n de Datos y Garant\u00eda de los Derechos Digitales (LOPDGDD), es obligado obtener el consentimiento expreso del usuario de todas las p\u00e1ginas web que usan cookies prescindibles, antes de que este navegue por ellas.<br>Seg\u00fan la directiva de la UE, las cookies que requieren el consentimiento informado por parte del usuario son las cookies de anal\u00edtica y las de publicidad y afiliaci\u00f3n, quedando exceptuadas las de car\u00e1cter t\u00e9cnico y las necesarias para el funcionamiento del sitio web o la prestaci\u00f3n de servicios expresamente solicitados por el usuario.<\/p>\n\n\n\n<h4 class=\"wp-block-heading\">TIPOS DE COOKIES QUE USA ESTA WEB<\/h4>\n\n\n<div class=\"cky-audit-table-element\"><\/div>\n\n\n\n<h4 class=\"wp-block-heading\">C\u00d3MO ELIMINAR LAS COOKIES DE LOS NAVEGADORES M\u00c1S COMUNES<\/h4>\n\n\n\n<p>El usuario podr\u00e1 en cualquier momento elegir qu\u00e9 cookies quiere que funcionen en este sitio web mediante, por ejemplo, la configuraci\u00f3n del navegador en:<br><\/p>\n\n\n\n<p><a href=\"http:\/\/support.google.com\/chrome\/answer\/95647?hl=es\" target=\"_blank\" rel=\"noreferrer noopener\">Chrome<\/a><br><a href=\"https:\/\/support.microsoft.com\/es-es\/microsoft-edge\/eliminar-las-cookies-en-microsoft-edge- 63947406-40ac-c3b8-57b9-2a946a29ae09\" target=\"_blank\" rel=\"noreferrer noopener\">Edge<\/a><br><a href=\"https:\/\/support.microsoft.com\/es-es\/help\/278835\/how-to-delete-cookie-files-in-internet-explorer\" target=\"_blank\" rel=\"noreferrer noopener\">Explorer<\/a><br><a href=\"https:\/\/www.mozilla.org\/es-ES\/privacy\/websites\/#cookies\" target=\"_blank\" rel=\"noreferrer noopener\">Firefox<\/a><br><a href=\"https:\/\/support.apple.com\/es-es\/guide\/safari\/sfri11471\/mac\">Safari<\/a><br><a href=\"https:\/\/help.opera.com\/en\/latest\/security-and-privacy\/#clearBrowsingData\" target=\"_blank\" rel=\"noreferrer noopener\">Opera<\/a><\/p>\n\n\n\n<h4 class=\"wp-block-heading\">ACTUALIZACI\u00d3N DE NUESTRA POL\u00cdTICA DE COOKIES<\/h4>\n\n\n\n<p>Es posible que peri\u00f3dicamente actualicemos nuestra la Pol\u00edtica de Cookies de este sitio web, por ello le recomendamos revisarla cada vez que acceda al mismo con el objetivo de estar adecuadamente informado sobre c\u00f3mo y para qu\u00e9 usamos nuestra pol\u00edtica de cookies.<\/p>\n\n\n\n<p><\/p>\n","protected":false},"excerpt":{"rendered":"<p>Pol\u00edtica de Cookies TRATAMIENTO DE DATOS PERSONALES EUGENIA BATOVA, es la Responsable del tratamiento de los datos personales del Interesado y le informa de que estos datos ser\u00e1n tratados de conformidad con lo dispuesto en el Reglamento (UE) 2016\/679, de 27 de abril de 2016 (GDPR), por lo que se le facilita la siguiente informaci\u00f3n [&hellip;]<\/p>\n","protected":false},"author":1,"featured_media":0,"parent":0,"menu_order":0,"comment_status":"closed","ping_status":"closed","template":"","meta":{"footnotes":""},"class_list":["post-1947","page","type-page","status-publish","hentry","has-post-title","has-post-date","has-post-category","has-post-tag","has-post-comment","has-post-author",""],"yoast_head":"<!-- This site is optimized with the Yoast SEO plugin v27.4 - https:\/\/yoast.com\/product\/yoast-seo-wordpress\/ -->\n<title>Pol\u00edtica de Cookies - Escuela de Idiomas en El Ejido<\/title>\n<meta name=\"robots\" content=\"index, follow, max-snippet:-1, max-image-preview:large, max-video-preview:-1\" \/>\n<link rel=\"canonical\" href=\"https:\/\/www.idiomas-eugeniasgenius.com\/es_es\/politica-de-cookies\/\" \/>\n<meta property=\"og:locale\" content=\"es_ES\" \/>\n<meta property=\"og:type\" content=\"article\" \/>\n<meta property=\"og:title\" content=\"Pol\u00edtica de Cookies - Escuela de Idiomas en El Ejido\" \/>\n<meta property=\"og:description\" content=\"Pol\u00edtica de Cookies TRATAMIENTO DE DATOS PERSONALES EUGENIA BATOVA, es la Responsable del tratamiento de los datos personales del Interesado y le informa de que estos datos ser\u00e1n tratados de conformidad con lo dispuesto en el Reglamento (UE) 2016\/679, de 27 de abril de 2016 (GDPR), por lo que se le facilita la siguiente informaci\u00f3n [&hellip;]\" \/>\n<meta property=\"og:url\" content=\"https:\/\/www.idiomas-eugeniasgenius.com\/es_es\/politica-de-cookies\/\" \/>\n<meta property=\"og:site_name\" content=\"Escuela de Idiomas en El Ejido\" \/>\n<meta property=\"article:publisher\" content=\"https:\/\/www.youtube.com\/@adminEugenius\" \/>\n<meta property=\"article:modified_time\" content=\"2023-06-13T16:21:45+00:00\" \/>\n<meta name=\"twitter:card\" content=\"summary_large_image\" \/>\n<meta name=\"twitter:label1\" content=\"Tiempo de lectura\" \/>\n\t<meta name=\"twitter:data1\" content=\"4 minutos\" \/>\n<script type=\"application\/ld+json\" class=\"yoast-schema-graph\">{\"@context\":\"https:\\\/\\\/schema.org\",\"@graph\":[{\"@type\":\"WebPage\",\"@id\":\"https:\\\/\\\/www.idiomas-eugeniasgenius.com\\\/politica-de-cookies\\\/\",\"url\":\"https:\\\/\\\/www.idiomas-eugeniasgenius.com\\\/politica-de-cookies\\\/\",\"name\":\"Pol\u00edtica de Cookies - Escuela de Idiomas en El Ejido\",\"isPartOf\":{\"@id\":\"https:\\\/\\\/www.idiomas-eugeniasgenius.com\\\/#website\"},\"datePublished\":\"2023-06-13T15:53:46+00:00\",\"dateModified\":\"2023-06-13T16:21:45+00:00\",\"breadcrumb\":{\"@id\":\"https:\\\/\\\/www.idiomas-eugeniasgenius.com\\\/politica-de-cookies\\\/#breadcrumb\"},\"inLanguage\":\"es\",\"potentialAction\":[{\"@type\":\"ReadAction\",\"target\":[\"https:\\\/\\\/www.idiomas-eugeniasgenius.com\\\/politica-de-cookies\\\/\"]}]},{\"@type\":\"BreadcrumbList\",\"@id\":\"https:\\\/\\\/www.idiomas-eugeniasgenius.com\\\/politica-de-cookies\\\/#breadcrumb\",\"itemListElement\":[{\"@type\":\"ListItem\",\"position\":1,\"name\":\"Portada\",\"item\":\"https:\\\/\\\/www.idiomas-eugeniasgenius.com\\\/es_es\\\/\"},{\"@type\":\"ListItem\",\"position\":2,\"name\":\"Pol\u00edtica de Cookies\"}]},{\"@type\":\"WebSite\",\"@id\":\"https:\\\/\\\/www.idiomas-eugeniasgenius.com\\\/#website\",\"url\":\"https:\\\/\\\/www.idiomas-eugeniasgenius.com\\\/\",\"name\":\"Escuela de Idiomas en El Ejido\",\"description\":\"Escuela de idiomas en El Ejido\",\"alternateName\":\"Eugenias Genius\",\"potentialAction\":[{\"@type\":\"SearchAction\",\"target\":{\"@type\":\"EntryPoint\",\"urlTemplate\":\"https:\\\/\\\/www.idiomas-eugeniasgenius.com\\\/?s={search_term_string}\"},\"query-input\":{\"@type\":\"PropertyValueSpecification\",\"valueRequired\":true,\"valueName\":\"search_term_string\"}}],\"inLanguage\":\"es\"}]}<\/script>\n<!-- \/ Yoast SEO plugin. -->","yoast_head_json":{"title":"Pol\u00edtica de Cookies - Escuela de Idiomas en El Ejido","robots":{"index":"index","follow":"follow","max-snippet":"max-snippet:-1","max-image-preview":"max-image-preview:large","max-video-preview":"max-video-preview:-1"},"canonical":"https:\/\/www.idiomas-eugeniasgenius.com\/es_es\/politica-de-cookies\/","og_locale":"es_ES","og_type":"article","og_title":"Pol\u00edtica de Cookies - Escuela de Idiomas en El Ejido","og_description":"Pol\u00edtica de Cookies TRATAMIENTO DE DATOS PERSONALES EUGENIA BATOVA, es la Responsable del tratamiento de los datos personales del Interesado y le informa de que estos datos ser\u00e1n tratados de conformidad con lo dispuesto en el Reglamento (UE) 2016\/679, de 27 de abril de 2016 (GDPR), por lo que se le facilita la siguiente informaci\u00f3n [&hellip;]","og_url":"https:\/\/www.idiomas-eugeniasgenius.com\/es_es\/politica-de-cookies\/","og_site_name":"Escuela de Idiomas en El Ejido","article_publisher":"https:\/\/www.youtube.com\/@adminEugenius","article_modified_time":"2023-06-13T16:21:45+00:00","twitter_card":"summary_large_image","twitter_misc":{"Tiempo de lectura":"4 minutos"},"schema":{"@context":"https:\/\/schema.org","@graph":[{"@type":"WebPage","@id":"https:\/\/www.idiomas-eugeniasgenius.com\/politica-de-cookies\/","url":"https:\/\/www.idiomas-eugeniasgenius.com\/politica-de-cookies\/","name":"Pol\u00edtica de Cookies - Escuela de Idiomas en El Ejido","isPartOf":{"@id":"https:\/\/www.idiomas-eugeniasgenius.com\/#website"},"datePublished":"2023-06-13T15:53:46+00:00","dateModified":"2023-06-13T16:21:45+00:00","breadcrumb":{"@id":"https:\/\/www.idiomas-eugeniasgenius.com\/politica-de-cookies\/#breadcrumb"},"inLanguage":"es","potentialAction":[{"@type":"ReadAction","target":["https:\/\/www.idiomas-eugeniasgenius.com\/politica-de-cookies\/"]}]},{"@type":"BreadcrumbList","@id":"https:\/\/www.idiomas-eugeniasgenius.com\/politica-de-cookies\/#breadcrumb","itemListElement":[{"@type":"ListItem","position":1,"name":"Portada","item":"https:\/\/www.idiomas-eugeniasgenius.com\/es_es\/"},{"@type":"ListItem","position":2,"name":"Pol\u00edtica de Cookies"}]},{"@type":"WebSite","@id":"https:\/\/www.idiomas-eugeniasgenius.com\/#website","url":"https:\/\/www.idiomas-eugeniasgenius.com\/","name":"Escuela de Idiomas en El Ejido","description":"Escuela de idiomas en El Ejido","alternateName":"Eugenias Genius","potentialAction":[{"@type":"SearchAction","target":{"@type":"EntryPoint","urlTemplate":"https:\/\/www.idiomas-eugeniasgenius.com\/?s={search_term_string}"},"query-input":{"@type":"PropertyValueSpecification","valueRequired":true,"valueName":"search_term_string"}}],"inLanguage":"es"}]}},"builder_content":"","_links":{"self":[{"href":"https:\/\/www.idiomas-eugeniasgenius.com\/es_es\/wp-json\/wp\/v2\/pages\/1947","targetHints":{"allow":["GET"]}}],"collection":[{"href":"https:\/\/www.idiomas-eugeniasgenius.com\/es_es\/wp-json\/wp\/v2\/pages"}],"about":[{"href":"https:\/\/www.idiomas-eugeniasgenius.com\/es_es\/wp-json\/wp\/v2\/types\/page"}],"author":[{"embeddable":true,"href":"https:\/\/www.idiomas-eugeniasgenius.com\/es_es\/wp-json\/wp\/v2\/users\/1"}],"replies":[{"embeddable":true,"href":"https:\/\/www.idiomas-eugeniasgenius.com\/es_es\/wp-json\/wp\/v2\/comments?post=1947"}],"version-history":[{"count":0,"href":"https:\/\/www.idiomas-eugeniasgenius.com\/es_es\/wp-json\/wp\/v2\/pages\/1947\/revisions"}],"wp:attachment":[{"href":"https:\/\/www.idiomas-eugeniasgenius.com\/es_es\/wp-json\/wp\/v2\/media?parent=1947"}],"curies":[{"name":"wp","href":"https:\/\/api.w.org\/{rel}","templated":true}]}}