{"id":594,"date":"2023-01-24T16:09:07","date_gmt":"2023-01-24T16:09:07","guid":{"rendered":"http:\/\/www.idiomas-eugeniasgenius.com\/?page_id=594"},"modified":"2025-05-26T09:55:42","modified_gmt":"2025-05-26T09:55:42","slug":"conocenos","status":"publish","type":"page","link":"https:\/\/www.idiomas-eugeniasgenius.com\/es_es\/conocenos\/","title":{"rendered":"Con\u00f3cenos"},"content":{"rendered":"<!--themify_builder_content-->\n<div id=\"themify_builder_content-594\" data-postid=\"594\" class=\"themify_builder_content themify_builder_content-594 themify_builder tf_clear\">\n                    <div  data-css_id=\"cbebdb2\" data-lazy=\"1\" class=\"module_row themify_builder_row fullwidth_row_container tb_cbebdb2 tb_first tf_w\">\n            <span  class=\"builder_row_cover tf_abs\" data-lazy=\"1\"><\/span>            <div class=\"row_inner col_align_top tb_col_count_1 tf_box tf_rel\">\n                        <div  data-lazy=\"1\" class=\"module_column tb-column col-full tb_96903e4 first\">\n                    <!-- module text -->\n<div  class=\"module module-text tb_f11a781   \" data-lazy=\"1\">\n        <div  class=\"tb_text_wrap\">\n        <h1>Con\u00f3cenos<\/h1>    <\/div>\n<\/div>\n<!-- \/module text -->        <\/div>\n                        <\/div>\n        <\/div>\n                        <div  data-css_id=\"0ctf58\" data-lazy=\"1\" class=\"module_row themify_builder_row fullwidth_row_container tb_0ctf58 tf_w\">\n                        <div class=\"row_inner col_align_top tb_col_count_1 tf_box tf_rel\">\n                        <div  data-lazy=\"1\" class=\"module_column tb-column col-full tb_oojc58 first\">\n                    <!-- module fancy heading -->\n<div  class=\"module module-fancy-heading tb_kf3e302 \" data-lazy=\"1\">\n        <h2 class=\"fancy-heading tf_textc\">\n    <span class=\"main-head tf_block\">\n                    \u00bfPor que elegir Eugenia\u00b4s Genius?            <\/span>\n\n    \n    <span class=\"sub-head tf_block tf_rel\">\n                                <\/span>\n    <\/h2>\n<\/div>\n<!-- \/module fancy heading -->\n<!-- module text -->\n<div  class=\"module module-text tb_q1ng879   \" data-lazy=\"1\">\n        <div  class=\"tb_text_wrap\">\n        <p>Somos un centro preparador y examinador de Cambridge University, puedes presentarte a los ex\u00e1menes en El Ejido, en nuestras propias convocatorias.<\/p>    <\/div>\n<\/div>\n<!-- \/module text --><!-- module text -->\n<div  class=\"module module-text tb_konm986   \" data-lazy=\"1\">\n        <div  class=\"tb_text_wrap\">\n        <p>Para conseguir la maxima eficacia en el aprendizaje de idiomas nuestro centro se rige por las siguientes directrices:<\/p>    <\/div>\n<\/div>\n<!-- \/module text -->        <\/div>\n                        <\/div>\n        <\/div>\n                        <div  data-lazy=\"1\" class=\"module_row themify_builder_row tb_916f37d tf_w\">\n                        <div class=\"row_inner col_align_top tb_col_count_2 tf_box tf_rel\">\n                        <div  data-lazy=\"1\" class=\"module_column tb-column col3-2 tb_9dfc43f first\">\n                    <!-- module text -->\n<div  class=\"module module-text tb_c9383e8   \" data-lazy=\"1\">\n        <div  class=\"tb_text_wrap\">\n        <ul>\n<li>Usamos m\u00e9todos tradicionales junto a la tecnolog\u00eda m\u00e1s moderna, la inmersi\u00f3n ling\u00fc\u00edstica desde el primer d\u00eda que el alumno entra en clase, con lo que conseguimos una combinaci\u00f3n perfecta en el aprendizaje de idiomas.<\/li>\n<li>Siempre y cuando las circunstancias nos lo permiten aplicamos actividades art\u00edsticas relacionadas con el aprendizaje de idiomas, lo que permite desarrollar el potencial de cada alumno y demostrar sus talentos en arte, m\u00fasica y escritura usando los idiomas que esta cursando.<\/li>\n<li>Profesores nativos con gran experiencia que siguen metodolog\u00eda did\u00e1ctica con objetivos como conseguir la fluidez en los los idiomas y la posibilidad de obtener los t\u00edtulos oficiales a una edad muy temprana.<\/li>\n<li>Preparaci\u00f3n para los ex\u00e1menes oficiales e internacionales, lo que permite a los estudiantes de nuestros centros conseguir entrar en programas de becas y participar en los programas de bachillerato dual (internacional).<\/li>\n<li>Impartimos temas interesantes que se trabajan con el profesorado invitado, lo que supone informaci\u00f3n adicional sobre la cultura e historia de los pa\u00edses de habla inglesa.<\/li>\n<li>Formamos grupos uniformes que permiten a los estudiantes avanzar mas r\u00e1pido y donde los objetivos se consiguen con mas eficacia.<\/li>\n<li>Env\u00edo diario de lo realizado en clase y los deberes propuestos, en el caso de no asistir a clase por enfermedad.<\/li>\n<li>Posibilidad de conectarse online a la clase, con tu grupo, o de tener clases particulares o semi-particulares online a trav\u00e9s de nuestra pagina web o por videollamadas para no interrumpir el proceso educativo.<\/li>\n<\/ul>    <\/div>\n<\/div>\n<!-- \/module text -->        <\/div>\n                    <div  data-lazy=\"1\" class=\"module_column tb-column col3-1 tb_s44k338 last\">\n                    <!-- module image -->\n<div  class=\"module module-image tb_68io101 image-center   auto_fullwidth tf_mw wow\" data-tf-animation=\"slideInRight\" data-tf-animation_delay=\"0.2\" data-lazy=\"1\">\n        <div class=\"image-wrap tf_rel tf_mw\">\n            <img loading=\"lazy\" decoding=\"async\" width=\"600\" height=\"338\" src=\"https:\/\/www.idiomas-eugeniasgenius.com\/wp-content\/uploads\/2023\/02\/pegatinas-ingles.jpg\" class=\"wp-post-image wp-image-1054\" title=\"pegatinas-ingles\" alt=\"Clases de ingl\u00e9s con m\u00e9todos tradicionales y tecnolog\u00edas actuales\" srcset=\"https:\/\/www.idiomas-eugeniasgenius.com\/wp-content\/uploads\/2023\/02\/pegatinas-ingles.jpg 600w, https:\/\/www.idiomas-eugeniasgenius.com\/wp-content\/uploads\/2023\/02\/pegatinas-ingles-300x169.jpg 300w\" sizes=\"auto, (max-width: 600px) 100vw, 600px\" \/>    \n        <\/div>\n    <!-- \/image-wrap -->\n    \n        <\/div>\n<!-- \/module image --><!-- module image -->\n<div  class=\"module module-image tb_c78z211 image-center   auto_fullwidth tf_mw wow\" data-tf-animation=\"slideInRight\" data-tf-animation_delay=\"0.4\" data-lazy=\"1\">\n        <div class=\"image-wrap tf_rel tf_mw\">\n            <img loading=\"lazy\" decoding=\"async\" width=\"600\" height=\"394\" src=\"https:\/\/www.idiomas-eugeniasgenius.com\/wp-content\/uploads\/2023\/02\/ingles-dibujos.jpg\" class=\"wp-post-image wp-image-1055\" title=\"ingles-dibujos\" alt=\"Clases de ingl\u00e9s amenas para ni\u00f1os\" srcset=\"https:\/\/www.idiomas-eugeniasgenius.com\/wp-content\/uploads\/2023\/02\/ingles-dibujos.jpg 600w, https:\/\/www.idiomas-eugeniasgenius.com\/wp-content\/uploads\/2023\/02\/ingles-dibujos-300x197.jpg 300w\" sizes=\"auto, (max-width: 600px) 100vw, 600px\" \/>    \n        <\/div>\n    <!-- \/image-wrap -->\n    \n        <\/div>\n<!-- \/module image --><!-- module image -->\n<div  class=\"module module-image tb_to95134 image-center   auto_fullwidth tf_mw wow\" data-tf-animation=\"slideInRight\" data-tf-animation_delay=\"0.6\" data-lazy=\"1\">\n        <div class=\"image-wrap tf_rel tf_mw\">\n            <img loading=\"lazy\" decoding=\"async\" width=\"600\" height=\"306\" src=\"https:\/\/www.idiomas-eugeniasgenius.com\/wp-content\/uploads\/2023\/02\/ninos-ingles.jpg\" class=\"wp-post-image wp-image-1056\" title=\"ninos-ingles\" alt=\"Grupo de alumnos de ingl\u00e9s en Eugeniagenius\" srcset=\"https:\/\/www.idiomas-eugeniasgenius.com\/wp-content\/uploads\/2023\/02\/ninos-ingles.jpg 600w, https:\/\/www.idiomas-eugeniasgenius.com\/wp-content\/uploads\/2023\/02\/ninos-ingles-300x153.jpg 300w\" sizes=\"auto, (max-width: 600px) 100vw, 600px\" \/>    \n        <\/div>\n    <!-- \/image-wrap -->\n    \n        <\/div>\n<!-- \/module image -->        <\/div>\n                        <\/div>\n        <\/div>\n                        <div  data-css_id=\"c158813\" data-lazy=\"1\" class=\"module_row themify_builder_row fullwidth_row_container tb_c158813 tf_w\">\n            <span  class=\"builder_row_cover tf_abs\" data-lazy=\"1\"><\/span>            <div class=\"row_inner col_align_top tb_col_count_1 tf_box tf_rel\">\n                        <div  data-lazy=\"1\" class=\"module_column tb-column col-full tb_864e5b6 first\">\n                    <!-- module fancy heading -->\n<div  class=\"module module-fancy-heading tb_4hcm235 \" data-lazy=\"1\">\n        <h3 class=\"fancy-heading tf_textc\">\n    <span class=\"main-head tf_block\">\n                    M\u00e9todo propio            <\/span>\n\n    \n    <span class=\"sub-head tf_block tf_rel\">\n                                <\/span>\n    <\/h3>\n<\/div>\n<!-- \/module fancy heading -->\n<!-- module text -->\n<div  class=\"module module-text tb_58e240c   \" data-lazy=\"1\">\n        <div  class=\"tb_text_wrap\">\n        <p>En los ultimos 30 a\u00f1os de experiencia en la ense\u00f1anza de idiomas hemos desarrollado un procedimiento que consiste en el uso de los metodos tradicionales combinados con el uso de las tecnolog\u00edas modernas y el desarrollo de los propios talentos de los alumnos, lo que nos permite llevar la ense\u00f1anza a un nivel mucho mas cercano a la vida real y conseguir que los alumnos no tengan inseguridades a la hora de expresarse en otros idiomas.<\/p>    <\/div>\n<\/div>\n<!-- \/module text -->        <\/div>\n                        <\/div>\n        <\/div>\n                        <div  data-lazy=\"1\" class=\"module_row themify_builder_row tb_6f50887 tf_w\">\n                        <div class=\"row_inner col_align_top tb_col_count_1 tf_box tf_rel\">\n                        <div  data-lazy=\"1\" class=\"module_column tb-column col-full tb_6e1de00 first\">\n                    <!-- module fancy heading -->\n<div  class=\"module module-fancy-heading tb_x4g7435 \" data-lazy=\"1\">\n        <h3 class=\"fancy-heading tf_textc\">\n    <span class=\"main-head tf_block\">\n                    Profesorado nativo            <\/span>\n\n    \n    <span class=\"sub-head tf_block tf_rel\">\n                    y con mucha experiencia            <\/span>\n    <\/h3>\n<\/div>\n<!-- \/module fancy heading -->\n<!-- module text -->\n<div  class=\"module module-text tb_pv9b584   \" data-lazy=\"1\">\n        <div  class=\"tb_text_wrap\">\n        <p>El profesionalismo es la clave as\u00ed que procuramos que nuestros profesores est\u00e9n al corriente de los m\u00e9todos de ense\u00f1anza m\u00e1s modernos y fomentamos su entusiasmo a la hora de preparar e impartir las clases. Para obtener los mejores resultados que se reflejen en la mejor nota de nuestros alumnos en los ex\u00e1menes.<\/p>    <\/div>\n<\/div>\n<!-- \/module text -->        <\/div>\n                        <\/div>\n        <\/div>\n                        <div  data-lazy=\"1\" class=\"module_row themify_builder_row tb_db01cce tf_w\">\n                        <div class=\"row_inner col_align_top gutter-none tb_col_count_3 tf_box tf_rel\">\n                        <div  data-lazy=\"1\" class=\"module_column tb-column col4-1 tb_8c12b6c first\">\n                            <\/div>\n                    <div  data-lazy=\"1\" class=\"module_column tb-column col4-2 tb_1o1i685\">\n                    <!-- module image -->\n<div  class=\"module module-image tb_b3jg627 image-center   tf_mw\" data-lazy=\"1\">\n        <div class=\"image-wrap tf_rel tf_mw\">\n            <img loading=\"lazy\" decoding=\"async\" width=\"900\" height=\"675\" src=\"https:\/\/www.idiomas-eugeniasgenius.com\/wp-content\/uploads\/2023\/03\/certificado-eugenias2.jpg\" class=\"wp-post-image wp-image-1120\" title=\"certificado-eugenias2\" alt=\"Centro preparador Premium de ex\u00e1menes oficiales Cambridge\" srcset=\"https:\/\/www.idiomas-eugeniasgenius.com\/wp-content\/uploads\/2023\/03\/certificado-eugenias2.jpg 900w, https:\/\/www.idiomas-eugeniasgenius.com\/wp-content\/uploads\/2023\/03\/certificado-eugenias2-300x225.jpg 300w, https:\/\/www.idiomas-eugeniasgenius.com\/wp-content\/uploads\/2023\/03\/certificado-eugenias2-768x576.jpg 768w, https:\/\/www.idiomas-eugeniasgenius.com\/wp-content\/uploads\/2023\/03\/certificado-eugenias2-600x450.jpg 600w\" sizes=\"auto, (max-width: 900px) 100vw, 900px\" \/>    \n        <\/div>\n    <!-- \/image-wrap -->\n    \n        <\/div>\n<!-- \/module image -->        <\/div>\n                    <div  data-lazy=\"1\" class=\"module_column tb-column col4-1 tb_awcl685 last\">\n                            <\/div>\n                        <\/div>\n        <\/div>\n        <\/div>\n<!--\/themify_builder_content-->","protected":false},"excerpt":{"rendered":"<p>Con\u00f3cenos<\/p>\n","protected":false},"author":1,"featured_media":0,"parent":0,"menu_order":0,"comment_status":"closed","ping_status":"closed","template":"","meta":{"footnotes":""},"class_list":["post-594","page","type-page","status-publish","hentry","has-post-title","has-post-date","has-post-category","has-post-tag","has-post-comment","has-post-author",""],"yoast_head":"<!-- This site is optimized with the Yoast SEO plugin v27.4 - https:\/\/yoast.com\/product\/yoast-seo-wordpress\/ -->\n<title>Con\u00f3cenos - Escuela de Idiomas en El Ejido<\/title>\n<meta name=\"description\" content=\"Centros de idiomas Eugenias Genius en Almerimar y El Ejido\" \/>\n<meta name=\"robots\" content=\"index, follow, max-snippet:-1, max-image-preview:large, max-video-preview:-1\" \/>\n<link rel=\"canonical\" href=\"https:\/\/www.idiomas-eugeniasgenius.com\/es_es\/conocenos\/\" \/>\n<meta property=\"og:locale\" content=\"es_ES\" \/>\n<meta property=\"og:type\" content=\"article\" \/>\n<meta property=\"og:title\" content=\"Con\u00f3cenos - Escuela de Idiomas en El Ejido\" \/>\n<meta property=\"og:description\" content=\"Centros de idiomas Eugenias Genius en Almerimar y El Ejido\" \/>\n<meta property=\"og:url\" content=\"https:\/\/www.idiomas-eugeniasgenius.com\/es_es\/conocenos\/\" \/>\n<meta property=\"og:site_name\" content=\"Escuela de Idiomas en El Ejido\" \/>\n<meta property=\"article:publisher\" content=\"https:\/\/www.youtube.com\/@adminEugenius\" \/>\n<meta property=\"article:modified_time\" content=\"2025-05-26T09:55:42+00:00\" \/>\n<meta property=\"og:image\" content=\"https:\/\/www.idiomas-eugeniasgenius.com\/wp-content\/uploads\/2023\/02\/pegatinas-ingles.jpg\" \/>\n<meta name=\"twitter:card\" content=\"summary_large_image\" \/>\n<meta name=\"twitter:label1\" content=\"Tiempo de lectura\" \/>\n\t<meta name=\"twitter:data1\" content=\"6 minutos\" \/>\n<script type=\"application\/ld+json\" class=\"yoast-schema-graph\">{\"@context\":\"https:\\\/\\\/schema.org\",\"@graph\":[{\"@type\":\"WebPage\",\"@id\":\"https:\\\/\\\/www.idiomas-eugeniasgenius.com\\\/conocenos\\\/\",\"url\":\"https:\\\/\\\/www.idiomas-eugeniasgenius.com\\\/conocenos\\\/\",\"name\":\"Con\u00f3cenos - Escuela de Idiomas en El Ejido\",\"isPartOf\":{\"@id\":\"https:\\\/\\\/www.idiomas-eugeniasgenius.com\\\/#website\"},\"primaryImageOfPage\":{\"@id\":\"https:\\\/\\\/www.idiomas-eugeniasgenius.com\\\/conocenos\\\/#primaryimage\"},\"image\":{\"@id\":\"https:\\\/\\\/www.idiomas-eugeniasgenius.com\\\/conocenos\\\/#primaryimage\"},\"thumbnailUrl\":\"https:\\\/\\\/www.idiomas-eugeniasgenius.com\\\/wp-content\\\/uploads\\\/2023\\\/02\\\/pegatinas-ingles.jpg\",\"datePublished\":\"2023-01-24T16:09:07+00:00\",\"dateModified\":\"2025-05-26T09:55:42+00:00\",\"description\":\"Centros de idiomas Eugenias Genius en Almerimar y El Ejido\",\"breadcrumb\":{\"@id\":\"https:\\\/\\\/www.idiomas-eugeniasgenius.com\\\/conocenos\\\/#breadcrumb\"},\"inLanguage\":\"es\",\"potentialAction\":[{\"@type\":\"ReadAction\",\"target\":[\"https:\\\/\\\/www.idiomas-eugeniasgenius.com\\\/conocenos\\\/\"]}]},{\"@type\":\"ImageObject\",\"inLanguage\":\"es\",\"@id\":\"https:\\\/\\\/www.idiomas-eugeniasgenius.com\\\/conocenos\\\/#primaryimage\",\"url\":\"https:\\\/\\\/www.idiomas-eugeniasgenius.com\\\/wp-content\\\/uploads\\\/2023\\\/02\\\/pegatinas-ingles.jpg\",\"contentUrl\":\"https:\\\/\\\/www.idiomas-eugeniasgenius.com\\\/wp-content\\\/uploads\\\/2023\\\/02\\\/pegatinas-ingles.jpg\"},{\"@type\":\"BreadcrumbList\",\"@id\":\"https:\\\/\\\/www.idiomas-eugeniasgenius.com\\\/conocenos\\\/#breadcrumb\",\"itemListElement\":[{\"@type\":\"ListItem\",\"position\":1,\"name\":\"Portada\",\"item\":\"https:\\\/\\\/www.idiomas-eugeniasgenius.com\\\/es_es\\\/\"},{\"@type\":\"ListItem\",\"position\":2,\"name\":\"Con\u00f3cenos\"}]},{\"@type\":\"WebSite\",\"@id\":\"https:\\\/\\\/www.idiomas-eugeniasgenius.com\\\/#website\",\"url\":\"https:\\\/\\\/www.idiomas-eugeniasgenius.com\\\/\",\"name\":\"Escuela de Idiomas en El Ejido\",\"description\":\"Escuela de idiomas en El Ejido\",\"alternateName\":\"Eugenias Genius\",\"potentialAction\":[{\"@type\":\"SearchAction\",\"target\":{\"@type\":\"EntryPoint\",\"urlTemplate\":\"https:\\\/\\\/www.idiomas-eugeniasgenius.com\\\/?s={search_term_string}\"},\"query-input\":{\"@type\":\"PropertyValueSpecification\",\"valueRequired\":true,\"valueName\":\"search_term_string\"}}],\"inLanguage\":\"es\"}]}<\/script>\n<!-- \/ Yoast SEO plugin. -->","yoast_head_json":{"title":"Con\u00f3cenos - Escuela de Idiomas en El Ejido","description":"Centros de idiomas Eugenias Genius en Almerimar y El Ejido","robots":{"index":"index","follow":"follow","max-snippet":"max-snippet:-1","max-image-preview":"max-image-preview:large","max-video-preview":"max-video-preview:-1"},"canonical":"https:\/\/www.idiomas-eugeniasgenius.com\/es_es\/conocenos\/","og_locale":"es_ES","og_type":"article","og_title":"Con\u00f3cenos - Escuela de Idiomas en El Ejido","og_description":"Centros de idiomas Eugenias Genius en Almerimar y El Ejido","og_url":"https:\/\/www.idiomas-eugeniasgenius.com\/es_es\/conocenos\/","og_site_name":"Escuela de Idiomas en El Ejido","article_publisher":"https:\/\/www.youtube.com\/@adminEugenius","article_modified_time":"2025-05-26T09:55:42+00:00","og_image":[{"url":"https:\/\/www.idiomas-eugeniasgenius.com\/wp-content\/uploads\/2023\/02\/pegatinas-ingles.jpg","type":"","width":"","height":""}],"twitter_card":"summary_large_image","twitter_misc":{"Tiempo de lectura":"6 minutos"},"schema":{"@context":"https:\/\/schema.org","@graph":[{"@type":"WebPage","@id":"https:\/\/www.idiomas-eugeniasgenius.com\/conocenos\/","url":"https:\/\/www.idiomas-eugeniasgenius.com\/conocenos\/","name":"Con\u00f3cenos - Escuela de Idiomas en El Ejido","isPartOf":{"@id":"https:\/\/www.idiomas-eugeniasgenius.com\/#website"},"primaryImageOfPage":{"@id":"https:\/\/www.idiomas-eugeniasgenius.com\/conocenos\/#primaryimage"},"image":{"@id":"https:\/\/www.idiomas-eugeniasgenius.com\/conocenos\/#primaryimage"},"thumbnailUrl":"https:\/\/www.idiomas-eugeniasgenius.com\/wp-content\/uploads\/2023\/02\/pegatinas-ingles.jpg","datePublished":"2023-01-24T16:09:07+00:00","dateModified":"2025-05-26T09:55:42+00:00","description":"Centros de idiomas Eugenias Genius en Almerimar y El Ejido","breadcrumb":{"@id":"https:\/\/www.idiomas-eugeniasgenius.com\/conocenos\/#breadcrumb"},"inLanguage":"es","potentialAction":[{"@type":"ReadAction","target":["https:\/\/www.idiomas-eugeniasgenius.com\/conocenos\/"]}]},{"@type":"ImageObject","inLanguage":"es","@id":"https:\/\/www.idiomas-eugeniasgenius.com\/conocenos\/#primaryimage","url":"https:\/\/www.idiomas-eugeniasgenius.com\/wp-content\/uploads\/2023\/02\/pegatinas-ingles.jpg","contentUrl":"https:\/\/www.idiomas-eugeniasgenius.com\/wp-content\/uploads\/2023\/02\/pegatinas-ingles.jpg"},{"@type":"BreadcrumbList","@id":"https:\/\/www.idiomas-eugeniasgenius.com\/conocenos\/#breadcrumb","itemListElement":[{"@type":"ListItem","position":1,"name":"Portada","item":"https:\/\/www.idiomas-eugeniasgenius.com\/es_es\/"},{"@type":"ListItem","position":2,"name":"Con\u00f3cenos"}]},{"@type":"WebSite","@id":"https:\/\/www.idiomas-eugeniasgenius.com\/#website","url":"https:\/\/www.idiomas-eugeniasgenius.com\/","name":"Escuela de Idiomas en El Ejido","description":"Escuela de idiomas en El Ejido","alternateName":"Eugenias Genius","potentialAction":[{"@type":"SearchAction","target":{"@type":"EntryPoint","urlTemplate":"https:\/\/www.idiomas-eugeniasgenius.com\/?s={search_term_string}"},"query-input":{"@type":"PropertyValueSpecification","valueRequired":true,"valueName":"search_term_string"}}],"inLanguage":"es"}]}},"builder_content":"<h1>Con\u00f3cenos<\/h1>\n<h2>\u00bfPor que elegir Eugenia\u00b4s Genius?<br\/><\/h2>\n<p>Somos un centro preparador y examinador de Cambridge University, puedes presentarte a los ex\u00e1menes en El Ejido, en nuestras propias convocatorias.<\/p>\n<p>Para conseguir la maxima eficacia en el aprendizaje de idiomas nuestro centro se rige por las siguientes directrices:<\/p>\n<ul> <li>Usamos m\u00e9todos tradicionales junto a la tecnolog\u00eda m\u00e1s moderna, la inmersi\u00f3n ling\u00fc\u00edstica desde el primer d\u00eda que el alumno entra en clase, con lo que conseguimos una combinaci\u00f3n perfecta en el aprendizaje de idiomas.<\/li> <li>Siempre y cuando las circunstancias nos lo permiten aplicamos actividades art\u00edsticas relacionadas con el aprendizaje de idiomas, lo que permite desarrollar el potencial de cada alumno y demostrar sus talentos en arte, m\u00fasica y escritura usando los idiomas que esta cursando.<\/li> <li>Profesores nativos con gran experiencia que siguen metodolog\u00eda did\u00e1ctica con objetivos como conseguir la fluidez en los los idiomas y la posibilidad de obtener los t\u00edtulos oficiales a una edad muy temprana.<\/li> <li>Preparaci\u00f3n para los ex\u00e1menes oficiales e internacionales, lo que permite a los estudiantes de nuestros centros conseguir entrar en programas de becas y participar en los programas de bachillerato dual (internacional).<\/li> <li>Impartimos temas interesantes que se trabajan con el profesorado invitado, lo que supone informaci\u00f3n adicional sobre la cultura e historia de los pa\u00edses de habla inglesa.<\/li> <li>Formamos grupos uniformes que permiten a los estudiantes avanzar mas r\u00e1pido y donde los objetivos se consiguen con mas eficacia.<\/li> <li>Env\u00edo diario de lo realizado en clase y los deberes propuestos, en el caso de no asistir a clase por enfermedad.<\/li> <li>Posibilidad de conectarse online a la clase, con tu grupo, o de tener clases particulares o semi-particulares online a trav\u00e9s de nuestra pagina web o por videollamadas para no interrumpir el proceso educativo.<\/li> <\/ul>\n<img src=\"https:\/\/www.idiomas-eugeniasgenius.com\/wp-content\/uploads\/2023\/02\/pegatinas-ingles.jpg\" title=\"pegatinas-ingles\" alt=\"Clases de ingl\u00e9s con m\u00e9todos tradicionales y tecnolog\u00edas actuales\" srcset=\"https:\/\/www.idiomas-eugeniasgenius.com\/wp-content\/uploads\/2023\/02\/pegatinas-ingles.jpg 600w, https:\/\/www.idiomas-eugeniasgenius.com\/wp-content\/uploads\/2023\/02\/pegatinas-ingles-300x169.jpg 300w\" sizes=\"(max-width: 600px) 100vw, 600px\" \/>\n<img src=\"https:\/\/www.idiomas-eugeniasgenius.com\/wp-content\/uploads\/2023\/02\/ingles-dibujos.jpg\" title=\"ingles-dibujos\" alt=\"Clases de ingl\u00e9s amenas para ni\u00f1os\" srcset=\"https:\/\/www.idiomas-eugeniasgenius.com\/wp-content\/uploads\/2023\/02\/ingles-dibujos.jpg 600w, https:\/\/www.idiomas-eugeniasgenius.com\/wp-content\/uploads\/2023\/02\/ingles-dibujos-300x197.jpg 300w\" sizes=\"(max-width: 600px) 100vw, 600px\" \/>\n<img src=\"https:\/\/www.idiomas-eugeniasgenius.com\/wp-content\/uploads\/2023\/02\/ninos-ingles.jpg\" title=\"ninos-ingles\" alt=\"Grupo de alumnos de ingl\u00e9s en Eugeniagenius\" srcset=\"https:\/\/www.idiomas-eugeniasgenius.com\/wp-content\/uploads\/2023\/02\/ninos-ingles.jpg 600w, https:\/\/www.idiomas-eugeniasgenius.com\/wp-content\/uploads\/2023\/02\/ninos-ingles-300x153.jpg 300w\" sizes=\"(max-width: 600px) 100vw, 600px\" \/>\n<h3>M\u00e9todo propio<br\/><\/h3>\n<p>En los ultimos 30 a\u00f1os de experiencia en la ense\u00f1anza de idiomas hemos desarrollado un procedimiento que consiste en el uso de los metodos tradicionales combinados con el uso de las tecnolog\u00edas modernas y el desarrollo de los propios talentos de los alumnos, lo que nos permite llevar la ense\u00f1anza a un nivel mucho mas cercano a la vida real y conseguir que los alumnos no tengan inseguridades a la hora de expresarse en otros idiomas.<\/p>\n<h3>Profesorado nativo<br\/>y con mucha experiencia<\/h3>\n<p>El profesionalismo es la clave as\u00ed que procuramos que nuestros profesores est\u00e9n al corriente de los m\u00e9todos de ense\u00f1anza m\u00e1s modernos y fomentamos su entusiasmo a la hora de preparar e impartir las clases. Para obtener los mejores resultados que se reflejen en la mejor nota de nuestros alumnos en los ex\u00e1menes.<\/p>\n<img src=\"https:\/\/www.idiomas-eugeniasgenius.com\/wp-content\/uploads\/2023\/03\/certificado-eugenias2.jpg\" title=\"certificado-eugenias2\" alt=\"Centro preparador Premium de ex\u00e1menes oficiales Cambridge\" srcset=\"https:\/\/www.idiomas-eugeniasgenius.com\/wp-content\/uploads\/2023\/03\/certificado-eugenias2.jpg 900w, https:\/\/www.idiomas-eugeniasgenius.com\/wp-content\/uploads\/2023\/03\/certificado-eugenias2-300x225.jpg 300w, https:\/\/www.idiomas-eugeniasgenius.com\/wp-content\/uploads\/2023\/03\/certificado-eugenias2-768x576.jpg 768w, https:\/\/www.idiomas-eugeniasgenius.com\/wp-content\/uploads\/2023\/03\/certificado-eugenias2-600x450.jpg 600w\" sizes=\"(max-width: 900px) 100vw, 900px\" \/>","_links":{"self":[{"href":"https:\/\/www.idiomas-eugeniasgenius.com\/es_es\/wp-json\/wp\/v2\/pages\/594","targetHints":{"allow":["GET"]}}],"collection":[{"href":"https:\/\/www.idiomas-eugeniasgenius.com\/es_es\/wp-json\/wp\/v2\/pages"}],"about":[{"href":"https:\/\/www.idiomas-eugeniasgenius.com\/es_es\/wp-json\/wp\/v2\/types\/page"}],"author":[{"embeddable":true,"href":"https:\/\/www.idiomas-eugeniasgenius.com\/es_es\/wp-json\/wp\/v2\/users\/1"}],"replies":[{"embeddable":true,"href":"https:\/\/www.idiomas-eugeniasgenius.com\/es_es\/wp-json\/wp\/v2\/comments?post=594"}],"version-history":[{"count":3,"href":"https:\/\/www.idiomas-eugeniasgenius.com\/es_es\/wp-json\/wp\/v2\/pages\/594\/revisions"}],"predecessor-version":[{"id":2359,"href":"https:\/\/www.idiomas-eugeniasgenius.com\/es_es\/wp-json\/wp\/v2\/pages\/594\/revisions\/2359"}],"wp:attachment":[{"href":"https:\/\/www.idiomas-eugeniasgenius.com\/es_es\/wp-json\/wp\/v2\/media?parent=594"}],"curies":[{"name":"wp","href":"https:\/\/api.w.org\/{rel}","templated":true}]}}