{"id":687,"date":"2023-02-14T17:39:47","date_gmt":"2023-02-14T17:39:47","guid":{"rendered":"https:\/\/www.idiomas-eugeniasgenius.com\/?page_id=687"},"modified":"2025-05-26T08:36:33","modified_gmt":"2025-05-26T08:36:33","slug":"cursos-de-ingles","status":"publish","type":"page","link":"https:\/\/www.idiomas-eugeniasgenius.com\/es_es\/cursos-de-ingles\/","title":{"rendered":"Cursos de Ingl\u00e9s"},"content":{"rendered":"<!--themify_builder_content-->\n<div id=\"themify_builder_content-687\" data-postid=\"687\" class=\"themify_builder_content themify_builder_content-687 themify_builder tf_clear\">\n                    <div  data-lazy=\"1\" class=\"module_row themify_builder_row tb_yv1v781 tb_first tf_w\">\n                        <div class=\"row_inner col_align_top tb_col_count_1 tf_box tf_rel\">\n                        <div  data-lazy=\"1\" class=\"module_column tb-column col-full tb_4cdo781 first\">\n                    <!-- module text -->\n<div  class=\"module module-text tb_izrj300   \" data-lazy=\"1\">\n        <div  class=\"tb_text_wrap\">\n        <h1 style=\"text-align: center;\">CURSOS DE INGL\u00c9S<\/h1>    <\/div>\n<\/div>\n<!-- \/module text --><!-- module text -->\n<div  class=\"module module-text tb_tvxn560   \" data-lazy=\"1\">\n        <div  class=\"tb_text_wrap\">\n        <h2 style=\"text-align: center;\">Aprende Ingl\u00e9s F\u00e1cil y Efectivamente<\/h2>\n<p style=\"text-align: center;\"><strong>Idiomas Eugenia Genius<\/strong> es una escuela de idiomas innovadora que combina m\u00e9todos tradicionales y modernos para ayudarte a aprender ingl\u00e9s de manera eficiente.<\/p>    <\/div>\n<\/div>\n<!-- \/module text -->        <\/div>\n                        <\/div>\n        <\/div>\n                        <div  data-lazy=\"1\" class=\"module_row themify_builder_row tb_9i11786 tf_w\">\n                        <div class=\"row_inner col_align_top tb_col_count_3 tf_box tf_rel\">\n                        <div  data-lazy=\"1\" class=\"module_column tb-column col3-1 tb_a6su786 first\">\n                    <!-- module image -->\n<div  class=\"module module-image tb_7pb29 image-overlay rounded  auto_fullwidth tf_mw\" data-lazy=\"1\">\n        <div class=\"image-wrap tf_rel tf_mw\">\n            <a href=\"https:\/\/www.idiomas-eugeniasgenius.com\/ingles-ano-academico\/\">\n                   <img loading=\"lazy\" decoding=\"async\" width=\"600\" height=\"600\" src=\"https:\/\/www.idiomas-eugeniasgenius.com\/wp-content\/uploads\/2023\/02\/ingles-ano-academico.jpg\" class=\"wp-post-image wp-image-683\" title=\"A\u00f1o Acad\u00e9mico\" alt=\"Curso de Ingl\u00e9s a\u00f1o acad\u00e9mico\" srcset=\"https:\/\/www.idiomas-eugeniasgenius.com\/wp-content\/uploads\/2023\/02\/ingles-ano-academico.jpg 600w, https:\/\/www.idiomas-eugeniasgenius.com\/wp-content\/uploads\/2023\/02\/ingles-ano-academico-300x300.jpg 300w, https:\/\/www.idiomas-eugeniasgenius.com\/wp-content\/uploads\/2023\/02\/ingles-ano-academico-150x150.jpg 150w\" sizes=\"auto, (max-width: 600px) 100vw, 600px\" \/>        <\/a>\n    \n    \n        <div class=\"image-content\">\n                    <h2 class=\"image-title\">\n                                    <a href=\"https:\/\/www.idiomas-eugeniasgenius.com\/ingles-ano-academico\/\">\n                        A\u00f1o Acad\u00e9mico                    <\/a>\n                            <\/h2>\n                    <\/div>\n    <!-- \/image-content -->\n                <\/div>\n        <!-- \/image-wrap -->\n    <\/div>\n<!-- \/module image -->        <\/div>\n                    <div  data-lazy=\"1\" class=\"module_column tb-column col3-1 tb_wi9y435\">\n                    <!-- module image -->\n<div  class=\"module module-image tb_k9e1477 image-overlay rounded  auto_fullwidth tf_mw\" data-lazy=\"1\">\n        <div class=\"image-wrap tf_rel tf_mw\">\n            <a href=\"https:\/\/www.idiomas-eugeniasgenius.com\/ingles-intensivos\/\">\n                   <img loading=\"lazy\" decoding=\"async\" width=\"600\" height=\"600\" src=\"https:\/\/www.idiomas-eugeniasgenius.com\/wp-content\/uploads\/2023\/02\/cursos-de-ingles-intensivos.jpg\" class=\"wp-post-image wp-image-745\" title=\"Intensivos\" alt=\"Cursos intensivos de ingl\u00e9s\" srcset=\"https:\/\/www.idiomas-eugeniasgenius.com\/wp-content\/uploads\/2023\/02\/cursos-de-ingles-intensivos.jpg 600w, https:\/\/www.idiomas-eugeniasgenius.com\/wp-content\/uploads\/2023\/02\/cursos-de-ingles-intensivos-300x300.jpg 300w, https:\/\/www.idiomas-eugeniasgenius.com\/wp-content\/uploads\/2023\/02\/cursos-de-ingles-intensivos-150x150.jpg 150w\" sizes=\"auto, (max-width: 600px) 100vw, 600px\" \/>        <\/a>\n    \n    \n        <div class=\"image-content\">\n                    <h2 class=\"image-title\">\n                                    <a href=\"https:\/\/www.idiomas-eugeniasgenius.com\/ingles-intensivos\/\">\n                        Intensivos                    <\/a>\n                            <\/h2>\n                    <\/div>\n    <!-- \/image-content -->\n                <\/div>\n        <!-- \/image-wrap -->\n    <\/div>\n<!-- \/module image -->        <\/div>\n                    <div  data-lazy=\"1\" class=\"module_column tb-column col3-1 tb_luzy435 last\">\n                    <!-- module image -->\n<div  class=\"module module-image tb_89hi341 image-overlay rounded  auto_fullwidth tf_mw\" data-lazy=\"1\">\n        <div class=\"image-wrap tf_rel tf_mw\">\n            <a href=\"https:\/\/www.idiomas-eugeniasgenius.com\/preparacion-examenes-oficiales\/\">\n                   <img loading=\"lazy\" decoding=\"async\" width=\"600\" height=\"600\" src=\"https:\/\/www.idiomas-eugeniasgenius.com\/wp-content\/uploads\/2023\/02\/examenes-oficiales-cambridge.jpg\" class=\"wp-post-image wp-image-737\" title=\"Ex\u00e1menes Oficiales\" alt=\"Preparaci\u00f3n de ex\u00e1menes oficiales de ingl\u00e9s\" srcset=\"https:\/\/www.idiomas-eugeniasgenius.com\/wp-content\/uploads\/2023\/02\/examenes-oficiales-cambridge.jpg 600w, https:\/\/www.idiomas-eugeniasgenius.com\/wp-content\/uploads\/2023\/02\/examenes-oficiales-cambridge-300x300.jpg 300w, https:\/\/www.idiomas-eugeniasgenius.com\/wp-content\/uploads\/2023\/02\/examenes-oficiales-cambridge-150x150.jpg 150w\" sizes=\"auto, (max-width: 600px) 100vw, 600px\" \/>        <\/a>\n    \n    \n        <div class=\"image-content\">\n                    <h2 class=\"image-title\">\n                                    <a href=\"https:\/\/www.idiomas-eugeniasgenius.com\/preparacion-examenes-oficiales\/\">\n                        Ex\u00e1menes Oficiales                    <\/a>\n                            <\/h2>\n                    <\/div>\n    <!-- \/image-content -->\n                <\/div>\n        <!-- \/image-wrap -->\n    <\/div>\n<!-- \/module image -->        <\/div>\n                        <\/div>\n        <\/div>\n                        <div  data-lazy=\"1\" class=\"module_row themify_builder_row tb_a562527 tf_w\">\n                        <div class=\"row_inner col_align_top tb_col_count_3 tf_box tf_rel\">\n                        <div  data-lazy=\"1\" class=\"module_column tb-column col3-1 tb_49yr527 first\">\n                    <!-- module image -->\n<div  class=\"module module-image tb_lb7h527 image-overlay rounded  auto_fullwidth tf_mw\" data-lazy=\"1\">\n        <div class=\"image-wrap tf_rel tf_mw\">\n            <a href=\"https:\/\/www.idiomas-eugeniasgenius.com\/ingles-para-empresas\/\">\n                   <img loading=\"lazy\" decoding=\"async\" width=\"600\" height=\"600\" src=\"https:\/\/www.idiomas-eugeniasgenius.com\/wp-content\/uploads\/2023\/02\/ingles-para-empresas.jpg\" class=\"wp-post-image wp-image-739\" title=\"Para Empresas\" alt=\"Cursos de ingl\u00e9s para empresas\" srcset=\"https:\/\/www.idiomas-eugeniasgenius.com\/wp-content\/uploads\/2023\/02\/ingles-para-empresas.jpg 600w, https:\/\/www.idiomas-eugeniasgenius.com\/wp-content\/uploads\/2023\/02\/ingles-para-empresas-300x300.jpg 300w, https:\/\/www.idiomas-eugeniasgenius.com\/wp-content\/uploads\/2023\/02\/ingles-para-empresas-150x150.jpg 150w\" sizes=\"auto, (max-width: 600px) 100vw, 600px\" \/>        <\/a>\n    \n    \n        <div class=\"image-content\">\n                    <h2 class=\"image-title\">\n                                    <a href=\"https:\/\/www.idiomas-eugeniasgenius.com\/ingles-para-empresas\/\">\n                        Para Empresas                    <\/a>\n                            <\/h2>\n                    <\/div>\n    <!-- \/image-content -->\n                <\/div>\n        <!-- \/image-wrap -->\n    <\/div>\n<!-- \/module image -->        <\/div>\n                    <div  data-lazy=\"1\" class=\"module_column tb-column col3-1 tb_8yhq527\">\n                    <!-- module image -->\n<div  class=\"module module-image tb_t2bq527 image-overlay rounded  auto_fullwidth tf_mw\" data-lazy=\"1\">\n        <div class=\"image-wrap tf_rel tf_mw\">\n            <a href=\"https:\/\/www.idiomas-eugeniasgenius.com\/refuerzo-escolar-en-ingles\/\">\n                   <img loading=\"lazy\" decoding=\"async\" width=\"600\" height=\"600\" src=\"https:\/\/www.idiomas-eugeniasgenius.com\/wp-content\/uploads\/2023\/02\/apoyo-escolar.jpg\" class=\"wp-post-image wp-image-741\" title=\"Refuerzo Escolar\" alt=\"Cursos de refuerzo escolar en ingl\u00e9s\" srcset=\"https:\/\/www.idiomas-eugeniasgenius.com\/wp-content\/uploads\/2023\/02\/apoyo-escolar.jpg 600w, https:\/\/www.idiomas-eugeniasgenius.com\/wp-content\/uploads\/2023\/02\/apoyo-escolar-300x300.jpg 300w, https:\/\/www.idiomas-eugeniasgenius.com\/wp-content\/uploads\/2023\/02\/apoyo-escolar-150x150.jpg 150w\" sizes=\"auto, (max-width: 600px) 100vw, 600px\" \/>        <\/a>\n    \n    \n        <div class=\"image-content\">\n                    <h2 class=\"image-title\">\n                                    <a href=\"https:\/\/www.idiomas-eugeniasgenius.com\/refuerzo-escolar-en-ingles\/\">\n                        Refuerzo Escolar                    <\/a>\n                            <\/h2>\n                    <\/div>\n    <!-- \/image-content -->\n                <\/div>\n        <!-- \/image-wrap -->\n    <\/div>\n<!-- \/module image -->        <\/div>\n                    <div  data-lazy=\"1\" class=\"module_column tb-column col3-1 tb_dv85527 last\">\n                    <!-- module image -->\n<div  class=\"module module-image tb_6r7t527 image-overlay rounded  auto_fullwidth tf_mw\" data-lazy=\"1\">\n        <div class=\"image-wrap tf_rel tf_mw\">\n            <a href=\"https:\/\/www.idiomas-eugeniasgenius.com\/ingles-a-medida\/\">\n                   <img loading=\"lazy\" decoding=\"async\" width=\"600\" height=\"600\" src=\"https:\/\/www.idiomas-eugeniasgenius.com\/wp-content\/uploads\/2023\/02\/cursos-de-ingles-a-medida.jpg\" class=\"wp-post-image wp-image-743\" title=\"Ingl\u00e9s a Medida\" alt=\"Cursos de ingl\u00e9s a medida\" srcset=\"https:\/\/www.idiomas-eugeniasgenius.com\/wp-content\/uploads\/2023\/02\/cursos-de-ingles-a-medida.jpg 600w, https:\/\/www.idiomas-eugeniasgenius.com\/wp-content\/uploads\/2023\/02\/cursos-de-ingles-a-medida-300x300.jpg 300w, https:\/\/www.idiomas-eugeniasgenius.com\/wp-content\/uploads\/2023\/02\/cursos-de-ingles-a-medida-150x150.jpg 150w\" sizes=\"auto, (max-width: 600px) 100vw, 600px\" \/>        <\/a>\n    \n    \n        <div class=\"image-content\">\n                    <h2 class=\"image-title\">\n                                    <a href=\"https:\/\/www.idiomas-eugeniasgenius.com\/ingles-a-medida\/\">\n                        Ingl\u00e9s a Medida                    <\/a>\n                            <\/h2>\n                    <\/div>\n    <!-- \/image-content -->\n                <\/div>\n        <!-- \/image-wrap -->\n    <\/div>\n<!-- \/module image -->        <\/div>\n                        <\/div>\n        <\/div>\n        <\/div>\n<!--\/themify_builder_content-->","protected":false},"excerpt":{"rendered":"<p>CURSOS DE INGL\u00c9S<\/p>\n","protected":false},"author":1,"featured_media":0,"parent":0,"menu_order":0,"comment_status":"closed","ping_status":"closed","template":"","meta":{"footnotes":""},"class_list":["post-687","page","type-page","status-publish","hentry","has-post-title","has-post-date","has-post-category","has-post-tag","has-post-comment","has-post-author",""],"yoast_head":"<!-- This site is optimized with the Yoast SEO plugin v27.4 - https:\/\/yoast.com\/product\/yoast-seo-wordpress\/ -->\n<title>Cursos de Ingl\u00e9s - Escuela de Idiomas en El Ejido<\/title>\n<meta name=\"description\" content=\"Idiomas Eugenia Genius es una escuela de idiomas innovadora que combina m\u00e9todos tradicionales y modernos para ayudarte a aprender ingl\u00e9s.\" \/>\n<meta name=\"robots\" content=\"index, follow, max-snippet:-1, max-image-preview:large, max-video-preview:-1\" \/>\n<link rel=\"canonical\" href=\"https:\/\/www.idiomas-eugeniasgenius.com\/es_es\/cursos-de-ingles\/\" \/>\n<meta property=\"og:locale\" content=\"es_ES\" \/>\n<meta property=\"og:type\" content=\"article\" \/>\n<meta property=\"og:title\" content=\"Cursos de Ingl\u00e9s - Escuela de Idiomas en El Ejido\" \/>\n<meta property=\"og:description\" content=\"Idiomas Eugenia Genius es una escuela de idiomas innovadora que combina m\u00e9todos tradicionales y modernos para ayudarte a aprender ingl\u00e9s.\" \/>\n<meta property=\"og:url\" content=\"https:\/\/www.idiomas-eugeniasgenius.com\/es_es\/cursos-de-ingles\/\" \/>\n<meta property=\"og:site_name\" content=\"Escuela de Idiomas en El Ejido\" \/>\n<meta property=\"article:publisher\" content=\"https:\/\/www.youtube.com\/@adminEugenius\" \/>\n<meta property=\"article:modified_time\" content=\"2025-05-26T08:36:33+00:00\" \/>\n<meta property=\"og:image\" content=\"https:\/\/www.idiomas-eugeniasgenius.com\/wp-content\/uploads\/2023\/02\/ingles-ano-academico.jpg\" \/>\n\t<meta property=\"og:image:width\" content=\"600\" \/>\n\t<meta property=\"og:image:height\" content=\"600\" \/>\n\t<meta property=\"og:image:type\" content=\"image\/jpeg\" \/>\n<meta name=\"twitter:card\" content=\"summary_large_image\" \/>\n<script type=\"application\/ld+json\" class=\"yoast-schema-graph\">{\"@context\":\"https:\\\/\\\/schema.org\",\"@graph\":[{\"@type\":\"WebPage\",\"@id\":\"https:\\\/\\\/www.idiomas-eugeniasgenius.com\\\/es_es\\\/cursos-de-ingles\\\/\",\"url\":\"https:\\\/\\\/www.idiomas-eugeniasgenius.com\\\/es_es\\\/cursos-de-ingles\\\/\",\"name\":\"Cursos de Ingl\u00e9s - Escuela de Idiomas en El Ejido\",\"isPartOf\":{\"@id\":\"https:\\\/\\\/www.idiomas-eugeniasgenius.com\\\/#website\"},\"primaryImageOfPage\":{\"@id\":\"https:\\\/\\\/www.idiomas-eugeniasgenius.com\\\/es_es\\\/cursos-de-ingles\\\/#primaryimage\"},\"image\":{\"@id\":\"https:\\\/\\\/www.idiomas-eugeniasgenius.com\\\/es_es\\\/cursos-de-ingles\\\/#primaryimage\"},\"thumbnailUrl\":\"https:\\\/\\\/www.idiomas-eugeniasgenius.com\\\/wp-content\\\/uploads\\\/2023\\\/02\\\/ingles-ano-academico.jpg\",\"datePublished\":\"2023-02-14T17:39:47+00:00\",\"dateModified\":\"2025-05-26T08:36:33+00:00\",\"description\":\"Idiomas Eugenia Genius es una escuela de idiomas innovadora que combina m\u00e9todos tradicionales y modernos para ayudarte a aprender ingl\u00e9s.\",\"breadcrumb\":{\"@id\":\"https:\\\/\\\/www.idiomas-eugeniasgenius.com\\\/es_es\\\/cursos-de-ingles\\\/#breadcrumb\"},\"inLanguage\":\"es\",\"potentialAction\":[{\"@type\":\"ReadAction\",\"target\":[\"https:\\\/\\\/www.idiomas-eugeniasgenius.com\\\/es_es\\\/cursos-de-ingles\\\/\"]}]},{\"@type\":\"ImageObject\",\"inLanguage\":\"es\",\"@id\":\"https:\\\/\\\/www.idiomas-eugeniasgenius.com\\\/es_es\\\/cursos-de-ingles\\\/#primaryimage\",\"url\":\"https:\\\/\\\/www.idiomas-eugeniasgenius.com\\\/wp-content\\\/uploads\\\/2023\\\/02\\\/ingles-ano-academico.jpg\",\"contentUrl\":\"https:\\\/\\\/www.idiomas-eugeniasgenius.com\\\/wp-content\\\/uploads\\\/2023\\\/02\\\/ingles-ano-academico.jpg\"},{\"@type\":\"BreadcrumbList\",\"@id\":\"https:\\\/\\\/www.idiomas-eugeniasgenius.com\\\/es_es\\\/cursos-de-ingles\\\/#breadcrumb\",\"itemListElement\":[{\"@type\":\"ListItem\",\"position\":1,\"name\":\"Portada\",\"item\":\"https:\\\/\\\/www.idiomas-eugeniasgenius.com\\\/es_es\\\/\"},{\"@type\":\"ListItem\",\"position\":2,\"name\":\"Cursos de Ingl\u00e9s\"}]},{\"@type\":\"WebSite\",\"@id\":\"https:\\\/\\\/www.idiomas-eugeniasgenius.com\\\/#website\",\"url\":\"https:\\\/\\\/www.idiomas-eugeniasgenius.com\\\/\",\"name\":\"Escuela de Idiomas en El Ejido\",\"description\":\"Escuela de idiomas en El Ejido\",\"alternateName\":\"Eugenias Genius\",\"potentialAction\":[{\"@type\":\"SearchAction\",\"target\":{\"@type\":\"EntryPoint\",\"urlTemplate\":\"https:\\\/\\\/www.idiomas-eugeniasgenius.com\\\/?s={search_term_string}\"},\"query-input\":{\"@type\":\"PropertyValueSpecification\",\"valueRequired\":true,\"valueName\":\"search_term_string\"}}],\"inLanguage\":\"es\"}]}<\/script>\n<!-- \/ Yoast SEO plugin. -->","yoast_head_json":{"title":"Cursos de Ingl\u00e9s - Escuela de Idiomas en El Ejido","description":"Idiomas Eugenia Genius es una escuela de idiomas innovadora que combina m\u00e9todos tradicionales y modernos para ayudarte a aprender ingl\u00e9s.","robots":{"index":"index","follow":"follow","max-snippet":"max-snippet:-1","max-image-preview":"max-image-preview:large","max-video-preview":"max-video-preview:-1"},"canonical":"https:\/\/www.idiomas-eugeniasgenius.com\/es_es\/cursos-de-ingles\/","og_locale":"es_ES","og_type":"article","og_title":"Cursos de Ingl\u00e9s - Escuela de Idiomas en El Ejido","og_description":"Idiomas Eugenia Genius es una escuela de idiomas innovadora que combina m\u00e9todos tradicionales y modernos para ayudarte a aprender ingl\u00e9s.","og_url":"https:\/\/www.idiomas-eugeniasgenius.com\/es_es\/cursos-de-ingles\/","og_site_name":"Escuela de Idiomas en El Ejido","article_publisher":"https:\/\/www.youtube.com\/@adminEugenius","article_modified_time":"2025-05-26T08:36:33+00:00","og_image":[{"width":600,"height":600,"url":"https:\/\/www.idiomas-eugeniasgenius.com\/wp-content\/uploads\/2023\/02\/ingles-ano-academico.jpg","type":"image\/jpeg"}],"twitter_card":"summary_large_image","schema":{"@context":"https:\/\/schema.org","@graph":[{"@type":"WebPage","@id":"https:\/\/www.idiomas-eugeniasgenius.com\/es_es\/cursos-de-ingles\/","url":"https:\/\/www.idiomas-eugeniasgenius.com\/es_es\/cursos-de-ingles\/","name":"Cursos de Ingl\u00e9s - Escuela de Idiomas en El Ejido","isPartOf":{"@id":"https:\/\/www.idiomas-eugeniasgenius.com\/#website"},"primaryImageOfPage":{"@id":"https:\/\/www.idiomas-eugeniasgenius.com\/es_es\/cursos-de-ingles\/#primaryimage"},"image":{"@id":"https:\/\/www.idiomas-eugeniasgenius.com\/es_es\/cursos-de-ingles\/#primaryimage"},"thumbnailUrl":"https:\/\/www.idiomas-eugeniasgenius.com\/wp-content\/uploads\/2023\/02\/ingles-ano-academico.jpg","datePublished":"2023-02-14T17:39:47+00:00","dateModified":"2025-05-26T08:36:33+00:00","description":"Idiomas Eugenia Genius es una escuela de idiomas innovadora que combina m\u00e9todos tradicionales y modernos para ayudarte a aprender ingl\u00e9s.","breadcrumb":{"@id":"https:\/\/www.idiomas-eugeniasgenius.com\/es_es\/cursos-de-ingles\/#breadcrumb"},"inLanguage":"es","potentialAction":[{"@type":"ReadAction","target":["https:\/\/www.idiomas-eugeniasgenius.com\/es_es\/cursos-de-ingles\/"]}]},{"@type":"ImageObject","inLanguage":"es","@id":"https:\/\/www.idiomas-eugeniasgenius.com\/es_es\/cursos-de-ingles\/#primaryimage","url":"https:\/\/www.idiomas-eugeniasgenius.com\/wp-content\/uploads\/2023\/02\/ingles-ano-academico.jpg","contentUrl":"https:\/\/www.idiomas-eugeniasgenius.com\/wp-content\/uploads\/2023\/02\/ingles-ano-academico.jpg"},{"@type":"BreadcrumbList","@id":"https:\/\/www.idiomas-eugeniasgenius.com\/es_es\/cursos-de-ingles\/#breadcrumb","itemListElement":[{"@type":"ListItem","position":1,"name":"Portada","item":"https:\/\/www.idiomas-eugeniasgenius.com\/es_es\/"},{"@type":"ListItem","position":2,"name":"Cursos de Ingl\u00e9s"}]},{"@type":"WebSite","@id":"https:\/\/www.idiomas-eugeniasgenius.com\/#website","url":"https:\/\/www.idiomas-eugeniasgenius.com\/","name":"Escuela de Idiomas en El Ejido","description":"Escuela de idiomas en El Ejido","alternateName":"Eugenias Genius","potentialAction":[{"@type":"SearchAction","target":{"@type":"EntryPoint","urlTemplate":"https:\/\/www.idiomas-eugeniasgenius.com\/?s={search_term_string}"},"query-input":{"@type":"PropertyValueSpecification","valueRequired":true,"valueName":"search_term_string"}}],"inLanguage":"es"}]}},"builder_content":"<h1 style=\"text-align: center;\">CURSOS DE INGL\u00c9S<\/h1>\n<h2 style=\"text-align: center;\">Aprende Ingl\u00e9s F\u00e1cil y Efectivamente<\/h2> <p style=\"text-align: center;\"><strong>Idiomas Eugenia Genius<\/strong> es una escuela de idiomas innovadora que combina m\u00e9todos tradicionales y modernos para ayudarte a aprender ingl\u00e9s de manera eficiente.<\/p>\n<a href=\"https:\/\/www.idiomas-eugeniasgenius.com\/ingles-ano-academico\/\"> <img src=\"https:\/\/www.idiomas-eugeniasgenius.com\/wp-content\/uploads\/2023\/02\/ingles-ano-academico.jpg\" title=\"A\u00f1o Acad\u00e9mico\" alt=\"Curso de Ingl\u00e9s a\u00f1o acad\u00e9mico\" srcset=\"https:\/\/www.idiomas-eugeniasgenius.com\/wp-content\/uploads\/2023\/02\/ingles-ano-academico.jpg 600w, https:\/\/www.idiomas-eugeniasgenius.com\/wp-content\/uploads\/2023\/02\/ingles-ano-academico-300x300.jpg 300w, https:\/\/www.idiomas-eugeniasgenius.com\/wp-content\/uploads\/2023\/02\/ingles-ano-academico-150x150.jpg 150w\" sizes=\"(max-width: 600px) 100vw, 600px\" \/> <\/a> <h2> <a href=\"https:\/\/www.idiomas-eugeniasgenius.com\/ingles-ano-academico\/\"> A\u00f1o Acad\u00e9mico <\/a> <\/h2>\n<a href=\"https:\/\/www.idiomas-eugeniasgenius.com\/ingles-intensivos\/\"> <img src=\"https:\/\/www.idiomas-eugeniasgenius.com\/wp-content\/uploads\/2023\/02\/cursos-de-ingles-intensivos.jpg\" title=\"Intensivos\" alt=\"Cursos intensivos de ingl\u00e9s\" srcset=\"https:\/\/www.idiomas-eugeniasgenius.com\/wp-content\/uploads\/2023\/02\/cursos-de-ingles-intensivos.jpg 600w, https:\/\/www.idiomas-eugeniasgenius.com\/wp-content\/uploads\/2023\/02\/cursos-de-ingles-intensivos-300x300.jpg 300w, https:\/\/www.idiomas-eugeniasgenius.com\/wp-content\/uploads\/2023\/02\/cursos-de-ingles-intensivos-150x150.jpg 150w\" sizes=\"(max-width: 600px) 100vw, 600px\" \/> <\/a> <h2> <a href=\"https:\/\/www.idiomas-eugeniasgenius.com\/ingles-intensivos\/\"> Intensivos <\/a> <\/h2>\n<a href=\"https:\/\/www.idiomas-eugeniasgenius.com\/preparacion-examenes-oficiales\/\"> <img src=\"https:\/\/www.idiomas-eugeniasgenius.com\/wp-content\/uploads\/2023\/02\/examenes-oficiales-cambridge.jpg\" title=\"Ex\u00e1menes Oficiales\" alt=\"Preparaci\u00f3n de ex\u00e1menes oficiales de ingl\u00e9s\" srcset=\"https:\/\/www.idiomas-eugeniasgenius.com\/wp-content\/uploads\/2023\/02\/examenes-oficiales-cambridge.jpg 600w, https:\/\/www.idiomas-eugeniasgenius.com\/wp-content\/uploads\/2023\/02\/examenes-oficiales-cambridge-300x300.jpg 300w, https:\/\/www.idiomas-eugeniasgenius.com\/wp-content\/uploads\/2023\/02\/examenes-oficiales-cambridge-150x150.jpg 150w\" sizes=\"(max-width: 600px) 100vw, 600px\" \/> <\/a> <h2> <a href=\"https:\/\/www.idiomas-eugeniasgenius.com\/preparacion-examenes-oficiales\/\"> Ex\u00e1menes Oficiales <\/a> <\/h2>\n<a href=\"https:\/\/www.idiomas-eugeniasgenius.com\/ingles-para-empresas\/\"> <img src=\"https:\/\/www.idiomas-eugeniasgenius.com\/wp-content\/uploads\/2023\/02\/ingles-para-empresas.jpg\" title=\"Para Empresas\" alt=\"Cursos de ingl\u00e9s para empresas\" srcset=\"https:\/\/www.idiomas-eugeniasgenius.com\/wp-content\/uploads\/2023\/02\/ingles-para-empresas.jpg 600w, https:\/\/www.idiomas-eugeniasgenius.com\/wp-content\/uploads\/2023\/02\/ingles-para-empresas-300x300.jpg 300w, https:\/\/www.idiomas-eugeniasgenius.com\/wp-content\/uploads\/2023\/02\/ingles-para-empresas-150x150.jpg 150w\" sizes=\"(max-width: 600px) 100vw, 600px\" \/> <\/a> <h2> <a href=\"https:\/\/www.idiomas-eugeniasgenius.com\/ingles-para-empresas\/\"> Para Empresas <\/a> <\/h2>\n<a href=\"https:\/\/www.idiomas-eugeniasgenius.com\/refuerzo-escolar-en-ingles\/\"> <img src=\"https:\/\/www.idiomas-eugeniasgenius.com\/wp-content\/uploads\/2023\/02\/apoyo-escolar.jpg\" title=\"Refuerzo Escolar\" alt=\"Cursos de refuerzo escolar en ingl\u00e9s\" srcset=\"https:\/\/www.idiomas-eugeniasgenius.com\/wp-content\/uploads\/2023\/02\/apoyo-escolar.jpg 600w, https:\/\/www.idiomas-eugeniasgenius.com\/wp-content\/uploads\/2023\/02\/apoyo-escolar-300x300.jpg 300w, https:\/\/www.idiomas-eugeniasgenius.com\/wp-content\/uploads\/2023\/02\/apoyo-escolar-150x150.jpg 150w\" sizes=\"(max-width: 600px) 100vw, 600px\" \/> <\/a> <h2> <a href=\"https:\/\/www.idiomas-eugeniasgenius.com\/refuerzo-escolar-en-ingles\/\"> Refuerzo Escolar <\/a> <\/h2>\n<a href=\"https:\/\/www.idiomas-eugeniasgenius.com\/ingles-a-medida\/\"> <img src=\"https:\/\/www.idiomas-eugeniasgenius.com\/wp-content\/uploads\/2023\/02\/cursos-de-ingles-a-medida.jpg\" title=\"Ingl\u00e9s a Medida\" alt=\"Cursos de ingl\u00e9s a medida\" srcset=\"https:\/\/www.idiomas-eugeniasgenius.com\/wp-content\/uploads\/2023\/02\/cursos-de-ingles-a-medida.jpg 600w, https:\/\/www.idiomas-eugeniasgenius.com\/wp-content\/uploads\/2023\/02\/cursos-de-ingles-a-medida-300x300.jpg 300w, https:\/\/www.idiomas-eugeniasgenius.com\/wp-content\/uploads\/2023\/02\/cursos-de-ingles-a-medida-150x150.jpg 150w\" sizes=\"(max-width: 600px) 100vw, 600px\" \/> <\/a> <h2> <a href=\"https:\/\/www.idiomas-eugeniasgenius.com\/ingles-a-medida\/\"> Ingl\u00e9s a Medida <\/a> <\/h2>","_links":{"self":[{"href":"https:\/\/www.idiomas-eugeniasgenius.com\/es_es\/wp-json\/wp\/v2\/pages\/687","targetHints":{"allow":["GET"]}}],"collection":[{"href":"https:\/\/www.idiomas-eugeniasgenius.com\/es_es\/wp-json\/wp\/v2\/pages"}],"about":[{"href":"https:\/\/www.idiomas-eugeniasgenius.com\/es_es\/wp-json\/wp\/v2\/types\/page"}],"author":[{"embeddable":true,"href":"https:\/\/www.idiomas-eugeniasgenius.com\/es_es\/wp-json\/wp\/v2\/users\/1"}],"replies":[{"embeddable":true,"href":"https:\/\/www.idiomas-eugeniasgenius.com\/es_es\/wp-json\/wp\/v2\/comments?post=687"}],"version-history":[{"count":7,"href":"https:\/\/www.idiomas-eugeniasgenius.com\/es_es\/wp-json\/wp\/v2\/pages\/687\/revisions"}],"predecessor-version":[{"id":2339,"href":"https:\/\/www.idiomas-eugeniasgenius.com\/es_es\/wp-json\/wp\/v2\/pages\/687\/revisions\/2339"}],"wp:attachment":[{"href":"https:\/\/www.idiomas-eugeniasgenius.com\/es_es\/wp-json\/wp\/v2\/media?parent=687"}],"curies":[{"name":"wp","href":"https:\/\/api.w.org\/{rel}","templated":true}]}}