{"id":704,"date":"2023-02-20T08:10:56","date_gmt":"2023-02-20T08:10:56","guid":{"rendered":"https:\/\/www.idiomas-eugeniasgenius.com\/?page_id=704"},"modified":"2025-05-26T08:40:52","modified_gmt":"2025-05-26T08:40:52","slug":"preparacion-examenes-oficiales-ingles","status":"publish","type":"page","link":"https:\/\/www.idiomas-eugeniasgenius.com\/es_es\/preparacion-examenes-oficiales-ingles\/","title":{"rendered":"Preparaci\u00f3n Ex\u00e1menes Oficiales"},"content":{"rendered":"<!--themify_builder_content-->\n<div id=\"themify_builder_content-704\" data-postid=\"704\" class=\"themify_builder_content themify_builder_content-704 themify_builder tf_clear\">\n                    <div  data-lazy=\"1\" class=\"module_row themify_builder_row tb_k3t7122 tb_first tf_w\">\n                        <div class=\"row_inner col_align_top tb_col_count_2 tf_box tf_rel\">\n                        <div  data-lazy=\"1\" class=\"module_column tb-column col3-2 tb_13th123 first\">\n                    <!-- module fancy heading -->\n<div  class=\"module module-fancy-heading tb_ni87381 \" data-lazy=\"1\">\n        <h1 class=\"fancy-heading tf_textc\">\n    <span class=\"main-head tf_block\">\n                    Preparaci\u00f3n Ex\u00e1menes Oficiales            <\/span>\n\n    \n    <span class=\"sub-head tf_block tf_rel\">\n                                <\/span>\n    <\/h1>\n<\/div>\n<!-- \/module fancy heading -->\n<!-- module divider -->\n<div  class=\"module tf_mw module-divider tb_ck1t739 solid   \" style=\"border-width: 1px;border-color: #a1a1a1;\" data-lazy=\"1\">\n    <\/div>\n<!-- \/module divider -->\n        <\/div>\n                    <div  data-lazy=\"1\" class=\"module_column tb-column col3-1 tb_x9hk260 last\">\n                    <!-- module image -->\n<div  class=\"module module-image tb_x2qn636 image-center   tf_mw\" data-lazy=\"1\">\n        <div class=\"image-wrap tf_rel tf_mw\">\n            <img loading=\"lazy\" decoding=\"async\" src=\"https:\/\/www.idiomas-eugeniasgenius.com\/wp-content\/uploads\/2023\/02\/examenes-oficiales-cambridge-300x300.jpg\" width=\"300\" height=\"300\" class=\"wp-post-image wp-image-737\" title=\"examenes-oficiales-cambridge\" alt=\"Ex\u00e1menes oficiales de ingl\u00e9s. Cambridge, IELTS, TOEFL, APTIS\" srcset=\"https:\/\/www.idiomas-eugeniasgenius.com\/wp-content\/uploads\/2023\/02\/examenes-oficiales-cambridge-300x300.jpg 300w, https:\/\/www.idiomas-eugeniasgenius.com\/wp-content\/uploads\/2023\/02\/examenes-oficiales-cambridge-150x150.jpg 150w, https:\/\/www.idiomas-eugeniasgenius.com\/wp-content\/uploads\/2023\/02\/examenes-oficiales-cambridge.jpg 600w\" sizes=\"auto, (max-width: 300px) 100vw, 300px\" \/>    \n        <\/div>\n    <!-- \/image-wrap -->\n    \n        <\/div>\n<!-- \/module image -->        <\/div>\n                        <\/div>\n        <\/div>\n                        <div  data-lazy=\"1\" class=\"module_row themify_builder_row tb_wpj3809 tf_w\">\n                        <div class=\"row_inner col_align_top tb_col_count_2 tf_box tf_rel\">\n                        <div  data-lazy=\"1\" class=\"module_column tb-column col4-2 tb_e3me809 first\">\n                    <!-- module text -->\n<div  class=\"module module-text tb_83b5403   \" data-lazy=\"1\">\n        <div  class=\"tb_text_wrap\">\n        <p style=\"text-align: center;\">Obt\u00e9n con nosotros las certificaciones en ingl\u00e9s que reconocen los conocimientos en el idioma que te permitir\u00e1n conversar, viajar y trabajar en paises o empresas de habla inglesa.<\/p>    <\/div>\n<\/div>\n<!-- \/module text -->        <\/div>\n                    <div  data-lazy=\"1\" class=\"module_column tb-column col4-2 tb_zmdb642 last\">\n                            <\/div>\n                        <\/div>\n        <\/div>\n                        <div  data-lazy=\"1\" class=\"module_row themify_builder_row tb_lvh5471 tf_w\">\n                        <div class=\"row_inner col_align_top tb_col_count_4 tf_box tf_rel\">\n                        <div  data-lazy=\"1\" class=\"module_column tb-column col4-1 tb_qkb0471 first\">\n                    <!-- module image -->\n<div  class=\"module module-image tb_jtqo471 image-overlay rounded  auto_fullwidth tf_mw\" data-lazy=\"1\">\n        <div class=\"image-wrap tf_rel tf_mw\">\n            <a href=\"https:\/\/www.idiomas-eugeniasgenius.com\/examenes-oficiales-cambridge-2\/\">\n                   <img loading=\"lazy\" decoding=\"async\" width=\"600\" height=\"600\" src=\"https:\/\/www.idiomas-eugeniasgenius.com\/wp-content\/uploads\/2023\/02\/examenes-Cambridge.jpg\" class=\"wp-post-image wp-image-998\" title=\"Cambridge\" alt=\"Ex\u00e1menes oficiales Cambridge\" srcset=\"https:\/\/www.idiomas-eugeniasgenius.com\/wp-content\/uploads\/2023\/02\/examenes-Cambridge.jpg 600w, https:\/\/www.idiomas-eugeniasgenius.com\/wp-content\/uploads\/2023\/02\/examenes-Cambridge-300x300.jpg 300w, https:\/\/www.idiomas-eugeniasgenius.com\/wp-content\/uploads\/2023\/02\/examenes-Cambridge-150x150.jpg 150w\" sizes=\"auto, (max-width: 600px) 100vw, 600px\" \/>        <\/a>\n    \n    \n        <div class=\"image-content\">\n                    <h2 class=\"image-title\">\n                                    <a href=\"https:\/\/www.idiomas-eugeniasgenius.com\/examenes-oficiales-cambridge-2\/\">\n                        Cambridge                    <\/a>\n                            <\/h2>\n                    <\/div>\n    <!-- \/image-content -->\n                <\/div>\n        <!-- \/image-wrap -->\n    <\/div>\n<!-- \/module image -->        <\/div>\n                    <div  data-lazy=\"1\" class=\"module_column tb-column col4-1 tb_5kvg471\">\n                    <!-- module image -->\n<div  class=\"module module-image tb_0706471 image-overlay rounded  auto_fullwidth tf_mw\" data-lazy=\"1\">\n        <div class=\"image-wrap tf_rel tf_mw\">\n            <a href=\"https:\/\/www.idiomas-eugeniasgenius.com\/examenes-ielts\/\">\n                   <img loading=\"lazy\" decoding=\"async\" width=\"600\" height=\"600\" src=\"https:\/\/www.idiomas-eugeniasgenius.com\/wp-content\/uploads\/2023\/02\/examenes-ietls.jpg\" class=\"wp-post-image wp-image-977\" title=\"IELTS\" alt=\"Ex\u00e1menes International English Language Testing System\" srcset=\"https:\/\/www.idiomas-eugeniasgenius.com\/wp-content\/uploads\/2023\/02\/examenes-ietls.jpg 600w, https:\/\/www.idiomas-eugeniasgenius.com\/wp-content\/uploads\/2023\/02\/examenes-ietls-300x300.jpg 300w, https:\/\/www.idiomas-eugeniasgenius.com\/wp-content\/uploads\/2023\/02\/examenes-ietls-150x150.jpg 150w\" sizes=\"auto, (max-width: 600px) 100vw, 600px\" \/>        <\/a>\n    \n    \n        <div class=\"image-content\">\n                    <h2 class=\"image-title\">\n                                    <a href=\"https:\/\/www.idiomas-eugeniasgenius.com\/examenes-ielts\/\">\n                        IELTS                    <\/a>\n                            <\/h2>\n                    <\/div>\n    <!-- \/image-content -->\n                <\/div>\n        <!-- \/image-wrap -->\n    <\/div>\n<!-- \/module image -->        <\/div>\n                    <div  data-lazy=\"1\" class=\"module_column tb-column col4-1 tb_v8gu471\">\n                    <!-- module image -->\n<div  class=\"module module-image tb_bxmo471 image-overlay rounded  auto_fullwidth tf_mw\" data-lazy=\"1\">\n        <div class=\"image-wrap tf_rel tf_mw\">\n            <a href=\"https:\/\/www.idiomas-eugeniasgenius.com\/examenes-toefl-2\/\">\n                   <img loading=\"lazy\" decoding=\"async\" width=\"600\" height=\"600\" src=\"https:\/\/www.idiomas-eugeniasgenius.com\/wp-content\/uploads\/2023\/02\/examenes-toefl.jpg\" class=\"wp-post-image wp-image-988\" title=\"TOEFL\" alt=\"Ex\u00e1menes de ingles TOEFL\" srcset=\"https:\/\/www.idiomas-eugeniasgenius.com\/wp-content\/uploads\/2023\/02\/examenes-toefl.jpg 600w, https:\/\/www.idiomas-eugeniasgenius.com\/wp-content\/uploads\/2023\/02\/examenes-toefl-300x300.jpg 300w, https:\/\/www.idiomas-eugeniasgenius.com\/wp-content\/uploads\/2023\/02\/examenes-toefl-150x150.jpg 150w\" sizes=\"auto, (max-width: 600px) 100vw, 600px\" \/>        <\/a>\n    \n    \n        <div class=\"image-content\">\n                    <h2 class=\"image-title\">\n                                    <a href=\"https:\/\/www.idiomas-eugeniasgenius.com\/examenes-toefl-2\/\">\n                        TOEFL                    <\/a>\n                            <\/h2>\n                    <\/div>\n    <!-- \/image-content -->\n                <\/div>\n        <!-- \/image-wrap -->\n    <\/div>\n<!-- \/module image -->        <\/div>\n                    <div  data-lazy=\"1\" class=\"module_column tb-column col4-1 tb_r2k8526 last\">\n                    <!-- module image -->\n<div  class=\"module module-image tb_bupw750 image-overlay rounded  auto_fullwidth tf_mw\" data-lazy=\"1\">\n        <div class=\"image-wrap tf_rel tf_mw\">\n            <a href=\"https:\/\/www.idiomas-eugeniasgenius.com\/examenes-aptis\/\">\n                   <img loading=\"lazy\" decoding=\"async\" width=\"600\" height=\"600\" src=\"https:\/\/www.idiomas-eugeniasgenius.com\/wp-content\/uploads\/2023\/03\/examenes-aptis.jpg\" class=\"wp-post-image wp-image-1229\" title=\"APTIS\" alt=\"Ex\u00e1menes oficiales APTIS\" srcset=\"https:\/\/www.idiomas-eugeniasgenius.com\/wp-content\/uploads\/2023\/03\/examenes-aptis.jpg 600w, https:\/\/www.idiomas-eugeniasgenius.com\/wp-content\/uploads\/2023\/03\/examenes-aptis-300x300.jpg 300w, https:\/\/www.idiomas-eugeniasgenius.com\/wp-content\/uploads\/2023\/03\/examenes-aptis-150x150.jpg 150w\" sizes=\"auto, (max-width: 600px) 100vw, 600px\" \/>        <\/a>\n    \n    \n        <div class=\"image-content\">\n                    <h2 class=\"image-title\">\n                                    <a href=\"https:\/\/www.idiomas-eugeniasgenius.com\/examenes-aptis\/\">\n                        APTIS                    <\/a>\n                            <\/h2>\n                    <\/div>\n    <!-- \/image-content -->\n                <\/div>\n        <!-- \/image-wrap -->\n    <\/div>\n<!-- \/module image -->        <\/div>\n                        <\/div>\n        <\/div>\n        <\/div>\n<!--\/themify_builder_content-->\n\n\n<p><\/p>","protected":false},"excerpt":{"rendered":"","protected":false},"author":1,"featured_media":0,"parent":0,"menu_order":0,"comment_status":"closed","ping_status":"closed","template":"","meta":{"footnotes":""},"class_list":["post-704","page","type-page","status-publish","hentry","has-post-title","has-post-date","has-post-category","has-post-tag","has-post-comment","has-post-author",""],"yoast_head":"<!-- This site is optimized with the Yoast SEO plugin v27.4 - https:\/\/yoast.com\/product\/yoast-seo-wordpress\/ -->\n<title>Preparaci\u00f3n Ex\u00e1menes Oficiales - Escuela de Idiomas en El Ejido<\/title>\n<meta name=\"description\" content=\"Obt\u00e9n con nosotros las certificaciones en ingl\u00e9s que reconocen los conocimientos en el idioma que te permitir\u00e1n conversar, viajar y trabajar.\" \/>\n<meta name=\"robots\" content=\"index, follow, max-snippet:-1, max-image-preview:large, max-video-preview:-1\" \/>\n<link rel=\"canonical\" href=\"https:\/\/www.idiomas-eugeniasgenius.com\/es_es\/preparacion-examenes-oficiales-ingles\/\" \/>\n<meta property=\"og:locale\" content=\"es_ES\" \/>\n<meta property=\"og:type\" content=\"article\" \/>\n<meta property=\"og:title\" content=\"Preparaci\u00f3n Ex\u00e1menes Oficiales - Escuela de Idiomas en El Ejido\" \/>\n<meta property=\"og:description\" content=\"Obt\u00e9n con nosotros las certificaciones en ingl\u00e9s que reconocen los conocimientos en el idioma que te permitir\u00e1n conversar, viajar y trabajar.\" \/>\n<meta property=\"og:url\" content=\"https:\/\/www.idiomas-eugeniasgenius.com\/es_es\/preparacion-examenes-oficiales-ingles\/\" \/>\n<meta property=\"og:site_name\" content=\"Escuela de Idiomas en El Ejido\" \/>\n<meta property=\"article:publisher\" content=\"https:\/\/www.youtube.com\/@adminEugenius\" \/>\n<meta property=\"article:modified_time\" content=\"2025-05-26T08:40:52+00:00\" \/>\n<meta property=\"og:image\" content=\"https:\/\/www.idiomas-eugeniasgenius.com\/wp-content\/uploads\/2023\/02\/examenes-oficiales-cambridge.jpg\" \/>\n\t<meta property=\"og:image:width\" content=\"600\" \/>\n\t<meta property=\"og:image:height\" content=\"600\" \/>\n\t<meta property=\"og:image:type\" content=\"image\/jpeg\" \/>\n<meta name=\"twitter:card\" content=\"summary_large_image\" \/>\n<meta name=\"twitter:label1\" content=\"Tiempo de lectura\" \/>\n\t<meta name=\"twitter:data1\" content=\"3 minutos\" \/>\n<script type=\"application\/ld+json\" class=\"yoast-schema-graph\">{\"@context\":\"https:\\\/\\\/schema.org\",\"@graph\":[{\"@type\":\"WebPage\",\"@id\":\"https:\\\/\\\/www.idiomas-eugeniasgenius.com\\\/es_es\\\/preparacion-examenes-oficiales-ingles\\\/\",\"url\":\"https:\\\/\\\/www.idiomas-eugeniasgenius.com\\\/es_es\\\/preparacion-examenes-oficiales-ingles\\\/\",\"name\":\"Preparaci\u00f3n Ex\u00e1menes Oficiales - Escuela de Idiomas en El Ejido\",\"isPartOf\":{\"@id\":\"https:\\\/\\\/www.idiomas-eugeniasgenius.com\\\/#website\"},\"primaryImageOfPage\":{\"@id\":\"https:\\\/\\\/www.idiomas-eugeniasgenius.com\\\/es_es\\\/preparacion-examenes-oficiales-ingles\\\/#primaryimage\"},\"image\":{\"@id\":\"https:\\\/\\\/www.idiomas-eugeniasgenius.com\\\/es_es\\\/preparacion-examenes-oficiales-ingles\\\/#primaryimage\"},\"thumbnailUrl\":\"https:\\\/\\\/www.idiomas-eugeniasgenius.com\\\/wp-content\\\/uploads\\\/2023\\\/02\\\/examenes-oficiales-cambridge-300x300.jpg\",\"datePublished\":\"2023-02-20T08:10:56+00:00\",\"dateModified\":\"2025-05-26T08:40:52+00:00\",\"description\":\"Obt\u00e9n con nosotros las certificaciones en ingl\u00e9s que reconocen los conocimientos en el idioma que te permitir\u00e1n conversar, viajar y trabajar.\",\"breadcrumb\":{\"@id\":\"https:\\\/\\\/www.idiomas-eugeniasgenius.com\\\/es_es\\\/preparacion-examenes-oficiales-ingles\\\/#breadcrumb\"},\"inLanguage\":\"es\",\"potentialAction\":[{\"@type\":\"ReadAction\",\"target\":[\"https:\\\/\\\/www.idiomas-eugeniasgenius.com\\\/es_es\\\/preparacion-examenes-oficiales-ingles\\\/\"]}]},{\"@type\":\"ImageObject\",\"inLanguage\":\"es\",\"@id\":\"https:\\\/\\\/www.idiomas-eugeniasgenius.com\\\/es_es\\\/preparacion-examenes-oficiales-ingles\\\/#primaryimage\",\"url\":\"https:\\\/\\\/www.idiomas-eugeniasgenius.com\\\/wp-content\\\/uploads\\\/2023\\\/02\\\/examenes-oficiales-cambridge-300x300.jpg\",\"contentUrl\":\"https:\\\/\\\/www.idiomas-eugeniasgenius.com\\\/wp-content\\\/uploads\\\/2023\\\/02\\\/examenes-oficiales-cambridge-300x300.jpg\"},{\"@type\":\"BreadcrumbList\",\"@id\":\"https:\\\/\\\/www.idiomas-eugeniasgenius.com\\\/es_es\\\/preparacion-examenes-oficiales-ingles\\\/#breadcrumb\",\"itemListElement\":[{\"@type\":\"ListItem\",\"position\":1,\"name\":\"Portada\",\"item\":\"https:\\\/\\\/www.idiomas-eugeniasgenius.com\\\/es_es\\\/\"},{\"@type\":\"ListItem\",\"position\":2,\"name\":\"Preparaci\u00f3n Ex\u00e1menes Oficiales\"}]},{\"@type\":\"WebSite\",\"@id\":\"https:\\\/\\\/www.idiomas-eugeniasgenius.com\\\/#website\",\"url\":\"https:\\\/\\\/www.idiomas-eugeniasgenius.com\\\/\",\"name\":\"Escuela de Idiomas en El Ejido\",\"description\":\"Escuela de idiomas en El Ejido\",\"alternateName\":\"Eugenias Genius\",\"potentialAction\":[{\"@type\":\"SearchAction\",\"target\":{\"@type\":\"EntryPoint\",\"urlTemplate\":\"https:\\\/\\\/www.idiomas-eugeniasgenius.com\\\/?s={search_term_string}\"},\"query-input\":{\"@type\":\"PropertyValueSpecification\",\"valueRequired\":true,\"valueName\":\"search_term_string\"}}],\"inLanguage\":\"es\"}]}<\/script>\n<!-- \/ Yoast SEO plugin. -->","yoast_head_json":{"title":"Preparaci\u00f3n Ex\u00e1menes Oficiales - Escuela de Idiomas en El Ejido","description":"Obt\u00e9n con nosotros las certificaciones en ingl\u00e9s que reconocen los conocimientos en el idioma que te permitir\u00e1n conversar, viajar y trabajar.","robots":{"index":"index","follow":"follow","max-snippet":"max-snippet:-1","max-image-preview":"max-image-preview:large","max-video-preview":"max-video-preview:-1"},"canonical":"https:\/\/www.idiomas-eugeniasgenius.com\/es_es\/preparacion-examenes-oficiales-ingles\/","og_locale":"es_ES","og_type":"article","og_title":"Preparaci\u00f3n Ex\u00e1menes Oficiales - Escuela de Idiomas en El Ejido","og_description":"Obt\u00e9n con nosotros las certificaciones en ingl\u00e9s que reconocen los conocimientos en el idioma que te permitir\u00e1n conversar, viajar y trabajar.","og_url":"https:\/\/www.idiomas-eugeniasgenius.com\/es_es\/preparacion-examenes-oficiales-ingles\/","og_site_name":"Escuela de Idiomas en El Ejido","article_publisher":"https:\/\/www.youtube.com\/@adminEugenius","article_modified_time":"2025-05-26T08:40:52+00:00","og_image":[{"width":600,"height":600,"url":"https:\/\/www.idiomas-eugeniasgenius.com\/wp-content\/uploads\/2023\/02\/examenes-oficiales-cambridge.jpg","type":"image\/jpeg"}],"twitter_card":"summary_large_image","twitter_misc":{"Tiempo de lectura":"3 minutos"},"schema":{"@context":"https:\/\/schema.org","@graph":[{"@type":"WebPage","@id":"https:\/\/www.idiomas-eugeniasgenius.com\/es_es\/preparacion-examenes-oficiales-ingles\/","url":"https:\/\/www.idiomas-eugeniasgenius.com\/es_es\/preparacion-examenes-oficiales-ingles\/","name":"Preparaci\u00f3n Ex\u00e1menes Oficiales - Escuela de Idiomas en El Ejido","isPartOf":{"@id":"https:\/\/www.idiomas-eugeniasgenius.com\/#website"},"primaryImageOfPage":{"@id":"https:\/\/www.idiomas-eugeniasgenius.com\/es_es\/preparacion-examenes-oficiales-ingles\/#primaryimage"},"image":{"@id":"https:\/\/www.idiomas-eugeniasgenius.com\/es_es\/preparacion-examenes-oficiales-ingles\/#primaryimage"},"thumbnailUrl":"https:\/\/www.idiomas-eugeniasgenius.com\/wp-content\/uploads\/2023\/02\/examenes-oficiales-cambridge-300x300.jpg","datePublished":"2023-02-20T08:10:56+00:00","dateModified":"2025-05-26T08:40:52+00:00","description":"Obt\u00e9n con nosotros las certificaciones en ingl\u00e9s que reconocen los conocimientos en el idioma que te permitir\u00e1n conversar, viajar y trabajar.","breadcrumb":{"@id":"https:\/\/www.idiomas-eugeniasgenius.com\/es_es\/preparacion-examenes-oficiales-ingles\/#breadcrumb"},"inLanguage":"es","potentialAction":[{"@type":"ReadAction","target":["https:\/\/www.idiomas-eugeniasgenius.com\/es_es\/preparacion-examenes-oficiales-ingles\/"]}]},{"@type":"ImageObject","inLanguage":"es","@id":"https:\/\/www.idiomas-eugeniasgenius.com\/es_es\/preparacion-examenes-oficiales-ingles\/#primaryimage","url":"https:\/\/www.idiomas-eugeniasgenius.com\/wp-content\/uploads\/2023\/02\/examenes-oficiales-cambridge-300x300.jpg","contentUrl":"https:\/\/www.idiomas-eugeniasgenius.com\/wp-content\/uploads\/2023\/02\/examenes-oficiales-cambridge-300x300.jpg"},{"@type":"BreadcrumbList","@id":"https:\/\/www.idiomas-eugeniasgenius.com\/es_es\/preparacion-examenes-oficiales-ingles\/#breadcrumb","itemListElement":[{"@type":"ListItem","position":1,"name":"Portada","item":"https:\/\/www.idiomas-eugeniasgenius.com\/es_es\/"},{"@type":"ListItem","position":2,"name":"Preparaci\u00f3n Ex\u00e1menes Oficiales"}]},{"@type":"WebSite","@id":"https:\/\/www.idiomas-eugeniasgenius.com\/#website","url":"https:\/\/www.idiomas-eugeniasgenius.com\/","name":"Escuela de Idiomas en El Ejido","description":"Escuela de idiomas en El Ejido","alternateName":"Eugenias Genius","potentialAction":[{"@type":"SearchAction","target":{"@type":"EntryPoint","urlTemplate":"https:\/\/www.idiomas-eugeniasgenius.com\/?s={search_term_string}"},"query-input":{"@type":"PropertyValueSpecification","valueRequired":true,"valueName":"search_term_string"}}],"inLanguage":"es"}]}},"builder_content":"<h1>Preparaci\u00f3n Ex\u00e1menes Oficiales<br\/><\/h1>\n\n<img src=\"https:\/\/www.idiomas-eugeniasgenius.com\/wp-content\/uploads\/2023\/02\/examenes-oficiales-cambridge-300x300.jpg\" width=\"300\" height=\"300\" title=\"examenes-oficiales-cambridge\" alt=\"Ex\u00e1menes oficiales de ingl\u00e9s. Cambridge, IELTS, TOEFL, APTIS\" srcset=\"https:\/\/www.idiomas-eugeniasgenius.com\/wp-content\/uploads\/2023\/02\/examenes-oficiales-cambridge-300x300.jpg 300w, https:\/\/www.idiomas-eugeniasgenius.com\/wp-content\/uploads\/2023\/02\/examenes-oficiales-cambridge-150x150.jpg 150w, https:\/\/www.idiomas-eugeniasgenius.com\/wp-content\/uploads\/2023\/02\/examenes-oficiales-cambridge.jpg 600w\" sizes=\"(max-width: 300px) 100vw, 300px\" \/>\n<p style=\"text-align: center;\">Obt\u00e9n con nosotros las certificaciones en ingl\u00e9s que reconocen los conocimientos en el idioma que te permitir\u00e1n conversar, viajar y trabajar en paises o empresas de habla inglesa.<\/p>\n<a href=\"https:\/\/www.idiomas-eugeniasgenius.com\/examenes-oficiales-cambridge-2\/\"> <img src=\"https:\/\/www.idiomas-eugeniasgenius.com\/wp-content\/uploads\/2023\/02\/examenes-Cambridge.jpg\" title=\"Cambridge\" alt=\"Ex\u00e1menes oficiales Cambridge\" srcset=\"https:\/\/www.idiomas-eugeniasgenius.com\/wp-content\/uploads\/2023\/02\/examenes-Cambridge.jpg 600w, https:\/\/www.idiomas-eugeniasgenius.com\/wp-content\/uploads\/2023\/02\/examenes-Cambridge-300x300.jpg 300w, https:\/\/www.idiomas-eugeniasgenius.com\/wp-content\/uploads\/2023\/02\/examenes-Cambridge-150x150.jpg 150w\" sizes=\"(max-width: 600px) 100vw, 600px\" \/> <\/a> <h2> <a href=\"https:\/\/www.idiomas-eugeniasgenius.com\/examenes-oficiales-cambridge-2\/\"> Cambridge <\/a> <\/h2>\n<a href=\"https:\/\/www.idiomas-eugeniasgenius.com\/examenes-ielts\/\"> <img src=\"https:\/\/www.idiomas-eugeniasgenius.com\/wp-content\/uploads\/2023\/02\/examenes-ietls.jpg\" title=\"IELTS\" alt=\"Ex\u00e1menes International English Language Testing System\" srcset=\"https:\/\/www.idiomas-eugeniasgenius.com\/wp-content\/uploads\/2023\/02\/examenes-ietls.jpg 600w, https:\/\/www.idiomas-eugeniasgenius.com\/wp-content\/uploads\/2023\/02\/examenes-ietls-300x300.jpg 300w, https:\/\/www.idiomas-eugeniasgenius.com\/wp-content\/uploads\/2023\/02\/examenes-ietls-150x150.jpg 150w\" sizes=\"(max-width: 600px) 100vw, 600px\" \/> <\/a> <h2> <a href=\"https:\/\/www.idiomas-eugeniasgenius.com\/examenes-ielts\/\"> IELTS <\/a> <\/h2>\n<a href=\"https:\/\/www.idiomas-eugeniasgenius.com\/examenes-toefl-2\/\"> <img src=\"https:\/\/www.idiomas-eugeniasgenius.com\/wp-content\/uploads\/2023\/02\/examenes-toefl.jpg\" title=\"TOEFL\" alt=\"Ex\u00e1menes de ingles TOEFL\" srcset=\"https:\/\/www.idiomas-eugeniasgenius.com\/wp-content\/uploads\/2023\/02\/examenes-toefl.jpg 600w, https:\/\/www.idiomas-eugeniasgenius.com\/wp-content\/uploads\/2023\/02\/examenes-toefl-300x300.jpg 300w, https:\/\/www.idiomas-eugeniasgenius.com\/wp-content\/uploads\/2023\/02\/examenes-toefl-150x150.jpg 150w\" sizes=\"(max-width: 600px) 100vw, 600px\" \/> <\/a> <h2> <a href=\"https:\/\/www.idiomas-eugeniasgenius.com\/examenes-toefl-2\/\"> TOEFL <\/a> <\/h2>\n<a href=\"https:\/\/www.idiomas-eugeniasgenius.com\/examenes-aptis\/\"> <img src=\"https:\/\/www.idiomas-eugeniasgenius.com\/wp-content\/uploads\/2023\/03\/examenes-aptis.jpg\" title=\"APTIS\" alt=\"Ex\u00e1menes oficiales APTIS\" srcset=\"https:\/\/www.idiomas-eugeniasgenius.com\/wp-content\/uploads\/2023\/03\/examenes-aptis.jpg 600w, https:\/\/www.idiomas-eugeniasgenius.com\/wp-content\/uploads\/2023\/03\/examenes-aptis-300x300.jpg 300w, https:\/\/www.idiomas-eugeniasgenius.com\/wp-content\/uploads\/2023\/03\/examenes-aptis-150x150.jpg 150w\" sizes=\"(max-width: 600px) 100vw, 600px\" \/> <\/a> <h2> <a href=\"https:\/\/www.idiomas-eugeniasgenius.com\/examenes-aptis\/\"> APTIS <\/a> <\/h2>","_links":{"self":[{"href":"https:\/\/www.idiomas-eugeniasgenius.com\/es_es\/wp-json\/wp\/v2\/pages\/704","targetHints":{"allow":["GET"]}}],"collection":[{"href":"https:\/\/www.idiomas-eugeniasgenius.com\/es_es\/wp-json\/wp\/v2\/pages"}],"about":[{"href":"https:\/\/www.idiomas-eugeniasgenius.com\/es_es\/wp-json\/wp\/v2\/types\/page"}],"author":[{"embeddable":true,"href":"https:\/\/www.idiomas-eugeniasgenius.com\/es_es\/wp-json\/wp\/v2\/users\/1"}],"replies":[{"embeddable":true,"href":"https:\/\/www.idiomas-eugeniasgenius.com\/es_es\/wp-json\/wp\/v2\/comments?post=704"}],"version-history":[{"count":8,"href":"https:\/\/www.idiomas-eugeniasgenius.com\/es_es\/wp-json\/wp\/v2\/pages\/704\/revisions"}],"predecessor-version":[{"id":2343,"href":"https:\/\/www.idiomas-eugeniasgenius.com\/es_es\/wp-json\/wp\/v2\/pages\/704\/revisions\/2343"}],"wp:attachment":[{"href":"https:\/\/www.idiomas-eugeniasgenius.com\/es_es\/wp-json\/wp\/v2\/media?parent=704"}],"curies":[{"name":"wp","href":"https:\/\/api.w.org\/{rel}","templated":true}]}}