{"id":729,"date":"2023-02-20T08:29:08","date_gmt":"2023-02-20T08:29:08","guid":{"rendered":"https:\/\/www.idiomas-eugeniasgenius.com\/?page_id=729"},"modified":"2023-04-18T08:50:25","modified_gmt":"2023-04-18T08:50:25","slug":"ingles-a-medida","status":"publish","type":"page","link":"https:\/\/www.idiomas-eugeniasgenius.com\/es_es\/ingles-a-medida\/","title":{"rendered":"Ingl\u00e9s a Medida"},"content":{"rendered":"<!--themify_builder_content-->\n<div id=\"themify_builder_content-729\" data-postid=\"729\" class=\"themify_builder_content themify_builder_content-729 themify_builder tf_clear\">\n                    <div  data-lazy=\"1\" class=\"module_row themify_builder_row tb_k3t7122 tb_first tf_w\">\n                        <div class=\"row_inner col_align_top tb_col_count_2 tf_box tf_rel\">\n                        <div  data-lazy=\"1\" class=\"module_column tb-column col3-2 tb_13th123 first\">\n                    <!-- module fancy heading -->\n<div  class=\"module module-fancy-heading tb_ni87381 \" data-lazy=\"1\">\n        <h1 class=\"fancy-heading tf_textc\">\n    <span class=\"main-head tf_block\">\n                    Ingl\u00e9s a Medida            <\/span>\n\n    \n    <span class=\"sub-head tf_block tf_rel\">\n                                <\/span>\n    <\/h1>\n<\/div>\n<!-- \/module fancy heading -->\n<!-- module divider -->\n<div  class=\"module tf_mw module-divider tb_ck1t739 solid   \" style=\"border-width: 1px;border-color: #a1a1a1;\" data-lazy=\"1\">\n    <\/div>\n<!-- \/module divider -->\n        <div  data-lazy=\"1\" class=\"module_subrow themify_builder_sub_row tf_w col_align_top tb_col_count_2 tb_nddi479\">\n                <div  data-lazy=\"1\" class=\"module_column sub_column col4-2 tb_rm3t480 first\">\n                    <!-- module icon -->\n<div  class=\"module module-icon tb_a00p445  large circle icon_horizontal \" data-lazy=\"1\">\n\t\t\t<div class=\"module-icon-item\">\n\t\t\t\t\t\t\t\t\t\t\t\t\t\t\t\t<em class=\"tf_box\"\n\t\t\t\t\t\t\t\t\t\t\t\t style=\"color:#ff8800\"\t\t\t\t\t><svg  class=\"tf_fa tf-ti-time\" xmlns:xlink=\"http:\/\/www.w3.org\/1999\/xlink\" aria-hidden=\"true\"><use href=\"#tf-ti-time\" xlink:href=\"#tf-ti-time\"><\/use><\/svg><\/em>\n\t\t\t\t\t\t\t\t\t\t\t\t\t\t\t\t\t\t\t<span>Septiembre a Julio<\/span>\n\t\t\t\t\t\t\t\t\t\t\t\t\t\t\t<\/div>\n\t<\/div>\n<!-- \/module icon -->\n        <\/div>\n                    <div  data-lazy=\"1\" class=\"module_column sub_column col4-2 tb_vgym480 last\">\n                    <!-- module icon -->\n<div  class=\"module module-icon tb_tz8b172  large circle icon_horizontal \" data-lazy=\"1\">\n\t\t\t<div class=\"module-icon-item\">\n\t\t\t\t\t\t\t\t\t\t\t\t\t\t\t\t<em class=\"tf_box\"\n\t\t\t\t\t\t\t\t\t\t\t\t style=\"color:#ff8800\"\t\t\t\t\t><svg  class=\"tf_fa tf-ti-bar-chart\" xmlns:xlink=\"http:\/\/www.w3.org\/1999\/xlink\" aria-hidden=\"true\"><use href=\"#tf-ti-bar-chart\" xlink:href=\"#tf-ti-bar-chart\"><\/use><\/svg><\/em>\n\t\t\t\t\t\t\t\t\t\t\t\t\t\t\t\t\t\t\t<span>Todos los niveles<\/span>\n\t\t\t\t\t\t\t\t\t\t\t\t\t\t\t<\/div>\n\t<\/div>\n<!-- \/module icon -->\n        <\/div>\n                    <\/div>\n                <\/div>\n                    <div  data-lazy=\"1\" class=\"module_column tb-column col3-1 tb_x9hk260 last\">\n                    <!-- module image -->\n<div  class=\"module module-image tb_x2qn636 image-center   tf_mw\" data-lazy=\"1\">\n        <div class=\"image-wrap tf_rel tf_mw\">\n            <img loading=\"lazy\" decoding=\"async\" src=\"https:\/\/www.idiomas-eugeniasgenius.com\/wp-content\/uploads\/2023\/02\/cursos-de-ingles-a-medida-300x300.jpg\" width=\"300\" height=\"300\" class=\"wp-post-image wp-image-743\" title=\"cursos-de-ingles-a-medida\" alt=\"Cursos de ingl\u00e9s a medida\" srcset=\"https:\/\/www.idiomas-eugeniasgenius.com\/wp-content\/uploads\/2023\/02\/cursos-de-ingles-a-medida-300x300.jpg 300w, https:\/\/www.idiomas-eugeniasgenius.com\/wp-content\/uploads\/2023\/02\/cursos-de-ingles-a-medida-150x150.jpg 150w, https:\/\/www.idiomas-eugeniasgenius.com\/wp-content\/uploads\/2023\/02\/cursos-de-ingles-a-medida.jpg 600w\" sizes=\"auto, (max-width: 300px) 100vw, 300px\" \/>    \n        <\/div>\n    <!-- \/image-wrap -->\n    \n        <\/div>\n<!-- \/module image -->        <\/div>\n                        <\/div>\n        <\/div>\n                        <div  data-lazy=\"1\" class=\"module_row themify_builder_row tb_wpj3809 tf_w\">\n                        <div class=\"row_inner col_align_top tb_col_count_1 tf_box tf_rel\">\n                        <div  data-lazy=\"1\" class=\"module_column tb-column col-full tb_e3me809 first\">\n                    <!-- module text -->\n<div  class=\"module module-text tb_83b5403   \" data-lazy=\"1\">\n        <div  class=\"tb_text_wrap\">\n        <h3>Contenido:<\/h3>\n<p><strong>Habla ingl\u00e9s como un genio.<br><\/strong><br><strong>Idiomas Eugenia Genius<\/strong> es la soluci\u00f3n perfecta para todas tus necesidades de aprendizaje de idiomas. Nuestras clases de ingl\u00e9s personalizadas est\u00e1n dise\u00f1adas para ayudarte a alcanzar el nivel m\u00e1s alto de dominio del ingl\u00e9s.<br><br><strong>Profesores nativos con experiencia<\/strong><br>Nuestros profesores nativos tienen a\u00f1os de experiencia en la ense\u00f1anza del ingl\u00e9s y te ayudar\u00e1n a alcanzar el nivel m\u00e1s alto de fluidez en muy poco tiempo. Con lecciones personalizadas y actividades interactivas, se asegurar\u00e1n de que aproveches al m\u00e1ximo cada sesi\u00f3n.<br><br><strong>Clases intensivas<\/strong><br>Nuestras clases intensivas se adaptan a sus necesidades y objetivos espec\u00edficos, para que pueda aprender m\u00e1s r\u00e1pido y de manera m\u00e1s eficiente. Ofrecemos clases individuales o sesiones de grupos peque\u00f1os, dependiendo de su preferencia.<\/p>    <\/div>\n<\/div>\n<!-- \/module text -->        <\/div>\n                        <\/div>\n        <\/div>\n                        <div  data-lazy=\"1\" class=\"module_row themify_builder_row tb_8zrj891 tf_w\">\n                        <div class=\"row_inner col_align_top tb_col_count_1 tf_box tf_rel\">\n                        <div  data-lazy=\"1\" class=\"module_column tb-column col-full tb_3mqx891 first\">\n                    <!-- module buttons -->\n<div  class=\"module module-buttons tb_btkp881 buttons-horizontal solid  circle\" data-lazy=\"1\">\n        <div class=\"module-buttons-item tf_in_flx\">\n                        <a href=\"https:\/\/www.idiomas-eugeniasgenius.com\/inscripcion-ingles\/\" class=\"ui builder_button tf_in_flx blue\" >\n                                                Inscr\u00edbete a este curso                                        <\/a>\n                <\/div>\n            <\/div>\n<!-- \/module buttons -->\n        <\/div>\n                        <\/div>\n        <\/div>\n        <\/div>\n<!--\/themify_builder_content-->","protected":false},"excerpt":{"rendered":"<p>Contenido: Habla ingl\u00e9s como un genio.Idiomas Eugenia Genius es la soluci\u00f3n perfecta para todas tus necesidades de aprendizaje de idiomas. Nuestras clases de ingl\u00e9s personalizadas est\u00e1n dise\u00f1adas para ayudarte a alcanzar el nivel m\u00e1s alto de dominio del ingl\u00e9s.Profesores nativos con experienciaNuestros profesores nativos tienen a\u00f1os de experiencia en la ense\u00f1anza del ingl\u00e9s y te [&hellip;]<\/p>\n","protected":false},"author":1,"featured_media":0,"parent":0,"menu_order":0,"comment_status":"closed","ping_status":"closed","template":"","meta":{"footnotes":""},"class_list":["post-729","page","type-page","status-publish","hentry","has-post-title","has-post-date","has-post-category","has-post-tag","has-post-comment","has-post-author",""],"yoast_head":"<!-- This site is optimized with the Yoast SEO plugin v27.4 - https:\/\/yoast.com\/product\/yoast-seo-wordpress\/ -->\n<title>Ingl\u00e9s a Medida - Escuela de Idiomas en El Ejido<\/title>\n<meta name=\"description\" content=\"Nuestras clases de ingl\u00e9s personalizadas est\u00e1n dise\u00f1adas para ayudarte a alcanzar el nivel m\u00e1s alto de dominio del ingl\u00e9s.\" \/>\n<meta name=\"robots\" content=\"index, follow, max-snippet:-1, max-image-preview:large, max-video-preview:-1\" \/>\n<link rel=\"canonical\" href=\"https:\/\/www.idiomas-eugeniasgenius.com\/es_es\/ingles-a-medida\/\" \/>\n<meta property=\"og:locale\" content=\"es_ES\" \/>\n<meta property=\"og:type\" content=\"article\" \/>\n<meta property=\"og:title\" content=\"Ingl\u00e9s a Medida - Escuela de Idiomas en El Ejido\" \/>\n<meta property=\"og:description\" content=\"Nuestras clases de ingl\u00e9s personalizadas est\u00e1n dise\u00f1adas para ayudarte a alcanzar el nivel m\u00e1s alto de dominio del ingl\u00e9s.\" \/>\n<meta property=\"og:url\" content=\"https:\/\/www.idiomas-eugeniasgenius.com\/es_es\/ingles-a-medida\/\" \/>\n<meta property=\"og:site_name\" content=\"Escuela de Idiomas en El Ejido\" \/>\n<meta property=\"article:publisher\" content=\"https:\/\/www.youtube.com\/@adminEugenius\" \/>\n<meta property=\"article:modified_time\" content=\"2023-04-18T08:50:25+00:00\" \/>\n<meta name=\"twitter:card\" content=\"summary_large_image\" \/>\n<script type=\"application\/ld+json\" class=\"yoast-schema-graph\">{\"@context\":\"https:\\\/\\\/schema.org\",\"@graph\":[{\"@type\":\"WebPage\",\"@id\":\"https:\\\/\\\/www.idiomas-eugeniasgenius.com\\\/ingles-a-medida\\\/\",\"url\":\"https:\\\/\\\/www.idiomas-eugeniasgenius.com\\\/ingles-a-medida\\\/\",\"name\":\"Ingl\u00e9s a Medida - Escuela de Idiomas en El Ejido\",\"isPartOf\":{\"@id\":\"https:\\\/\\\/www.idiomas-eugeniasgenius.com\\\/#website\"},\"datePublished\":\"2023-02-20T08:29:08+00:00\",\"dateModified\":\"2023-04-18T08:50:25+00:00\",\"description\":\"Nuestras clases de ingl\u00e9s personalizadas est\u00e1n dise\u00f1adas para ayudarte a alcanzar el nivel m\u00e1s alto de dominio del ingl\u00e9s.\",\"breadcrumb\":{\"@id\":\"https:\\\/\\\/www.idiomas-eugeniasgenius.com\\\/ingles-a-medida\\\/#breadcrumb\"},\"inLanguage\":\"es\",\"potentialAction\":[{\"@type\":\"ReadAction\",\"target\":[\"https:\\\/\\\/www.idiomas-eugeniasgenius.com\\\/ingles-a-medida\\\/\"]}]},{\"@type\":\"BreadcrumbList\",\"@id\":\"https:\\\/\\\/www.idiomas-eugeniasgenius.com\\\/ingles-a-medida\\\/#breadcrumb\",\"itemListElement\":[{\"@type\":\"ListItem\",\"position\":1,\"name\":\"Portada\",\"item\":\"https:\\\/\\\/www.idiomas-eugeniasgenius.com\\\/es_es\\\/\"},{\"@type\":\"ListItem\",\"position\":2,\"name\":\"Ingl\u00e9s a Medida\"}]},{\"@type\":\"WebSite\",\"@id\":\"https:\\\/\\\/www.idiomas-eugeniasgenius.com\\\/#website\",\"url\":\"https:\\\/\\\/www.idiomas-eugeniasgenius.com\\\/\",\"name\":\"Escuela de Idiomas en El Ejido\",\"description\":\"Escuela de idiomas en El Ejido\",\"alternateName\":\"Eugenias Genius\",\"potentialAction\":[{\"@type\":\"SearchAction\",\"target\":{\"@type\":\"EntryPoint\",\"urlTemplate\":\"https:\\\/\\\/www.idiomas-eugeniasgenius.com\\\/?s={search_term_string}\"},\"query-input\":{\"@type\":\"PropertyValueSpecification\",\"valueRequired\":true,\"valueName\":\"search_term_string\"}}],\"inLanguage\":\"es\"}]}<\/script>\n<!-- \/ Yoast SEO plugin. -->","yoast_head_json":{"title":"Ingl\u00e9s a Medida - Escuela de Idiomas en El Ejido","description":"Nuestras clases de ingl\u00e9s personalizadas est\u00e1n dise\u00f1adas para ayudarte a alcanzar el nivel m\u00e1s alto de dominio del ingl\u00e9s.","robots":{"index":"index","follow":"follow","max-snippet":"max-snippet:-1","max-image-preview":"max-image-preview:large","max-video-preview":"max-video-preview:-1"},"canonical":"https:\/\/www.idiomas-eugeniasgenius.com\/es_es\/ingles-a-medida\/","og_locale":"es_ES","og_type":"article","og_title":"Ingl\u00e9s a Medida - Escuela de Idiomas en El Ejido","og_description":"Nuestras clases de ingl\u00e9s personalizadas est\u00e1n dise\u00f1adas para ayudarte a alcanzar el nivel m\u00e1s alto de dominio del ingl\u00e9s.","og_url":"https:\/\/www.idiomas-eugeniasgenius.com\/es_es\/ingles-a-medida\/","og_site_name":"Escuela de Idiomas en El Ejido","article_publisher":"https:\/\/www.youtube.com\/@adminEugenius","article_modified_time":"2023-04-18T08:50:25+00:00","twitter_card":"summary_large_image","schema":{"@context":"https:\/\/schema.org","@graph":[{"@type":"WebPage","@id":"https:\/\/www.idiomas-eugeniasgenius.com\/ingles-a-medida\/","url":"https:\/\/www.idiomas-eugeniasgenius.com\/ingles-a-medida\/","name":"Ingl\u00e9s a Medida - Escuela de Idiomas en El Ejido","isPartOf":{"@id":"https:\/\/www.idiomas-eugeniasgenius.com\/#website"},"datePublished":"2023-02-20T08:29:08+00:00","dateModified":"2023-04-18T08:50:25+00:00","description":"Nuestras clases de ingl\u00e9s personalizadas est\u00e1n dise\u00f1adas para ayudarte a alcanzar el nivel m\u00e1s alto de dominio del ingl\u00e9s.","breadcrumb":{"@id":"https:\/\/www.idiomas-eugeniasgenius.com\/ingles-a-medida\/#breadcrumb"},"inLanguage":"es","potentialAction":[{"@type":"ReadAction","target":["https:\/\/www.idiomas-eugeniasgenius.com\/ingles-a-medida\/"]}]},{"@type":"BreadcrumbList","@id":"https:\/\/www.idiomas-eugeniasgenius.com\/ingles-a-medida\/#breadcrumb","itemListElement":[{"@type":"ListItem","position":1,"name":"Portada","item":"https:\/\/www.idiomas-eugeniasgenius.com\/es_es\/"},{"@type":"ListItem","position":2,"name":"Ingl\u00e9s a Medida"}]},{"@type":"WebSite","@id":"https:\/\/www.idiomas-eugeniasgenius.com\/#website","url":"https:\/\/www.idiomas-eugeniasgenius.com\/","name":"Escuela de Idiomas en El Ejido","description":"Escuela de idiomas en El Ejido","alternateName":"Eugenias Genius","potentialAction":[{"@type":"SearchAction","target":{"@type":"EntryPoint","urlTemplate":"https:\/\/www.idiomas-eugeniasgenius.com\/?s={search_term_string}"},"query-input":{"@type":"PropertyValueSpecification","valueRequired":true,"valueName":"search_term_string"}}],"inLanguage":"es"}]}},"builder_content":"<h1>Ingl\u00e9s a Medida<br\/><\/h1>\n\n<em style=\"color:#ff8800\" ><svg xmlns:xlink=\"http:\/\/www.w3.org\/1999\/xlink\" aria-hidden=\"true\"><use href=\"#tf-ti-time\" xlink:href=\"#tf-ti-time\"><\/use><\/svg><\/em> Septiembre a Julio\n<em style=\"color:#ff8800\" ><svg xmlns:xlink=\"http:\/\/www.w3.org\/1999\/xlink\" aria-hidden=\"true\"><use href=\"#tf-ti-bar-chart\" xlink:href=\"#tf-ti-bar-chart\"><\/use><\/svg><\/em> Todos los niveles\n<img src=\"https:\/\/www.idiomas-eugeniasgenius.com\/wp-content\/uploads\/2023\/02\/cursos-de-ingles-a-medida-300x300.jpg\" width=\"300\" height=\"300\" title=\"cursos-de-ingles-a-medida\" alt=\"Cursos de ingl\u00e9s a medida\" srcset=\"https:\/\/www.idiomas-eugeniasgenius.com\/wp-content\/uploads\/2023\/02\/cursos-de-ingles-a-medida-300x300.jpg 300w, https:\/\/www.idiomas-eugeniasgenius.com\/wp-content\/uploads\/2023\/02\/cursos-de-ingles-a-medida-150x150.jpg 150w, https:\/\/www.idiomas-eugeniasgenius.com\/wp-content\/uploads\/2023\/02\/cursos-de-ingles-a-medida.jpg 600w\" sizes=\"(max-width: 300px) 100vw, 300px\" \/>\n<h3>Contenido:<\/h3> <p><strong>Habla ingl\u00e9s como un genio.<br><\/strong><br><strong>Idiomas Eugenia Genius<\/strong> es la soluci\u00f3n perfecta para todas tus necesidades de aprendizaje de idiomas. Nuestras clases de ingl\u00e9s personalizadas est\u00e1n dise\u00f1adas para ayudarte a alcanzar el nivel m\u00e1s alto de dominio del ingl\u00e9s.<br><br><strong>Profesores nativos con experiencia<\/strong><br>Nuestros profesores nativos tienen a\u00f1os de experiencia en la ense\u00f1anza del ingl\u00e9s y te ayudar\u00e1n a alcanzar el nivel m\u00e1s alto de fluidez en muy poco tiempo. Con lecciones personalizadas y actividades interactivas, se asegurar\u00e1n de que aproveches al m\u00e1ximo cada sesi\u00f3n.<br><br><strong>Clases intensivas<\/strong><br>Nuestras clases intensivas se adaptan a sus necesidades y objetivos espec\u00edficos, para que pueda aprender m\u00e1s r\u00e1pido y de manera m\u00e1s eficiente. Ofrecemos clases individuales o sesiones de grupos peque\u00f1os, dependiendo de su preferencia.<\/p>\n<a href=\"https:\/\/www.idiomas-eugeniasgenius.com\/inscripcion-ingles\/\" > Inscr\u00edbete a este curso <\/a>","_links":{"self":[{"href":"https:\/\/www.idiomas-eugeniasgenius.com\/es_es\/wp-json\/wp\/v2\/pages\/729","targetHints":{"allow":["GET"]}}],"collection":[{"href":"https:\/\/www.idiomas-eugeniasgenius.com\/es_es\/wp-json\/wp\/v2\/pages"}],"about":[{"href":"https:\/\/www.idiomas-eugeniasgenius.com\/es_es\/wp-json\/wp\/v2\/types\/page"}],"author":[{"embeddable":true,"href":"https:\/\/www.idiomas-eugeniasgenius.com\/es_es\/wp-json\/wp\/v2\/users\/1"}],"replies":[{"embeddable":true,"href":"https:\/\/www.idiomas-eugeniasgenius.com\/es_es\/wp-json\/wp\/v2\/comments?post=729"}],"version-history":[{"count":0,"href":"https:\/\/www.idiomas-eugeniasgenius.com\/es_es\/wp-json\/wp\/v2\/pages\/729\/revisions"}],"wp:attachment":[{"href":"https:\/\/www.idiomas-eugeniasgenius.com\/es_es\/wp-json\/wp\/v2\/media?parent=729"}],"curies":[{"name":"wp","href":"https:\/\/api.w.org\/{rel}","templated":true}]}}