{"id":755,"date":"2023-02-20T11:23:24","date_gmt":"2023-02-20T11:23:24","guid":{"rendered":"https:\/\/www.idiomas-eugeniasgenius.com\/?page_id=755"},"modified":"2023-04-18T08:07:36","modified_gmt":"2023-04-18T08:07:36","slug":"campamentos-de-ingles","status":"publish","type":"page","link":"https:\/\/www.idiomas-eugeniasgenius.com\/es_es\/campamentos-de-ingles\/","title":{"rendered":"Campamentos de Ingl\u00e9s"},"content":{"rendered":"<!--themify_builder_content-->\n<div id=\"themify_builder_content-755\" data-postid=\"755\" class=\"themify_builder_content themify_builder_content-755 themify_builder tf_clear\">\n                    <div  data-lazy=\"1\" class=\"module_row themify_builder_row tb_yv1v781 tb_first tf_w\">\n                        <div class=\"row_inner col_align_top tb_col_count_1 tf_box tf_rel\">\n                        <div  data-lazy=\"1\" class=\"module_column tb-column col-full tb_4cdo781 first\">\n                    <!-- module text -->\n<div  class=\"module module-text tb_izrj300   \" data-lazy=\"1\">\n        <div  class=\"tb_text_wrap\">\n        <h1 style=\"text-align: center;\">CAMPAMENTOS EN INGL\u00c9S<\/h1>    <\/div>\n<\/div>\n<!-- \/module text --><!-- module text -->\n<div  class=\"module module-text tb_tvxn560   \" data-lazy=\"1\">\n        <div  class=\"tb_text_wrap\">\n        <p style=\"text-align: center;\">Campamentos de ingl\u00e9s para el verano. Actividades en la naturaleza, clases diarias de ingl\u00e9s. Profesores nativos que conviven todo el d\u00eda con el grupo.<\/p>\n<p style=\"text-align: center;\">Selecciona el tuyo:<\/p>    <\/div>\n<\/div>\n<!-- \/module text -->        <\/div>\n                        <\/div>\n        <\/div>\n                        <div  data-lazy=\"1\" class=\"module_row themify_builder_row tb_9i11786 tf_w\">\n                        <div class=\"row_inner col_align_top tb_col_count_3 tf_box tf_rel\">\n                        <div  data-lazy=\"1\" class=\"module_column tb-column col3-1 tb_a6su786 first\">\n                    <!-- module image -->\n<div  class=\"module module-image tb_7pb29 image-overlay rounded  auto_fullwidth tf_mw\" data-lazy=\"1\">\n        <div class=\"image-wrap tf_rel tf_mw\">\n            <a href=\"https:\/\/www.idiomas-eugeniasgenius.com\/campamento-en-ingles-en-sierra-nevada\/\">\n                   <img loading=\"lazy\" decoding=\"async\" width=\"600\" height=\"600\" src=\"https:\/\/www.idiomas-eugeniasgenius.com\/wp-content\/uploads\/2023\/02\/campamento-sierra-nevada.jpg\" class=\"wp-post-image wp-image-765\" title=\"Verano en Sierra Nevada\" alt=\"Campamentos de verano en ingl\u00e9s: Cursos de verano ingl\u00e9s y naturaleza en Sierra Nevada\" srcset=\"https:\/\/www.idiomas-eugeniasgenius.com\/wp-content\/uploads\/2023\/02\/campamento-sierra-nevada.jpg 600w, https:\/\/www.idiomas-eugeniasgenius.com\/wp-content\/uploads\/2023\/02\/campamento-sierra-nevada-300x300.jpg 300w, https:\/\/www.idiomas-eugeniasgenius.com\/wp-content\/uploads\/2023\/02\/campamento-sierra-nevada-150x150.jpg 150w\" sizes=\"auto, (max-width: 600px) 100vw, 600px\" \/>        <\/a>\n    \n    \n        <div class=\"image-content\">\n                    <h2 class=\"image-title\">\n                                    <a href=\"https:\/\/www.idiomas-eugeniasgenius.com\/campamento-en-ingles-en-sierra-nevada\/\">\n                        Verano en Sierra Nevada                    <\/a>\n                            <\/h2>\n                    <\/div>\n    <!-- \/image-content -->\n                <\/div>\n        <!-- \/image-wrap -->\n    <\/div>\n<!-- \/module image -->        <\/div>\n                    <div  data-lazy=\"1\" class=\"module_column tb-column col3-1 tb_wi9y435\">\n                    <!-- module image -->\n<div  class=\"module module-image tb_l90e766 image-overlay rounded  auto_fullwidth tf_mw\" data-lazy=\"1\">\n        <div class=\"image-wrap tf_rel tf_mw\">\n            <a href=\"https:\/\/www.idiomas-eugeniasgenius.com\/campamentos-en-el-reino-unido\/\">\n                   <img loading=\"lazy\" decoding=\"async\" width=\"600\" height=\"600\" src=\"https:\/\/www.idiomas-eugeniasgenius.com\/wp-content\/uploads\/2023\/03\/campamentos-uk.jpg\" class=\"wp-post-image wp-image-1205\" title=\"Campamentos Reino Unido\" alt=\"Campamentos de verano en ingl\u00e9s: Campamentos de verano en Reino Unido\" srcset=\"https:\/\/www.idiomas-eugeniasgenius.com\/wp-content\/uploads\/2023\/03\/campamentos-uk.jpg 600w, https:\/\/www.idiomas-eugeniasgenius.com\/wp-content\/uploads\/2023\/03\/campamentos-uk-300x300.jpg 300w, https:\/\/www.idiomas-eugeniasgenius.com\/wp-content\/uploads\/2023\/03\/campamentos-uk-150x150.jpg 150w\" sizes=\"auto, (max-width: 600px) 100vw, 600px\" \/>        <\/a>\n    \n    \n        <div class=\"image-content\">\n                    <h2 class=\"image-title\">\n                                    <a href=\"https:\/\/www.idiomas-eugeniasgenius.com\/campamentos-en-el-reino-unido\/\">\n                        Campamentos Reino Unido                    <\/a>\n                            <\/h2>\n                    <\/div>\n    <!-- \/image-content -->\n                <\/div>\n        <!-- \/image-wrap -->\n    <\/div>\n<!-- \/module image -->        <\/div>\n                    <div  data-lazy=\"1\" class=\"module_column tb-column col3-1 tb_luzy435 last\">\n                    <!-- module image -->\n<div  class=\"module module-image tb_fltj766 image-overlay rounded  auto_fullwidth tf_mw\" data-lazy=\"1\">\n        <div class=\"image-wrap tf_rel tf_mw\">\n            <a href=\"https:\/\/www.idiomas-eugeniasgenius.com\/campamentos-en-irlanda\/\">\n                   <img loading=\"lazy\" decoding=\"async\" width=\"600\" height=\"600\" src=\"https:\/\/www.idiomas-eugeniasgenius.com\/wp-content\/uploads\/2023\/03\/campamentos-irlanda.jpg\" class=\"wp-post-image wp-image-1206\" title=\"Campamentos en Irlanda\" alt=\"Campamentos de verano en Irlanda\" srcset=\"https:\/\/www.idiomas-eugeniasgenius.com\/wp-content\/uploads\/2023\/03\/campamentos-irlanda.jpg 600w, https:\/\/www.idiomas-eugeniasgenius.com\/wp-content\/uploads\/2023\/03\/campamentos-irlanda-300x300.jpg 300w, https:\/\/www.idiomas-eugeniasgenius.com\/wp-content\/uploads\/2023\/03\/campamentos-irlanda-150x150.jpg 150w\" sizes=\"auto, (max-width: 600px) 100vw, 600px\" \/>        <\/a>\n    \n    \n        <div class=\"image-content\">\n                    <h2 class=\"image-title\">\n                                    <a href=\"https:\/\/www.idiomas-eugeniasgenius.com\/campamentos-en-irlanda\/\">\n                        Campamentos en Irlanda                    <\/a>\n                            <\/h2>\n                    <\/div>\n    <!-- \/image-content -->\n                <\/div>\n        <!-- \/image-wrap -->\n    <\/div>\n<!-- \/module image -->        <\/div>\n                        <\/div>\n        <\/div>\n                        <div  data-lazy=\"1\" class=\"module_row themify_builder_row tb_2g5b766 tf_w\">\n                        <div class=\"row_inner col_align_top tb_col_count_3 tf_box tf_rel\">\n                        <div  data-lazy=\"1\" class=\"module_column tb-column col3-1 tb_wl0a766 first\">\n                    <!-- module image -->\n<div  class=\"module module-image tb_7x6d286 image-overlay rounded  auto_fullwidth tf_mw\" data-lazy=\"1\">\n        <div class=\"image-wrap tf_rel tf_mw\">\n            <a href=\"https:\/\/www.idiomas-eugeniasgenius.com\/campamentos-en-malta-y-arcachon\/\">\n                   <img loading=\"lazy\" decoding=\"async\" width=\"600\" height=\"600\" src=\"https:\/\/www.idiomas-eugeniasgenius.com\/wp-content\/uploads\/2023\/03\/campamento-en-malta.jpg\" class=\"wp-post-image wp-image-1212\" title=\"Malta y Arcachon\" alt=\"Campamentos de verano en Malta y Arcachon\" srcset=\"https:\/\/www.idiomas-eugeniasgenius.com\/wp-content\/uploads\/2023\/03\/campamento-en-malta.jpg 600w, https:\/\/www.idiomas-eugeniasgenius.com\/wp-content\/uploads\/2023\/03\/campamento-en-malta-300x300.jpg 300w, https:\/\/www.idiomas-eugeniasgenius.com\/wp-content\/uploads\/2023\/03\/campamento-en-malta-150x150.jpg 150w\" sizes=\"auto, (max-width: 600px) 100vw, 600px\" \/>        <\/a>\n    \n    \n        <div class=\"image-content\">\n                    <h2 class=\"image-title\">\n                                    <a href=\"https:\/\/www.idiomas-eugeniasgenius.com\/campamentos-en-malta-y-arcachon\/\">\n                        Malta y Arcachon                    <\/a>\n                            <\/h2>\n                    <\/div>\n    <!-- \/image-content -->\n                <\/div>\n        <!-- \/image-wrap -->\n    <\/div>\n<!-- \/module image -->        <\/div>\n                    <div  data-lazy=\"1\" class=\"module_column tb-column col3-1 tb_dros766\">\n                    <!-- module image -->\n<div  class=\"module module-image tb_vllt766 image-overlay rounded  auto_fullwidth tf_mw\" data-lazy=\"1\">\n        <div class=\"image-wrap tf_rel tf_mw\">\n            <a href=\"https:\/\/www.idiomas-eugeniasgenius.com\/campamentos-en-canada-y-u-s-a\/\">\n                   <img loading=\"lazy\" decoding=\"async\" width=\"600\" height=\"600\" src=\"https:\/\/www.idiomas-eugeniasgenius.com\/wp-content\/uploads\/2023\/03\/campamentos-canada.jpg\" class=\"wp-post-image wp-image-1207\" title=\"Canad\u00e1 y U.S.A.\" alt=\"Campamentos de verano en Canad\u00e1 y USA\" srcset=\"https:\/\/www.idiomas-eugeniasgenius.com\/wp-content\/uploads\/2023\/03\/campamentos-canada.jpg 600w, https:\/\/www.idiomas-eugeniasgenius.com\/wp-content\/uploads\/2023\/03\/campamentos-canada-300x300.jpg 300w, https:\/\/www.idiomas-eugeniasgenius.com\/wp-content\/uploads\/2023\/03\/campamentos-canada-150x150.jpg 150w\" sizes=\"auto, (max-width: 600px) 100vw, 600px\" \/>        <\/a>\n    \n    \n        <div class=\"image-content\">\n                    <h2 class=\"image-title\">\n                                    <a href=\"https:\/\/www.idiomas-eugeniasgenius.com\/campamentos-en-canada-y-u-s-a\/\">\n                        Canad\u00e1 y U.S.A.                    <\/a>\n                            <\/h2>\n                    <\/div>\n    <!-- \/image-content -->\n                <\/div>\n        <!-- \/image-wrap -->\n    <\/div>\n<!-- \/module image -->        <\/div>\n                    <div  data-lazy=\"1\" class=\"module_column tb-column col3-1 tb_xhsu766 last\">\n                            <\/div>\n                        <\/div>\n        <\/div>\n        <\/div>\n<!--\/themify_builder_content-->","protected":false},"excerpt":{"rendered":"<p>CAMPAMENTOS EN INGL\u00c9S<\/p>\n","protected":false},"author":1,"featured_media":0,"parent":0,"menu_order":0,"comment_status":"closed","ping_status":"closed","template":"","meta":{"footnotes":""},"class_list":["post-755","page","type-page","status-publish","hentry","has-post-title","has-post-date","has-post-category","has-post-tag","has-post-comment","has-post-author",""],"yoast_head":"<!-- This site is optimized with the Yoast SEO plugin v27.4 - https:\/\/yoast.com\/product\/yoast-seo-wordpress\/ -->\n<title>Campamentos de Ingl\u00e9s - Escuela de Idiomas en El Ejido<\/title>\n<meta name=\"description\" content=\"Campamentos de ingl\u00e9s para el verano. Actividades en la naturaleza, clases diarias de ingl\u00e9s. Profesores nativos.\" \/>\n<meta name=\"robots\" content=\"index, follow, max-snippet:-1, max-image-preview:large, max-video-preview:-1\" \/>\n<link rel=\"canonical\" href=\"https:\/\/www.idiomas-eugeniasgenius.com\/es_es\/campamentos-de-ingles\/\" \/>\n<meta property=\"og:locale\" content=\"es_ES\" \/>\n<meta property=\"og:type\" content=\"article\" \/>\n<meta property=\"og:title\" content=\"Campamentos de Ingl\u00e9s - Escuela de Idiomas en El Ejido\" \/>\n<meta property=\"og:description\" content=\"Campamentos de ingl\u00e9s para el verano. Actividades en la naturaleza, clases diarias de ingl\u00e9s. Profesores nativos.\" \/>\n<meta property=\"og:url\" content=\"https:\/\/www.idiomas-eugeniasgenius.com\/es_es\/campamentos-de-ingles\/\" \/>\n<meta property=\"og:site_name\" content=\"Escuela de Idiomas en El Ejido\" \/>\n<meta property=\"article:publisher\" content=\"https:\/\/www.youtube.com\/@adminEugenius\" \/>\n<meta property=\"article:modified_time\" content=\"2023-04-18T08:07:36+00:00\" \/>\n<meta name=\"twitter:card\" content=\"summary_large_image\" \/>\n<script type=\"application\/ld+json\" class=\"yoast-schema-graph\">{\"@context\":\"https:\\\/\\\/schema.org\",\"@graph\":[{\"@type\":\"WebPage\",\"@id\":\"https:\\\/\\\/www.idiomas-eugeniasgenius.com\\\/campamentos-de-ingles\\\/\",\"url\":\"https:\\\/\\\/www.idiomas-eugeniasgenius.com\\\/campamentos-de-ingles\\\/\",\"name\":\"Campamentos de Ingl\u00e9s - Escuela de Idiomas en El Ejido\",\"isPartOf\":{\"@id\":\"https:\\\/\\\/www.idiomas-eugeniasgenius.com\\\/#website\"},\"datePublished\":\"2023-02-20T11:23:24+00:00\",\"dateModified\":\"2023-04-18T08:07:36+00:00\",\"description\":\"Campamentos de ingl\u00e9s para el verano. Actividades en la naturaleza, clases diarias de ingl\u00e9s. Profesores nativos.\",\"breadcrumb\":{\"@id\":\"https:\\\/\\\/www.idiomas-eugeniasgenius.com\\\/campamentos-de-ingles\\\/#breadcrumb\"},\"inLanguage\":\"es\",\"potentialAction\":[{\"@type\":\"ReadAction\",\"target\":[\"https:\\\/\\\/www.idiomas-eugeniasgenius.com\\\/campamentos-de-ingles\\\/\"]}]},{\"@type\":\"BreadcrumbList\",\"@id\":\"https:\\\/\\\/www.idiomas-eugeniasgenius.com\\\/campamentos-de-ingles\\\/#breadcrumb\",\"itemListElement\":[{\"@type\":\"ListItem\",\"position\":1,\"name\":\"Portada\",\"item\":\"https:\\\/\\\/www.idiomas-eugeniasgenius.com\\\/es_es\\\/\"},{\"@type\":\"ListItem\",\"position\":2,\"name\":\"Campamentos de Ingl\u00e9s\"}]},{\"@type\":\"WebSite\",\"@id\":\"https:\\\/\\\/www.idiomas-eugeniasgenius.com\\\/#website\",\"url\":\"https:\\\/\\\/www.idiomas-eugeniasgenius.com\\\/\",\"name\":\"Escuela de Idiomas en El Ejido\",\"description\":\"Escuela de idiomas en El Ejido\",\"alternateName\":\"Eugenias Genius\",\"potentialAction\":[{\"@type\":\"SearchAction\",\"target\":{\"@type\":\"EntryPoint\",\"urlTemplate\":\"https:\\\/\\\/www.idiomas-eugeniasgenius.com\\\/?s={search_term_string}\"},\"query-input\":{\"@type\":\"PropertyValueSpecification\",\"valueRequired\":true,\"valueName\":\"search_term_string\"}}],\"inLanguage\":\"es\"}]}<\/script>\n<!-- \/ Yoast SEO plugin. -->","yoast_head_json":{"title":"Campamentos de Ingl\u00e9s - Escuela de Idiomas en El Ejido","description":"Campamentos de ingl\u00e9s para el verano. Actividades en la naturaleza, clases diarias de ingl\u00e9s. Profesores nativos.","robots":{"index":"index","follow":"follow","max-snippet":"max-snippet:-1","max-image-preview":"max-image-preview:large","max-video-preview":"max-video-preview:-1"},"canonical":"https:\/\/www.idiomas-eugeniasgenius.com\/es_es\/campamentos-de-ingles\/","og_locale":"es_ES","og_type":"article","og_title":"Campamentos de Ingl\u00e9s - Escuela de Idiomas en El Ejido","og_description":"Campamentos de ingl\u00e9s para el verano. Actividades en la naturaleza, clases diarias de ingl\u00e9s. Profesores nativos.","og_url":"https:\/\/www.idiomas-eugeniasgenius.com\/es_es\/campamentos-de-ingles\/","og_site_name":"Escuela de Idiomas en El Ejido","article_publisher":"https:\/\/www.youtube.com\/@adminEugenius","article_modified_time":"2023-04-18T08:07:36+00:00","twitter_card":"summary_large_image","schema":{"@context":"https:\/\/schema.org","@graph":[{"@type":"WebPage","@id":"https:\/\/www.idiomas-eugeniasgenius.com\/campamentos-de-ingles\/","url":"https:\/\/www.idiomas-eugeniasgenius.com\/campamentos-de-ingles\/","name":"Campamentos de Ingl\u00e9s - Escuela de Idiomas en El Ejido","isPartOf":{"@id":"https:\/\/www.idiomas-eugeniasgenius.com\/#website"},"datePublished":"2023-02-20T11:23:24+00:00","dateModified":"2023-04-18T08:07:36+00:00","description":"Campamentos de ingl\u00e9s para el verano. Actividades en la naturaleza, clases diarias de ingl\u00e9s. Profesores nativos.","breadcrumb":{"@id":"https:\/\/www.idiomas-eugeniasgenius.com\/campamentos-de-ingles\/#breadcrumb"},"inLanguage":"es","potentialAction":[{"@type":"ReadAction","target":["https:\/\/www.idiomas-eugeniasgenius.com\/campamentos-de-ingles\/"]}]},{"@type":"BreadcrumbList","@id":"https:\/\/www.idiomas-eugeniasgenius.com\/campamentos-de-ingles\/#breadcrumb","itemListElement":[{"@type":"ListItem","position":1,"name":"Portada","item":"https:\/\/www.idiomas-eugeniasgenius.com\/es_es\/"},{"@type":"ListItem","position":2,"name":"Campamentos de Ingl\u00e9s"}]},{"@type":"WebSite","@id":"https:\/\/www.idiomas-eugeniasgenius.com\/#website","url":"https:\/\/www.idiomas-eugeniasgenius.com\/","name":"Escuela de Idiomas en El Ejido","description":"Escuela de idiomas en El Ejido","alternateName":"Eugenias Genius","potentialAction":[{"@type":"SearchAction","target":{"@type":"EntryPoint","urlTemplate":"https:\/\/www.idiomas-eugeniasgenius.com\/?s={search_term_string}"},"query-input":{"@type":"PropertyValueSpecification","valueRequired":true,"valueName":"search_term_string"}}],"inLanguage":"es"}]}},"builder_content":"<h1 style=\"text-align: center;\">CAMPAMENTOS EN INGL\u00c9S<\/h1>\n<p style=\"text-align: center;\">Campamentos de ingl\u00e9s para el verano. Actividades en la naturaleza, clases diarias de ingl\u00e9s. Profesores nativos que conviven todo el d\u00eda con el grupo.<\/p> <p style=\"text-align: center;\">Selecciona el tuyo:<\/p>\n<a href=\"https:\/\/www.idiomas-eugeniasgenius.com\/campamento-en-ingles-en-sierra-nevada\/\"> <img src=\"https:\/\/www.idiomas-eugeniasgenius.com\/wp-content\/uploads\/2023\/02\/campamento-sierra-nevada.jpg\" title=\"Verano en Sierra Nevada\" alt=\"Campamentos de verano en ingl\u00e9s: Cursos de verano ingl\u00e9s y naturaleza en Sierra Nevada\" srcset=\"https:\/\/www.idiomas-eugeniasgenius.com\/wp-content\/uploads\/2023\/02\/campamento-sierra-nevada.jpg 600w, https:\/\/www.idiomas-eugeniasgenius.com\/wp-content\/uploads\/2023\/02\/campamento-sierra-nevada-300x300.jpg 300w, https:\/\/www.idiomas-eugeniasgenius.com\/wp-content\/uploads\/2023\/02\/campamento-sierra-nevada-150x150.jpg 150w\" sizes=\"(max-width: 600px) 100vw, 600px\" \/> <\/a> <h2> <a href=\"https:\/\/www.idiomas-eugeniasgenius.com\/campamento-en-ingles-en-sierra-nevada\/\"> Verano en Sierra Nevada <\/a> <\/h2>\n<a href=\"https:\/\/www.idiomas-eugeniasgenius.com\/campamentos-en-el-reino-unido\/\"> <img src=\"https:\/\/www.idiomas-eugeniasgenius.com\/wp-content\/uploads\/2023\/03\/campamentos-uk.jpg\" title=\"Campamentos Reino Unido\" alt=\"Campamentos de verano en ingl\u00e9s: Campamentos de verano en Reino Unido\" srcset=\"https:\/\/www.idiomas-eugeniasgenius.com\/wp-content\/uploads\/2023\/03\/campamentos-uk.jpg 600w, https:\/\/www.idiomas-eugeniasgenius.com\/wp-content\/uploads\/2023\/03\/campamentos-uk-300x300.jpg 300w, https:\/\/www.idiomas-eugeniasgenius.com\/wp-content\/uploads\/2023\/03\/campamentos-uk-150x150.jpg 150w\" sizes=\"(max-width: 600px) 100vw, 600px\" \/> <\/a> <h2> <a href=\"https:\/\/www.idiomas-eugeniasgenius.com\/campamentos-en-el-reino-unido\/\"> Campamentos Reino Unido <\/a> <\/h2>\n<a href=\"https:\/\/www.idiomas-eugeniasgenius.com\/campamentos-en-irlanda\/\"> <img src=\"https:\/\/www.idiomas-eugeniasgenius.com\/wp-content\/uploads\/2023\/03\/campamentos-irlanda.jpg\" title=\"Campamentos en Irlanda\" alt=\"Campamentos de verano en Irlanda\" srcset=\"https:\/\/www.idiomas-eugeniasgenius.com\/wp-content\/uploads\/2023\/03\/campamentos-irlanda.jpg 600w, https:\/\/www.idiomas-eugeniasgenius.com\/wp-content\/uploads\/2023\/03\/campamentos-irlanda-300x300.jpg 300w, https:\/\/www.idiomas-eugeniasgenius.com\/wp-content\/uploads\/2023\/03\/campamentos-irlanda-150x150.jpg 150w\" sizes=\"(max-width: 600px) 100vw, 600px\" \/> <\/a> <h2> <a href=\"https:\/\/www.idiomas-eugeniasgenius.com\/campamentos-en-irlanda\/\"> Campamentos en Irlanda <\/a> <\/h2>\n<a href=\"https:\/\/www.idiomas-eugeniasgenius.com\/campamentos-en-malta-y-arcachon\/\"> <img src=\"https:\/\/www.idiomas-eugeniasgenius.com\/wp-content\/uploads\/2023\/03\/campamento-en-malta.jpg\" title=\"Malta y Arcachon\" alt=\"Campamentos de verano en Malta y Arcachon\" srcset=\"https:\/\/www.idiomas-eugeniasgenius.com\/wp-content\/uploads\/2023\/03\/campamento-en-malta.jpg 600w, https:\/\/www.idiomas-eugeniasgenius.com\/wp-content\/uploads\/2023\/03\/campamento-en-malta-300x300.jpg 300w, https:\/\/www.idiomas-eugeniasgenius.com\/wp-content\/uploads\/2023\/03\/campamento-en-malta-150x150.jpg 150w\" sizes=\"(max-width: 600px) 100vw, 600px\" \/> <\/a> <h2> <a href=\"https:\/\/www.idiomas-eugeniasgenius.com\/campamentos-en-malta-y-arcachon\/\"> Malta y Arcachon <\/a> <\/h2>\n<a href=\"https:\/\/www.idiomas-eugeniasgenius.com\/campamentos-en-canada-y-u-s-a\/\"> <img src=\"https:\/\/www.idiomas-eugeniasgenius.com\/wp-content\/uploads\/2023\/03\/campamentos-canada.jpg\" title=\"Canad\u00e1 y U.S.A.\" alt=\"Campamentos de verano en Canad\u00e1 y USA\" srcset=\"https:\/\/www.idiomas-eugeniasgenius.com\/wp-content\/uploads\/2023\/03\/campamentos-canada.jpg 600w, https:\/\/www.idiomas-eugeniasgenius.com\/wp-content\/uploads\/2023\/03\/campamentos-canada-300x300.jpg 300w, https:\/\/www.idiomas-eugeniasgenius.com\/wp-content\/uploads\/2023\/03\/campamentos-canada-150x150.jpg 150w\" sizes=\"(max-width: 600px) 100vw, 600px\" \/> <\/a> <h2> <a href=\"https:\/\/www.idiomas-eugeniasgenius.com\/campamentos-en-canada-y-u-s-a\/\"> Canad\u00e1 y U.S.A. <\/a> <\/h2>","_links":{"self":[{"href":"https:\/\/www.idiomas-eugeniasgenius.com\/es_es\/wp-json\/wp\/v2\/pages\/755","targetHints":{"allow":["GET"]}}],"collection":[{"href":"https:\/\/www.idiomas-eugeniasgenius.com\/es_es\/wp-json\/wp\/v2\/pages"}],"about":[{"href":"https:\/\/www.idiomas-eugeniasgenius.com\/es_es\/wp-json\/wp\/v2\/types\/page"}],"author":[{"embeddable":true,"href":"https:\/\/www.idiomas-eugeniasgenius.com\/es_es\/wp-json\/wp\/v2\/users\/1"}],"replies":[{"embeddable":true,"href":"https:\/\/www.idiomas-eugeniasgenius.com\/es_es\/wp-json\/wp\/v2\/comments?post=755"}],"version-history":[{"count":0,"href":"https:\/\/www.idiomas-eugeniasgenius.com\/es_es\/wp-json\/wp\/v2\/pages\/755\/revisions"}],"wp:attachment":[{"href":"https:\/\/www.idiomas-eugeniasgenius.com\/es_es\/wp-json\/wp\/v2\/media?parent=755"}],"curies":[{"name":"wp","href":"https:\/\/api.w.org\/{rel}","templated":true}]}}