{"id":892,"date":"2023-02-21T16:14:24","date_gmt":"2023-02-21T16:14:24","guid":{"rendered":"https:\/\/www.idiomas-eugeniasgenius.com\/?page_id=892"},"modified":"2023-05-03T15:58:17","modified_gmt":"2023-05-03T15:58:17","slug":"otros-idiomas","status":"publish","type":"page","link":"https:\/\/www.idiomas-eugeniasgenius.com\/es_es\/otros-idiomas\/","title":{"rendered":"Otros Idiomas"},"content":{"rendered":"<!--themify_builder_content-->\n<div id=\"themify_builder_content-892\" data-postid=\"892\" class=\"themify_builder_content themify_builder_content-892 themify_builder tf_clear\">\n                    <div  data-lazy=\"1\" class=\"module_row themify_builder_row tb_yv1v781 tb_first tf_w\">\n                        <div class=\"row_inner col_align_top tb_col_count_1 tf_box tf_rel\">\n                        <div  data-lazy=\"1\" class=\"module_column tb-column col-full tb_4cdo781 first\">\n                    <!-- module text -->\n<div  class=\"module module-text tb_izrj300   \" data-lazy=\"1\">\n        <div  class=\"tb_text_wrap\">\n        <h1 style=\"text-align: center;\">OTROS IDIOMAS<\/h1>    <\/div>\n<\/div>\n<!-- \/module text --><!-- module text -->\n<div  class=\"module module-text tb_tvxn560   \" data-lazy=\"1\">\n        <div  class=\"tb_text_wrap\">\n        <p style=\"text-align: center;\">Con nosotros podr\u00e1s aprender tambi\u00e9n:<\/p>    <\/div>\n<\/div>\n<!-- \/module text -->        <\/div>\n                        <\/div>\n        <\/div>\n                        <div  data-lazy=\"1\" class=\"module_row themify_builder_row tb_9i11786 tf_w\">\n                        <div class=\"row_inner col_align_top tb_col_count_3 tf_box tf_rel\">\n                        <div  data-lazy=\"1\" class=\"module_column tb-column col3-1 tb_a6su786 first\">\n                    <!-- module image -->\n<div  class=\"module module-image tb_7pb29 image-overlay rounded  auto_fullwidth tf_mw\" data-lazy=\"1\">\n        <div class=\"image-wrap tf_rel tf_mw\">\n            <a href=\"https:\/\/www.idiomas-eugeniasgenius.com\/clases-de-idioma-ruso\/\">\n                   <img loading=\"lazy\" decoding=\"async\" width=\"600\" height=\"600\" src=\"https:\/\/www.idiomas-eugeniasgenius.com\/wp-content\/uploads\/2023\/02\/aprende-ruso.jpg\" class=\"wp-post-image wp-image-898\" title=\"Ruso\" alt=\"Aprende Ruso\" srcset=\"https:\/\/www.idiomas-eugeniasgenius.com\/wp-content\/uploads\/2023\/02\/aprende-ruso.jpg 600w, https:\/\/www.idiomas-eugeniasgenius.com\/wp-content\/uploads\/2023\/02\/aprende-ruso-300x300.jpg 300w, https:\/\/www.idiomas-eugeniasgenius.com\/wp-content\/uploads\/2023\/02\/aprende-ruso-150x150.jpg 150w\" sizes=\"auto, (max-width: 600px) 100vw, 600px\" \/>        <\/a>\n    \n    \n        <div class=\"image-content\">\n                    <h2 class=\"image-title\">\n                                    <a href=\"https:\/\/www.idiomas-eugeniasgenius.com\/clases-de-idioma-ruso\/\">\n                        Ruso                    <\/a>\n                            <\/h2>\n                    <\/div>\n    <!-- \/image-content -->\n                <\/div>\n        <!-- \/image-wrap -->\n    <\/div>\n<!-- \/module image -->        <\/div>\n                    <div  data-lazy=\"1\" class=\"module_column tb-column col3-1 tb_wi9y435\">\n                    <!-- module image -->\n<div  class=\"module module-image tb_k9e1477 image-overlay rounded  auto_fullwidth tf_mw\" data-lazy=\"1\">\n        <div class=\"image-wrap tf_rel tf_mw\">\n            <a href=\"https:\/\/www.idiomas-eugeniasgenius.com\/clases-de-idioma-frances\/\">\n                   <img loading=\"lazy\" decoding=\"async\" width=\"600\" height=\"600\" src=\"https:\/\/www.idiomas-eugeniasgenius.com\/wp-content\/uploads\/2023\/02\/aprende-frances.jpg\" class=\"wp-post-image wp-image-899\" title=\"Franc\u00e9s\" alt=\"Aprende franc\u00e9s\" srcset=\"https:\/\/www.idiomas-eugeniasgenius.com\/wp-content\/uploads\/2023\/02\/aprende-frances.jpg 600w, https:\/\/www.idiomas-eugeniasgenius.com\/wp-content\/uploads\/2023\/02\/aprende-frances-300x300.jpg 300w, https:\/\/www.idiomas-eugeniasgenius.com\/wp-content\/uploads\/2023\/02\/aprende-frances-150x150.jpg 150w\" sizes=\"auto, (max-width: 600px) 100vw, 600px\" \/>        <\/a>\n    \n    \n        <div class=\"image-content\">\n                    <h2 class=\"image-title\">\n                                    <a href=\"https:\/\/www.idiomas-eugeniasgenius.com\/clases-de-idioma-frances\/\">\n                        Franc\u00e9s                    <\/a>\n                            <\/h2>\n                    <\/div>\n    <!-- \/image-content -->\n                <\/div>\n        <!-- \/image-wrap -->\n    <\/div>\n<!-- \/module image -->        <\/div>\n                    <div  data-lazy=\"1\" class=\"module_column tb-column col3-1 tb_luzy435 last\">\n                    <!-- module image -->\n<div  class=\"module module-image tb_89hi341 image-overlay rounded  auto_fullwidth tf_mw\" data-lazy=\"1\">\n        <div class=\"image-wrap tf_rel tf_mw\">\n            <a href=\"https:\/\/www.idiomas-eugeniasgenius.com\/clases-de-idioma-aleman\/\">\n                   <img loading=\"lazy\" decoding=\"async\" width=\"600\" height=\"600\" src=\"https:\/\/www.idiomas-eugeniasgenius.com\/wp-content\/uploads\/2023\/02\/aprende-alemas.jpg\" class=\"wp-post-image wp-image-900\" title=\"Alem\u00e1n\" alt=\"Aprende Alem\u00e1n\" srcset=\"https:\/\/www.idiomas-eugeniasgenius.com\/wp-content\/uploads\/2023\/02\/aprende-alemas.jpg 600w, https:\/\/www.idiomas-eugeniasgenius.com\/wp-content\/uploads\/2023\/02\/aprende-alemas-300x300.jpg 300w, https:\/\/www.idiomas-eugeniasgenius.com\/wp-content\/uploads\/2023\/02\/aprende-alemas-150x150.jpg 150w\" sizes=\"auto, (max-width: 600px) 100vw, 600px\" \/>        <\/a>\n    \n    \n        <div class=\"image-content\">\n                    <h2 class=\"image-title\">\n                                    <a href=\"https:\/\/www.idiomas-eugeniasgenius.com\/clases-de-idioma-aleman\/\">\n                        Alem\u00e1n                    <\/a>\n                            <\/h2>\n                    <\/div>\n    <!-- \/image-content -->\n                <\/div>\n        <!-- \/image-wrap -->\n    <\/div>\n<!-- \/module image -->        <\/div>\n                        <\/div>\n        <\/div>\n        <\/div>\n<!--\/themify_builder_content-->","protected":false},"excerpt":{"rendered":"<p>OTROS IDIOMAS Con nosotros podr\u00e1s aprender tambi\u00e9n: Ruso Franc\u00e9s Alem\u00e1n<\/p>\n","protected":false},"author":1,"featured_media":0,"parent":0,"menu_order":0,"comment_status":"closed","ping_status":"closed","template":"","meta":{"footnotes":""},"class_list":["post-892","page","type-page","status-publish","hentry","has-post-title","has-post-date","has-post-category","has-post-tag","has-post-comment","has-post-author",""],"yoast_head":"<!-- This site is optimized with the Yoast SEO plugin v27.4 - https:\/\/yoast.com\/product\/yoast-seo-wordpress\/ -->\n<title>Otros Idiomas - Escuela de Idiomas en El Ejido<\/title>\n<meta name=\"robots\" content=\"index, follow, max-snippet:-1, max-image-preview:large, max-video-preview:-1\" \/>\n<link rel=\"canonical\" href=\"https:\/\/www.idiomas-eugeniasgenius.com\/es_es\/otros-idiomas\/\" \/>\n<meta property=\"og:locale\" content=\"es_ES\" \/>\n<meta property=\"og:type\" content=\"article\" \/>\n<meta property=\"og:title\" content=\"Otros Idiomas - Escuela de Idiomas en El Ejido\" \/>\n<meta property=\"og:description\" content=\"OTROS IDIOMAS Con nosotros podr\u00e1s aprender tambi\u00e9n: Ruso Franc\u00e9s Alem\u00e1n\" \/>\n<meta property=\"og:url\" content=\"https:\/\/www.idiomas-eugeniasgenius.com\/es_es\/otros-idiomas\/\" \/>\n<meta property=\"og:site_name\" content=\"Escuela de Idiomas en El Ejido\" \/>\n<meta property=\"article:publisher\" content=\"https:\/\/www.youtube.com\/@adminEugenius\" \/>\n<meta property=\"article:modified_time\" content=\"2023-05-03T15:58:17+00:00\" \/>\n<meta property=\"og:image\" content=\"http:\/\/www.idiomas-eugeniasgenius.com\/wp-content\/uploads\/2023\/02\/aprende-ruso.jpg\" \/>\n<meta name=\"twitter:card\" content=\"summary_large_image\" \/>\n<script type=\"application\/ld+json\" class=\"yoast-schema-graph\">{\"@context\":\"https:\\\/\\\/schema.org\",\"@graph\":[{\"@type\":\"WebPage\",\"@id\":\"https:\\\/\\\/www.idiomas-eugeniasgenius.com\\\/otros-idiomas\\\/\",\"url\":\"https:\\\/\\\/www.idiomas-eugeniasgenius.com\\\/otros-idiomas\\\/\",\"name\":\"Otros Idiomas - Escuela de Idiomas en El Ejido\",\"isPartOf\":{\"@id\":\"https:\\\/\\\/www.idiomas-eugeniasgenius.com\\\/#website\"},\"primaryImageOfPage\":{\"@id\":\"https:\\\/\\\/www.idiomas-eugeniasgenius.com\\\/otros-idiomas\\\/#primaryimage\"},\"image\":{\"@id\":\"https:\\\/\\\/www.idiomas-eugeniasgenius.com\\\/otros-idiomas\\\/#primaryimage\"},\"thumbnailUrl\":\"http:\\\/\\\/www.idiomas-eugeniasgenius.com\\\/wp-content\\\/uploads\\\/2023\\\/02\\\/aprende-ruso.jpg\",\"datePublished\":\"2023-02-21T16:14:24+00:00\",\"dateModified\":\"2023-05-03T15:58:17+00:00\",\"breadcrumb\":{\"@id\":\"https:\\\/\\\/www.idiomas-eugeniasgenius.com\\\/otros-idiomas\\\/#breadcrumb\"},\"inLanguage\":\"es\",\"potentialAction\":[{\"@type\":\"ReadAction\",\"target\":[\"https:\\\/\\\/www.idiomas-eugeniasgenius.com\\\/otros-idiomas\\\/\"]}]},{\"@type\":\"ImageObject\",\"inLanguage\":\"es\",\"@id\":\"https:\\\/\\\/www.idiomas-eugeniasgenius.com\\\/otros-idiomas\\\/#primaryimage\",\"url\":\"http:\\\/\\\/www.idiomas-eugeniasgenius.com\\\/wp-content\\\/uploads\\\/2023\\\/02\\\/aprende-ruso.jpg\",\"contentUrl\":\"http:\\\/\\\/www.idiomas-eugeniasgenius.com\\\/wp-content\\\/uploads\\\/2023\\\/02\\\/aprende-ruso.jpg\"},{\"@type\":\"BreadcrumbList\",\"@id\":\"https:\\\/\\\/www.idiomas-eugeniasgenius.com\\\/otros-idiomas\\\/#breadcrumb\",\"itemListElement\":[{\"@type\":\"ListItem\",\"position\":1,\"name\":\"Portada\",\"item\":\"https:\\\/\\\/www.idiomas-eugeniasgenius.com\\\/es_es\\\/\"},{\"@type\":\"ListItem\",\"position\":2,\"name\":\"Otros Idiomas\"}]},{\"@type\":\"WebSite\",\"@id\":\"https:\\\/\\\/www.idiomas-eugeniasgenius.com\\\/#website\",\"url\":\"https:\\\/\\\/www.idiomas-eugeniasgenius.com\\\/\",\"name\":\"Escuela de Idiomas en El Ejido\",\"description\":\"Escuela de idiomas en El Ejido\",\"alternateName\":\"Eugenias Genius\",\"potentialAction\":[{\"@type\":\"SearchAction\",\"target\":{\"@type\":\"EntryPoint\",\"urlTemplate\":\"https:\\\/\\\/www.idiomas-eugeniasgenius.com\\\/?s={search_term_string}\"},\"query-input\":{\"@type\":\"PropertyValueSpecification\",\"valueRequired\":true,\"valueName\":\"search_term_string\"}}],\"inLanguage\":\"es\"}]}<\/script>\n<!-- \/ Yoast SEO plugin. -->","yoast_head_json":{"title":"Otros Idiomas - Escuela de Idiomas en El Ejido","robots":{"index":"index","follow":"follow","max-snippet":"max-snippet:-1","max-image-preview":"max-image-preview:large","max-video-preview":"max-video-preview:-1"},"canonical":"https:\/\/www.idiomas-eugeniasgenius.com\/es_es\/otros-idiomas\/","og_locale":"es_ES","og_type":"article","og_title":"Otros Idiomas - Escuela de Idiomas en El Ejido","og_description":"OTROS IDIOMAS Con nosotros podr\u00e1s aprender tambi\u00e9n: Ruso Franc\u00e9s Alem\u00e1n","og_url":"https:\/\/www.idiomas-eugeniasgenius.com\/es_es\/otros-idiomas\/","og_site_name":"Escuela de Idiomas en El Ejido","article_publisher":"https:\/\/www.youtube.com\/@adminEugenius","article_modified_time":"2023-05-03T15:58:17+00:00","og_image":[{"url":"http:\/\/www.idiomas-eugeniasgenius.com\/wp-content\/uploads\/2023\/02\/aprende-ruso.jpg","type":"","width":"","height":""}],"twitter_card":"summary_large_image","schema":{"@context":"https:\/\/schema.org","@graph":[{"@type":"WebPage","@id":"https:\/\/www.idiomas-eugeniasgenius.com\/otros-idiomas\/","url":"https:\/\/www.idiomas-eugeniasgenius.com\/otros-idiomas\/","name":"Otros Idiomas - Escuela de Idiomas en El Ejido","isPartOf":{"@id":"https:\/\/www.idiomas-eugeniasgenius.com\/#website"},"primaryImageOfPage":{"@id":"https:\/\/www.idiomas-eugeniasgenius.com\/otros-idiomas\/#primaryimage"},"image":{"@id":"https:\/\/www.idiomas-eugeniasgenius.com\/otros-idiomas\/#primaryimage"},"thumbnailUrl":"http:\/\/www.idiomas-eugeniasgenius.com\/wp-content\/uploads\/2023\/02\/aprende-ruso.jpg","datePublished":"2023-02-21T16:14:24+00:00","dateModified":"2023-05-03T15:58:17+00:00","breadcrumb":{"@id":"https:\/\/www.idiomas-eugeniasgenius.com\/otros-idiomas\/#breadcrumb"},"inLanguage":"es","potentialAction":[{"@type":"ReadAction","target":["https:\/\/www.idiomas-eugeniasgenius.com\/otros-idiomas\/"]}]},{"@type":"ImageObject","inLanguage":"es","@id":"https:\/\/www.idiomas-eugeniasgenius.com\/otros-idiomas\/#primaryimage","url":"http:\/\/www.idiomas-eugeniasgenius.com\/wp-content\/uploads\/2023\/02\/aprende-ruso.jpg","contentUrl":"http:\/\/www.idiomas-eugeniasgenius.com\/wp-content\/uploads\/2023\/02\/aprende-ruso.jpg"},{"@type":"BreadcrumbList","@id":"https:\/\/www.idiomas-eugeniasgenius.com\/otros-idiomas\/#breadcrumb","itemListElement":[{"@type":"ListItem","position":1,"name":"Portada","item":"https:\/\/www.idiomas-eugeniasgenius.com\/es_es\/"},{"@type":"ListItem","position":2,"name":"Otros Idiomas"}]},{"@type":"WebSite","@id":"https:\/\/www.idiomas-eugeniasgenius.com\/#website","url":"https:\/\/www.idiomas-eugeniasgenius.com\/","name":"Escuela de Idiomas en El Ejido","description":"Escuela de idiomas en El Ejido","alternateName":"Eugenias Genius","potentialAction":[{"@type":"SearchAction","target":{"@type":"EntryPoint","urlTemplate":"https:\/\/www.idiomas-eugeniasgenius.com\/?s={search_term_string}"},"query-input":{"@type":"PropertyValueSpecification","valueRequired":true,"valueName":"search_term_string"}}],"inLanguage":"es"}]}},"builder_content":"<h1 style=\"text-align: center;\">OTROS IDIOMAS<\/h1>\n<p style=\"text-align: center;\">Con nosotros podr\u00e1s aprender tambi\u00e9n:<\/p>\n<a href=\"https:\/\/www.idiomas-eugeniasgenius.com\/clases-de-idioma-ruso\/\"> <img src=\"https:\/\/www.idiomas-eugeniasgenius.com\/wp-content\/uploads\/2023\/02\/aprende-ruso.jpg\" title=\"Ruso\" alt=\"Aprende Ruso\" srcset=\"https:\/\/www.idiomas-eugeniasgenius.com\/wp-content\/uploads\/2023\/02\/aprende-ruso.jpg 600w, https:\/\/www.idiomas-eugeniasgenius.com\/wp-content\/uploads\/2023\/02\/aprende-ruso-300x300.jpg 300w, https:\/\/www.idiomas-eugeniasgenius.com\/wp-content\/uploads\/2023\/02\/aprende-ruso-150x150.jpg 150w\" sizes=\"(max-width: 600px) 100vw, 600px\" \/> <\/a> <h2> <a href=\"https:\/\/www.idiomas-eugeniasgenius.com\/clases-de-idioma-ruso\/\"> Ruso <\/a> <\/h2>\n<a href=\"https:\/\/www.idiomas-eugeniasgenius.com\/clases-de-idioma-frances\/\"> <img src=\"https:\/\/www.idiomas-eugeniasgenius.com\/wp-content\/uploads\/2023\/02\/aprende-frances.jpg\" title=\"Franc\u00e9s\" alt=\"Aprende franc\u00e9s\" srcset=\"https:\/\/www.idiomas-eugeniasgenius.com\/wp-content\/uploads\/2023\/02\/aprende-frances.jpg 600w, https:\/\/www.idiomas-eugeniasgenius.com\/wp-content\/uploads\/2023\/02\/aprende-frances-300x300.jpg 300w, https:\/\/www.idiomas-eugeniasgenius.com\/wp-content\/uploads\/2023\/02\/aprende-frances-150x150.jpg 150w\" sizes=\"(max-width: 600px) 100vw, 600px\" \/> <\/a> <h2> <a href=\"https:\/\/www.idiomas-eugeniasgenius.com\/clases-de-idioma-frances\/\"> Franc\u00e9s <\/a> <\/h2>\n<a href=\"https:\/\/www.idiomas-eugeniasgenius.com\/clases-de-idioma-aleman\/\"> <img src=\"https:\/\/www.idiomas-eugeniasgenius.com\/wp-content\/uploads\/2023\/02\/aprende-alemas.jpg\" title=\"Alem\u00e1n\" alt=\"Aprende Alem\u00e1n\" srcset=\"https:\/\/www.idiomas-eugeniasgenius.com\/wp-content\/uploads\/2023\/02\/aprende-alemas.jpg 600w, https:\/\/www.idiomas-eugeniasgenius.com\/wp-content\/uploads\/2023\/02\/aprende-alemas-300x300.jpg 300w, https:\/\/www.idiomas-eugeniasgenius.com\/wp-content\/uploads\/2023\/02\/aprende-alemas-150x150.jpg 150w\" sizes=\"(max-width: 600px) 100vw, 600px\" \/> <\/a> <h2> <a href=\"https:\/\/www.idiomas-eugeniasgenius.com\/clases-de-idioma-aleman\/\"> Alem\u00e1n <\/a> <\/h2>","_links":{"self":[{"href":"https:\/\/www.idiomas-eugeniasgenius.com\/es_es\/wp-json\/wp\/v2\/pages\/892","targetHints":{"allow":["GET"]}}],"collection":[{"href":"https:\/\/www.idiomas-eugeniasgenius.com\/es_es\/wp-json\/wp\/v2\/pages"}],"about":[{"href":"https:\/\/www.idiomas-eugeniasgenius.com\/es_es\/wp-json\/wp\/v2\/types\/page"}],"author":[{"embeddable":true,"href":"https:\/\/www.idiomas-eugeniasgenius.com\/es_es\/wp-json\/wp\/v2\/users\/1"}],"replies":[{"embeddable":true,"href":"https:\/\/www.idiomas-eugeniasgenius.com\/es_es\/wp-json\/wp\/v2\/comments?post=892"}],"version-history":[{"count":0,"href":"https:\/\/www.idiomas-eugeniasgenius.com\/es_es\/wp-json\/wp\/v2\/pages\/892\/revisions"}],"wp:attachment":[{"href":"https:\/\/www.idiomas-eugeniasgenius.com\/es_es\/wp-json\/wp\/v2\/media?parent=892"}],"curies":[{"name":"wp","href":"https:\/\/api.w.org\/{rel}","templated":true}]}}